{"id":7524,"date":"2020-01-27T14:20:22","date_gmt":"2020-01-27T13:20:22","guid":{"rendered":"https:\/\/www.djurskyddet.se\/jamtland\/?page_id=7524"},"modified":"2023-08-21T21:18:03","modified_gmt":"2023-08-21T20:18:03","slug":"katthalsningar-2020","status":"publish","type":"page","link":"https:\/\/www.djurskyddet.se\/jamtland\/adoption\/att-adoptera\/katthalsningar-2020\/","title":{"rendered":"Katth\u00e4lsningar"},"content":{"rendered":"<p>H\u00e4r samlar vi h\u00e4lsningar fr\u00e5n katter vi adopterat ut. Vi \u00e4r j\u00e4tteglada n\u00e4r nya mattar och hussar h\u00f6r av sig och ber\u00e4ttar hur det g\u00e5r f\u00f6r katten i det nya hemmet. Vi tar g\u00e4rna emot h\u00e4lsningar fr\u00e5n er som tagit hand om en eller flera katter fr\u00e5n v\u00e5rt katthem. Skicka h\u00e4lsningen, g\u00e4rna tillsammans med en bild, s\u00e5 ser vi till att den kommer in p\u00e5 hemsidan under Katth\u00e4lsningar (om ni gett katten ett nytt namn, skriv g\u00e4rna det gamla namnet i meddelandet). Skicka h\u00e4lsningen via Djurskyddet J\u00e4mtlands katthem och pensionats facebook\/messenger. L\u00e4nk: <a href=\"https:\/\/www.facebook.com\/Djurskyddet-J%C3%A4mtland-Katthem-och-Pensionat-371419022963030\/\">Katthemmets facebooksida<\/a><\/p>\n\n\n<figure class=\"wp-block-image size-full is-resized\"><img loading=\"lazy\" decoding=\"async\" src=\"https:\/\/www.djurskyddet.se\/jamtland\/wp-content\/uploads\/sites\/14\/2021\/10\/stensand.jpg\" alt=\"\" class=\"wp-image-9234\" width=\"531\" height=\"398\" srcset=\"https:\/\/www.djurskyddet.se\/jamtland\/wp-content\/uploads\/sites\/14\/2021\/10\/stensand.jpg 1024w, https:\/\/www.djurskyddet.se\/jamtland\/wp-content\/uploads\/sites\/14\/2021\/10\/stensand-300x225.jpg 300w, https:\/\/www.djurskyddet.se\/jamtland\/wp-content\/uploads\/sites\/14\/2021\/10\/stensand-768x576.jpg 768w, https:\/\/www.djurskyddet.se\/jamtland\/wp-content\/uploads\/sites\/14\/2021\/10\/stensand-400x300.jpg 400w\" sizes=\"auto, (max-width: 531px) 100vw, 531px\" \/><\/figure>\n","protected":false},"excerpt":{"rendered":"<p>H\u00e4r samlar vi h\u00e4lsningar fr\u00e5n katter vi adopterat ut. Vi \u00e4r j\u00e4tteglada n\u00e4r nya mattar och hussar h\u00f6r av sig och ber\u00e4ttar hur det g\u00e5r f\u00f6r katten i det nya hemmet. Vi tar g\u00e4rna emot h\u00e4lsningar fr\u00e5n er som tagit hand om en eller flera katter fr\u00e5n v\u00e5rt katthem. Skicka h\u00e4lsningen, g\u00e4rna tillsammans med en bild, s\u00e5 ser vi till att den kommer in p\u00e5 hemsidan under Katth\u00e4lsningar (om ni&hellip;<\/p>\n<p><a class=\"more-link\" href=\"https:\/\/www.djurskyddet.se\/jamtland\/adoption\/att-adoptera\/katthalsningar-2020\/\" title=\"Continue reading &lsquo;Katth\u00e4lsningar&rsquo;\">L&auml;s mer<span class=\"meta-nav\">&raquo;<\/span><\/a><\/p>\n","protected":false},"author":3,"featured_media":0,"parent":5703,"menu_order":0,"comment_status":"closed","ping_status":"closed","template":"","meta":{"_acf_changed":false,"footnotes":""},"class_list":["post-7524","page","type-page","status-publish","hentry"],"acf":[],"_links":{"self":[{"href":"https:\/\/www.djurskyddet.se\/jamtland\/wp-json\/wp\/v2\/pages\/7524","targetHints":{"allow":["GET"]}}],"collection":[{"href":"https:\/\/www.djurskyddet.se\/jamtland\/wp-json\/wp\/v2\/pages"}],"about":[{"href":"https:\/\/www.djurskyddet.se\/jamtland\/wp-json\/wp\/v2\/types\/page"}],"author":[{"embeddable":true,"href":"https:\/\/www.djurskyddet.se\/jamtland\/wp-json\/wp\/v2\/users\/3"}],"replies":[{"embeddable":true,"href":"https:\/\/www.djurskyddet.se\/jamtland\/wp-json\/wp\/v2\/comments?post=7524"}],"version-history":[{"count":15,"href":"https:\/\/www.djurskyddet.se\/jamtland\/wp-json\/wp\/v2\/pages\/7524\/revisions"}],"predecessor-version":[{"id":10803,"href":"https:\/\/www.djurskyddet.se\/jamtland\/wp-json\/wp\/v2\/pages\/7524\/revisions\/10803"}],"up":[{"embeddable":true,"href":"https:\/\/www.djurskyddet.se\/jamtland\/wp-json\/wp\/v2\/pages\/5703"}],"wp:attachment":[{"href":"https:\/\/www.djurskyddet.se\/jamtland\/wp-json\/wp\/v2\/media?parent=7524"}],"curies":[{"name":"wp","href":"https:\/\/api.w.org\/{rel}","templated":true}]}}