{"id":9600,"date":"2022-05-01T22:49:23","date_gmt":"2022-05-01T21:49:23","guid":{"rendered":"https:\/\/www.djurskyddet.se\/jamtland\/?page_id=9600"},"modified":"2023-01-11T02:45:34","modified_gmt":"2023-01-11T01:45:34","slug":"intresseanmalan-for-adoption-av-katt","status":"publish","type":"page","link":"https:\/\/www.djurskyddet.se\/jamtland\/intresseanmalan-for-adoption-av-katt\/","title":{"rendered":"Intresseanm\u00e4lan f\u00f6r adoption av katt"},"content":{"rendered":"\n<div class=\"wp-block-contact-form-7-contact-form-selector\">\n<div class=\"wpcf7 no-js\" id=\"wpcf7-f9680-o1\" lang=\"sv-SE\" dir=\"ltr\" data-wpcf7-id=\"9680\">\n<div class=\"screen-reader-response\"><p role=\"status\" aria-live=\"polite\" aria-atomic=\"true\"><\/p> <ul><\/ul><\/div>\n<form action=\"\/jamtland\/wp-json\/wp\/v2\/pages\/9600#wpcf7-f9680-o1\" method=\"post\" class=\"wpcf7-form init\" aria-label=\"Kontaktformul\u00e4r\" novalidate=\"novalidate\" data-status=\"init\">\n<fieldset class=\"hidden-fields-container\"><input type=\"hidden\" name=\"_wpcf7\" value=\"9680\" \/><input type=\"hidden\" name=\"_wpcf7_version\" value=\"6.1\" \/><input type=\"hidden\" name=\"_wpcf7_locale\" value=\"sv_SE\" \/><input type=\"hidden\" name=\"_wpcf7_unit_tag\" value=\"wpcf7-f9680-o1\" \/><input type=\"hidden\" name=\"_wpcf7_container_post\" value=\"0\" \/><input type=\"hidden\" name=\"_wpcf7_posted_data_hash\" value=\"\" \/><input type=\"hidden\" name=\"_wpcf7_recaptcha_response\" value=\"\" \/>\n<\/fieldset>\n<div class=\"uacf7-form-wrapper-container uacf7-form-9680  \"><label> <strong> Namn <\/strong> (f\u00f6r- och efternamn) \n    <span class=\"wpcf7-form-control-wrap\" data-name=\"your-name\"><input size=\"40\" maxlength=\"400\" class=\"wpcf7-form-control wpcf7-text wpcf7-validates-as-required\" aria-required=\"true\" aria-invalid=\"false\" value=\"\" type=\"text\" name=\"your-name\" \/><\/span> <\/label>\n\n<label> <strong> Telefonnummer <\/strong>\n    <span class=\"wpcf7-form-control-wrap\" data-name=\"your-number\"><input size=\"40\" maxlength=\"400\" class=\"wpcf7-form-control wpcf7-text wpcf7-validates-as-required\" aria-required=\"true\" aria-invalid=\"false\" value=\"\" type=\"text\" name=\"your-number\" \/><\/span> <\/label>\n\n<label> <strong> E-post <\/strong>\n    <span class=\"wpcf7-form-control-wrap\" data-name=\"your-email\"><input size=\"40\" maxlength=\"400\" class=\"wpcf7-form-control wpcf7-email wpcf7-validates-as-required wpcf7-text wpcf7-validates-as-email\" aria-required=\"true\" aria-invalid=\"false\" value=\"\" type=\"email\" name=\"your-email\" \/><\/span> <\/label>\n\n<br><br>\n\n<label> <strong> Har ni sett ut n\u00e5gon specifik katt som vi annonserat ut? <\/strong> (observera att en intresseanm\u00e4lan inte \u00e4r en bokning)\n<span class=\"wpcf7-form-control-wrap\" data-name=\"text-catid\"><input size=\"40\" maxlength=\"400\" class=\"wpcf7-form-control wpcf7-text\" aria-invalid=\"false\" value=\"\" type=\"text\" name=\"text-catid\" \/><\/span> <\/label>\n\n<label> <strong> Beskriv g\u00e4rna era \u00f6nskem\u00e5l: <\/strong> (t ex ensamkatt\/ny kompis till tidigare katt\/par fr\u00e5n oss - \u00e4ven temperament och liknande \u00e4r av intresse)\n<span class=\"wpcf7-form-control-wrap\" data-name=\"textarea-catdescribe\"><textarea cols=\"40\" rows=\"10\" maxlength=\"2000\" class=\"wpcf7-form-control wpcf7-textarea\" aria-invalid=\"false\" name=\"textarea-catdescribe\"><\/textarea><\/span> <\/label>\n\n<label> <strong> Hur ser hemmilj\u00f6n ut? <\/strong> (hus\/l\u00e4genhet, familj, andra djur, etc)\n<span class=\"wpcf7-form-control-wrap\" data-name=\"textarea-homedescribe\"><textarea cols=\"40\" rows=\"10\" maxlength=\"2000\" class=\"wpcf7-form-control wpcf7-textarea\" aria-invalid=\"false\" name=\"textarea-homedescribe\"><\/textarea><\/span> <\/label>\n\n<label> <strong> \u00d6vriga uppgifter: <\/strong> (valfritt f\u00e4lt)\n<span class=\"wpcf7-form-control-wrap\" data-name=\"textarea-extrainfo\"><textarea cols=\"40\" rows=\"10\" maxlength=\"2000\" class=\"wpcf7-form-control wpcf7-textarea\" aria-invalid=\"false\" name=\"textarea-extrainfo\"><\/textarea><\/span> <\/label>\n\n<input class=\"wpcf7-form-control wpcf7-submit has-spinner\" type=\"submit\" value=\"Skicka\" \/><\/div><div class=\"wpcf7-response-output\" aria-hidden=\"true\"><\/div>\n<\/form>\n<\/div>\n<\/div>\n","protected":false},"excerpt":{"rendered":"","protected":false},"author":15,"featured_media":0,"parent":0,"menu_order":0,"comment_status":"closed","ping_status":"closed","template":"","meta":{"_acf_changed":false,"footnotes":""},"class_list":["post-9600","page","type-page","status-publish","hentry"],"acf":[],"_links":{"self":[{"href":"https:\/\/www.djurskyddet.se\/jamtland\/wp-json\/wp\/v2\/pages\/9600","targetHints":{"allow":["GET"]}}],"collection":[{"href":"https:\/\/www.djurskyddet.se\/jamtland\/wp-json\/wp\/v2\/pages"}],"about":[{"href":"https:\/\/www.djurskyddet.se\/jamtland\/wp-json\/wp\/v2\/types\/page"}],"author":[{"embeddable":true,"href":"https:\/\/www.djurskyddet.se\/jamtland\/wp-json\/wp\/v2\/users\/15"}],"replies":[{"embeddable":true,"href":"https:\/\/www.djurskyddet.se\/jamtland\/wp-json\/wp\/v2\/comments?post=9600"}],"version-history":[{"count":4,"href":"https:\/\/www.djurskyddet.se\/jamtland\/wp-json\/wp\/v2\/pages\/9600\/revisions"}],"predecessor-version":[{"id":9681,"href":"https:\/\/www.djurskyddet.se\/jamtland\/wp-json\/wp\/v2\/pages\/9600\/revisions\/9681"}],"wp:attachment":[{"href":"https:\/\/www.djurskyddet.se\/jamtland\/wp-json\/wp\/v2\/media?parent=9600"}],"curies":[{"name":"wp","href":"https:\/\/api.w.org\/{rel}","templated":true}]}}