{"id":5620,"date":"2019-09-26T11:00:57","date_gmt":"2019-09-26T11:00:57","guid":{"rendered":"https:\/\/www.djurskyddet.se\/kalmar\/?page_id=5620"},"modified":"2023-02-20T13:04:21","modified_gmt":"2023-02-20T13:04:21","slug":"5620-2","status":"publish","type":"page","link":"https:\/\/www.djurskyddet.se\/kalmardjurhem\/5620-2\/","title":{"rendered":""},"content":{"rendered":"\n<p><em>Kalmar djurhem ligger \u00a0p\u00e5 Sk\u00e4lby g\u00e5rd &amp; drivs i regi av Djurskyddet Kalmar som \u00e4r en ideell f\u00f6rening. Vi slog upp d\u00f6rrarna den 10 november 2003, hos oss f\u00e5r katterna en fristad tills vi hittar ett tryggt och k\u00e4rleksfullt hem till katterna. <\/em><\/p>\n","protected":false},"excerpt":{"rendered":"<p>Kalmar djurhem ligger \u00a0p\u00e5 Sk\u00e4lby g\u00e5rd &amp; drivs i regi av Djurskyddet Kalmar som \u00e4r en ideell f\u00f6rening. Vi slog upp d\u00f6rrarna den 10 november 2003, hos oss f\u00e5r katterna en fristad tills vi hittar ett tryggt och k\u00e4rleksfullt hem till katterna.<\/p>\n","protected":false},"author":30,"featured_media":0,"parent":0,"menu_order":0,"comment_status":"closed","ping_status":"closed","template":"left-sidebar.php","meta":{"_acf_changed":false,"footnotes":""},"class_list":["post-5620","page","type-page","status-publish","hentry"],"acf":[],"_links":{"self":[{"href":"https:\/\/www.djurskyddet.se\/kalmardjurhem\/wp-json\/wp\/v2\/pages\/5620","targetHints":{"allow":["GET"]}}],"collection":[{"href":"https:\/\/www.djurskyddet.se\/kalmardjurhem\/wp-json\/wp\/v2\/pages"}],"about":[{"href":"https:\/\/www.djurskyddet.se\/kalmardjurhem\/wp-json\/wp\/v2\/types\/page"}],"author":[{"embeddable":true,"href":"https:\/\/www.djurskyddet.se\/kalmardjurhem\/wp-json\/wp\/v2\/users\/30"}],"replies":[{"embeddable":true,"href":"https:\/\/www.djurskyddet.se\/kalmardjurhem\/wp-json\/wp\/v2\/comments?post=5620"}],"version-history":[{"count":7,"href":"https:\/\/www.djurskyddet.se\/kalmardjurhem\/wp-json\/wp\/v2\/pages\/5620\/revisions"}],"predecessor-version":[{"id":6880,"href":"https:\/\/www.djurskyddet.se\/kalmardjurhem\/wp-json\/wp\/v2\/pages\/5620\/revisions\/6880"}],"wp:attachment":[{"href":"https:\/\/www.djurskyddet.se\/kalmardjurhem\/wp-json\/wp\/v2\/media?parent=5620"}],"curies":[{"name":"wp","href":"https:\/\/api.w.org\/{rel}","templated":true}]}}