{"id":5642,"date":"2019-09-30T13:09:57","date_gmt":"2019-09-30T13:09:57","guid":{"rendered":"https:\/\/www.djurskyddet.se\/kalmardjurhem\/?page_id=5642"},"modified":"2024-05-07T10:00:08","modified_gmt":"2024-05-07T10:00:08","slug":"minnesgava","status":"publish","type":"page","link":"https:\/\/www.djurskyddet.se\/kalmardjurhem\/minnesgava\/","title":{"rendered":"Minnesg\u00e5va"},"content":{"rendered":"\n<p><strong><em>Hedra minnet av n\u00e5gon\nn\u00e4ra<\/em><\/strong><\/p>\n\n\n\n<p><em>Om du har f\u00f6rlorat en n\u00e4ra anh\u00f6rig eller v\u00e4n som du minns som en sann djurv\u00e4n, kan du sk\u00e4nka en minnesg\u00e5va. Djurhemmet f\u00e5r ett v\u00e4lkommet st\u00f6d till att forts\u00e4tta hj\u00e4lpa katter till ett b\u00e4ttre liv. <\/em><br><em>V\u00e5rt pg: 55 57 69 &#8211; 9<\/em>, <em>Swish 1232403913<\/em>, <em>bg 847-2110<\/em><\/p>\n","protected":false},"excerpt":{"rendered":"<p>Hedra minnet av n\u00e5gon n\u00e4ra Om du har f\u00f6rlorat en n\u00e4ra anh\u00f6rig eller v\u00e4n som du minns som en sann djurv\u00e4n, kan du sk\u00e4nka en minnesg\u00e5va. Djurhemmet f\u00e5r ett v\u00e4lkommet st\u00f6d till att forts\u00e4tta hj\u00e4lpa katter till ett b\u00e4ttre liv. V\u00e5rt pg: 55 57 69 &#8211; 9, Swish 1232403913, bg 847-2110<\/p>\n","protected":false},"author":29,"featured_media":0,"parent":0,"menu_order":0,"comment_status":"closed","ping_status":"closed","template":"","meta":{"_acf_changed":false,"footnotes":""},"class_list":["post-5642","page","type-page","status-publish","hentry"],"acf":[],"_links":{"self":[{"href":"https:\/\/www.djurskyddet.se\/kalmardjurhem\/wp-json\/wp\/v2\/pages\/5642","targetHints":{"allow":["GET"]}}],"collection":[{"href":"https:\/\/www.djurskyddet.se\/kalmardjurhem\/wp-json\/wp\/v2\/pages"}],"about":[{"href":"https:\/\/www.djurskyddet.se\/kalmardjurhem\/wp-json\/wp\/v2\/types\/page"}],"author":[{"embeddable":true,"href":"https:\/\/www.djurskyddet.se\/kalmardjurhem\/wp-json\/wp\/v2\/users\/29"}],"replies":[{"embeddable":true,"href":"https:\/\/www.djurskyddet.se\/kalmardjurhem\/wp-json\/wp\/v2\/comments?post=5642"}],"version-history":[{"count":3,"href":"https:\/\/www.djurskyddet.se\/kalmardjurhem\/wp-json\/wp\/v2\/pages\/5642\/revisions"}],"predecessor-version":[{"id":7203,"href":"https:\/\/www.djurskyddet.se\/kalmardjurhem\/wp-json\/wp\/v2\/pages\/5642\/revisions\/7203"}],"wp:attachment":[{"href":"https:\/\/www.djurskyddet.se\/kalmardjurhem\/wp-json\/wp\/v2\/media?parent=5642"}],"curies":[{"name":"wp","href":"https:\/\/api.w.org\/{rel}","templated":true}]}}