{"id":5645,"date":"2019-09-30T13:10:19","date_gmt":"2019-09-30T13:10:19","guid":{"rendered":"https:\/\/www.djurskyddet.se\/kalmardjurhem\/?page_id=5645"},"modified":"2023-05-15T08:43:46","modified_gmt":"2023-05-15T08:43:46","slug":"testamente","status":"publish","type":"page","link":"https:\/\/www.djurskyddet.se\/kalmardjurhem\/testamente\/","title":{"rendered":"Testamente"},"content":{"rendered":"\n<p><strong><em>En g\u00e5va fram\u00e5t i tiden&nbsp;<\/em><\/strong><em><br><br> Mitt i vardagen n\u00e4r livet rullar p\u00e5 som b\u00e4st, k\u00e4nns det avl\u00e4gset att t\u00e4nka p\u00e5 vad som h\u00e4nder n\u00e4r man inte l\u00e4ngre finns.<\/em><br><br> <em>Men genom att uppr\u00e4tta ett testamente f\u00f6rs\u00e4krar du dig om att dina tillg\u00e5ngar anv\u00e4nds till det du vill.<\/em><br> <br> <em>Testamentera du en g\u00e5va till Kalmar Djurhem, rekommendera vi att du tar kontakt med en sakkunnig jurist, som hj\u00e4lper dig att f\u00e5 testamentet korrekt formulerat, begravningsbyr\u00e5, advokat, eller din bank kan hj\u00e4lpa dig.<\/em><br> &nbsp;<br><em>Testamentet ska undertecknas av tv\u00e5 samtidigt n\u00e4rvarande vittnen och den som testamenterar.<\/em><br> &nbsp;<br><em>Det m\u00e5ste finnas en specifikation av vad som ska testamenteras och f\u00f6ljande information anges f\u00f6r att testamentet ska vara juridiskt bindande.<\/em><br> &nbsp;<\/p>\n\n\n\n<p><em>Djurskyddet Kalmar<br> c\/o Eva Yrne<br> Arrheniusgatan 18<br> 392 52 KALMAR<br> Organisationsnr: 832400-0903\u00a0\u00a0\u00a0\u00a0\u00a0\u00a0\u00a0\u00a0\u00a0\u00a0\u00a0\u00a0\u00a0\u00a0\u00a0\u00a0\u00a0\u00a0<\/em> <\/p>\n\n\n\n<figure class=\"wp-block-image\"><img loading=\"lazy\" decoding=\"async\" width=\"200\" height=\"133\" src=\"https:\/\/www.djurskyddet.se\/kalmardjurhem\/wp-content\/uploads\/sites\/33\/2019\/10\/ros-minneslund.jpg\" alt=\"\" class=\"wp-image-5710\" \/><\/figure>\n","protected":false},"excerpt":{"rendered":"<p>En g\u00e5va fram\u00e5t i tiden&nbsp; Mitt i vardagen n\u00e4r livet rullar p\u00e5 som b\u00e4st, k\u00e4nns det avl\u00e4gset att t\u00e4nka p\u00e5 vad som h\u00e4nder n\u00e4r man inte l\u00e4ngre finns. Men genom att uppr\u00e4tta ett testamente f\u00f6rs\u00e4krar du dig om att dina tillg\u00e5ngar anv\u00e4nds till det du vill. Testamentera du en g\u00e5va till Kalmar Djurhem, rekommendera vi att du tar kontakt med en sakkunnig jurist, som hj\u00e4lper dig att f\u00e5 testamentet korrekt&hellip;<\/p>\n<p><a class=\"more-link\" href=\"https:\/\/www.djurskyddet.se\/kalmardjurhem\/testamente\/\" title=\"Continue reading &lsquo;Testamente&rsquo;\">L&auml;s mer<span class=\"meta-nav\">&raquo;<\/span><\/a><\/p>\n","protected":false},"author":29,"featured_media":0,"parent":0,"menu_order":0,"comment_status":"closed","ping_status":"closed","template":"","meta":{"_acf_changed":false,"footnotes":""},"class_list":["post-5645","page","type-page","status-publish","hentry"],"acf":[],"_links":{"self":[{"href":"https:\/\/www.djurskyddet.se\/kalmardjurhem\/wp-json\/wp\/v2\/pages\/5645","targetHints":{"allow":["GET"]}}],"collection":[{"href":"https:\/\/www.djurskyddet.se\/kalmardjurhem\/wp-json\/wp\/v2\/pages"}],"about":[{"href":"https:\/\/www.djurskyddet.se\/kalmardjurhem\/wp-json\/wp\/v2\/types\/page"}],"author":[{"embeddable":true,"href":"https:\/\/www.djurskyddet.se\/kalmardjurhem\/wp-json\/wp\/v2\/users\/29"}],"replies":[{"embeddable":true,"href":"https:\/\/www.djurskyddet.se\/kalmardjurhem\/wp-json\/wp\/v2\/comments?post=5645"}],"version-history":[{"count":4,"href":"https:\/\/www.djurskyddet.se\/kalmardjurhem\/wp-json\/wp\/v2\/pages\/5645\/revisions"}],"predecessor-version":[{"id":6952,"href":"https:\/\/www.djurskyddet.se\/kalmardjurhem\/wp-json\/wp\/v2\/pages\/5645\/revisions\/6952"}],"wp:attachment":[{"href":"https:\/\/www.djurskyddet.se\/kalmardjurhem\/wp-json\/wp\/v2\/media?parent=5645"}],"curies":[{"name":"wp","href":"https:\/\/api.w.org\/{rel}","templated":true}]}}