{"id":5648,"date":"2019-09-30T13:10:44","date_gmt":"2019-09-30T13:10:44","guid":{"rendered":"https:\/\/www.djurskyddet.se\/kalmardjurhem\/?page_id=5648"},"modified":"2019-10-02T14:51:08","modified_gmt":"2019-10-02T14:51:08","slug":"tips-och-rad","status":"publish","type":"page","link":"https:\/\/www.djurskyddet.se\/kalmardjurhem\/tips-och-rad\/","title":{"rendered":"Tips och r\u00e5d"},"content":{"rendered":"\n<p>Sk\u00f6tsel r\u00e5d<\/p>\n\n\n\n<p>N\u00e4r man skaffar katt \u00e4r det ett stort anvar och ska vara v\u00e4l\ngenomt\u00e4nkt , en katt kan bli mer \u00e4n 15 \u00e5r om den f\u00e5r vara frisk, En katt\nbeh\u00f6ver friskt vatten varje dag, (t\u00e4nk p\u00e5 att vissa plastsk\u00e5lar kan vattnet ta\nsmak av) burkmat morgon &amp; kv\u00e4ll samt st\u00e5ende torrfoder, vissa katter tycker\ninte om burkmat andra kanske inte \u00e4r s\u00e5 glada i torrfoder, de har ju precis som\nvi m\u00e4nniskor olika tycke och smak.<\/p>\n\n\n\n<p>Katter som \u00e4r \u00f6verviktiga eller har n\u00e5gon sjukdom och st\u00e5r\np\u00e5 special kost, ska f\u00f6lja anvisningarna p\u00e5 foderp\u00e5sen eller kostr\u00e5den som\nveterin\u00e4ren rekomenderat och inget annat.<\/p>\n\n\n\n<p>Katter \u00e4r v\u00e4ldigt renliga djur och d\u00e4rf\u00f6r \u00e4r det viktigt att\nh\u00e5lla kattens sandl\u00e5da ren fr\u00e5n urin och avf\u00f6ring, har man mer \u00e4n en katt ska\nman ocks\u00e5 ha flera sandl\u00e5dor, rensa den minst en g\u00e5ng om dagen, g\u00e4rna morgon\noch kv\u00e4ll det \u00e4r ju ingen som vill g\u00e5 p\u00e5 en smutsig toalett. \u00c4r sandl\u00e5dan\nofr\u00e4sch i kattens \u00f6gon kan den b\u00f6rja kissa p\u00e5 andra st\u00e4llen, s\u00e5 som s\u00e4ngar,\nsoffor och kl\u00e4der m.m. N\u00e4r katten v\u00e4l har b\u00f6rjat med detta kan det vara sv\u00e5rt\natt f\u00e5 den att sluta.<\/p>\n\n\n\n<p>En katt beh\u00f6ver n\u00e5gonstanns att kloa, inf\u00f6rskaffa d\u00e4rf\u00f6r en\nkl\u00e4tterst\u00e4llning med klobr\u00e4da p\u00e5 (finns b\u00e5de sm\u00e5 och stora) direkt n\u00e4r ni\nskaffar katt, annars kan det l\u00e4tt b\u00f6rja klo p\u00e5 soffan, favorit f\u00e5t\u00f6ljen eller\ntapet, mattor m.m.<\/p>\n\n\n\n<p>En katt ska vaccineras mot kattsnuva och kattpest, f\u00f6rsta\nvaccinationen ges vis ca 8 veckor och den andra vaccinet efter 3-4 veckor,\nd\u00e4refter vaccinera man katten 1 g\u00e5ng om \u00e5ret ( en del veterin\u00e4rer har nu b\u00f6rjat\natt s\u00e4ga varannat \u00e5r, r\u00e5dg\u00f6r med din hus veterin\u00e4r)<\/p>\n\n\n\n<p>Kastrera din katt och id-m\u00e4rk\/chipa den innan du b\u00f6rjar att\nsl\u00e4ppa ut den, och registrera den i svenskakennelklubbens kattregister, skulle\nkatten komma bort eller bli p\u00e5k\u00f6rd och n\u00e5gon hittar den, s\u00e5 \u00e4r det enkelt att\nsp\u00e5ra dig. Polis, djursjukhus, och djurhemmet har chipavl\u00e4sare.<\/p>\n\n\n\n<p>Avmaska katten ett par g\u00e5nger om \u00e5ret, och f\u00f6rs\u00e4kra din\nkatt, en katt har inte 9 liv!<\/p>\n\n\n\n<p>Vill du f\u00f6rs\u00e4kra ditt djur, ta kontakt med Camilla p\u00e5 djurhemmet. Skulle katten insjukna se till att ta den kommer under veterin\u00e4rv\u00e5rd, det \u00e4r din skyldighet som katt\u00e4gare. Ibland kan id-m\u00e4rkningen i \u00f6rat vara sv\u00e5r att l\u00e4sa, man kan pr\u00f6va att tv\u00e4tta m\u00e4rkningen med lite desinfektionsmedel och lysa med en ficklampa bakom \u00f6rat, d\u00e5 brukar man kunna se <br>id-m\u00e4rkningen tydligare.  <\/p>\n\n\n\n<figure class=\"wp-block-image\"><img loading=\"lazy\" decoding=\"async\" width=\"196\" height=\"130\" src=\"https:\/\/www.djurskyddet.se\/kalmardjurhem\/wp-content\/uploads\/sites\/33\/2019\/10\/id_mrkning.jpg\" alt=\"\" class=\"wp-image-5712\" \/><\/figure>\n","protected":false},"excerpt":{"rendered":"<p>Sk\u00f6tsel r\u00e5d N\u00e4r man skaffar katt \u00e4r det ett stort anvar och ska vara v\u00e4l genomt\u00e4nkt , en katt kan bli mer \u00e4n 15 \u00e5r om den f\u00e5r vara frisk, En katt beh\u00f6ver friskt vatten varje dag, (t\u00e4nk p\u00e5 att vissa plastsk\u00e5lar kan vattnet ta smak av) burkmat morgon &amp; kv\u00e4ll samt st\u00e5ende torrfoder, vissa katter tycker inte om burkmat andra kanske inte \u00e4r s\u00e5 glada i torrfoder, de har&hellip;<\/p>\n<p><a class=\"more-link\" href=\"https:\/\/www.djurskyddet.se\/kalmardjurhem\/tips-och-rad\/\" title=\"Continue reading &lsquo;Tips och r\u00e5d&rsquo;\">L&auml;s mer<span class=\"meta-nav\">&raquo;<\/span><\/a><\/p>\n","protected":false},"author":29,"featured_media":0,"parent":0,"menu_order":0,"comment_status":"closed","ping_status":"closed","template":"","meta":{"_acf_changed":false,"footnotes":""},"class_list":["post-5648","page","type-page","status-publish","hentry"],"acf":[],"_links":{"self":[{"href":"https:\/\/www.djurskyddet.se\/kalmardjurhem\/wp-json\/wp\/v2\/pages\/5648","targetHints":{"allow":["GET"]}}],"collection":[{"href":"https:\/\/www.djurskyddet.se\/kalmardjurhem\/wp-json\/wp\/v2\/pages"}],"about":[{"href":"https:\/\/www.djurskyddet.se\/kalmardjurhem\/wp-json\/wp\/v2\/types\/page"}],"author":[{"embeddable":true,"href":"https:\/\/www.djurskyddet.se\/kalmardjurhem\/wp-json\/wp\/v2\/users\/29"}],"replies":[{"embeddable":true,"href":"https:\/\/www.djurskyddet.se\/kalmardjurhem\/wp-json\/wp\/v2\/comments?post=5648"}],"version-history":[{"count":3,"href":"https:\/\/www.djurskyddet.se\/kalmardjurhem\/wp-json\/wp\/v2\/pages\/5648\/revisions"}],"predecessor-version":[{"id":5713,"href":"https:\/\/www.djurskyddet.se\/kalmardjurhem\/wp-json\/wp\/v2\/pages\/5648\/revisions\/5713"}],"wp:attachment":[{"href":"https:\/\/www.djurskyddet.se\/kalmardjurhem\/wp-json\/wp\/v2\/media?parent=5648"}],"curies":[{"name":"wp","href":"https:\/\/api.w.org\/{rel}","templated":true}]}}