{"id":5663,"date":"2019-09-30T13:12:26","date_gmt":"2019-09-30T13:12:26","guid":{"rendered":"https:\/\/www.djurskyddet.se\/kalmardjurhem\/?page_id=5663"},"modified":"2019-10-17T10:47:42","modified_gmt":"2019-10-17T10:47:42","slug":"upphittade","status":"publish","type":"page","link":"https:\/\/www.djurskyddet.se\/kalmardjurhem\/upphittade\/","title":{"rendered":"Upphittade katter"},"content":{"rendered":"\n<p>H\u00e4r kan ni se katter som \u00e4r upphittade, vill ni anm\u00e4la en katt som upphittad och efterlysa \u00e4garen. Maila d\u00e5 till djurhemmetskalby@hotmail.com vi beh\u00f6ver en bild, information om n\u00e4r den hittades, vart och dina kontaktuppgifter.<\/p>\n\n\n\n<ul class=\"wp-block-gallery columns-3 is-cropped wp-block-gallery-1 is-layout-flex wp-block-gallery-is-layout-flex\"><li class=\"blocks-gallery-item\"><figure><img loading=\"lazy\" decoding=\"async\" width=\"498\" height=\"1024\" src=\"https:\/\/www.djurskyddet.se\/kalmardjurhem\/wp-content\/uploads\/sites\/33\/2019\/10\/katt-upph-3-498x1024.jpg\" alt=\"\" data-id=\"5784\" data-link=\"https:\/\/www.djurskyddet.se\/kalmardjurhem\/upphittade\/attachment\/katt-upph-3\/\" class=\"wp-image-5784\" srcset=\"https:\/\/www.djurskyddet.se\/kalmardjurhem\/wp-content\/uploads\/sites\/33\/2019\/10\/katt-upph-3.jpg 498w, https:\/\/www.djurskyddet.se\/kalmardjurhem\/wp-content\/uploads\/sites\/33\/2019\/10\/katt-upph-3-146x300.jpg 146w, https:\/\/www.djurskyddet.se\/kalmardjurhem\/wp-content\/uploads\/sites\/33\/2019\/10\/katt-upph-3-400x822.jpg 400w\" sizes=\"auto, (max-width: 498px) 100vw, 498px\" \/><figcaption>upphittad 10\/7-19 <br> I centrala Borgholm, ring till Myriam 076920 1507<\/figcaption><\/figure><\/li><li class=\"blocks-gallery-item\"><figure><img loading=\"lazy\" decoding=\"async\" width=\"768\" height=\"1024\" src=\"https:\/\/www.djurskyddet.se\/kalmardjurhem\/wp-content\/uploads\/sites\/33\/2019\/10\/upph-1-768x1024.jpg\" alt=\"\" data-id=\"5785\" data-link=\"https:\/\/www.djurskyddet.se\/kalmardjurhem\/upphittade\/attachment\/upph-1\/\" class=\"wp-image-5785\" srcset=\"https:\/\/www.djurskyddet.se\/kalmardjurhem\/wp-content\/uploads\/sites\/33\/2019\/10\/upph-1.jpg 768w, https:\/\/www.djurskyddet.se\/kalmardjurhem\/wp-content\/uploads\/sites\/33\/2019\/10\/upph-1-225x300.jpg 225w, https:\/\/www.djurskyddet.se\/kalmardjurhem\/wp-content\/uploads\/sites\/33\/2019\/10\/upph-1-400x533.jpg 400w\" sizes=\"auto, (max-width: 768px) 100vw, 768px\" \/><figcaption>Upphittad 23\/9-19<br>\u00c4r det n\u00e5gon som k\u00e4nner igen den h\u00e4r katten, h\u00e5ller till i \u00f6lvingstorp ring Anna 0733444972<\/figcaption><\/figure><\/li><li class=\"blocks-gallery-item\"><figure><img loading=\"lazy\" decoding=\"async\" width=\"300\" height=\"400\" src=\"https:\/\/www.djurskyddet.se\/kalmardjurhem\/wp-content\/uploads\/sites\/33\/2019\/10\/upphi-4.jpg\" alt=\"\" data-id=\"5786\" data-link=\"https:\/\/www.djurskyddet.se\/kalmardjurhem\/upphittade\/attachment\/upphi-4\/\" class=\"wp-image-5786\" srcset=\"https:\/\/www.djurskyddet.se\/kalmardjurhem\/wp-content\/uploads\/sites\/33\/2019\/10\/upphi-4.jpg 300w, https:\/\/www.djurskyddet.se\/kalmardjurhem\/wp-content\/uploads\/sites\/33\/2019\/10\/upphi-4-225x300.jpg 225w\" sizes=\"auto, (max-width: 300px) 100vw, 300px\" \/><figcaption>Upphittad 22\/3-19<br>Har h\u00e5llit till p\u00e5 lubecksv\u00e4gen sedan h\u00f6sten 2018 ring Ellen 0480-403953<\/figcaption><\/figure><\/li><\/ul>\n","protected":false},"excerpt":{"rendered":"<p>H\u00e4r kan ni se katter som \u00e4r upphittade, vill ni anm\u00e4la en katt som upphittad och efterlysa \u00e4garen. Maila d\u00e5 till djurhemmetskalby@hotmail.com vi beh\u00f6ver en bild, information om n\u00e4r den hittades, vart och dina kontaktuppgifter.<\/p>\n","protected":false},"author":29,"featured_media":0,"parent":0,"menu_order":0,"comment_status":"closed","ping_status":"closed","template":"","meta":{"_acf_changed":false,"footnotes":""},"class_list":["post-5663","page","type-page","status-publish","hentry"],"acf":[],"_links":{"self":[{"href":"https:\/\/www.djurskyddet.se\/kalmardjurhem\/wp-json\/wp\/v2\/pages\/5663","targetHints":{"allow":["GET"]}}],"collection":[{"href":"https:\/\/www.djurskyddet.se\/kalmardjurhem\/wp-json\/wp\/v2\/pages"}],"about":[{"href":"https:\/\/www.djurskyddet.se\/kalmardjurhem\/wp-json\/wp\/v2\/types\/page"}],"author":[{"embeddable":true,"href":"https:\/\/www.djurskyddet.se\/kalmardjurhem\/wp-json\/wp\/v2\/users\/29"}],"replies":[{"embeddable":true,"href":"https:\/\/www.djurskyddet.se\/kalmardjurhem\/wp-json\/wp\/v2\/comments?post=5663"}],"version-history":[{"count":3,"href":"https:\/\/www.djurskyddet.se\/kalmardjurhem\/wp-json\/wp\/v2\/pages\/5663\/revisions"}],"predecessor-version":[{"id":5809,"href":"https:\/\/www.djurskyddet.se\/kalmardjurhem\/wp-json\/wp\/v2\/pages\/5663\/revisions\/5809"}],"wp:attachment":[{"href":"https:\/\/www.djurskyddet.se\/kalmardjurhem\/wp-json\/wp\/v2\/media?parent=5663"}],"curies":[{"name":"wp","href":"https:\/\/api.w.org\/{rel}","templated":true}]}}