{"id":5666,"date":"2019-09-30T13:12:48","date_gmt":"2019-09-30T13:12:48","guid":{"rendered":"https:\/\/www.djurskyddet.se\/kalmardjurhem\/?page_id=5666"},"modified":"2025-07-28T10:29:21","modified_gmt":"2025-07-28T10:29:21","slug":"fodertunnor","status":"publish","type":"page","link":"https:\/\/www.djurskyddet.se\/kalmardjurhem\/fodertunnor\/","title":{"rendered":"Fodertunnor"},"content":{"rendered":"\n<p><strong><em>V\u00e5ra fodertunnor finns p\u00e5 f\u00f6ljande platser<\/em><\/strong><br><em>Granng\u00e5rden  i Kalmar<\/em><br><em>Arken Zoo Giraffens k\u00f6pcenter<\/em><br><em>Swedish Agro Kalmar<br>Ica Rockneby<\/em><br><em>Ica supermarket Stinsen i Ljungbyholm<\/em> <br><i><br><\/i><em>S\u00e5 h\u00e4r g\u00f6r du<\/em><br><em>Betala det du vill sk\u00e4nka till djurhemmet, l\u00e4gg det i tunnorna som finns utanf\u00f6r eller vid kassorna, fr\u00e5ga g\u00e4rna personalen i aff\u00e4ren om du inte hittar tunnan.<\/em><\/p>\n\n\n\n<figure class=\"wp-block-image\"><img loading=\"lazy\" decoding=\"async\" width=\"306\" height=\"408\" src=\"https:\/\/www.djurskyddet.se\/kalmardjurhem\/wp-content\/uploads\/sites\/33\/2019\/10\/tunnan-granng\u00e5rden.jpg\" alt=\"\" class=\"wp-image-5706\" srcset=\"https:\/\/www.djurskyddet.se\/kalmardjurhem\/wp-content\/uploads\/sites\/33\/2019\/10\/tunnan-granng\u00e5rden.jpg 306w, https:\/\/www.djurskyddet.se\/kalmardjurhem\/wp-content\/uploads\/sites\/33\/2019\/10\/tunnan-granng\u00e5rden-225x300.jpg 225w\" sizes=\"auto, (max-width: 306px) 100vw, 306px\" \/><\/figure>\n","protected":false},"excerpt":{"rendered":"<p>V\u00e5ra fodertunnor finns p\u00e5 f\u00f6ljande platserGranng\u00e5rden i KalmarArken Zoo Giraffens k\u00f6pcenterSwedish Agro KalmarIca RocknebyIca supermarket Stinsen i Ljungbyholm S\u00e5 h\u00e4r g\u00f6r duBetala det du vill sk\u00e4nka till djurhemmet, l\u00e4gg det i tunnorna som finns utanf\u00f6r eller vid kassorna, fr\u00e5ga g\u00e4rna personalen i aff\u00e4ren om du inte hittar tunnan.<\/p>\n","protected":false},"author":29,"featured_media":0,"parent":0,"menu_order":0,"comment_status":"closed","ping_status":"closed","template":"","meta":{"_acf_changed":false,"footnotes":""},"class_list":["post-5666","page","type-page","status-publish","hentry"],"acf":[],"_links":{"self":[{"href":"https:\/\/www.djurskyddet.se\/kalmardjurhem\/wp-json\/wp\/v2\/pages\/5666","targetHints":{"allow":["GET"]}}],"collection":[{"href":"https:\/\/www.djurskyddet.se\/kalmardjurhem\/wp-json\/wp\/v2\/pages"}],"about":[{"href":"https:\/\/www.djurskyddet.se\/kalmardjurhem\/wp-json\/wp\/v2\/types\/page"}],"author":[{"embeddable":true,"href":"https:\/\/www.djurskyddet.se\/kalmardjurhem\/wp-json\/wp\/v2\/users\/29"}],"replies":[{"embeddable":true,"href":"https:\/\/www.djurskyddet.se\/kalmardjurhem\/wp-json\/wp\/v2\/comments?post=5666"}],"version-history":[{"count":5,"href":"https:\/\/www.djurskyddet.se\/kalmardjurhem\/wp-json\/wp\/v2\/pages\/5666\/revisions"}],"predecessor-version":[{"id":7608,"href":"https:\/\/www.djurskyddet.se\/kalmardjurhem\/wp-json\/wp\/v2\/pages\/5666\/revisions\/7608"}],"wp:attachment":[{"href":"https:\/\/www.djurskyddet.se\/kalmardjurhem\/wp-json\/wp\/v2\/media?parent=5666"}],"curies":[{"name":"wp","href":"https:\/\/api.w.org\/{rel}","templated":true}]}}