{"id":5669,"date":"2019-09-30T13:13:10","date_gmt":"2019-09-30T13:13:10","guid":{"rendered":"https:\/\/www.djurskyddet.se\/kalmardjurhem\/?page_id=5669"},"modified":"2025-10-01T10:55:28","modified_gmt":"2025-10-01T10:55:28","slug":"medlem-fadder","status":"publish","type":"page","link":"https:\/\/www.djurskyddet.se\/kalmardjurhem\/medlem-fadder\/","title":{"rendered":"Medlem\/Fadder"},"content":{"rendered":"\n<p><em><strong>Medlem<\/strong><\/em><br>Som medlem i Djurskyddet Kalmar \u00e4r du ocks\u00e5 medlem i riksf\u00f6rbundet Djurskyddet Sverige och f\u00e5r Tidningen Djurskyddet fyra g\u00e5nger per \u00e5r, b\u00e5de i brevl\u00e5dan och i appen TD. Ladda ner den d\u00e4r appar finns! Dessutom kan du l\u00e4sa intressanta djurskyddsnyheter p\u00e5 <a href=\"https:\/\/tidningen.djurskyddet.se\/\"><strong>webbtidningen<\/strong> <\/a>och kan ta del av ett antal\u202ffina <strong><a href=\"https:\/\/www.djurskyddet.se\/stod-oss\/bli-medlem\/medlemsformaner\/\">medlemsf\u00f6rm\u00e5ner<\/a><\/strong>, s\u00e5som rabatt hos olika n\u00e4tbutiker.\u00a0<\/p>\n\n\n\n<p>Registrera dig som medlem p\u00e5\u202fDjurskyddet Sveriges hemsida. <strong>Se till att v\u00e4lja Djurskyddet Kalmar<\/strong> som din lokalf\u00f6rening.\u00a0<\/p>\n\n\n\n<div class=\"wp-block-buttons is-layout-flex wp-block-buttons-is-layout-flex\">\n<div class=\"wp-block-button has-custom-font-size has-small-font-size\"><a class=\"wp-block-button__link has-white-color has-text-color has-background has-link-color wp-element-button\" href=\"https:\/\/donation.djurskyddet.se\/s\/medlem\" style=\"background-color:#00a64a\"><strong>Bli medlem h\u00e4r<\/strong><\/a><\/div>\n<\/div>\n\n\n\n<p><\/p>\n\n\n\n<p><em><strong>Fadder<\/strong><\/em><\/p>\n\n\n\n<p><em>F\u00f6r\natt vi ska kunna driva djurhemmet beh\u00f6ver vi sponsring och fadderverksamheten\n\u00e4r en s\u00e5dan. Detta inneb\u00e4r att du varje m\u00e5nad sk\u00e4nker ett vist belopp till\ndjurhemmet. Det kan vara minst 50kr per m\u00e5nad och valfritt upp\u00e5t. Du f\u00e5r g\u00e4rna\nbetala kvartalsvis eller l\u00e4ngre period.<\/em><\/p>\n\n\n\n<p><em>Betalas\ntill pg 555769-9 skriv djurhemmet m\u00e4rk fadder, gl\u00f6m inte att skriva namn &amp;\nadress s\u00e5 vi vet vem det \u00e4r som vill bli fadder.<\/em><\/p>\n","protected":false},"excerpt":{"rendered":"<p>MedlemSom medlem i Djurskyddet Kalmar \u00e4r du ocks\u00e5 medlem i riksf\u00f6rbundet Djurskyddet Sverige och f\u00e5r Tidningen Djurskyddet fyra g\u00e5nger per \u00e5r, b\u00e5de i brevl\u00e5dan och i appen TD. Ladda ner den d\u00e4r appar finns! Dessutom kan du l\u00e4sa intressanta djurskyddsnyheter p\u00e5 webbtidningen och kan ta del av ett antal\u202ffina medlemsf\u00f6rm\u00e5ner, s\u00e5som rabatt hos olika n\u00e4tbutiker.\u00a0 Registrera dig som medlem p\u00e5\u202fDjurskyddet Sveriges hemsida. Se till att v\u00e4lja Djurskyddet Kalmar som din&hellip;<\/p>\n<p><a class=\"more-link\" href=\"https:\/\/www.djurskyddet.se\/kalmardjurhem\/medlem-fadder\/\" title=\"Continue reading &lsquo;Medlem\/Fadder&rsquo;\">L&auml;s mer<span class=\"meta-nav\">&raquo;<\/span><\/a><\/p>\n","protected":false},"author":29,"featured_media":0,"parent":0,"menu_order":0,"comment_status":"closed","ping_status":"closed","template":"","meta":{"_acf_changed":false,"footnotes":""},"class_list":["post-5669","page","type-page","status-publish","hentry"],"acf":[],"_links":{"self":[{"href":"https:\/\/www.djurskyddet.se\/kalmardjurhem\/wp-json\/wp\/v2\/pages\/5669","targetHints":{"allow":["GET"]}}],"collection":[{"href":"https:\/\/www.djurskyddet.se\/kalmardjurhem\/wp-json\/wp\/v2\/pages"}],"about":[{"href":"https:\/\/www.djurskyddet.se\/kalmardjurhem\/wp-json\/wp\/v2\/types\/page"}],"author":[{"embeddable":true,"href":"https:\/\/www.djurskyddet.se\/kalmardjurhem\/wp-json\/wp\/v2\/users\/29"}],"replies":[{"embeddable":true,"href":"https:\/\/www.djurskyddet.se\/kalmardjurhem\/wp-json\/wp\/v2\/comments?post=5669"}],"version-history":[{"count":6,"href":"https:\/\/www.djurskyddet.se\/kalmardjurhem\/wp-json\/wp\/v2\/pages\/5669\/revisions"}],"predecessor-version":[{"id":7652,"href":"https:\/\/www.djurskyddet.se\/kalmardjurhem\/wp-json\/wp\/v2\/pages\/5669\/revisions\/7652"}],"wp:attachment":[{"href":"https:\/\/www.djurskyddet.se\/kalmardjurhem\/wp-json\/wp\/v2\/media?parent=5669"}],"curies":[{"name":"wp","href":"https:\/\/api.w.org\/{rel}","templated":true}]}}