{"id":5852,"date":"2019-10-23T13:35:18","date_gmt":"2019-10-23T13:35:18","guid":{"rendered":"https:\/\/www.djurskyddet.se\/kalmardjurhem\/?page_id=5852"},"modified":"2024-12-30T19:53:49","modified_gmt":"2024-12-30T19:53:49","slug":"sponsring","status":"publish","type":"page","link":"https:\/\/www.djurskyddet.se\/kalmardjurhem\/sponsring\/","title":{"rendered":"Sponsring"},"content":{"rendered":"\n<p><strong>Huvudsponsor<\/strong><br> Du som sponsrar Djurhemmet med minst 5000kr eller  alt Varor, tj\u00e4nster f\u00f6r motsvarande v\u00e4rde per \u00e5r f\u00e5r:<\/p>\n\n\n\n<ul class=\"wp-block-list\">\n<li>F\u00f6retagets logo p\u00e5 f\u00f6rsta sidan p\u00e5 v\u00e5r hemsida .<\/li>\n\n\n\n<li>Skylt med f\u00f6retagets namn p\u00e5 v\u00e5r sponsor v\u00e4gg (A4)<\/li>\n\n\n\n<li>F\u00f6retagets logo p\u00e5 v\u00e5r broschyr.<br> \u00a0<\/li>\n<\/ul>\n\n\n\n<p><strong>V\u00e4ljer du att betala mer \u00e4n 5000kr per \u00e5r f\u00e5r du f\u00f6ljande<\/strong> <\/p>\n\n\n\n<ul class=\"wp-block-list\">\n<li>F\u00f6retagets logo p\u00e5 f\u00f6rsta sidan p\u00e5 v\u00e5r hemsida .<\/li>\n\n\n\n<li>Skylt med f\u00f6retagets namn p\u00e5 v\u00e5r sponsor v\u00e4gg (A4)<\/li>\n\n\n\n<li>F\u00f6retagets logo p\u00e5 v\u00e5r broschyr.<\/li>\n\n\n\n<li>Vi kan bifoga information eller reklam i hemg\u00e5ngsmapparna som v\u00e5ra kattk\u00f6pare f\u00e5r med sig hem.<\/li>\n\n\n\n<li>Fb\/Instagram inl\u00e4gg om ditt f\u00f6retag<\/li>\n\n\n\n<li>Ditt f\u00f6retag l\u00e4nkas p\u00e5 v\u00e5r hemsida<\/li>\n<\/ul>\n\n\n\n<p><strong>Vanlig sponso<\/strong>r<br>Du som sponsrar Djurhemmet med 1000kr per \u00e5r eller varor alt, tj\u00e4nster f\u00f6r motsvarande v\u00e4rde per \u00e5r f\u00e5r:<\/p>\n\n\n\n<ul class=\"wp-block-list\">\n<li>F\u00f6retagets logo p\u00e5 hemsidan. <\/li>\n<\/ul>\n\n\n\n<p><strong>Bur sponsor<\/strong><br> f\u00f6r privatpersoner eller mindre f\u00f6retag<br>Du som vill bli bur sponsor betalar&nbsp;500 kr i m\u00e5naden och f\u00e5r:<br><br>Ditt namn eller f\u00f6retagets logo p\u00e5 en skylt (A4) p\u00e5 den bur du sponsrar.<br> <br><strong>Tycker du att n\u00e5got av v\u00e5ra sponsringsf\u00f6rslag l\u00e5ter intressant? eller har du egna id\u00e9er ? Din hj\u00e4lp g\u00f6r skillnad, s\u00e5 tveka inte att h\u00f6ra av Dig <\/strong><\/p>\n\n\n\n<p>Ta d\u00e5 kontakt med<br> Camilla Henningsson<br> Kalmar djurhem<br> 0480-41 11 00 <a href=\"mailto:djurhemmetskalby@hotmail.com\">djurhemmetskalby@hotmail.com<\/a><br> Bes\u00f6k g\u00e4rna v\u00e5r hemsida <a href=\"http:\/\/www.kalmardjurhem.se\/\">www.kalmardjurhem.se<\/a><\/p>\n\n\n\n<p><\/p>\n\n\n\n<p><\/p>\n","protected":false},"excerpt":{"rendered":"<p>Huvudsponsor Du som sponsrar Djurhemmet med minst 5000kr eller alt Varor, tj\u00e4nster f\u00f6r motsvarande v\u00e4rde per \u00e5r f\u00e5r: V\u00e4ljer du att betala mer \u00e4n 5000kr per \u00e5r f\u00e5r du f\u00f6ljande Vanlig sponsorDu som sponsrar Djurhemmet med 1000kr per \u00e5r eller varor alt, tj\u00e4nster f\u00f6r motsvarande v\u00e4rde per \u00e5r f\u00e5r: Bur sponsor f\u00f6r privatpersoner eller mindre f\u00f6retagDu som vill bli bur sponsor betalar&nbsp;500 kr i m\u00e5naden och f\u00e5r: Ditt namn eller&hellip;<\/p>\n<p><a class=\"more-link\" href=\"https:\/\/www.djurskyddet.se\/kalmardjurhem\/sponsring\/\" title=\"Continue reading &lsquo;Sponsring&rsquo;\">L&auml;s mer<span class=\"meta-nav\">&raquo;<\/span><\/a><\/p>\n","protected":false},"author":3,"featured_media":0,"parent":0,"menu_order":0,"comment_status":"closed","ping_status":"closed","template":"","meta":{"_acf_changed":false,"footnotes":""},"class_list":["post-5852","page","type-page","status-publish","hentry"],"acf":[],"_links":{"self":[{"href":"https:\/\/www.djurskyddet.se\/kalmardjurhem\/wp-json\/wp\/v2\/pages\/5852","targetHints":{"allow":["GET"]}}],"collection":[{"href":"https:\/\/www.djurskyddet.se\/kalmardjurhem\/wp-json\/wp\/v2\/pages"}],"about":[{"href":"https:\/\/www.djurskyddet.se\/kalmardjurhem\/wp-json\/wp\/v2\/types\/page"}],"author":[{"embeddable":true,"href":"https:\/\/www.djurskyddet.se\/kalmardjurhem\/wp-json\/wp\/v2\/users\/3"}],"replies":[{"embeddable":true,"href":"https:\/\/www.djurskyddet.se\/kalmardjurhem\/wp-json\/wp\/v2\/comments?post=5852"}],"version-history":[{"count":4,"href":"https:\/\/www.djurskyddet.se\/kalmardjurhem\/wp-json\/wp\/v2\/pages\/5852\/revisions"}],"predecessor-version":[{"id":7284,"href":"https:\/\/www.djurskyddet.se\/kalmardjurhem\/wp-json\/wp\/v2\/pages\/5852\/revisions\/7284"}],"wp:attachment":[{"href":"https:\/\/www.djurskyddet.se\/kalmardjurhem\/wp-json\/wp\/v2\/media?parent=5852"}],"curies":[{"name":"wp","href":"https:\/\/api.w.org\/{rel}","templated":true}]}}