{"id":5498,"date":"2018-08-06T11:05:36","date_gmt":"2018-08-06T11:05:36","guid":{"rendered":"http:\/\/www.djurskyddet.se\/karlshamn\/?page_id=5498"},"modified":"2026-04-26T13:16:22","modified_gmt":"2026-04-26T13:16:22","slug":"stod-oss","status":"publish","type":"page","link":"https:\/\/www.djurskyddet.se\/karlshamn\/stod-oss\/","title":{"rendered":"St\u00f6d oss"},"content":{"rendered":"\n<p><\/p><h4><strong>Allt st\u00f6d \u00e4r v\u00e4lkommen!<\/strong><\/h4><br>Djurskyddet Karlshamn v\u00e4rnar djurens b\u00e4sta och f\u00f6r att kunna forts\u00e4tta v\u00e5rt arbete beh\u00f6ver vi ditt st\u00f6d. \n<br>Vi f\u00e5r <strong>inte<\/strong> n\u00e5gra kommunala bidrag och \u00e4r d\u00e4rf\u00f6r helt beroende av enskilda f\u00f6retag\/m\u00e4nniskors generositet.\n<p><\/p>\n\n\n\n<hr class=\"wp-block-separator has-css-opacity is-style-default\" \/>\n\n\n\n<p><\/p><h4><strong>Vill du ge en g\u00e5va till f\u00f6rm\u00e5n f\u00f6r djuren?<\/strong><\/h4>\n<br><strong>Bankgiro:<\/strong> 5663-8836\n<br><strong>Swish:<\/strong> 123 078 53 86\n\n<p><\/p>\n\n\n\n<p class=\"has-text-align-center\"><\/p>\n\n\n\n<figure class=\"wp-block-image size-full\"><img loading=\"lazy\" decoding=\"async\" width=\"724\" height=\"1024\" src=\"https:\/\/www.djurskyddet.se\/karlshamn\/wp-content\/uploads\/sites\/19\/2026\/04\/swish-QR-large.png\" alt=\"\" class=\"wp-image-7892\" srcset=\"https:\/\/www.djurskyddet.se\/karlshamn\/wp-content\/uploads\/sites\/19\/2026\/04\/swish-QR-large.png 724w, https:\/\/www.djurskyddet.se\/karlshamn\/wp-content\/uploads\/sites\/19\/2026\/04\/swish-QR-large-212x300.png 212w, https:\/\/www.djurskyddet.se\/karlshamn\/wp-content\/uploads\/sites\/19\/2026\/04\/swish-QR-large-400x566.png 400w\" sizes=\"auto, (max-width: 724px) 100vw, 724px\" \/><\/figure>\n\n\n\n<hr class=\"wp-block-separator has-css-opacity\" \/>\n\n\n\n<p>Andra s\u00e4tt att hj\u00e4lpa oss hittar du i kolumnen till v\u00e4nster!<\/p>\n\n\n\n<p><strong>TUSEN TACK F\u00d6R DITT ST\u00d6D!<\/strong><\/p>\n\n\n\n<p>Senast uppdaterad: 19\/05\/2021<\/p>\n","protected":false},"excerpt":{"rendered":"<p>Allt st\u00f6d \u00e4r v\u00e4lkommen! Djurskyddet Karlshamn v\u00e4rnar djurens b\u00e4sta och f\u00f6r att kunna forts\u00e4tta v\u00e5rt arbete beh\u00f6ver vi ditt st\u00f6d. Vi f\u00e5r inte n\u00e5gra kommunala bidrag och \u00e4r d\u00e4rf\u00f6r helt beroende av enskilda f\u00f6retag\/m\u00e4nniskors generositet. Vill du ge en g\u00e5va till f\u00f6rm\u00e5n f\u00f6r djuren? Bankgiro: 5663-8836 Swish: 123 078 53 86 Andra s\u00e4tt att hj\u00e4lpa oss hittar du i kolumnen till v\u00e4nster! TUSEN TACK F\u00d6R DITT ST\u00d6D! Senast uppdaterad: 19\/05\/2021<\/p>\n","protected":false},"author":3,"featured_media":0,"parent":0,"menu_order":0,"comment_status":"closed","ping_status":"closed","template":"page-templates\/left-sidebar.php","meta":{"_acf_changed":false,"footnotes":""},"class_list":["post-5498","page","type-page","status-publish","hentry"],"acf":[],"_links":{"self":[{"href":"https:\/\/www.djurskyddet.se\/karlshamn\/wp-json\/wp\/v2\/pages\/5498","targetHints":{"allow":["GET"]}}],"collection":[{"href":"https:\/\/www.djurskyddet.se\/karlshamn\/wp-json\/wp\/v2\/pages"}],"about":[{"href":"https:\/\/www.djurskyddet.se\/karlshamn\/wp-json\/wp\/v2\/types\/page"}],"author":[{"embeddable":true,"href":"https:\/\/www.djurskyddet.se\/karlshamn\/wp-json\/wp\/v2\/users\/3"}],"replies":[{"embeddable":true,"href":"https:\/\/www.djurskyddet.se\/karlshamn\/wp-json\/wp\/v2\/comments?post=5498"}],"version-history":[{"count":52,"href":"https:\/\/www.djurskyddet.se\/karlshamn\/wp-json\/wp\/v2\/pages\/5498\/revisions"}],"predecessor-version":[{"id":7894,"href":"https:\/\/www.djurskyddet.se\/karlshamn\/wp-json\/wp\/v2\/pages\/5498\/revisions\/7894"}],"wp:attachment":[{"href":"https:\/\/www.djurskyddet.se\/karlshamn\/wp-json\/wp\/v2\/media?parent=5498"}],"curies":[{"name":"wp","href":"https:\/\/api.w.org\/{rel}","templated":true}]}}