{"id":5511,"date":"2018-08-06T11:14:21","date_gmt":"2018-08-06T11:14:21","guid":{"rendered":"http:\/\/www.djurskyddet.se\/karlshamn\/?page_id=5511"},"modified":"2026-03-06T18:13:43","modified_gmt":"2026-03-06T18:13:43","slug":"djurlunden","status":"publish","type":"page","link":"https:\/\/www.djurskyddet.se\/karlshamn\/djurlunden\/","title":{"rendered":"Djurlunden"},"content":{"rendered":"<div class=\"wp-block-image\">\n<figure class=\"aligncenter is-resized\"><img loading=\"lazy\" decoding=\"async\" width=\"1024\" height=\"683\" src=\"https:\/\/www.djurskyddet.se\/karlshamn\/wp-content\/uploads\/sites\/19\/2020\/08\/djurlunden_skylt-1-1024x683.jpg\" alt=\"\" class=\"wp-image-6874\" style=\"width:558px;height:371px\" srcset=\"https:\/\/www.djurskyddet.se\/karlshamn\/wp-content\/uploads\/sites\/19\/2020\/08\/djurlunden_skylt-1.jpg 1024w, https:\/\/www.djurskyddet.se\/karlshamn\/wp-content\/uploads\/sites\/19\/2020\/08\/djurlunden_skylt-1-300x200.jpg 300w, https:\/\/www.djurskyddet.se\/karlshamn\/wp-content\/uploads\/sites\/19\/2020\/08\/djurlunden_skylt-1-768x512.jpg 768w, https:\/\/www.djurskyddet.se\/karlshamn\/wp-content\/uploads\/sites\/19\/2020\/08\/djurlunden_skylt-1-400x267.jpg 400w\" sizes=\"auto, (max-width: 1024px) 100vw, 1024px\" \/><\/figure><\/div>\n\n<div class=\"wp-block-image\">\n<figure class=\"aligncenter is-resized\"><img loading=\"lazy\" decoding=\"async\" width=\"1024\" height=\"768\" src=\"https:\/\/www.djurskyddet.se\/karlshamn\/wp-content\/uploads\/sites\/19\/2020\/09\/djurlunden_ny2-1024x768.jpg\" alt=\"\" class=\"wp-image-6975\" style=\"width:406px;height:305px\" srcset=\"https:\/\/www.djurskyddet.se\/karlshamn\/wp-content\/uploads\/sites\/19\/2020\/09\/djurlunden_ny2.jpg 1024w, https:\/\/www.djurskyddet.se\/karlshamn\/wp-content\/uploads\/sites\/19\/2020\/09\/djurlunden_ny2-300x225.jpg 300w, https:\/\/www.djurskyddet.se\/karlshamn\/wp-content\/uploads\/sites\/19\/2020\/09\/djurlunden_ny2-768x576.jpg 768w, https:\/\/www.djurskyddet.se\/karlshamn\/wp-content\/uploads\/sites\/19\/2020\/09\/djurlunden_ny2-400x300.jpg 400w\" sizes=\"auto, (max-width: 1024px) 100vw, 1024px\" \/><\/figure><\/div>\n\n<p><strong>Vill du begrava ditt djur s\u00e5som katt, hund kanin, marsvin eller annat sm\u00e5djur? <\/strong><br \/>Kontakta S\u00f6lve Turn\u00e9us p\u00e5 0708-775520<br \/>Kostnaden \u00e4r 1000 k och medlem i djurskyddet erh\u00e5ller rabatt.\u00a0<\/p>\n<p><b>Djurlunden <em>beh\u00f6ver<\/em> <em>dig<\/em> som har extra tid!<\/b><br \/>En vackert bel\u00e4gen djurbegravningsplats i skogen, d\u00e4r djur\u00e4gare kan l\u00e4gga sitt \u00e4lskade djur till ro.<b><br \/><\/b>Djurlunden drivs ideellt och beh\u00f6ver hj\u00e4lp f\u00f6r att vara i ett s\u00e5 bra skick som m\u00f6jligt.<\/p>\n<ul>\n<li>Gr\u00e4sklippning<\/li>\n<li>Kratta L\u00f6v<\/li>\n<li>Plocka undan nedfall s\u00e5som grenar<\/li>\n<li>M\u00e5lning<\/li>\n<li>Gr\u00e4va grav vid behov<\/li>\n<\/ul>\n<p>Kan du hj\u00e4lpa till med n\u00e5gon av ovanst\u00e5ende uppgifter?<\/p>\n<p>Alla som bes\u00f6ker djurlunden ansvarar sj\u00e4lv f\u00f6r sitt eventuella skr\u00e4p.\u00a0<\/p>\n<p>Vi vinterunderh\u00e5ller inte platsen.\u00a0<\/p>\n<p><strong>Kontakt f\u00f6r djurlunden:\u00a0<\/strong><br \/>Mejla <a href=\"mailto:karlshamn@djurskyddet.se\">karlshamn@djurskyddet.se<\/a> eller ring 0708-775520.<\/p>\n\n\n<p><strong>Lokaliserat mellan Karlshamn och Trensum, strax innan Dala.<br><\/strong>F\u00f6r att komma till Djurlunden f\u00f6ljer du l\u00e4ttast Ronnebyv\u00e4gen fr\u00e5n Karlshamn och k\u00f6r upp p\u00e5 v\u00e4nster sida d\u00e4r det finns en skylt &#8221;Djurbegravnpl&#8221;.<\/p>\n\n\n\n<figure class=\"wp-block-embed is-type-video is-provider-youtube wp-block-embed-youtube wp-embed-aspect-16-9 wp-has-aspect-ratio\"><div class=\"wp-block-embed__wrapper\">\n<iframe loading=\"lazy\" title=\"V\u00e4gbeskrivning till djurlunden\" width=\"790\" height=\"444\" src=\"https:\/\/www.youtube.com\/embed\/vh7IwoTOb6g?feature=oembed\" frameborder=\"0\" allow=\"accelerometer; autoplay; clipboard-write; encrypted-media; gyroscope; picture-in-picture; web-share\" referrerpolicy=\"strict-origin-when-cross-origin\" allowfullscreen><\/iframe>\n<\/div><figcaption class=\"wp-element-caption\"><strong>V\u00e4gbeskrivning p\u00e5 v\u00e5r<\/strong> <a href=\"https:\/\/www.youtube.com\/channel\/UCotpk1nCdpEUHymajdoWE7A\" target=\"_blank\" rel=\"noreferrer noopener\">Youtube kanal<\/a><\/figcaption><\/figure>\n\n\n\n<hr class=\"wp-block-separator has-css-opacity is-style-wide\"\/>\n\n\n\n<p class=\"has-text-align-left\"><strong>F\u00e5gelmatning <\/strong><br>P\u00e5 Djurlunden finns \u00e4ven vid vintertid foderautomater f\u00f6r solrosfr\u00f6n, talgbollar och jordn\u00f6tter. Du \u00e4r v\u00e4lkommen att fylla p\u00e5 i dessa om du har v\u00e4garna f\u00f6rbi! <\/p>\n\n\n<div class=\"wp-block-image\">\n<figure class=\"aligncenter is-resized\"><img loading=\"lazy\" decoding=\"async\" width=\"1024\" height=\"768\" src=\"https:\/\/www.djurskyddet.se\/karlshamn\/wp-content\/uploads\/sites\/19\/2020\/10\/talgoxe_djurlunden-1024x768.jpg\" alt=\"\" class=\"wp-image-7081\" style=\"width:496px;height:372px\" srcset=\"https:\/\/www.djurskyddet.se\/karlshamn\/wp-content\/uploads\/sites\/19\/2020\/10\/talgoxe_djurlunden.jpg 1024w, https:\/\/www.djurskyddet.se\/karlshamn\/wp-content\/uploads\/sites\/19\/2020\/10\/talgoxe_djurlunden-300x225.jpg 300w, https:\/\/www.djurskyddet.se\/karlshamn\/wp-content\/uploads\/sites\/19\/2020\/10\/talgoxe_djurlunden-768x576.jpg 768w, https:\/\/www.djurskyddet.se\/karlshamn\/wp-content\/uploads\/sites\/19\/2020\/10\/talgoxe_djurlunden-400x300.jpg 400w\" sizes=\"auto, (max-width: 1024px) 100vw, 1024px\" \/><figcaption class=\"wp-element-caption\">Sm\u00e5f\u00e5glar bes\u00f6ker Djurlunden dagligen!<\/figcaption><\/figure><\/div>\n\n\n<p><strong>Begravning<br><\/strong>F\u00f6rutom minnessten finns \u00e4ven alternativet att begrava sitt djur p\u00e5 minneslunden.<br>Gravarnas skick \u00e4r <strong>djur\u00e4garens ansvar!&nbsp;<\/strong><br>Max 2 husdjur per grav.&nbsp;<\/p>\n\n\n\n<p>Vi ser g\u00e4rna att den som begraver sitt husdjur p\u00e5 Djurlunden blir <a href=\"https:\/\/www.djurskyddet.se\/karlshamn\/medlem\/medlemsansokan\/\">medlem<\/a>!<\/p>\n\n\n<div class=\"wp-block-image\">\n<figure class=\"aligncenter is-resized\"><img loading=\"lazy\" decoding=\"async\" width=\"1024\" height=\"768\" src=\"https:\/\/www.djurskyddet.se\/karlshamn\/wp-content\/uploads\/sites\/19\/2020\/10\/djurlunden_grav2-1024x768.jpg\" alt=\"\" class=\"wp-image-7080\" style=\"width:439px;height:330px\" srcset=\"https:\/\/www.djurskyddet.se\/karlshamn\/wp-content\/uploads\/sites\/19\/2020\/10\/djurlunden_grav2.jpg 1024w, https:\/\/www.djurskyddet.se\/karlshamn\/wp-content\/uploads\/sites\/19\/2020\/10\/djurlunden_grav2-300x225.jpg 300w, https:\/\/www.djurskyddet.se\/karlshamn\/wp-content\/uploads\/sites\/19\/2020\/10\/djurlunden_grav2-768x576.jpg 768w, https:\/\/www.djurskyddet.se\/karlshamn\/wp-content\/uploads\/sites\/19\/2020\/10\/djurlunden_grav2-400x300.jpg 400w\" sizes=\"auto, (max-width: 1024px) 100vw, 1024px\" \/><\/figure><\/div>\n\n\n<p>Senast uppdaterad 17\/05\/2021<\/p>\n","protected":false},"excerpt":{"rendered":"<p>Vill du begrava ditt djur s\u00e5som katt, hund kanin, marsvin eller annat sm\u00e5djur? Kontakta S\u00f6lve Turn\u00e9us p\u00e5 0708-775520Kostnaden \u00e4r 1000 k och medlem i djurskyddet erh\u00e5ller rabatt.\u00a0 Djurlunden beh\u00f6ver dig som har extra tid!En vackert bel\u00e4gen djurbegravningsplats i skogen, d\u00e4r djur\u00e4gare kan l\u00e4gga sitt \u00e4lskade djur till ro.Djurlunden drivs ideellt och beh\u00f6ver hj\u00e4lp f\u00f6r att vara i ett s\u00e5 bra skick som m\u00f6jligt. Gr\u00e4sklippning Kratta L\u00f6v Plocka undan nedfall s\u00e5som&hellip;<\/p>\n<p><a class=\"more-link\" href=\"https:\/\/www.djurskyddet.se\/karlshamn\/djurlunden\/\" title=\"Continue reading &lsquo;Djurlunden&rsquo;\">L&auml;s mer<span class=\"meta-nav\">&raquo;<\/span><\/a><\/p>\n","protected":false},"author":3,"featured_media":0,"parent":0,"menu_order":0,"comment_status":"closed","ping_status":"closed","template":"page-templates\/left-sidebar.php","meta":{"_acf_changed":false,"footnotes":""},"class_list":["post-5511","page","type-page","status-publish","hentry"],"acf":[],"_links":{"self":[{"href":"https:\/\/www.djurskyddet.se\/karlshamn\/wp-json\/wp\/v2\/pages\/5511","targetHints":{"allow":["GET"]}}],"collection":[{"href":"https:\/\/www.djurskyddet.se\/karlshamn\/wp-json\/wp\/v2\/pages"}],"about":[{"href":"https:\/\/www.djurskyddet.se\/karlshamn\/wp-json\/wp\/v2\/types\/page"}],"author":[{"embeddable":true,"href":"https:\/\/www.djurskyddet.se\/karlshamn\/wp-json\/wp\/v2\/users\/3"}],"replies":[{"embeddable":true,"href":"https:\/\/www.djurskyddet.se\/karlshamn\/wp-json\/wp\/v2\/comments?post=5511"}],"version-history":[{"count":47,"href":"https:\/\/www.djurskyddet.se\/karlshamn\/wp-json\/wp\/v2\/pages\/5511\/revisions"}],"predecessor-version":[{"id":7798,"href":"https:\/\/www.djurskyddet.se\/karlshamn\/wp-json\/wp\/v2\/pages\/5511\/revisions\/7798"}],"wp:attachment":[{"href":"https:\/\/www.djurskyddet.se\/karlshamn\/wp-json\/wp\/v2\/media?parent=5511"}],"curies":[{"name":"wp","href":"https:\/\/api.w.org\/{rel}","templated":true}]}}