{"id":5518,"date":"2018-08-06T11:15:46","date_gmt":"2018-08-06T11:15:46","guid":{"rendered":"http:\/\/www.djurskyddet.se\/karlshamn\/?page_id=5518"},"modified":"2026-04-26T16:58:23","modified_gmt":"2026-04-26T16:58:23","slug":"tips","status":"publish","type":"page","link":"https:\/\/www.djurskyddet.se\/karlshamn\/tips\/","title":{"rendered":"Tips"},"content":{"rendered":"<p style=\"text-align: center\"><strong>OM du befarar att ett djur far illa kontakta <em>alltid<\/em> l\u00e4nsstyrelsen! <br \/><\/strong>(Det kan g\u00f6ras <strong>anonymt!<\/strong>)<\/p>\n<p style=\"text-align: left\"><strong>Vid akuta fall kontakta Polisen:<br \/><\/strong>114 14<\/p>\n<p><strong>L\u00e4nsstyrelse Blekinge Djurhandl\u00e4ggare:<\/strong><br \/><strong>Telefon v\u00e4xel:<\/strong> 010-224 00 00<br \/>(Telefontid vardagar kl. 9.30\u201312.00)<\/p>\n\n\n<hr class=\"wp-block-separator has-css-opacity is-style-wide\" \/>\n\n\n\n<h3 class=\"wp-block-heading\" id=\"om-olyckan-ar-framme-och-du-kor-pa-ett-djur\"><strong>Om olyckan \u00e4r framme och du k\u00f6r p\u00e5 ett djur:<\/strong><\/h3>\n\n\n\n<p>Du f\u00e5r som f\u00f6rare<strong> INTE<\/strong> avliva den f\u00f6r att f\u00f6rkorta dess lidande. Djuret kan se sv\u00e5rt skadad ut men g\u00e5r \u00e4nd\u00e5 att r\u00e4dda med r\u00e4tt behandling. En veterin\u00e4r eller polisen m\u00e5ste g\u00f6ra bed\u00f6mningen om den ska avlivas p\u00e5 plats. Du har skyldighet att som f\u00f6rare anm\u00e4la olyckan till polisen. Att avvika fr\u00e5n platsen r\u00e4knas som smitning och \u00e4r straffbart.<br><br><strong>Vilda djur f\u00e5r bara h\u00e5llas i 48 timmar!<\/strong><\/p>\n\n\n\n<hr class=\"wp-block-separator has-css-opacity is-style-wide\" \/>\n\n\n\n<h3 class=\"wp-block-heading\" id=\"ovriga-adresser\"><strong>\u00d6vriga adresser:<\/strong><\/h3>\n\n\n\n<p><strong>Ronneby hittekatter:<\/strong> 070-591 14 24, 076-398 90 53 <br><br><strong>Lilla Holje katthem, Olofstr\u00f6m:<\/strong> 073-374 71 72<br><br><strong>Kattkommando Syd:<\/strong> <a href=\"https:\/\/www.kks.nu\/\" target=\"_blank\" rel=\"noreferrer noopener\">https:\/\/www.kks.nu\/<\/a><br><br><strong>Kattjouren:<\/strong> <br><a href=\"https:\/\/kattjouren.nu\/\" target=\"_blank\" rel=\"noreferrer noopener\">https:\/\/kattjouren.nu\/<\/a> <br><a href=\"https:\/\/www.facebook.com\/Kattjouren\">https:\/\/www.facebook.com\/Kattjouren<\/a> <br><br><strong>Utbildning kring djur och fr\u00e5gor om r\u00e4ttigheter:<\/strong><br>Svenska kattskyddsf\u00f6rbundet, <a href=\"http:\/\/www.svekatt.se\/\">http:\/\/www.svekatt.se\/<\/a> <br>email: <a href=\"mailto:info@svekatt.se\">info@svekatt.se<\/a><br><br><strong>Registrera\/Leta efter \u00e4gare:<\/strong><br><a href=\"http:\/\/www.djurid.se\" target=\"_blank\" rel=\"noreferrer noopener\">SKK:s \u00c4garregister<\/a>, 08-795 30 50 <br><br><strong>Hj\u00e4lp med transport av djur: <\/strong><br><a aria-label=\" (\u00f6ppnas i en ny flik)\" href=\"https:\/\/www.svenskadjurambulansen.se\/\" target=\"_blank\" rel=\"noreferrer noopener\">https:\/\/www.svenskadjurambulansen.se\/<\/a>, 0771 &#8211; 999 112<br> <strong>Exempel p\u00e5 vad de kan hj\u00e4lpa till med:<\/strong><br>\u25cf Du har ett akut sjukt eller skadat husdjur och beh\u00f6ver hj\u00e4lp med transport.<br>\u25cf Du har hittat en skadad f\u00e5gel, igelkott eller ekorre.<br>( OBS! Larm eller fr\u00e5gor kring utryckningar skall alltid ringas in.) <\/p>\n\n\n\n<hr class=\"wp-block-separator has-css-opacity is-style-wide\" \/>\n","protected":false},"excerpt":{"rendered":"<p>OM du befarar att ett djur far illa kontakta alltid l\u00e4nsstyrelsen! (Det kan g\u00f6ras anonymt!) Vid akuta fall kontakta Polisen:114 14 L\u00e4nsstyrelse Blekinge Djurhandl\u00e4ggare:Telefon v\u00e4xel: 010-224 00 00(Telefontid vardagar kl. 9.30\u201312.00) Om olyckan \u00e4r framme och du k\u00f6r p\u00e5 ett djur: Du f\u00e5r som f\u00f6rare INTE avliva den f\u00f6r att f\u00f6rkorta dess lidande. Djuret kan se sv\u00e5rt skadad ut men g\u00e5r \u00e4nd\u00e5 att r\u00e4dda med r\u00e4tt behandling. En veterin\u00e4r eller&hellip;<\/p>\n<p><a class=\"more-link\" href=\"https:\/\/www.djurskyddet.se\/karlshamn\/tips\/\" title=\"Continue reading &lsquo;Tips&rsquo;\">L&auml;s mer<span class=\"meta-nav\">&raquo;<\/span><\/a><\/p>\n","protected":false},"author":3,"featured_media":0,"parent":0,"menu_order":0,"comment_status":"closed","ping_status":"closed","template":"page-templates\/left-sidebar.php","meta":{"_acf_changed":false,"footnotes":""},"class_list":["post-5518","page","type-page","status-publish","hentry"],"acf":[],"_links":{"self":[{"href":"https:\/\/www.djurskyddet.se\/karlshamn\/wp-json\/wp\/v2\/pages\/5518","targetHints":{"allow":["GET"]}}],"collection":[{"href":"https:\/\/www.djurskyddet.se\/karlshamn\/wp-json\/wp\/v2\/pages"}],"about":[{"href":"https:\/\/www.djurskyddet.se\/karlshamn\/wp-json\/wp\/v2\/types\/page"}],"author":[{"embeddable":true,"href":"https:\/\/www.djurskyddet.se\/karlshamn\/wp-json\/wp\/v2\/users\/3"}],"replies":[{"embeddable":true,"href":"https:\/\/www.djurskyddet.se\/karlshamn\/wp-json\/wp\/v2\/comments?post=5518"}],"version-history":[{"count":46,"href":"https:\/\/www.djurskyddet.se\/karlshamn\/wp-json\/wp\/v2\/pages\/5518\/revisions"}],"predecessor-version":[{"id":7969,"href":"https:\/\/www.djurskyddet.se\/karlshamn\/wp-json\/wp\/v2\/pages\/5518\/revisions\/7969"}],"wp:attachment":[{"href":"https:\/\/www.djurskyddet.se\/karlshamn\/wp-json\/wp\/v2\/media?parent=5518"}],"curies":[{"name":"wp","href":"https:\/\/api.w.org\/{rel}","templated":true}]}}