{"id":5522,"date":"2018-08-06T11:19:29","date_gmt":"2018-08-06T11:19:29","guid":{"rendered":"http:\/\/www.djurskyddet.se\/karlshamn\/?page_id=5522"},"modified":"2026-04-25T17:39:55","modified_gmt":"2026-04-25T17:39:55","slug":"kontakta-oss","status":"publish","type":"page","link":"https:\/\/www.djurskyddet.se\/karlshamn\/om-oss\/kontakta-oss\/","title":{"rendered":"Kontakta oss"},"content":{"rendered":"<p style=\"padding-left: 40px\"><strong>Djurskyddet I Karlshamn har inget tillst\u00e5nd att ta emot vilda vuxna katter.<br \/>\nUngkatter\/Kattungars status bed\u00f6ms i samr\u00e5d med veterin\u00e4r.<br \/>\n<\/strong><\/p>\n<hr \/>\n<p><strong>Email:<\/strong><br \/>\n<a href=\"mailto:karlshamn@djurskyddet.se\">karlshamn@djurskyddet.se<\/a><br \/>\n<strong>Facebook:<\/strong><br \/>\n<a href=\"https:\/\/www.facebook.com\/djurskyddetikarlshamn\" target=\"_blank\" rel=\"noopener noreferrer\">https:\/\/www.facebook.com\/djurskyddetikarlshamn<\/a><\/p>\n<p><span style=\"font-size: inherit\"><strong>F\u00f6reningsansvariga<\/strong><br \/>\n<strong>Ordf\u00f6rande<\/strong><br \/>\n<\/span><span style=\"font-size: inherit\">Kerstin Linde: 0735-08 71 07<\/span><\/p>\n<p><strong>Vice Ordf\u00f6rande\/Djuransvarig<\/strong><br \/>\nBirgitta Malmros: 0705-73 72 26<\/p>\n<p><strong>Ansvarig f\u00f6r Djurlunden<\/strong><br \/>\nS\u00f6lve Turn\u00e9us: 0708-77 55 20<\/p>\n<p><strong>Kontakt f\u00f6r Sociala medier &amp; Hemsida\/Djurskyddet Ungdom<br \/>\n<\/strong>Alexander Isaksson: 0760-45 96 87<\/p>\n","protected":false},"excerpt":{"rendered":"<p>Djurskyddet I Karlshamn har inget tillst\u00e5nd att ta emot vilda vuxna katter. Ungkatter\/Kattungars status bed\u00f6ms i samr\u00e5d med veterin\u00e4r. Email: karlshamn@djurskyddet.se Facebook: https:\/\/www.facebook.com\/djurskyddetikarlshamn F\u00f6reningsansvariga Ordf\u00f6rande Kerstin Linde: 0735-08 71 07 Vice Ordf\u00f6rande\/Djuransvarig Birgitta Malmros: 0705-73 72 26 Ansvarig f\u00f6r Djurlunden S\u00f6lve Turn\u00e9us: 0708-77 55 20 Kontakt f\u00f6r Sociala medier &amp; Hemsida\/Djurskyddet Ungdom Alexander Isaksson: 0760-45 96 87<\/p>\n","protected":false},"author":3,"featured_media":0,"parent":5495,"menu_order":0,"comment_status":"closed","ping_status":"closed","template":"page-templates\/left-sidebar.php","meta":{"_acf_changed":false,"footnotes":""},"class_list":["post-5522","page","type-page","status-publish","hentry"],"acf":[],"_links":{"self":[{"href":"https:\/\/www.djurskyddet.se\/karlshamn\/wp-json\/wp\/v2\/pages\/5522","targetHints":{"allow":["GET"]}}],"collection":[{"href":"https:\/\/www.djurskyddet.se\/karlshamn\/wp-json\/wp\/v2\/pages"}],"about":[{"href":"https:\/\/www.djurskyddet.se\/karlshamn\/wp-json\/wp\/v2\/types\/page"}],"author":[{"embeddable":true,"href":"https:\/\/www.djurskyddet.se\/karlshamn\/wp-json\/wp\/v2\/users\/3"}],"replies":[{"embeddable":true,"href":"https:\/\/www.djurskyddet.se\/karlshamn\/wp-json\/wp\/v2\/comments?post=5522"}],"version-history":[{"count":43,"href":"https:\/\/www.djurskyddet.se\/karlshamn\/wp-json\/wp\/v2\/pages\/5522\/revisions"}],"predecessor-version":[{"id":7858,"href":"https:\/\/www.djurskyddet.se\/karlshamn\/wp-json\/wp\/v2\/pages\/5522\/revisions\/7858"}],"up":[{"embeddable":true,"href":"https:\/\/www.djurskyddet.se\/karlshamn\/wp-json\/wp\/v2\/pages\/5495"}],"wp:attachment":[{"href":"https:\/\/www.djurskyddet.se\/karlshamn\/wp-json\/wp\/v2\/media?parent=5522"}],"curies":[{"name":"wp","href":"https:\/\/api.w.org\/{rel}","templated":true}]}}