{"id":5546,"date":"2018-08-06T11:44:02","date_gmt":"2018-08-06T11:44:02","guid":{"rendered":"http:\/\/www.djurskyddet.se\/karlshamn\/?page_id=5546"},"modified":"2020-10-31T18:02:50","modified_gmt":"2020-10-31T18:02:50","slug":"jourhem","status":"publish","type":"page","link":"https:\/\/www.djurskyddet.se\/karlshamn\/stod-oss\/jourhem\/","title":{"rendered":"Jourhem"},"content":{"rendered":"<p><strong>Vad inneb\u00e4r det att vara Jour\/St\u00f6dhem \u00e5t Djurskyddet Karlshamn?<\/strong><br \/>I f\u00f6rsta hand m\u00e5ste du ha f\u00f6rst\u00e5else f\u00f6r hur katter, eller andra djur, ska hanteras. <br \/>Du ska ocks\u00e5 ha ett boende som l\u00e4mpar sig f\u00f6r att ta emot ett djur.<br \/>Ditt \u201d\u00e5tagande\u201d \u00e4r att se till att djuret har det bra, f\u00e5r mat och vatten och eventuell ren sandl\u00e5da. <br \/>Du ska vara uppm\u00e4rksam p\u00e5 om katten skulle visa tecken p\u00e5 oh\u00e4lsa eller annat som verkar fel och meddela Djurskyddet Karlshamn om detta.<\/p>\n<p><strong>Djurskyddet Karlshamn ser till att du har:<\/strong><br \/>&#8211; Mat och sand &#8211; det h\u00e4mtar du kostnadsfritt hos oss.<br \/>&#8211; Utrustning s\u00e5som kattl\u00e5da, kattb\u00e4dd och vid behov transport bur.<br \/>&#8211; Du f\u00e5r \u00e4ven ers\u00e4ttning f\u00f6r mindre leksaker.<br \/>&#8211; Djurskyddet Karlshamn st\u00e5r f\u00f6r samtliga veterin\u00e4rkostnader.<br \/>Med andra ord, det kostar dig ingenting i pengar att bli Jourhem\/St\u00f6dhem \u2013 det kostar dig din tid och omtanke f\u00f6r ett beh\u00f6vande djur. <br \/>Och vi kan lova dig \u2013 du f\u00e5r massor tillbaka i form av tacksamhet och tillit fr\u00e5n djuret!<\/p>\n<p><strong>\u00c4r du intresserad av att ta hand om en katt utan hem?<\/strong><\/p>\n<p><strong>Anm\u00e4l ditt intresse till:<\/strong><br \/>Birgitta Malmros: 0705-73 72 26, <a href=\"mailto:karlshamn@djurskyddet.se\">karlshamn@djurskyddet.se<\/a><\/p>\n<p><strong>Djuren beh\u00f6ver din insats!<\/strong><\/p>\n\n\n<div class=\"wp-block-image\"><figure class=\"aligncenter is-resized\"><img loading=\"lazy\" decoding=\"async\" src=\"https:\/\/www.djurskyddet.se\/karlshamn\/wp-content\/uploads\/sites\/19\/2020\/08\/sten_-1024x768.jpg\" alt=\"\" class=\"wp-image-6848\" width=\"385\" height=\"289\" srcset=\"https:\/\/www.djurskyddet.se\/karlshamn\/wp-content\/uploads\/sites\/19\/2020\/08\/sten_.jpg 1024w, https:\/\/www.djurskyddet.se\/karlshamn\/wp-content\/uploads\/sites\/19\/2020\/08\/sten_-300x225.jpg 300w, https:\/\/www.djurskyddet.se\/karlshamn\/wp-content\/uploads\/sites\/19\/2020\/08\/sten_-768x576.jpg 768w, https:\/\/www.djurskyddet.se\/karlshamn\/wp-content\/uploads\/sites\/19\/2020\/08\/sten_-400x300.jpg 400w\" sizes=\"auto, (max-width: 385px) 100vw, 385px\" \/><figcaption>Sten<\/figcaption><\/figure><\/div>\n\n\n\n<p>Senast uppdaterad: 31\/10\/2020<\/p>\n","protected":false},"excerpt":{"rendered":"<p>Vad inneb\u00e4r det att vara Jour\/St\u00f6dhem \u00e5t Djurskyddet Karlshamn?I f\u00f6rsta hand m\u00e5ste du ha f\u00f6rst\u00e5else f\u00f6r hur katter, eller andra djur, ska hanteras. Du ska ocks\u00e5 ha ett boende som l\u00e4mpar sig f\u00f6r att ta emot ett djur.Ditt \u201d\u00e5tagande\u201d \u00e4r att se till att djuret har det bra, f\u00e5r mat och vatten och eventuell ren sandl\u00e5da. Du ska vara uppm\u00e4rksam p\u00e5 om katten skulle visa tecken p\u00e5 oh\u00e4lsa eller annat&hellip;<\/p>\n<p><a class=\"more-link\" href=\"https:\/\/www.djurskyddet.se\/karlshamn\/stod-oss\/jourhem\/\" title=\"Continue reading &lsquo;Jourhem&rsquo;\">L&auml;s mer<span class=\"meta-nav\">&raquo;<\/span><\/a><\/p>\n","protected":false},"author":3,"featured_media":0,"parent":5498,"menu_order":0,"comment_status":"closed","ping_status":"closed","template":"page-templates\/left-sidebar.php","meta":{"_acf_changed":false,"footnotes":""},"class_list":["post-5546","page","type-page","status-publish","hentry"],"acf":[],"_links":{"self":[{"href":"https:\/\/www.djurskyddet.se\/karlshamn\/wp-json\/wp\/v2\/pages\/5546","targetHints":{"allow":["GET"]}}],"collection":[{"href":"https:\/\/www.djurskyddet.se\/karlshamn\/wp-json\/wp\/v2\/pages"}],"about":[{"href":"https:\/\/www.djurskyddet.se\/karlshamn\/wp-json\/wp\/v2\/types\/page"}],"author":[{"embeddable":true,"href":"https:\/\/www.djurskyddet.se\/karlshamn\/wp-json\/wp\/v2\/users\/3"}],"replies":[{"embeddable":true,"href":"https:\/\/www.djurskyddet.se\/karlshamn\/wp-json\/wp\/v2\/comments?post=5546"}],"version-history":[{"count":24,"href":"https:\/\/www.djurskyddet.se\/karlshamn\/wp-json\/wp\/v2\/pages\/5546\/revisions"}],"predecessor-version":[{"id":7129,"href":"https:\/\/www.djurskyddet.se\/karlshamn\/wp-json\/wp\/v2\/pages\/5546\/revisions\/7129"}],"up":[{"embeddable":true,"href":"https:\/\/www.djurskyddet.se\/karlshamn\/wp-json\/wp\/v2\/pages\/5498"}],"wp:attachment":[{"href":"https:\/\/www.djurskyddet.se\/karlshamn\/wp-json\/wp\/v2\/media?parent=5546"}],"curies":[{"name":"wp","href":"https:\/\/api.w.org\/{rel}","templated":true}]}}