{"id":5620,"date":"2018-08-07T08:09:10","date_gmt":"2018-08-07T08:09:10","guid":{"rendered":"http:\/\/www.djurskyddet.se\/karlshamn\/?page_id=5620"},"modified":"2020-11-27T19:39:40","modified_gmt":"2020-11-27T19:39:40","slug":"om-du-hittar-en-katt","status":"publish","type":"page","link":"https:\/\/www.djurskyddet.se\/karlshamn\/tips\/om-du-hittar-en-katt\/","title":{"rendered":"Om du hittar en katt"},"content":{"rendered":"<p>Unders\u00f6k f\u00f6rst om katten \u00e4r ID-m\u00e4rkt, tatuering i \u00f6rat eller \u00e4r chippad!<br \/>Veterin\u00e4r, polis eller Djurskyddet Karlshamn kan hj\u00e4lpa till att l\u00e4sa av ett chip.<br \/>Finns det en m\u00e4rkning kolla med <a href=\"https:\/\/hundar.skk.se\/agarreg\">https:\/\/hundar.skk.se\/agarreg<\/a><\/p>\n<hr \/>\n<ol>\n<li>Ta en bild av katten, s\u00e4tt upp lappar.<\/li>\n<li>L\u00e4gg ut p\u00e5 din Facebooksida och kolla\/l\u00e4gg ut p\u00e5 <a href=\"https:\/\/www.djurskyddet.se\/karlshamn\/\" target=\"_blank\" rel=\"noopener noreferrer\">Djurskyddet Karlshamn FB sida<\/a> om den inte finns d\u00e4r. Gl\u00f6m inte att skriva om det inte l\u00e4ngre \u00e4r aktuellt.<\/li>\n<li>Om inget ger resultat och du inte kan ta hand om katten sj\u00e4lv, kontakta ett katthem.<\/li>\n<\/ol>\n<hr \/>\n<p><strong>Djurskyddet I Karlshamn har inget tillst\u00e5nd att ta emot vilda vuxna katter.<br \/>Ungkatter\/Kattungars status bed\u00f6ms i samr\u00e5d med veterin\u00e4r.<br \/><\/strong><br \/>Vi hj\u00e4lper till i den m\u00e5n vi har m\u00f6jlighet med omplacering av s\u00e4llskapsdjur och ger tips om vad man kan g\u00f6ra i olika situationer!<\/p>\n\n\n<p>Senast uppdaterad: 27\/11\/2020<\/p>\n","protected":false},"excerpt":{"rendered":"<p>Unders\u00f6k f\u00f6rst om katten \u00e4r ID-m\u00e4rkt, tatuering i \u00f6rat eller \u00e4r chippad!Veterin\u00e4r, polis eller Djurskyddet Karlshamn kan hj\u00e4lpa till att l\u00e4sa av ett chip.Finns det en m\u00e4rkning kolla med https:\/\/hundar.skk.se\/agarreg Ta en bild av katten, s\u00e4tt upp lappar. L\u00e4gg ut p\u00e5 din Facebooksida och kolla\/l\u00e4gg ut p\u00e5 Djurskyddet Karlshamn FB sida om den inte finns d\u00e4r. Gl\u00f6m inte att skriva om det inte l\u00e4ngre \u00e4r aktuellt. Om inget ger resultat&hellip;<\/p>\n<p><a class=\"more-link\" href=\"https:\/\/www.djurskyddet.se\/karlshamn\/tips\/om-du-hittar-en-katt\/\" title=\"Continue reading &lsquo;Om du hittar en katt&rsquo;\">L&auml;s mer<span class=\"meta-nav\">&raquo;<\/span><\/a><\/p>\n","protected":false},"author":3,"featured_media":0,"parent":5518,"menu_order":0,"comment_status":"closed","ping_status":"closed","template":"page-templates\/left-sidebar.php","meta":{"_acf_changed":false,"footnotes":""},"class_list":["post-5620","page","type-page","status-publish","hentry"],"acf":[],"_links":{"self":[{"href":"https:\/\/www.djurskyddet.se\/karlshamn\/wp-json\/wp\/v2\/pages\/5620","targetHints":{"allow":["GET"]}}],"collection":[{"href":"https:\/\/www.djurskyddet.se\/karlshamn\/wp-json\/wp\/v2\/pages"}],"about":[{"href":"https:\/\/www.djurskyddet.se\/karlshamn\/wp-json\/wp\/v2\/types\/page"}],"author":[{"embeddable":true,"href":"https:\/\/www.djurskyddet.se\/karlshamn\/wp-json\/wp\/v2\/users\/3"}],"replies":[{"embeddable":true,"href":"https:\/\/www.djurskyddet.se\/karlshamn\/wp-json\/wp\/v2\/comments?post=5620"}],"version-history":[{"count":18,"href":"https:\/\/www.djurskyddet.se\/karlshamn\/wp-json\/wp\/v2\/pages\/5620\/revisions"}],"predecessor-version":[{"id":7965,"href":"https:\/\/www.djurskyddet.se\/karlshamn\/wp-json\/wp\/v2\/pages\/5620\/revisions\/7965"}],"up":[{"embeddable":true,"href":"https:\/\/www.djurskyddet.se\/karlshamn\/wp-json\/wp\/v2\/pages\/5518"}],"wp:attachment":[{"href":"https:\/\/www.djurskyddet.se\/karlshamn\/wp-json\/wp\/v2\/media?parent=5620"}],"curies":[{"name":"wp","href":"https:\/\/api.w.org\/{rel}","templated":true}]}}