{"id":5700,"date":"2018-08-14T09:47:56","date_gmt":"2018-08-14T09:47:56","guid":{"rendered":"http:\/\/www.djurskyddet.se\/karlshamn\/?page_id=5700"},"modified":"2020-08-02T04:31:58","modified_gmt":"2020-08-02T04:31:58","slug":"vilse-nu","status":"publish","type":"page","link":"https:\/\/www.djurskyddet.se\/karlshamn\/tips\/vilse-nu\/","title":{"rendered":"Vilse Nu"},"content":{"rendered":"<p>VILSE NU en ny sajt f\u00f6r bortsprungna och upphittade katter, utvecklad av SVEKATT: <a href=\"http:\/\/www.vilse.nu\" target=\"_blank\" rel=\"noopener noreferrer\">www.vilse.nu<\/a><\/p>\n<p>Att leta efter sin katt \u00e4r ibland som att leta efter &#8221;en n\u00e5l i en h\u00f6stack&#8221;. \u00c4r katten dessutom om\u00e4rkt \u00e4r det \u00e4nnu sv\u00e5rare. I VILSE kan du filtrera s\u00f6kningar efter k\u00f6n, f\u00e4rg, p\u00e4lsl\u00e4ngd, geografi (var).<\/p>\n<p>Sveakatt Svenska kattskyddsf\u00f6rbundet \u00e4r ett rikst\u00e4ckande f\u00f6rbund som erk\u00e4nner alla katters lika v\u00e4rde och r\u00e4tt till ett gott liv.<\/p>\n<p>Email: <a href=\"mailto:info@svekatt.se\">info@svekatt.se<\/a><\/p>\n\n\n<p>Senast uppdaterad 02\/08 2020<\/p>\n","protected":false},"excerpt":{"rendered":"<p>VILSE NU en ny sajt f\u00f6r bortsprungna och upphittade katter, utvecklad av SVEKATT: www.vilse.nu Att leta efter sin katt \u00e4r ibland som att leta efter &#8221;en n\u00e5l i en h\u00f6stack&#8221;. \u00c4r katten dessutom om\u00e4rkt \u00e4r det \u00e4nnu sv\u00e5rare. I VILSE kan du filtrera s\u00f6kningar efter k\u00f6n, f\u00e4rg, p\u00e4lsl\u00e4ngd, geografi (var). Sveakatt Svenska kattskyddsf\u00f6rbundet \u00e4r ett rikst\u00e4ckande f\u00f6rbund som erk\u00e4nner alla katters lika v\u00e4rde och r\u00e4tt till ett gott liv. Email:&hellip;<\/p>\n<p><a class=\"more-link\" href=\"https:\/\/www.djurskyddet.se\/karlshamn\/tips\/vilse-nu\/\" title=\"Continue reading &lsquo;Vilse Nu&rsquo;\">L&auml;s mer<span class=\"meta-nav\">&raquo;<\/span><\/a><\/p>\n","protected":false},"author":3,"featured_media":0,"parent":5518,"menu_order":0,"comment_status":"closed","ping_status":"closed","template":"page-templates\/left-sidebar.php","meta":{"_acf_changed":false,"footnotes":""},"class_list":["post-5700","page","type-page","status-publish","hentry"],"acf":[],"_links":{"self":[{"href":"https:\/\/www.djurskyddet.se\/karlshamn\/wp-json\/wp\/v2\/pages\/5700","targetHints":{"allow":["GET"]}}],"collection":[{"href":"https:\/\/www.djurskyddet.se\/karlshamn\/wp-json\/wp\/v2\/pages"}],"about":[{"href":"https:\/\/www.djurskyddet.se\/karlshamn\/wp-json\/wp\/v2\/types\/page"}],"author":[{"embeddable":true,"href":"https:\/\/www.djurskyddet.se\/karlshamn\/wp-json\/wp\/v2\/users\/3"}],"replies":[{"embeddable":true,"href":"https:\/\/www.djurskyddet.se\/karlshamn\/wp-json\/wp\/v2\/comments?post=5700"}],"version-history":[{"count":7,"href":"https:\/\/www.djurskyddet.se\/karlshamn\/wp-json\/wp\/v2\/pages\/5700\/revisions"}],"predecessor-version":[{"id":6819,"href":"https:\/\/www.djurskyddet.se\/karlshamn\/wp-json\/wp\/v2\/pages\/5700\/revisions\/6819"}],"up":[{"embeddable":true,"href":"https:\/\/www.djurskyddet.se\/karlshamn\/wp-json\/wp\/v2\/pages\/5518"}],"wp:attachment":[{"href":"https:\/\/www.djurskyddet.se\/karlshamn\/wp-json\/wp\/v2\/media?parent=5700"}],"curies":[{"name":"wp","href":"https:\/\/api.w.org\/{rel}","templated":true}]}}