{"id":6220,"date":"2020-02-12T19:20:39","date_gmt":"2020-02-12T19:20:39","guid":{"rendered":"https:\/\/www.djurskyddet.se\/karlshamn\/?page_id=6220"},"modified":"2023-11-30T16:54:16","modified_gmt":"2023-11-30T16:54:16","slug":"begravningsblankett","status":"publish","type":"page","link":"https:\/\/www.djurskyddet.se\/karlshamn\/djurlunden\/begravningsblankett\/","title":{"rendered":"Begravningsblankett"},"content":{"rendered":"\n<div class=\"wp-block-file\"><a href=\"https:\/\/www.djurskyddet.se\/karlshamn\/wp-content\/uploads\/sites\/19\/2022\/03\/Djurlunden_begravning_2022.pdf\" class=\"wp-block-file__button\" download aria-describedby=\"wp-block-file--media-22135dd7-bda3-4c0e-841f-86e5c9239848\">Ladda ner blankett<\/a><\/div>\n\n\n\n<p><strong>Anvisningar till begravningsblankett f\u00f6r Djurlunden<\/strong>:<\/p>\n\n\n\n<ul class=\"wp-block-list\">\n<li>Tv\u00e5 exemplar av blanketten fylls i varav djur\u00e4garen erh\u00e5ller ett. <\/li>\n\n\n\n<li>Samtliga kontaktuppgifter ska vara ifyllda. <\/li>\n\n\n\n<li>I samband med begravningen erl\u00e4ggs avgiften kontant eller s\u00e4tts in p\u00e5: Bankgiro <strong>5663-8836,<\/strong> eller Swish nr <strong>123 281 3319<\/strong>.<\/li>\n\n\n\n<li>Kvitto ges till djur\u00e4garen och minnessten ing\u00e5r!<\/li>\n<\/ul>\n\n\n\n<p>Kostnaden f\u00f6r gravplatsen \u00e4r 1000 kr per djur. Om du \u00e4r medlem har du 100 kr rabatt, h\u00e4r kan du bli <a href=\"https:\/\/www.djurskyddet.se\/karlshamn\/medlem\/medlemsansokan\/\">medlem<\/a>!<\/p>\n\n\n\n<p><strong>Vid eventuella fr\u00e5gor:<\/strong><br>Mejla <a href=\"mailto:karlshamn@djurskyddet.se\">karlshamn@djurskyddet.se<\/a> eller ring 0708-775520<\/p>\n\n\n\n<p>Senast uppdaterad: 23\/03\/2022<\/p>\n","protected":false},"excerpt":{"rendered":"<p>Anvisningar till begravningsblankett f\u00f6r Djurlunden: Kostnaden f\u00f6r gravplatsen \u00e4r 1000 kr per djur. Om du \u00e4r medlem har du 100 kr rabatt, h\u00e4r kan du bli medlem! Vid eventuella fr\u00e5gor:Mejla karlshamn@djurskyddet.se eller ring 0708-775520 Senast uppdaterad: 23\/03\/2022<\/p>\n","protected":false},"author":17,"featured_media":0,"parent":5511,"menu_order":0,"comment_status":"closed","ping_status":"closed","template":"left-sidebar.php","meta":{"_acf_changed":false,"footnotes":""},"class_list":["post-6220","page","type-page","status-publish","hentry"],"acf":[],"_links":{"self":[{"href":"https:\/\/www.djurskyddet.se\/karlshamn\/wp-json\/wp\/v2\/pages\/6220","targetHints":{"allow":["GET"]}}],"collection":[{"href":"https:\/\/www.djurskyddet.se\/karlshamn\/wp-json\/wp\/v2\/pages"}],"about":[{"href":"https:\/\/www.djurskyddet.se\/karlshamn\/wp-json\/wp\/v2\/types\/page"}],"author":[{"embeddable":true,"href":"https:\/\/www.djurskyddet.se\/karlshamn\/wp-json\/wp\/v2\/users\/17"}],"replies":[{"embeddable":true,"href":"https:\/\/www.djurskyddet.se\/karlshamn\/wp-json\/wp\/v2\/comments?post=6220"}],"version-history":[{"count":12,"href":"https:\/\/www.djurskyddet.se\/karlshamn\/wp-json\/wp\/v2\/pages\/6220\/revisions"}],"predecessor-version":[{"id":7703,"href":"https:\/\/www.djurskyddet.se\/karlshamn\/wp-json\/wp\/v2\/pages\/6220\/revisions\/7703"}],"up":[{"embeddable":true,"href":"https:\/\/www.djurskyddet.se\/karlshamn\/wp-json\/wp\/v2\/pages\/5511"}],"wp:attachment":[{"href":"https:\/\/www.djurskyddet.se\/karlshamn\/wp-json\/wp\/v2\/media?parent=6220"}],"curies":[{"name":"wp","href":"https:\/\/api.w.org\/{rel}","templated":true}]}}