{"id":6998,"date":"2020-09-20T19:13:45","date_gmt":"2020-09-20T19:13:45","guid":{"rendered":"https:\/\/www.djurskyddet.se\/karlshamn\/?page_id=6998"},"modified":"2020-11-27T18:36:31","modified_gmt":"2020-11-27T18:36:31","slug":"kastreringsbidrag","status":"publish","type":"page","link":"https:\/\/www.djurskyddet.se\/karlshamn\/medlem\/kastreringsbidrag\/","title":{"rendered":"Kastreringsbidrag"},"content":{"rendered":"\n<p><strong>Kastreringsbidrag<\/strong><br>Om du har adopterat en katt fr\u00e5n Djurskyddet Karlshamn, kan du ans\u00f6ka efter kastreringsbidrag. <strong>Uppvisande av kvitto p\u00e5 kastrering<\/strong> samt att <strong>katten st\u00e5r i ditt namn (chipp nummer)<\/strong> \u00e4r ett krav.<br><br>F\u00f6r att vara ber\u00e4ttigad f\u00f6r kastreringsbidraget <strong>m\u00e5ste du dessutom vara medlem<\/strong>.<br>H\u00e4r finns instruktioner f\u00f6r att <a href=\"https:\/\/www.djurskyddet.se\/karlshamn\/stod-oss\/bli-medlem\/medlemsansokan\/\">bli medlem!<\/a><\/p>\n\n\n\n<div class=\"wp-block-file\"><a href=\"https:\/\/www.djurskyddet.se\/karlshamn\/wp-content\/uploads\/sites\/19\/2020\/10\/Ans\u00f6kan-kastrering-1.pdf\"><a href=\"https:\/\/www.djurskyddet.se\/karlshamn\/wp-content\/uploads\/sites\/19\/2020\/10\/Ans\u00f6kan-kastrering-1.pdf\">Ans\u00f6kan Kastreringsbidrag<\/a><\/a><a href=\"https:\/\/www.djurskyddet.se\/karlshamn\/wp-content\/uploads\/sites\/19\/2020\/10\/Ans\u00f6kan-kastrering-1.pdf\" class=\"wp-block-file__button\" download>Ladda ner<\/a><\/div>\n\n\n\n<p>Senast uppdaterad: 27\/11\/2020<\/p>\n","protected":false},"excerpt":{"rendered":"<p>KastreringsbidragOm du har adopterat en katt fr\u00e5n Djurskyddet Karlshamn, kan du ans\u00f6ka efter kastreringsbidrag. Uppvisande av kvitto p\u00e5 kastrering samt att katten st\u00e5r i ditt namn (chipp nummer) \u00e4r ett krav. F\u00f6r att vara ber\u00e4ttigad f\u00f6r kastreringsbidraget m\u00e5ste du dessutom vara medlem.H\u00e4r finns instruktioner f\u00f6r att bli medlem! Senast uppdaterad: 27\/11\/2020<\/p>\n","protected":false},"author":17,"featured_media":0,"parent":5540,"menu_order":0,"comment_status":"closed","ping_status":"closed","template":"left-sidebar.php","meta":{"_acf_changed":false,"footnotes":""},"class_list":["post-6998","page","type-page","status-publish","hentry"],"acf":[],"_links":{"self":[{"href":"https:\/\/www.djurskyddet.se\/karlshamn\/wp-json\/wp\/v2\/pages\/6998","targetHints":{"allow":["GET"]}}],"collection":[{"href":"https:\/\/www.djurskyddet.se\/karlshamn\/wp-json\/wp\/v2\/pages"}],"about":[{"href":"https:\/\/www.djurskyddet.se\/karlshamn\/wp-json\/wp\/v2\/types\/page"}],"author":[{"embeddable":true,"href":"https:\/\/www.djurskyddet.se\/karlshamn\/wp-json\/wp\/v2\/users\/17"}],"replies":[{"embeddable":true,"href":"https:\/\/www.djurskyddet.se\/karlshamn\/wp-json\/wp\/v2\/comments?post=6998"}],"version-history":[{"count":7,"href":"https:\/\/www.djurskyddet.se\/karlshamn\/wp-json\/wp\/v2\/pages\/6998\/revisions"}],"predecessor-version":[{"id":7156,"href":"https:\/\/www.djurskyddet.se\/karlshamn\/wp-json\/wp\/v2\/pages\/6998\/revisions\/7156"}],"up":[{"embeddable":true,"href":"https:\/\/www.djurskyddet.se\/karlshamn\/wp-json\/wp\/v2\/pages\/5540"}],"wp:attachment":[{"href":"https:\/\/www.djurskyddet.se\/karlshamn\/wp-json\/wp\/v2\/media?parent=6998"}],"curies":[{"name":"wp","href":"https:\/\/api.w.org\/{rel}","templated":true}]}}