{"id":7345,"date":"2021-02-18T11:17:39","date_gmt":"2021-02-18T11:17:39","guid":{"rendered":"https:\/\/www.djurskyddet.se\/karlshamn\/?page_id=7345"},"modified":"2026-04-25T17:34:28","modified_gmt":"2026-04-25T17:34:28","slug":"verksamhetsutdrag-2020","status":"publish","type":"page","link":"https:\/\/www.djurskyddet.se\/karlshamn\/om-oss\/verksamhetsutdrag-2020\/","title":{"rendered":"Verksamhetsutdrag"},"content":{"rendered":"\n<p><strong>H\u00e4r finner ni v\u00e5r verksamhetsber\u00e4ttelse fr\u00e5n \u00e5ret 202<\/strong>5<\/p>\n\n\n\n<p><a href=\"https:\/\/www.djurskyddet.se\/karlshamn\/wp-content\/uploads\/sites\/19\/2026\/04\/Verksamhetsberattelse-for-2025-1.pdf\" data-type=\"link\" data-id=\"https:\/\/www.djurskyddet.se\/karlshamn\/wp-content\/uploads\/sites\/19\/2026\/04\/Verksamhetsberattelse-for-2025-1.pdf\">Verksamhetsber\u00e4ttelse<\/a><\/p>\n\n\n\n<p><\/p>\n","protected":false},"excerpt":{"rendered":"<p>H\u00e4r finner ni v\u00e5r verksamhetsber\u00e4ttelse fr\u00e5n \u00e5ret 2025 Verksamhetsber\u00e4ttelse<\/p>\n","protected":false},"author":17,"featured_media":0,"parent":5495,"menu_order":0,"comment_status":"closed","ping_status":"closed","template":"left-sidebar.php","meta":{"_acf_changed":false,"footnotes":""},"class_list":["post-7345","page","type-page","status-publish","hentry"],"acf":[],"_links":{"self":[{"href":"https:\/\/www.djurskyddet.se\/karlshamn\/wp-json\/wp\/v2\/pages\/7345","targetHints":{"allow":["GET"]}}],"collection":[{"href":"https:\/\/www.djurskyddet.se\/karlshamn\/wp-json\/wp\/v2\/pages"}],"about":[{"href":"https:\/\/www.djurskyddet.se\/karlshamn\/wp-json\/wp\/v2\/types\/page"}],"author":[{"embeddable":true,"href":"https:\/\/www.djurskyddet.se\/karlshamn\/wp-json\/wp\/v2\/users\/17"}],"replies":[{"embeddable":true,"href":"https:\/\/www.djurskyddet.se\/karlshamn\/wp-json\/wp\/v2\/comments?post=7345"}],"version-history":[{"count":6,"href":"https:\/\/www.djurskyddet.se\/karlshamn\/wp-json\/wp\/v2\/pages\/7345\/revisions"}],"predecessor-version":[{"id":7852,"href":"https:\/\/www.djurskyddet.se\/karlshamn\/wp-json\/wp\/v2\/pages\/7345\/revisions\/7852"}],"up":[{"embeddable":true,"href":"https:\/\/www.djurskyddet.se\/karlshamn\/wp-json\/wp\/v2\/pages\/5495"}],"wp:attachment":[{"href":"https:\/\/www.djurskyddet.se\/karlshamn\/wp-json\/wp\/v2\/media?parent=7345"}],"curies":[{"name":"wp","href":"https:\/\/api.w.org\/{rel}","templated":true}]}}