{"id":7904,"date":"2026-04-26T14:07:39","date_gmt":"2026-04-26T14:07:39","guid":{"rendered":"https:\/\/www.djurskyddet.se\/karlshamn\/?page_id=7904"},"modified":"2026-04-26T14:14:12","modified_gmt":"2026-04-26T14:14:12","slug":"vara-sociala-medier","status":"publish","type":"page","link":"https:\/\/www.djurskyddet.se\/karlshamn\/vara-sociala-medier\/","title":{"rendered":"V\u00e5ra sociala medier"},"content":{"rendered":"\n<p>H\u00e4r hittar du v\u00e5ra sociala medier. <\/p>\n\n\n\n<h4 class=\"wp-block-heading\"><strong>Facebook:<\/strong><\/h4>\n\n\n\n<p>Djurskyddet i Karlshamn har en <a href=\"https:\/\/www.facebook.com\/djurskyddetikarlshamn\">Facebook<\/a> sida d\u00e4r det finns uppdateringar och m\u00f6jlighet till snabbt svar!<\/p>\n\n\n\n<p><strong>Instagram<\/strong>:<\/p>\n\n\n\n<p>F\u00f6lj oss g\u00e4rna p\u00e5 <a href=\"https:\/\/www.instagram.com\/djurskyddetkarlshamn\/\">Instagram.<\/a> \u00c4ven d\u00e4r finns det uppdateringar.<\/p>\n\n\n\n<figure class=\"wp-block-image size-full\"><img loading=\"lazy\" decoding=\"async\" width=\"665\" height=\"1024\" src=\"https:\/\/www.djurskyddet.se\/karlshamn\/wp-content\/uploads\/sites\/19\/2026\/03\/Karlshamn-Insta.jpeg\" alt=\"\" class=\"wp-image-7802\" srcset=\"https:\/\/www.djurskyddet.se\/karlshamn\/wp-content\/uploads\/sites\/19\/2026\/03\/Karlshamn-Insta.jpeg 665w, https:\/\/www.djurskyddet.se\/karlshamn\/wp-content\/uploads\/sites\/19\/2026\/03\/Karlshamn-Insta-195x300.jpeg 195w, https:\/\/www.djurskyddet.se\/karlshamn\/wp-content\/uploads\/sites\/19\/2026\/03\/Karlshamn-Insta-400x616.jpeg 400w\" sizes=\"auto, (max-width: 665px) 100vw, 665px\" \/><\/figure>\n","protected":false},"excerpt":{"rendered":"<p>H\u00e4r hittar du v\u00e5ra sociala medier. Facebook: Djurskyddet i Karlshamn har en Facebook sida d\u00e4r det finns uppdateringar och m\u00f6jlighet till snabbt svar! Instagram: F\u00f6lj oss g\u00e4rna p\u00e5 Instagram. \u00c4ven d\u00e4r finns det uppdateringar.<\/p>\n","protected":false},"author":17,"featured_media":0,"parent":0,"menu_order":0,"comment_status":"closed","ping_status":"closed","template":"","meta":{"_acf_changed":false,"footnotes":""},"class_list":["post-7904","page","type-page","status-publish","hentry"],"acf":[],"_links":{"self":[{"href":"https:\/\/www.djurskyddet.se\/karlshamn\/wp-json\/wp\/v2\/pages\/7904","targetHints":{"allow":["GET"]}}],"collection":[{"href":"https:\/\/www.djurskyddet.se\/karlshamn\/wp-json\/wp\/v2\/pages"}],"about":[{"href":"https:\/\/www.djurskyddet.se\/karlshamn\/wp-json\/wp\/v2\/types\/page"}],"author":[{"embeddable":true,"href":"https:\/\/www.djurskyddet.se\/karlshamn\/wp-json\/wp\/v2\/users\/17"}],"replies":[{"embeddable":true,"href":"https:\/\/www.djurskyddet.se\/karlshamn\/wp-json\/wp\/v2\/comments?post=7904"}],"version-history":[{"count":3,"href":"https:\/\/www.djurskyddet.se\/karlshamn\/wp-json\/wp\/v2\/pages\/7904\/revisions"}],"predecessor-version":[{"id":7909,"href":"https:\/\/www.djurskyddet.se\/karlshamn\/wp-json\/wp\/v2\/pages\/7904\/revisions\/7909"}],"wp:attachment":[{"href":"https:\/\/www.djurskyddet.se\/karlshamn\/wp-json\/wp\/v2\/media?parent=7904"}],"curies":[{"name":"wp","href":"https:\/\/api.w.org\/{rel}","templated":true}]}}