{"id":7912,"date":"2026-04-26T14:35:40","date_gmt":"2026-04-26T14:35:40","guid":{"rendered":"https:\/\/www.djurskyddet.se\/karlshamn\/?page_id=7912"},"modified":"2026-04-26T15:22:32","modified_gmt":"2026-04-26T15:22:32","slug":"aktiviteter","status":"publish","type":"page","link":"https:\/\/www.djurskyddet.se\/karlshamn\/aktiviteter\/","title":{"rendered":"Aktiviteter"},"content":{"rendered":"\n<p>H\u00e4r kan du ta del av v\u00e5ra aktuella aktiviteter och se vad vi har gjort tidigare.<\/p>\n\n\n\n<p>Har du bilder fr\u00e5n n\u00e5gon av v\u00e5ra aktiviteter som du vill dela med dig av? Mejla dem g\u00e4rna till karlshamn@djurskyddet.se s\u00e5 kan vi l\u00e4gga upp dem h\u00e4r.<\/p>\n\n\n\n<p>Bilder fr\u00e5n tidigare aktiviteter:<\/p>\n\n\n\n<figure class=\"wp-block-image size-full\"><img loading=\"lazy\" decoding=\"async\" width=\"1024\" height=\"768\" src=\"https:\/\/www.djurskyddet.se\/karlshamn\/wp-content\/uploads\/sites\/19\/2021\/09\/svamp_igenkanning.jpg\" alt=\"\" class=\"wp-image-7555\" srcset=\"https:\/\/www.djurskyddet.se\/karlshamn\/wp-content\/uploads\/sites\/19\/2021\/09\/svamp_igenkanning.jpg 1024w, https:\/\/www.djurskyddet.se\/karlshamn\/wp-content\/uploads\/sites\/19\/2021\/09\/svamp_igenkanning-300x225.jpg 300w, https:\/\/www.djurskyddet.se\/karlshamn\/wp-content\/uploads\/sites\/19\/2021\/09\/svamp_igenkanning-768x576.jpg 768w, https:\/\/www.djurskyddet.se\/karlshamn\/wp-content\/uploads\/sites\/19\/2021\/09\/svamp_igenkanning-400x300.jpg 400w\" sizes=\"auto, (max-width: 1024px) 100vw, 1024px\" \/><\/figure>\n\n\n\n<p>H\u00e4r ser vi svamp igenk\u00e4nning fr\u00e5n en medlemsaktivitet h\u00f6sten 2021<\/p>\n\n\n\n<figure class=\"wp-block-image size-full\"><img loading=\"lazy\" decoding=\"async\" width=\"716\" height=\"537\" src=\"https:\/\/www.djurskyddet.se\/karlshamn\/wp-content\/uploads\/sites\/19\/2021\/08\/medlamstraff_22_8-edited.jpg\" alt=\"\" class=\"wp-image-7517\" srcset=\"https:\/\/www.djurskyddet.se\/karlshamn\/wp-content\/uploads\/sites\/19\/2021\/08\/medlamstraff_22_8-edited.jpg 716w, https:\/\/www.djurskyddet.se\/karlshamn\/wp-content\/uploads\/sites\/19\/2021\/08\/medlamstraff_22_8-edited-300x225.jpg 300w, https:\/\/www.djurskyddet.se\/karlshamn\/wp-content\/uploads\/sites\/19\/2021\/08\/medlamstraff_22_8-edited-400x300.jpg 400w\" sizes=\"auto, (max-width: 716px) 100vw, 716px\" \/><\/figure>\n\n\n\n<p>H\u00e4r ser vi musik quiz p\u00e5 en medlemstr\u00e4ff sommaren 2021<\/p>\n\n\n\n<figure class=\"wp-block-image size-full\"><img loading=\"lazy\" decoding=\"async\" width=\"768\" height=\"1024\" src=\"https:\/\/www.djurskyddet.se\/karlshamn\/wp-content\/uploads\/sites\/19\/2026\/04\/20260324_190837-1.jpg\" alt=\"\" class=\"wp-image-7843\" srcset=\"https:\/\/www.djurskyddet.se\/karlshamn\/wp-content\/uploads\/sites\/19\/2026\/04\/20260324_190837-1.jpg 768w, https:\/\/www.djurskyddet.se\/karlshamn\/wp-content\/uploads\/sites\/19\/2026\/04\/20260324_190837-1-225x300.jpg 225w, https:\/\/www.djurskyddet.se\/karlshamn\/wp-content\/uploads\/sites\/19\/2026\/04\/20260324_190837-1-400x533.jpg 400w\" sizes=\"auto, (max-width: 768px) 100vw, 768px\" \/><\/figure>\n\n\n\n<p>H\u00e4r ser vi trubaduren Emil Ny som upptr\u00e4der p\u00e5 \u00e5rsm\u00f6tet 2026<\/p>\n\n\n\n<figure class=\"wp-block-image size-full\"><img loading=\"lazy\" decoding=\"async\" width=\"768\" height=\"1024\" src=\"https:\/\/www.djurskyddet.se\/karlshamn\/wp-content\/uploads\/sites\/19\/2026\/04\/20260323_203155-1.jpg\" alt=\"\" class=\"wp-image-7842\" srcset=\"https:\/\/www.djurskyddet.se\/karlshamn\/wp-content\/uploads\/sites\/19\/2026\/04\/20260323_203155-1.jpg 768w, https:\/\/www.djurskyddet.se\/karlshamn\/wp-content\/uploads\/sites\/19\/2026\/04\/20260323_203155-1-225x300.jpg 225w, https:\/\/www.djurskyddet.se\/karlshamn\/wp-content\/uploads\/sites\/19\/2026\/04\/20260323_203155-1-400x533.jpg 400w\" sizes=\"auto, (max-width: 768px) 100vw, 768px\" \/><\/figure>\n\n\n\n<p>H\u00e4r ser vi t\u00e5rtan som bj\u00f6ds p\u00e5 \u00e5rsm\u00f6tet 2026 d\u00e5 f\u00f6reningen firade 140 \u00e5r under 2025!<\/p>\n\n\n\n<figure class=\"wp-block-image size-full\"><img loading=\"lazy\" decoding=\"async\" width=\"1024\" height=\"768\" src=\"https:\/\/www.djurskyddet.se\/karlshamn\/wp-content\/uploads\/sites\/19\/2026\/04\/20260423_184840.jpg\" alt=\"\" class=\"wp-image-7834\" srcset=\"https:\/\/www.djurskyddet.se\/karlshamn\/wp-content\/uploads\/sites\/19\/2026\/04\/20260423_184840.jpg 1024w, https:\/\/www.djurskyddet.se\/karlshamn\/wp-content\/uploads\/sites\/19\/2026\/04\/20260423_184840-300x225.jpg 300w, https:\/\/www.djurskyddet.se\/karlshamn\/wp-content\/uploads\/sites\/19\/2026\/04\/20260423_184840-768x576.jpg 768w, https:\/\/www.djurskyddet.se\/karlshamn\/wp-content\/uploads\/sites\/19\/2026\/04\/20260423_184840-400x300.jpg 400w\" sizes=\"auto, (max-width: 1024px) 100vw, 1024px\" \/><\/figure>\n\n\n\n<p>H\u00e4r ser vi Cecilia Ockedal fr\u00e5n Kottebyn som f\u00f6rel\u00e4ser om igelkottar och hennes verksamhet. <\/p>\n\n\n\n<figure class=\"wp-block-image size-full\"><img loading=\"lazy\" decoding=\"async\" width=\"1024\" height=\"768\" src=\"https:\/\/www.djurskyddet.se\/karlshamn\/wp-content\/uploads\/sites\/19\/2026\/04\/20260418_145821.jpg\" alt=\"\" class=\"wp-image-7830\" srcset=\"https:\/\/www.djurskyddet.se\/karlshamn\/wp-content\/uploads\/sites\/19\/2026\/04\/20260418_145821.jpg 1024w, https:\/\/www.djurskyddet.se\/karlshamn\/wp-content\/uploads\/sites\/19\/2026\/04\/20260418_145821-300x225.jpg 300w, https:\/\/www.djurskyddet.se\/karlshamn\/wp-content\/uploads\/sites\/19\/2026\/04\/20260418_145821-768x576.jpg 768w, https:\/\/www.djurskyddet.se\/karlshamn\/wp-content\/uploads\/sites\/19\/2026\/04\/20260418_145821-400x300.jpg 400w\" sizes=\"auto, (max-width: 1024px) 100vw, 1024px\" \/><\/figure>\n\n\n\n<p>S\u00e5h\u00e4r fint blev det nere vid k\u00e4llaren efter v\u00e5rfixet ute p\u00e5 Djurlunden v\u00e5ren 2026<\/p>\n\n\n\n<p><\/p>\n","protected":false},"excerpt":{"rendered":"<p>H\u00e4r kan du ta del av v\u00e5ra aktuella aktiviteter och se vad vi har gjort tidigare. Har du bilder fr\u00e5n n\u00e5gon av v\u00e5ra aktiviteter som du vill dela med dig av? Mejla dem g\u00e4rna till karlshamn@djurskyddet.se s\u00e5 kan vi l\u00e4gga upp dem h\u00e4r. Bilder fr\u00e5n tidigare aktiviteter: H\u00e4r ser vi svamp igenk\u00e4nning fr\u00e5n en medlemsaktivitet h\u00f6sten 2021 H\u00e4r ser vi musik quiz p\u00e5 en medlemstr\u00e4ff sommaren 2021 H\u00e4r ser vi&hellip;<\/p>\n<p><a class=\"more-link\" href=\"https:\/\/www.djurskyddet.se\/karlshamn\/aktiviteter\/\" title=\"Continue reading &lsquo;Aktiviteter&rsquo;\">L&auml;s mer<span class=\"meta-nav\">&raquo;<\/span><\/a><\/p>\n","protected":false},"author":17,"featured_media":0,"parent":0,"menu_order":0,"comment_status":"closed","ping_status":"closed","template":"","meta":{"_acf_changed":false,"footnotes":""},"class_list":["post-7912","page","type-page","status-publish","hentry"],"acf":[],"_links":{"self":[{"href":"https:\/\/www.djurskyddet.se\/karlshamn\/wp-json\/wp\/v2\/pages\/7912","targetHints":{"allow":["GET"]}}],"collection":[{"href":"https:\/\/www.djurskyddet.se\/karlshamn\/wp-json\/wp\/v2\/pages"}],"about":[{"href":"https:\/\/www.djurskyddet.se\/karlshamn\/wp-json\/wp\/v2\/types\/page"}],"author":[{"embeddable":true,"href":"https:\/\/www.djurskyddet.se\/karlshamn\/wp-json\/wp\/v2\/users\/17"}],"replies":[{"embeddable":true,"href":"https:\/\/www.djurskyddet.se\/karlshamn\/wp-json\/wp\/v2\/comments?post=7912"}],"version-history":[{"count":10,"href":"https:\/\/www.djurskyddet.se\/karlshamn\/wp-json\/wp\/v2\/pages\/7912\/revisions"}],"predecessor-version":[{"id":7931,"href":"https:\/\/www.djurskyddet.se\/karlshamn\/wp-json\/wp\/v2\/pages\/7912\/revisions\/7931"}],"wp:attachment":[{"href":"https:\/\/www.djurskyddet.se\/karlshamn\/wp-json\/wp\/v2\/media?parent=7912"}],"curies":[{"name":"wp","href":"https:\/\/api.w.org\/{rel}","templated":true}]}}