{"id":7937,"date":"2026-04-26T15:37:05","date_gmt":"2026-04-26T15:37:05","guid":{"rendered":"https:\/\/www.djurskyddet.se\/karlshamn\/?page_id=7937"},"modified":"2026-04-26T16:02:07","modified_gmt":"2026-04-26T16:02:07","slug":"vilda-djur","status":"publish","type":"page","link":"https:\/\/www.djurskyddet.se\/karlshamn\/vilda-djur\/","title":{"rendered":"Vilda djur"},"content":{"rendered":"\n<p>Har du hittat ett skadat vilt djur, en \u00f6vergiven f\u00e5gelunge eller kanske en igelkott? H\u00e4r f\u00e5r du r\u00e5d om hur du ska g\u00e5 tillv\u00e4ga och hur du kan hj\u00e4lpa djuret p\u00e5 b\u00e4sta s\u00e4tt.<\/p>\n\n\n\n<p>H\u00e4r har vi samlat l\u00e4nkar till vart du kan v\u00e4nda dig om du beh\u00f6ver hj\u00e4lp med vilda djur.<\/p>\n\n\n\n<p>Viltakuten: <a href=\"https:\/\/www.viltakuten.se\">https:\/\/www.viltakuten.se<\/a><\/p>\n\n\n\n<p>Kottebyns viltrehabilitering: <a href=\"https:\/\/kottebynsviltrehabilitering.se\/\">https:\/\/kottebynsviltrehabilitering.se\/<\/a><\/p>\n\n\n\n<p>Katastrofhj\u00e4lpen f\u00e5glar och vilt: <a href=\"https:\/\/kfv-riks.se\/Kontakt\">https:\/\/kfv-riks.se\/Kontakt<\/a><\/p>\n\n\n\n<figure class=\"wp-block-image size-full\"><img loading=\"lazy\" decoding=\"async\" width=\"1024\" height=\"683\" src=\"https:\/\/www.djurskyddet.se\/karlshamn\/wp-content\/uploads\/sites\/19\/2026\/04\/alg.jpg\" alt=\"\" class=\"wp-image-7938\" srcset=\"https:\/\/www.djurskyddet.se\/karlshamn\/wp-content\/uploads\/sites\/19\/2026\/04\/alg.jpg 1024w, https:\/\/www.djurskyddet.se\/karlshamn\/wp-content\/uploads\/sites\/19\/2026\/04\/alg-300x200.jpg 300w, https:\/\/www.djurskyddet.se\/karlshamn\/wp-content\/uploads\/sites\/19\/2026\/04\/alg-768x512.jpg 768w, https:\/\/www.djurskyddet.se\/karlshamn\/wp-content\/uploads\/sites\/19\/2026\/04\/alg-400x267.jpg 400w\" sizes=\"auto, (max-width: 1024px) 100vw, 1024px\" \/><\/figure>\n","protected":false},"excerpt":{"rendered":"<p>Har du hittat ett skadat vilt djur, en \u00f6vergiven f\u00e5gelunge eller kanske en igelkott? H\u00e4r f\u00e5r du r\u00e5d om hur du ska g\u00e5 tillv\u00e4ga och hur du kan hj\u00e4lpa djuret p\u00e5 b\u00e4sta s\u00e4tt. H\u00e4r har vi samlat l\u00e4nkar till vart du kan v\u00e4nda dig om du beh\u00f6ver hj\u00e4lp med vilda djur. Viltakuten: https:\/\/www.viltakuten.se Kottebyns viltrehabilitering: https:\/\/kottebynsviltrehabilitering.se\/ Katastrofhj\u00e4lpen f\u00e5glar och vilt: https:\/\/kfv-riks.se\/Kontakt<\/p>\n","protected":false},"author":17,"featured_media":0,"parent":0,"menu_order":0,"comment_status":"closed","ping_status":"closed","template":"","meta":{"_acf_changed":false,"footnotes":""},"class_list":["post-7937","page","type-page","status-publish","hentry"],"acf":[],"_links":{"self":[{"href":"https:\/\/www.djurskyddet.se\/karlshamn\/wp-json\/wp\/v2\/pages\/7937","targetHints":{"allow":["GET"]}}],"collection":[{"href":"https:\/\/www.djurskyddet.se\/karlshamn\/wp-json\/wp\/v2\/pages"}],"about":[{"href":"https:\/\/www.djurskyddet.se\/karlshamn\/wp-json\/wp\/v2\/types\/page"}],"author":[{"embeddable":true,"href":"https:\/\/www.djurskyddet.se\/karlshamn\/wp-json\/wp\/v2\/users\/17"}],"replies":[{"embeddable":true,"href":"https:\/\/www.djurskyddet.se\/karlshamn\/wp-json\/wp\/v2\/comments?post=7937"}],"version-history":[{"count":3,"href":"https:\/\/www.djurskyddet.se\/karlshamn\/wp-json\/wp\/v2\/pages\/7937\/revisions"}],"predecessor-version":[{"id":7951,"href":"https:\/\/www.djurskyddet.se\/karlshamn\/wp-json\/wp\/v2\/pages\/7937\/revisions\/7951"}],"wp:attachment":[{"href":"https:\/\/www.djurskyddet.se\/karlshamn\/wp-json\/wp\/v2\/media?parent=7937"}],"curies":[{"name":"wp","href":"https:\/\/api.w.org\/{rel}","templated":true}]}}