{"id":7943,"date":"2026-04-26T15:53:22","date_gmt":"2026-04-26T15:53:22","guid":{"rendered":"https:\/\/www.djurskyddet.se\/karlshamn\/?page_id=7943"},"modified":"2026-04-26T16:02:16","modified_gmt":"2026-04-26T16:02:16","slug":"om-du-hittar-en-igelkott","status":"publish","type":"page","link":"https:\/\/www.djurskyddet.se\/karlshamn\/om-du-hittar-en-igelkott\/","title":{"rendered":"Om du hittar en igelkott"},"content":{"rendered":"\n<p>Om du skulle hitta en skadad, sjuk eller \u00f6vergiven igelkottsvalp s\u00e5 kan du v\u00e4nda dig till Cecilia Ockedal fr\u00e5n Kottebyn. <\/p>\n\n\n\n<p><strong>Akutnummer Kottebyns Viltrehabiliterare:<\/strong> 073 756 42 95 Blekinge<\/p>\n\n\n\n<p>Kottebyns hemsida: <a href=\"https:\/\/kottebynsviltrehabilitering.se\">https:\/\/kottebynsviltrehabilitering.se<\/a><\/p>\n\n\n\n<figure class=\"wp-block-image size-full\"><img loading=\"lazy\" decoding=\"async\" width=\"1024\" height=\"878\" src=\"https:\/\/www.djurskyddet.se\/karlshamn\/wp-content\/uploads\/sites\/19\/2026\/04\/Igelkottebebis-1.jpg\" alt=\"\" class=\"wp-image-7878\" srcset=\"https:\/\/www.djurskyddet.se\/karlshamn\/wp-content\/uploads\/sites\/19\/2026\/04\/Igelkottebebis-1.jpg 1024w, https:\/\/www.djurskyddet.se\/karlshamn\/wp-content\/uploads\/sites\/19\/2026\/04\/Igelkottebebis-1-300x257.jpg 300w, https:\/\/www.djurskyddet.se\/karlshamn\/wp-content\/uploads\/sites\/19\/2026\/04\/Igelkottebebis-1-768x659.jpg 768w, https:\/\/www.djurskyddet.se\/karlshamn\/wp-content\/uploads\/sites\/19\/2026\/04\/Igelkottebebis-1-400x343.jpg 400w\" sizes=\"auto, (max-width: 1024px) 100vw, 1024px\" \/><\/figure>\n","protected":false},"excerpt":{"rendered":"<p>Om du skulle hitta en skadad, sjuk eller \u00f6vergiven igelkottsvalp s\u00e5 kan du v\u00e4nda dig till Cecilia Ockedal fr\u00e5n Kottebyn. Akutnummer Kottebyns Viltrehabiliterare: 073 756 42 95 Blekinge Kottebyns hemsida: https:\/\/kottebynsviltrehabilitering.se<\/p>\n","protected":false},"author":17,"featured_media":0,"parent":0,"menu_order":0,"comment_status":"closed","ping_status":"closed","template":"","meta":{"_acf_changed":false,"footnotes":""},"class_list":["post-7943","page","type-page","status-publish","hentry"],"acf":[],"_links":{"self":[{"href":"https:\/\/www.djurskyddet.se\/karlshamn\/wp-json\/wp\/v2\/pages\/7943","targetHints":{"allow":["GET"]}}],"collection":[{"href":"https:\/\/www.djurskyddet.se\/karlshamn\/wp-json\/wp\/v2\/pages"}],"about":[{"href":"https:\/\/www.djurskyddet.se\/karlshamn\/wp-json\/wp\/v2\/types\/page"}],"author":[{"embeddable":true,"href":"https:\/\/www.djurskyddet.se\/karlshamn\/wp-json\/wp\/v2\/users\/17"}],"replies":[{"embeddable":true,"href":"https:\/\/www.djurskyddet.se\/karlshamn\/wp-json\/wp\/v2\/comments?post=7943"}],"version-history":[{"count":3,"href":"https:\/\/www.djurskyddet.se\/karlshamn\/wp-json\/wp\/v2\/pages\/7943\/revisions"}],"predecessor-version":[{"id":7948,"href":"https:\/\/www.djurskyddet.se\/karlshamn\/wp-json\/wp\/v2\/pages\/7943\/revisions\/7948"}],"wp:attachment":[{"href":"https:\/\/www.djurskyddet.se\/karlshamn\/wp-json\/wp\/v2\/media?parent=7943"}],"curies":[{"name":"wp","href":"https:\/\/api.w.org\/{rel}","templated":true}]}}