{"id":7957,"date":"2026-04-26T16:29:21","date_gmt":"2026-04-26T16:29:21","guid":{"rendered":"https:\/\/www.djurskyddet.se\/karlshamn\/?page_id=7957"},"modified":"2026-04-26T16:29:22","modified_gmt":"2026-04-26T16:29:22","slug":"vad-hande-sen","status":"publish","type":"page","link":"https:\/\/www.djurskyddet.se\/karlshamn\/vad-hande-sen\/","title":{"rendered":"Vad h\u00e4nde sen?"},"content":{"rendered":"\n<p>Ni som har adopterat djur fr\u00e5n oss f\u00e5r g\u00e4rna dela med er till oss!<br>Har ni kanske uppt\u00e4ckt n\u00e5got speciellt som det djuret g\u00f6r? En favorit strumpa att kidnappa? Sover djuret p\u00e5 ett konstigt st\u00e4lle? Insisterar p\u00e5 att f\u00f6lja med \u00f6verallt?<br><br>Skicka bild med eventuell text till v\u00e5r mail: <a href=\"mailto:karlshamn@djurskyddet.se\">karlshamn@djurskyddet.se<\/a><br>Eran uppdatering kommer finnas p\u00e5 v\u00e5r hemsida.<\/p>\n\n\n\n<figure class=\"wp-block-image size-full\"><img loading=\"lazy\" decoding=\"async\" width=\"912\" height=\"684\" src=\"https:\/\/www.djurskyddet.se\/karlshamn\/wp-content\/uploads\/sites\/19\/2021\/10\/tosen_korg.jpg\" alt=\"\" class=\"wp-image-7563\" srcset=\"https:\/\/www.djurskyddet.se\/karlshamn\/wp-content\/uploads\/sites\/19\/2021\/10\/tosen_korg.jpg 912w, https:\/\/www.djurskyddet.se\/karlshamn\/wp-content\/uploads\/sites\/19\/2021\/10\/tosen_korg-300x225.jpg 300w, https:\/\/www.djurskyddet.se\/karlshamn\/wp-content\/uploads\/sites\/19\/2021\/10\/tosen_korg-768x576.jpg 768w, https:\/\/www.djurskyddet.se\/karlshamn\/wp-content\/uploads\/sites\/19\/2021\/10\/tosen_korg-400x300.jpg 400w\" sizes=\"auto, (max-width: 912px) 100vw, 912px\" \/><figcaption class=\"wp-element-caption\">T\u00f6sen s\u00f6ker hem!<\/figcaption><\/figure>\n","protected":false},"excerpt":{"rendered":"<p>Ni som har adopterat djur fr\u00e5n oss f\u00e5r g\u00e4rna dela med er till oss!Har ni kanske uppt\u00e4ckt n\u00e5got speciellt som det djuret g\u00f6r? En favorit strumpa att kidnappa? Sover djuret p\u00e5 ett konstigt st\u00e4lle? Insisterar p\u00e5 att f\u00f6lja med \u00f6verallt? Skicka bild med eventuell text till v\u00e5r mail: karlshamn@djurskyddet.seEran uppdatering kommer finnas p\u00e5 v\u00e5r hemsida.<\/p>\n","protected":false},"author":17,"featured_media":0,"parent":0,"menu_order":0,"comment_status":"closed","ping_status":"closed","template":"","meta":{"_acf_changed":false,"footnotes":""},"class_list":["post-7957","page","type-page","status-publish","hentry"],"acf":[],"_links":{"self":[{"href":"https:\/\/www.djurskyddet.se\/karlshamn\/wp-json\/wp\/v2\/pages\/7957","targetHints":{"allow":["GET"]}}],"collection":[{"href":"https:\/\/www.djurskyddet.se\/karlshamn\/wp-json\/wp\/v2\/pages"}],"about":[{"href":"https:\/\/www.djurskyddet.se\/karlshamn\/wp-json\/wp\/v2\/types\/page"}],"author":[{"embeddable":true,"href":"https:\/\/www.djurskyddet.se\/karlshamn\/wp-json\/wp\/v2\/users\/17"}],"replies":[{"embeddable":true,"href":"https:\/\/www.djurskyddet.se\/karlshamn\/wp-json\/wp\/v2\/comments?post=7957"}],"version-history":[{"count":1,"href":"https:\/\/www.djurskyddet.se\/karlshamn\/wp-json\/wp\/v2\/pages\/7957\/revisions"}],"predecessor-version":[{"id":7958,"href":"https:\/\/www.djurskyddet.se\/karlshamn\/wp-json\/wp\/v2\/pages\/7957\/revisions\/7958"}],"wp:attachment":[{"href":"https:\/\/www.djurskyddet.se\/karlshamn\/wp-json\/wp\/v2\/media?parent=7957"}],"curies":[{"name":"wp","href":"https:\/\/api.w.org\/{rel}","templated":true}]}}