{"id":7977,"date":"2026-04-26T18:35:32","date_gmt":"2026-04-26T18:35:32","guid":{"rendered":"https:\/\/www.djurskyddet.se\/karlshamn\/?page_id=7977"},"modified":"2026-04-26T18:44:02","modified_gmt":"2026-04-26T18:44:02","slug":"bortsprungna-djur","status":"publish","type":"page","link":"https:\/\/www.djurskyddet.se\/karlshamn\/bortsprungna-djur\/","title":{"rendered":"Bortsprungna djur"},"content":{"rendered":"\n<p>Har ditt husdjur sprungit bort? Mejla en bild, information om djuret samt dina kontaktuppgifter till oss, karlshamn@djurskyddet.se s\u00e5 l\u00e4gger vi ut det h\u00e4r p\u00e5 hemsidan.<\/p>\n\n\n\n<p>Kom ih\u00e5g att enligt lag ska din katt vara ID-m\u00e4rkt och registrerad hos <a href=\"https:\/\/jordbruksverket.se\/e-tjanster-databaser-och-appar\/e-tjanster-och-databaser-djur\/kattregistret\">Jordbruksverket<\/a>, vilket \u00f6kar chansen att den kan \u00e5terf\u00f6renas med dig om den springer bort.<\/p>\n\n\n\n<figure class=\"wp-block-image size-full is-resized\"><img loading=\"lazy\" decoding=\"async\" width=\"1024\" height=\"1024\" src=\"https:\/\/www.djurskyddet.se\/karlshamn\/wp-content\/uploads\/sites\/19\/2021\/10\/220_4252x4252_all-free-download.com_2785345.jpg\" alt=\"\" class=\"wp-image-7589\" style=\"width:233px;height:auto\" srcset=\"https:\/\/www.djurskyddet.se\/karlshamn\/wp-content\/uploads\/sites\/19\/2021\/10\/220_4252x4252_all-free-download.com_2785345.jpg 1024w, https:\/\/www.djurskyddet.se\/karlshamn\/wp-content\/uploads\/sites\/19\/2021\/10\/220_4252x4252_all-free-download.com_2785345-300x300.jpg 300w, https:\/\/www.djurskyddet.se\/karlshamn\/wp-content\/uploads\/sites\/19\/2021\/10\/220_4252x4252_all-free-download.com_2785345-150x150.jpg 150w, https:\/\/www.djurskyddet.se\/karlshamn\/wp-content\/uploads\/sites\/19\/2021\/10\/220_4252x4252_all-free-download.com_2785345-768x768.jpg 768w, https:\/\/www.djurskyddet.se\/karlshamn\/wp-content\/uploads\/sites\/19\/2021\/10\/220_4252x4252_all-free-download.com_2785345-400x400.jpg 400w\" sizes=\"auto, (max-width: 1024px) 100vw, 1024px\" \/><\/figure>\n","protected":false},"excerpt":{"rendered":"<p>Har ditt husdjur sprungit bort? Mejla en bild, information om djuret samt dina kontaktuppgifter till oss, karlshamn@djurskyddet.se s\u00e5 l\u00e4gger vi ut det h\u00e4r p\u00e5 hemsidan. Kom ih\u00e5g att enligt lag ska din katt vara ID-m\u00e4rkt och registrerad hos Jordbruksverket, vilket \u00f6kar chansen att den kan \u00e5terf\u00f6renas med dig om den springer bort.<\/p>\n","protected":false},"author":17,"featured_media":0,"parent":0,"menu_order":0,"comment_status":"closed","ping_status":"closed","template":"","meta":{"_acf_changed":false,"footnotes":""},"class_list":["post-7977","page","type-page","status-publish","hentry"],"acf":[],"_links":{"self":[{"href":"https:\/\/www.djurskyddet.se\/karlshamn\/wp-json\/wp\/v2\/pages\/7977","targetHints":{"allow":["GET"]}}],"collection":[{"href":"https:\/\/www.djurskyddet.se\/karlshamn\/wp-json\/wp\/v2\/pages"}],"about":[{"href":"https:\/\/www.djurskyddet.se\/karlshamn\/wp-json\/wp\/v2\/types\/page"}],"author":[{"embeddable":true,"href":"https:\/\/www.djurskyddet.se\/karlshamn\/wp-json\/wp\/v2\/users\/17"}],"replies":[{"embeddable":true,"href":"https:\/\/www.djurskyddet.se\/karlshamn\/wp-json\/wp\/v2\/comments?post=7977"}],"version-history":[{"count":2,"href":"https:\/\/www.djurskyddet.se\/karlshamn\/wp-json\/wp\/v2\/pages\/7977\/revisions"}],"predecessor-version":[{"id":7981,"href":"https:\/\/www.djurskyddet.se\/karlshamn\/wp-json\/wp\/v2\/pages\/7977\/revisions\/7981"}],"wp:attachment":[{"href":"https:\/\/www.djurskyddet.se\/karlshamn\/wp-json\/wp\/v2\/media?parent=7977"}],"curies":[{"name":"wp","href":"https:\/\/api.w.org\/{rel}","templated":true}]}}