{"id":5600,"date":"2025-09-21T13:13:19","date_gmt":"2025-09-21T13:13:19","guid":{"rendered":"https:\/\/www.djurskyddet.se\/karlskrona\/?page_id=5600"},"modified":"2025-11-15T15:49:29","modified_gmt":"2025-11-15T15:49:29","slug":"bli-medlem","status":"publish","type":"page","link":"https:\/\/www.djurskyddet.se\/karlskrona\/bli-medlem\/","title":{"rendered":"Bli Medlem"},"content":{"rendered":"\n<h3 class=\"wp-block-heading\"><strong>St\u00f6tta oss genom att bli medlem!<\/strong><\/h3>\n\n\n\n<p>Medlemskap i Djurskyddet Karlskrona kostar 240 kr per \u00e5r f\u00f6r enskild person. Medlemskapet \u00e4r inte baserat p\u00e5 kalender\u00e5r, utan g\u00e4ller 1 \u00e5r fr\u00e5n det datum du blev medlem.<\/p>\n\n\n\n<h3 class=\"wp-block-heading\"><strong>Vad f\u00e5r jag som medlem?<\/strong><\/h3>\n\n\n\n<p>Som medlem hj\u00e4lper du v\u00e5rt arbete f\u00f6r att uppfylla v\u00e5r vision som \u00e4r ett samh\u00e4lle d\u00e4r m\u00e4nniskor visar respekt och medk\u00e4nsla f\u00f6r alla djur.&nbsp;V\u00e5rt m\u00e5l \u00e4r att alla djur erk\u00e4nns som k\u00e4nnande varelser och att alla djur har ett egenv\u00e4rde, samt att alla m\u00e4nniskor har ett empatiskt syns\u00e4tt och behandlar djuren utifr\u00e5n detta.<\/p>\n\n\n\n<p>Som medlem i Djurskyddet Karlskrona \u00e4r du ocks\u00e5 medlem i riksf\u00f6rbundet Djurskyddet Sverige och f\u00e5r Tidningen Djurskyddet fyra g\u00e5nger per \u00e5r, b\u00e5de i brevl\u00e5dan och i appen TD. Ladda ner den d\u00e4r appar finns! Dessutom kan du l\u00e4sa intressanta djurskyddsnyheter p\u00e5 <a href=\"https:\/\/tidningen.djurskyddet.se\/\"><strong>webbtidningen<\/strong> <\/a>och kan ta del av ett antal\u202ffina <strong><a href=\"https:\/\/www.djurskyddet.se\/stod-oss\/bli-medlem\/medlemsformaner\/\">medlemsf\u00f6rm\u00e5ner<\/a><\/strong>, s\u00e5som rabatt hos olika n\u00e4tbutiker.&nbsp;<\/p>\n\n\n\n<p><a href=\"https:\/\/donation.djurskyddet.se\/s\/medlem\">Bli medlem h\u00e4r.<\/a><\/p>\n\n\n\n<figure class=\"wp-block-image size-full is-resized\"><img loading=\"lazy\" decoding=\"async\" width=\"1024\" height=\"683\" src=\"https:\/\/www.djurskyddet.se\/karlskrona\/wp-content\/uploads\/sites\/61\/2025\/09\/Hund-pa-axel_2_XLarge.jpg\" alt=\"\" class=\"wp-image-5627\" style=\"width:347px;height:auto\" srcset=\"https:\/\/www.djurskyddet.se\/karlskrona\/wp-content\/uploads\/sites\/61\/2025\/09\/Hund-pa-axel_2_XLarge.jpg 1024w, https:\/\/www.djurskyddet.se\/karlskrona\/wp-content\/uploads\/sites\/61\/2025\/09\/Hund-pa-axel_2_XLarge-300x200.jpg 300w, https:\/\/www.djurskyddet.se\/karlskrona\/wp-content\/uploads\/sites\/61\/2025\/09\/Hund-pa-axel_2_XLarge-768x512.jpg 768w, https:\/\/www.djurskyddet.se\/karlskrona\/wp-content\/uploads\/sites\/61\/2025\/09\/Hund-pa-axel_2_XLarge-400x267.jpg 400w\" sizes=\"auto, (max-width: 1024px) 100vw, 1024px\" \/><\/figure>\n\n\n\n<p>Vi har plats f\u00f6r fler i styrelsen. V\u00e4lkommen att h\u00f6ra av dig om du \u00e4r intresserad.<\/p>\n\n\n\n<p>Vi vill \u00e4ven bli fler aktiva. H\u00f6r av dig om du vill hj\u00e4lpa till med n\u00e5got. Vad och hur mycket best\u00e4mmer du sj\u00e4lv. Vi hoppas h\u00f6ra n\u00e5got fr\u00e5n dig!<\/p>\n\n\n\n<figure class=\"wp-block-image size-full is-resized\"><img loading=\"lazy\" decoding=\"async\" width=\"847\" height=\"567\" src=\"https:\/\/www.djurskyddet.se\/karlskrona\/wp-content\/uploads\/sites\/61\/2025\/09\/Kanin_vitkanin-pa-angSmall.jpg\" alt=\"\" class=\"wp-image-5631\" style=\"width:348px;height:auto\" srcset=\"https:\/\/www.djurskyddet.se\/karlskrona\/wp-content\/uploads\/sites\/61\/2025\/09\/Kanin_vitkanin-pa-angSmall.jpg 847w, https:\/\/www.djurskyddet.se\/karlskrona\/wp-content\/uploads\/sites\/61\/2025\/09\/Kanin_vitkanin-pa-angSmall-300x201.jpg 300w, https:\/\/www.djurskyddet.se\/karlskrona\/wp-content\/uploads\/sites\/61\/2025\/09\/Kanin_vitkanin-pa-angSmall-768x514.jpg 768w, https:\/\/www.djurskyddet.se\/karlskrona\/wp-content\/uploads\/sites\/61\/2025\/09\/Kanin_vitkanin-pa-angSmall-400x268.jpg 400w\" sizes=\"auto, (max-width: 847px) 100vw, 847px\" \/><\/figure>\n\n\n\n<p><\/p>\n","protected":false},"excerpt":{"rendered":"<p>St\u00f6tta oss genom att bli medlem! Medlemskap i Djurskyddet Karlskrona kostar 240 kr per \u00e5r f\u00f6r enskild person. Medlemskapet \u00e4r inte baserat p\u00e5 kalender\u00e5r, utan g\u00e4ller 1 \u00e5r fr\u00e5n det datum du blev medlem. Vad f\u00e5r jag som medlem? Som medlem hj\u00e4lper du v\u00e5rt arbete f\u00f6r att uppfylla v\u00e5r vision som \u00e4r ett samh\u00e4lle d\u00e4r m\u00e4nniskor visar respekt och medk\u00e4nsla f\u00f6r alla djur.&nbsp;V\u00e5rt m\u00e5l \u00e4r att alla djur erk\u00e4nns som&hellip;<\/p>\n<p><a class=\"more-link\" href=\"https:\/\/www.djurskyddet.se\/karlskrona\/bli-medlem\/\" title=\"Continue reading &lsquo;Bli Medlem&rsquo;\">L&auml;s mer<span class=\"meta-nav\">&raquo;<\/span><\/a><\/p>\n","protected":false},"author":82,"featured_media":5460,"parent":0,"menu_order":0,"comment_status":"closed","ping_status":"closed","template":"","meta":{"_acf_changed":false,"footnotes":""},"class_list":["post-5600","page","type-page","status-publish","has-post-thumbnail","hentry"],"acf":[],"_links":{"self":[{"href":"https:\/\/www.djurskyddet.se\/karlskrona\/wp-json\/wp\/v2\/pages\/5600","targetHints":{"allow":["GET"]}}],"collection":[{"href":"https:\/\/www.djurskyddet.se\/karlskrona\/wp-json\/wp\/v2\/pages"}],"about":[{"href":"https:\/\/www.djurskyddet.se\/karlskrona\/wp-json\/wp\/v2\/types\/page"}],"author":[{"embeddable":true,"href":"https:\/\/www.djurskyddet.se\/karlskrona\/wp-json\/wp\/v2\/users\/82"}],"replies":[{"embeddable":true,"href":"https:\/\/www.djurskyddet.se\/karlskrona\/wp-json\/wp\/v2\/comments?post=5600"}],"version-history":[{"count":14,"href":"https:\/\/www.djurskyddet.se\/karlskrona\/wp-json\/wp\/v2\/pages\/5600\/revisions"}],"predecessor-version":[{"id":5900,"href":"https:\/\/www.djurskyddet.se\/karlskrona\/wp-json\/wp\/v2\/pages\/5600\/revisions\/5900"}],"wp:featuredmedia":[{"embeddable":true,"href":"https:\/\/www.djurskyddet.se\/karlskrona\/wp-json\/wp\/v2\/media\/5460"}],"wp:attachment":[{"href":"https:\/\/www.djurskyddet.se\/karlskrona\/wp-json\/wp\/v2\/media?parent=5600"}],"curies":[{"name":"wp","href":"https:\/\/api.w.org\/{rel}","templated":true}]}}