{"id":5617,"date":"2025-09-22T12:23:28","date_gmt":"2025-09-22T12:23:28","guid":{"rendered":"https:\/\/www.djurskyddet.se\/karlskrona\/?page_id=5617"},"modified":"2025-11-15T15:54:29","modified_gmt":"2025-11-15T15:54:29","slug":"stod-oss","status":"publish","type":"page","link":"https:\/\/www.djurskyddet.se\/karlskrona\/stod-oss\/","title":{"rendered":"St\u00f6d oss"},"content":{"rendered":"\n<h3 class=\"wp-block-heading\"><strong>Allt st\u00f6d \u00e4r v\u00e4lkommet.<\/strong><\/h3>\n\n\n\n<p>Djurskyddet Karlskrona v\u00e4rnar djurens b\u00e4sta och f\u00f6r att kunna forts\u00e4tta v\u00e5rt arbete beh\u00f6ver vi ditt st\u00f6d.<\/p>\n\n\n\n<p>Vi f\u00e5r inte n\u00e5gra kommunala bidrag och \u00e4r helt beroende av enskilda f\u00f6retag\/m\u00e4nniskors generositet.<\/p>\n\n\n\n<h3 class=\"wp-block-heading\"><strong>Vill du ge en g\u00e5va till f\u00f6rm\u00e5n f\u00f6r djuren?<\/strong><\/h3>\n\n\n\n<p>Bankgiro 5026-4860<\/p>\n\n\n\n<p>Swish 12305522417<\/p>\n\n\n\n<p>Tack p\u00e5 f\u00f6rhand!<\/p>\n\n\n\n<h3 class=\"wp-block-heading\"><strong>Bli m\u00e5nadsgivare<\/strong><\/h3>\n\n\n\n<p>Har du m\u00f6jlighet att hj\u00e4lpa v\u00e5r verksamhet med en st\u00e5ende summa varje m\u00e5nad?&nbsp;H\u00f6r av dig s\u00e5 f\u00e5r du mer information.<\/p>\n\n\n\n<figure class=\"wp-block-image size-full is-resized\"><img loading=\"lazy\" decoding=\"async\" width=\"960\" height=\"942\" src=\"https:\/\/www.djurskyddet.se\/karlskrona\/wp-content\/uploads\/sites\/61\/2025\/10\/IMG_3906.jpg\" alt=\"\" class=\"wp-image-5698\" style=\"width:356px;height:auto\" srcset=\"https:\/\/www.djurskyddet.se\/karlskrona\/wp-content\/uploads\/sites\/61\/2025\/10\/IMG_3906.jpg 960w, https:\/\/www.djurskyddet.se\/karlskrona\/wp-content\/uploads\/sites\/61\/2025\/10\/IMG_3906-300x294.jpg 300w, https:\/\/www.djurskyddet.se\/karlskrona\/wp-content\/uploads\/sites\/61\/2025\/10\/IMG_3906-768x754.jpg 768w, https:\/\/www.djurskyddet.se\/karlskrona\/wp-content\/uploads\/sites\/61\/2025\/10\/IMG_3906-400x393.jpg 400w\" sizes=\"auto, (max-width: 960px) 100vw, 960px\" \/><\/figure>\n\n\n\n<blockquote class=\"wp-block-quote is-layout-flow wp-block-quote-is-layout-flow\">\n<p><\/p>\n<\/blockquote>\n\n\n\n<h3 class=\"wp-block-heading\"><strong>Testamentera till f\u00f6rm\u00e5n f\u00f6r djuren<\/strong><\/h3>\n\n\n\n<p>De flesta skriver aldrig ett testamente. Kanske k\u00e4nner man ett visst obehag f\u00f6r att planera f\u00f6r sin egen bortg\u00e5ng. Men att sj\u00e4lv f\u00e5 best\u00e4mma vad som ska h\u00e4nda med sina tillg\u00e5ngar efter sin bortg\u00e5ng \u00e4r ett starkt sk\u00e4l att t\u00e4nka om.<br>\u00c4r Du intresserad av att testamentera medel till Djurskyddet Karlskrona?<br>Du kan v\u00e4lja om medlen ska g\u00e5 till f\u00f6reningens allm\u00e4nna verksamhet eller om de ska g\u00e5 till specifika \u00e4ndam\u00e5l.<\/p>\n\n\n\n<h3 class=\"wp-block-heading\"><strong>Vad \u00e4r ett testamente?<\/strong><\/h3>\n\n\n\n<p>Ett testamente \u00e4r en skriftlig handling som anger hur en persons kvarl\u00e5tenskap ska f\u00f6rdelas. Testamentet m\u00e5ste inte skrivas av testatorn, men testatorn m\u00e5ste skriva under.<\/p>\n\n\n\n<h3 class=\"wp-block-heading\"><strong>M\u00e5ste det bevittnas?<\/strong><\/h3>\n\n\n\n<p>JA! Det ska bevittnas av tv\u00e5 personer som \u00e4r med n\u00e4r Du skriver under.<br>Vittnena ska veta att det \u00e4r ett testamente, men beh\u00f6ver inte f\u00e5 se inneh\u00e5llet i det.<br>De f\u00e5r inte vara sl\u00e4kt med Dig eller med dina arvingar och inte sj\u00e4lva kommer att \u00e4rva Dig.<br>Vittnena ska avg\u00f6ra att Du \u00e4r vid dina sinnes fulla bruk.<\/p>\n\n\n\n<h3 class=\"wp-block-heading\"><strong>Hur hanteras ett arv?<\/strong><\/h3>\n\n\n\n<ol class=\"wp-block-list\">\n<li>En testator har testamenterat medel till Djurskyddet Karlskrona  utan att ange n\u00e5got \u00e4ndam\u00e5l eller angivit \u00f6nskem\u00e5l som till exempel allm\u00e4nt djurskydd. \u00c5tg\u00e4rd: Medlen g\u00e5r till Djurskyddet Karlskronas allm\u00e4nna verksamhet.<\/li>\n\n\n\n<li>En testator har testamenterat medel till Djurskyddet Karlskrona och uttryckt \u00f6nskem\u00e5l om att medlen ska anv\u00e4ndas f\u00f6r ett speciellt \u00e4ndam\u00e5l. Dock kan hela eller delar av r\u00e4ntan g\u00e5 till f\u00f6reningens l\u00f6pande verksamhet. \u00c5tg\u00e4rd: Hela kapitalet avs\u00e4tts f\u00f6r angivet \u00e4ndam\u00e5l och f\u00e5r endast anv\u00e4ndas till detta.<\/li>\n<\/ol>\n\n\n\n<figure class=\"wp-block-image size-full\"><img loading=\"lazy\" decoding=\"async\" width=\"1024\" height=\"678\" src=\"https:\/\/www.djurskyddet.se\/karlskrona\/wp-content\/uploads\/sites\/61\/2025\/09\/Katt-och-hund-myser-2_Large.jpg\" alt=\"\" class=\"wp-image-5618\" srcset=\"https:\/\/www.djurskyddet.se\/karlskrona\/wp-content\/uploads\/sites\/61\/2025\/09\/Katt-och-hund-myser-2_Large.jpg 1024w, https:\/\/www.djurskyddet.se\/karlskrona\/wp-content\/uploads\/sites\/61\/2025\/09\/Katt-och-hund-myser-2_Large-300x199.jpg 300w, https:\/\/www.djurskyddet.se\/karlskrona\/wp-content\/uploads\/sites\/61\/2025\/09\/Katt-och-hund-myser-2_Large-768x509.jpg 768w, https:\/\/www.djurskyddet.se\/karlskrona\/wp-content\/uploads\/sites\/61\/2025\/09\/Katt-och-hund-myser-2_Large-400x265.jpg 400w\" sizes=\"auto, (max-width: 1024px) 100vw, 1024px\" \/><\/figure>\n","protected":false},"excerpt":{"rendered":"<p>Allt st\u00f6d \u00e4r v\u00e4lkommet. Djurskyddet Karlskrona v\u00e4rnar djurens b\u00e4sta och f\u00f6r att kunna forts\u00e4tta v\u00e5rt arbete beh\u00f6ver vi ditt st\u00f6d. Vi f\u00e5r inte n\u00e5gra kommunala bidrag och \u00e4r helt beroende av enskilda f\u00f6retag\/m\u00e4nniskors generositet. Vill du ge en g\u00e5va till f\u00f6rm\u00e5n f\u00f6r djuren? Bankgiro 5026-4860 Swish 12305522417 Tack p\u00e5 f\u00f6rhand! Bli m\u00e5nadsgivare Har du m\u00f6jlighet att hj\u00e4lpa v\u00e5r verksamhet med en st\u00e5ende summa varje m\u00e5nad?&nbsp;H\u00f6r av dig s\u00e5 f\u00e5r du&hellip;<\/p>\n<p><a class=\"more-link\" href=\"https:\/\/www.djurskyddet.se\/karlskrona\/stod-oss\/\" title=\"Continue reading &lsquo;St\u00f6d oss&rsquo;\">L&auml;s mer<span class=\"meta-nav\">&raquo;<\/span><\/a><\/p>\n","protected":false},"author":82,"featured_media":0,"parent":0,"menu_order":0,"comment_status":"closed","ping_status":"closed","template":"","meta":{"_acf_changed":false,"footnotes":""},"class_list":["post-5617","page","type-page","status-publish","hentry"],"acf":[],"_links":{"self":[{"href":"https:\/\/www.djurskyddet.se\/karlskrona\/wp-json\/wp\/v2\/pages\/5617","targetHints":{"allow":["GET"]}}],"collection":[{"href":"https:\/\/www.djurskyddet.se\/karlskrona\/wp-json\/wp\/v2\/pages"}],"about":[{"href":"https:\/\/www.djurskyddet.se\/karlskrona\/wp-json\/wp\/v2\/types\/page"}],"author":[{"embeddable":true,"href":"https:\/\/www.djurskyddet.se\/karlskrona\/wp-json\/wp\/v2\/users\/82"}],"replies":[{"embeddable":true,"href":"https:\/\/www.djurskyddet.se\/karlskrona\/wp-json\/wp\/v2\/comments?post=5617"}],"version-history":[{"count":18,"href":"https:\/\/www.djurskyddet.se\/karlskrona\/wp-json\/wp\/v2\/pages\/5617\/revisions"}],"predecessor-version":[{"id":5902,"href":"https:\/\/www.djurskyddet.se\/karlskrona\/wp-json\/wp\/v2\/pages\/5617\/revisions\/5902"}],"wp:attachment":[{"href":"https:\/\/www.djurskyddet.se\/karlskrona\/wp-json\/wp\/v2\/media?parent=5617"}],"curies":[{"name":"wp","href":"https:\/\/api.w.org\/{rel}","templated":true}]}}