{"id":5621,"date":"2025-09-22T12:45:46","date_gmt":"2025-09-22T12:45:46","guid":{"rendered":"https:\/\/www.djurskyddet.se\/karlskrona\/?page_id=5621"},"modified":"2025-10-29T15:17:23","modified_gmt":"2025-10-29T15:17:23","slug":"om-oss","status":"publish","type":"page","link":"https:\/\/www.djurskyddet.se\/karlskrona\/om-oss\/","title":{"rendered":"Om oss"},"content":{"rendered":"\n<p>Djurskyddet Karlskrona \u00e4r en ideell f\u00f6rening. Vi \u00e4r anslutna till  Djurskyddet Sverige. F\u00f6reningen kan ge r\u00e5d och st\u00f6d i olika situationer som r\u00f6r djur.<\/p>\n\n\n\n<figure class=\"wp-block-image size-full is-resized\"><img loading=\"lazy\" decoding=\"async\" width=\"1024\" height=\"1024\" src=\"https:\/\/www.djurskyddet.se\/karlskrona\/wp-content\/uploads\/sites\/61\/2025\/10\/IMG_3896.jpg\" alt=\"\" class=\"wp-image-5685\" style=\"width:293px;height:auto\" srcset=\"https:\/\/www.djurskyddet.se\/karlskrona\/wp-content\/uploads\/sites\/61\/2025\/10\/IMG_3896.jpg 1024w, https:\/\/www.djurskyddet.se\/karlskrona\/wp-content\/uploads\/sites\/61\/2025\/10\/IMG_3896-300x300.jpg 300w, https:\/\/www.djurskyddet.se\/karlskrona\/wp-content\/uploads\/sites\/61\/2025\/10\/IMG_3896-150x150.jpg 150w, https:\/\/www.djurskyddet.se\/karlskrona\/wp-content\/uploads\/sites\/61\/2025\/10\/IMG_3896-768x768.jpg 768w, https:\/\/www.djurskyddet.se\/karlskrona\/wp-content\/uploads\/sites\/61\/2025\/10\/IMG_3896-400x400.jpg 400w\" sizes=\"auto, (max-width: 1024px) 100vw, 1024px\" \/><\/figure>\n\n\n\n<h3 class=\"wp-block-heading\"><strong>Djurskyddet Sveriges vision<\/strong><\/h3>\n\n\n\n<p>\u00e4r ett samh\u00e4lle d\u00e4r m\u00e4nniskor visar respekt och medk\u00e4nsla f\u00f6r alla djur. Sedan 1897 har v\u00e5rt uppdrag varit att r\u00e4dda och skydda djur.&nbsp;<\/p>\n\n\n\n<p>V\u00e5rt m\u00e5l \u00e4r att alla djur erk\u00e4nns som k\u00e4nnande varelser och att alla djur har ett egenv\u00e4rde, samt att alla m\u00e4nniskor har ett empatiskt syns\u00e4tt och behandlar djuren utifr\u00e5n detta.&nbsp;<\/p>\n\n\n\n<p>Vi arbetar f\u00f6r att m\u00e4nniskan fortsatt ska kunna h\u00e5lla djur, under f\u00f6ruts\u00e4ttningen att djuren f\u00e5r leva ett gott liv med m\u00f6jlighet att kunna utf\u00f6ra sina naturliga beteenden och att de skyddas fr\u00e5n lidande. Vi vill ocks\u00e5 ha ett samh\u00e4lle d\u00e4r vilda djur respekteras och ses som en viktig del av ekosystemet.&nbsp;<\/p>\n\n\n\n<p>N\u00e4r djuren avlivas ska det ske snabbt och sm\u00e4rtfritt. Vi tar avst\u00e5nd fr\u00e5n l\u00e5nga och pl\u00e5gsamma transporter. Detta g\u00e4ller alla djur, oavsett om de lever vilt eller h\u00e5lls av m\u00e4nniskan. Om djurens v\u00e4lf\u00e4rd inte kan garanteras anser vi att m\u00e4nniskor inte har r\u00e4tt att h\u00e5lla djuren. Mot bakgrund av detta ser vi en framtid d\u00e4r m\u00e4nniskor konsumerar mindre animaliska produkter och betalar mer f\u00f6r dem f\u00f6r att m\u00f6jligg\u00f6ra en f\u00f6rb\u00e4ttrad djurv\u00e4lf\u00e4rd.&nbsp;<\/p>\n\n\n\n<p>Vi baserar v\u00e5ra st\u00e4llningstaganden p\u00e5 forskningsunderlag s\u00e5 l\u00e5ngt det \u00e4r m\u00f6jligt. I vissa fall saknas vetenskaplig evidens f\u00f6r att kunna s\u00e4ga vilken metod som \u00e4r b\u00e4st. I dessa fall kr\u00e4ver vi att det satsas p\u00e5 forskning f\u00f6r att ta fram alternativ.&nbsp;<\/p>\n\n\n\n<p>Vi arbetar l\u00e5ngsiktigt genom att p\u00e5verka lagar, regler och enskilda m\u00e4nniskor f\u00f6r att st\u00e4rka djurens skydd.&nbsp;<\/p>\n\n\n\n<p>Vi \u00e4r en partipolitiskt obunden organisation. Det inneb\u00e4r att organisationen inte \u00e4r ekonomiskt knuten till ett parti och att vi inte \u00e4r bundna till beslut som fattats av ett politiskt parti.&nbsp;<\/p>\n\n\n\n<p>Vi arbetar enbart med lagliga metoder och tar tydligt avst\u00e5nd fr\u00e5n alla typer av hot, intr\u00e5ng och annan brottslig verksamhet.&nbsp;<\/p>\n\n\n\n<p>L\u00e4nk till riksorganisationen <a href=\"http:\/\/www.djurskyddet.se\" data-type=\"link\" data-id=\"www.djurskyddet.se\">www.djurskyddet.se <\/a><\/p>\n\n\n\n<figure class=\"wp-block-image size-full is-resized\"><img loading=\"lazy\" decoding=\"async\" width=\"685\" height=\"1024\" src=\"https:\/\/www.djurskyddet.se\/karlskrona\/wp-content\/uploads\/sites\/61\/2025\/09\/Kossa_Large.jpg\" alt=\"\" class=\"wp-image-5636\" style=\"width:367px;height:auto\" srcset=\"https:\/\/www.djurskyddet.se\/karlskrona\/wp-content\/uploads\/sites\/61\/2025\/09\/Kossa_Large.jpg 685w, https:\/\/www.djurskyddet.se\/karlskrona\/wp-content\/uploads\/sites\/61\/2025\/09\/Kossa_Large-201x300.jpg 201w, https:\/\/www.djurskyddet.se\/karlskrona\/wp-content\/uploads\/sites\/61\/2025\/09\/Kossa_Large-400x598.jpg 400w\" sizes=\"auto, (max-width: 685px) 100vw, 685px\" \/><\/figure>\n\n\n\n<h3 class=\"wp-block-heading\"><strong>Djurskyddet Sveriges historia<\/strong>&nbsp;<\/h3>\n\n\n\n<p>Svenska Djurskyddsf\u00f6reningarnas Centralf\u00f6rbund grundades den 4 juni 1897 efter ett initiativ fr\u00e5n Karlskrona Allm\u00e4nna Djurskyddsf\u00f6rening. P\u00e5 ett m\u00f6te 1893 f\u00f6reslog Ernst Wadstein att Sveriges djurskyddsf\u00f6reningar skulle g\u00e5 samman f\u00f6r att f\u00e5 st\u00f6rre genomslagskraft. F\u00f6rslaget fick st\u00f6d fr\u00e5n 18 lokala f\u00f6reningar, och arbetet f\u00f6r att bilda en centralorganisation inleddes.&nbsp;<\/p>\n\n\n\n<p>\u00c5r 1939 bytte f\u00f6rbundet namn till Sveriges Djurskyddsf\u00f6reningars Riksf\u00f6rbund, och sedan 2004 heter det Djurskyddet Sverige. Vid tiden f\u00f6r namnbytet 1939 hade organisationen 67 medlemsf\u00f6reningar. Under 1950-talet valde n\u00e5gra av dessa, bland annat Svenska Djurskyddsf\u00f6reningen och F\u00f6rbundet Djurens R\u00e4tt, att l\u00e4mna f\u00f6rbundet och arbeta sj\u00e4lvst\u00e4ndigt. Djurskyddet Sverige samarbetar dock fortfarande med dem i viktiga djurskyddsfr\u00e5gor b\u00e5de nationellt och internationellt.&nbsp;<\/p>\n\n\n\n<figure class=\"wp-block-image size-full is-resized\"><img loading=\"lazy\" decoding=\"async\" width=\"1024\" height=\"684\" src=\"https:\/\/www.djurskyddet.se\/karlskrona\/wp-content\/uploads\/sites\/61\/2025\/09\/Griskulting-i-gras.jpg\" alt=\"\" class=\"wp-image-5622\" style=\"width:389px;height:auto\" srcset=\"https:\/\/www.djurskyddet.se\/karlskrona\/wp-content\/uploads\/sites\/61\/2025\/09\/Griskulting-i-gras.jpg 1024w, https:\/\/www.djurskyddet.se\/karlskrona\/wp-content\/uploads\/sites\/61\/2025\/09\/Griskulting-i-gras-300x200.jpg 300w, https:\/\/www.djurskyddet.se\/karlskrona\/wp-content\/uploads\/sites\/61\/2025\/09\/Griskulting-i-gras-768x513.jpg 768w, https:\/\/www.djurskyddet.se\/karlskrona\/wp-content\/uploads\/sites\/61\/2025\/09\/Griskulting-i-gras-400x267.jpg 400w\" sizes=\"auto, (max-width: 1024px) 100vw, 1024px\" \/><\/figure>\n\n\n\n<p><\/p>\n","protected":false},"excerpt":{"rendered":"<p>Djurskyddet Karlskrona \u00e4r en ideell f\u00f6rening. Vi \u00e4r anslutna till Djurskyddet Sverige. F\u00f6reningen kan ge r\u00e5d och st\u00f6d i olika situationer som r\u00f6r djur. Djurskyddet Sveriges vision \u00e4r ett samh\u00e4lle d\u00e4r m\u00e4nniskor visar respekt och medk\u00e4nsla f\u00f6r alla djur. Sedan 1897 har v\u00e5rt uppdrag varit att r\u00e4dda och skydda djur.&nbsp; V\u00e5rt m\u00e5l \u00e4r att alla djur erk\u00e4nns som k\u00e4nnande varelser och att alla djur har ett egenv\u00e4rde, samt att alla&hellip;<\/p>\n<p><a class=\"more-link\" href=\"https:\/\/www.djurskyddet.se\/karlskrona\/om-oss\/\" title=\"Continue reading &lsquo;Om oss&rsquo;\">L&auml;s mer<span class=\"meta-nav\">&raquo;<\/span><\/a><\/p>\n","protected":false},"author":82,"featured_media":0,"parent":0,"menu_order":0,"comment_status":"closed","ping_status":"closed","template":"","meta":{"_acf_changed":false,"footnotes":""},"class_list":["post-5621","page","type-page","status-publish","hentry"],"acf":[],"_links":{"self":[{"href":"https:\/\/www.djurskyddet.se\/karlskrona\/wp-json\/wp\/v2\/pages\/5621","targetHints":{"allow":["GET"]}}],"collection":[{"href":"https:\/\/www.djurskyddet.se\/karlskrona\/wp-json\/wp\/v2\/pages"}],"about":[{"href":"https:\/\/www.djurskyddet.se\/karlskrona\/wp-json\/wp\/v2\/types\/page"}],"author":[{"embeddable":true,"href":"https:\/\/www.djurskyddet.se\/karlskrona\/wp-json\/wp\/v2\/users\/82"}],"replies":[{"embeddable":true,"href":"https:\/\/www.djurskyddet.se\/karlskrona\/wp-json\/wp\/v2\/comments?post=5621"}],"version-history":[{"count":7,"href":"https:\/\/www.djurskyddet.se\/karlskrona\/wp-json\/wp\/v2\/pages\/5621\/revisions"}],"predecessor-version":[{"id":5887,"href":"https:\/\/www.djurskyddet.se\/karlskrona\/wp-json\/wp\/v2\/pages\/5621\/revisions\/5887"}],"wp:attachment":[{"href":"https:\/\/www.djurskyddet.se\/karlskrona\/wp-json\/wp\/v2\/media?parent=5621"}],"curies":[{"name":"wp","href":"https:\/\/api.w.org\/{rel}","templated":true}]}}