{"id":5664,"date":"2025-10-09T12:56:14","date_gmt":"2025-10-09T12:56:14","guid":{"rendered":"https:\/\/www.djurskyddet.se\/karlskrona\/?page_id=5664"},"modified":"2025-10-28T10:06:25","modified_gmt":"2025-10-28T10:06:25","slug":"omplacering","status":"publish","type":"page","link":"https:\/\/www.djurskyddet.se\/karlskrona\/omplacering\/","title":{"rendered":"Omplacering"},"content":{"rendered":"\n<p>Vi \u00e4r en ny f\u00f6rening och har inte kommit ig\u00e5ng \u00e4nnu med omplaceringsverksamhet. Vi beh\u00f6ver fler aktiva f\u00f6r att kunna komma ig\u00e5ng med denna verksamhet, kanske du \u00e4r intresserad? H\u00f6r av dig i s\u00e5 fall. <\/p>\n\n\n\n<p>Vi f\u00f6resl\u00e5r att ni kontakta n\u00e5gon av organisationerna nedan om ni beh\u00f6ver hj\u00e4lp eller har ett gott hem att erbjuda.<\/p>\n\n\n\n<p><a href=\"https:\/\/hundarutanhem.se\/\">Hundar Utan Hem | Vi ger hundar k\u00e4rleksfulla hem<\/a> <\/p>\n\n\n\n<figure class=\"wp-block-image size-full\"><img loading=\"lazy\" decoding=\"async\" width=\"362\" height=\"98\" src=\"https:\/\/www.djurskyddet.se\/karlskrona\/wp-content\/uploads\/sites\/61\/2025\/10\/image.png\" alt=\"\" class=\"wp-image-5665\" srcset=\"https:\/\/www.djurskyddet.se\/karlskrona\/wp-content\/uploads\/sites\/61\/2025\/10\/image.png 362w, https:\/\/www.djurskyddet.se\/karlskrona\/wp-content\/uploads\/sites\/61\/2025\/10\/image-300x81.png 300w\" sizes=\"auto, (max-width: 362px) 100vw, 362px\" \/><\/figure>\n\n\n\n<p><a href=\"https:\/\/www.smadjurschansen.se\/\">Sm\u00e5djurschansen | Ideell f\u00f6rening f\u00f6r sm\u00e5djurens v\u00e4l<\/a> <\/p>\n\n\n\n<figure class=\"wp-block-image size-full\"><img loading=\"lazy\" decoding=\"async\" width=\"169\" height=\"180\" src=\"https:\/\/www.djurskyddet.se\/karlskrona\/wp-content\/uploads\/sites\/61\/2025\/10\/image-1.png\" alt=\"\" class=\"wp-image-5666\" \/><\/figure>\n\n\n\n<p><a href=\"https:\/\/shv.org\/\">Hem &#8211; Svenska H\u00e4stars V\u00e4rn<\/a> <\/p>\n\n\n\n<figure class=\"wp-block-image size-full\"><img loading=\"lazy\" decoding=\"async\" width=\"374\" height=\"206\" src=\"https:\/\/www.djurskyddet.se\/karlskrona\/wp-content\/uploads\/sites\/61\/2025\/10\/image-2.png\" alt=\"\" class=\"wp-image-5667\" srcset=\"https:\/\/www.djurskyddet.se\/karlskrona\/wp-content\/uploads\/sites\/61\/2025\/10\/image-2.png 374w, https:\/\/www.djurskyddet.se\/karlskrona\/wp-content\/uploads\/sites\/61\/2025\/10\/image-2-300x165.png 300w\" sizes=\"auto, (max-width: 374px) 100vw, 374px\" \/><\/figure>\n\n\n\n<p><a href=\"https:\/\/kks.nu\/\">Kattkommando Syd \u2013 Vi r\u00e4ddar liv \u2013 varje dag!<\/a> <\/p>\n\n\n\n<figure class=\"wp-block-image size-full\"><img loading=\"lazy\" decoding=\"async\" width=\"181\" height=\"75\" src=\"https:\/\/www.djurskyddet.se\/karlskrona\/wp-content\/uploads\/sites\/61\/2025\/10\/image-3.png\" alt=\"\" class=\"wp-image-5668\" \/><\/figure>\n\n\n\n<p><a href=\"https:\/\/spcasweden.se\/adoptera\/\">Adoptera \u2013 SPCA Sweden<\/a> <\/p>\n\n\n\n<figure class=\"wp-block-image size-full\"><img loading=\"lazy\" decoding=\"async\" width=\"1024\" height=\"308\" src=\"https:\/\/www.djurskyddet.se\/karlskrona\/wp-content\/uploads\/sites\/61\/2025\/10\/image-4.png\" alt=\"\" class=\"wp-image-5669\" srcset=\"https:\/\/www.djurskyddet.se\/karlskrona\/wp-content\/uploads\/sites\/61\/2025\/10\/image-4.png 1024w, https:\/\/www.djurskyddet.se\/karlskrona\/wp-content\/uploads\/sites\/61\/2025\/10\/image-4-300x90.png 300w, https:\/\/www.djurskyddet.se\/karlskrona\/wp-content\/uploads\/sites\/61\/2025\/10\/image-4-768x231.png 768w, https:\/\/www.djurskyddet.se\/karlskrona\/wp-content\/uploads\/sites\/61\/2025\/10\/image-4-400x120.png 400w\" sizes=\"auto, (max-width: 1024px) 100vw, 1024px\" \/><\/figure>\n\n\n\n<p><a href=\"https:\/\/tamfagel.se\/Omplacering.htm\">Tamf\u00e5gel.se &#8211; Tamf\u00e5gel\u00e4gares guide p\u00e5 Internet<\/a>  <\/p>\n\n\n\n<figure class=\"wp-block-image size-full\"><img loading=\"lazy\" decoding=\"async\" width=\"180\" height=\"180\" src=\"https:\/\/www.djurskyddet.se\/karlskrona\/wp-content\/uploads\/sites\/61\/2025\/10\/image-5.png\" alt=\"\" class=\"wp-image-5670\" srcset=\"https:\/\/www.djurskyddet.se\/karlskrona\/wp-content\/uploads\/sites\/61\/2025\/10\/image-5.png 180w, https:\/\/www.djurskyddet.se\/karlskrona\/wp-content\/uploads\/sites\/61\/2025\/10\/image-5-150x150.png 150w\" sizes=\"auto, (max-width: 180px) 100vw, 180px\" \/><\/figure>\n\n\n\n<p><\/p>\n\n\n\n<p> <a href=\"http:\/\/www.hundstallet.se\/\">http:\/\/www.hundstallet.se\/<\/a>  <\/p>\n\n\n\n<figure class=\"wp-block-image\"><img decoding=\"async\" src=\"https:\/\/hundstallet.se\/assets\/images\/logo-desktop.svg\" alt=\"Hunstallet\" \/><\/figure>\n\n\n\n<figure class=\"wp-block-embed is-type-wp-embed is-provider-r-tthj-lpen wp-block-embed-r-tthj-lpen\"><div class=\"wp-block-embed__wrapper\">\n<blockquote class=\"wp-embedded-content\" data-secret=\"7YTrSqUqXA\"><a href=\"https:\/\/ratthjalpen.se\/\"><\/a><\/blockquote><iframe loading=\"lazy\" class=\"wp-embedded-content\" sandbox=\"allow-scripts\" security=\"restricted\" style=\"position: absolute; visibility: hidden;\" title=\"\u201d\u201d &ndash; R\u00e5tthj\u00e4lpen\" src=\"https:\/\/ratthjalpen.se\/embed\/#?secret=JPxPXXAzGs#?secret=7YTrSqUqXA\" data-secret=\"7YTrSqUqXA\" width=\"600\" height=\"338\" frameborder=\"0\" marginwidth=\"0\" marginheight=\"0\" scrolling=\"no\"><\/iframe>\n<\/div><\/figure>\n\n\n\n<p><a href=\"https:\/\/www.facebook.com\/p\/Lilla-Holje-Djurhem-100070844397278\/\">Lilla Holje Djurhem | Olofstr\u00f6m | Facebook<\/a>  omplacerar katter.<\/p>\n\n\n\n<p><a href=\"https:\/\/www.skvf.se\/omplacering\/\">Omplacering | skvf.se<\/a>  <\/p>\n\n\n\n<figure class=\"wp-block-image size-full\"><img loading=\"lazy\" decoding=\"async\" width=\"201\" height=\"135\" src=\"https:\/\/www.djurskyddet.se\/karlskrona\/wp-content\/uploads\/sites\/61\/2025\/10\/image-13.png\" alt=\"\" class=\"wp-image-5734\" \/><\/figure>\n\n\n\n<figure class=\"wp-block-image size-full is-resized\"><img loading=\"lazy\" decoding=\"async\" width=\"1024\" height=\"1024\" src=\"https:\/\/www.djurskyddet.se\/karlskrona\/wp-content\/uploads\/sites\/61\/2025\/10\/IMG_3894.jpg\" alt=\"\" class=\"wp-image-5683\" style=\"width:415px;height:auto\" srcset=\"https:\/\/www.djurskyddet.se\/karlskrona\/wp-content\/uploads\/sites\/61\/2025\/10\/IMG_3894.jpg 1024w, https:\/\/www.djurskyddet.se\/karlskrona\/wp-content\/uploads\/sites\/61\/2025\/10\/IMG_3894-300x300.jpg 300w, https:\/\/www.djurskyddet.se\/karlskrona\/wp-content\/uploads\/sites\/61\/2025\/10\/IMG_3894-150x150.jpg 150w, https:\/\/www.djurskyddet.se\/karlskrona\/wp-content\/uploads\/sites\/61\/2025\/10\/IMG_3894-768x768.jpg 768w, https:\/\/www.djurskyddet.se\/karlskrona\/wp-content\/uploads\/sites\/61\/2025\/10\/IMG_3894-400x400.jpg 400w\" sizes=\"auto, (max-width: 1024px) 100vw, 1024px\" \/><\/figure>\n\n\n\n<p><\/p>\n","protected":false},"excerpt":{"rendered":"<p>Vi \u00e4r en ny f\u00f6rening och har inte kommit ig\u00e5ng \u00e4nnu med omplaceringsverksamhet. Vi beh\u00f6ver fler aktiva f\u00f6r att kunna komma ig\u00e5ng med denna verksamhet, kanske du \u00e4r intresserad? H\u00f6r av dig i s\u00e5 fall. Vi f\u00f6resl\u00e5r att ni kontakta n\u00e5gon av organisationerna nedan om ni beh\u00f6ver hj\u00e4lp eller har ett gott hem att erbjuda. Hundar Utan Hem | Vi ger hundar k\u00e4rleksfulla hem Sm\u00e5djurschansen | Ideell f\u00f6rening f\u00f6r sm\u00e5djurens&hellip;<\/p>\n<p><a class=\"more-link\" href=\"https:\/\/www.djurskyddet.se\/karlskrona\/omplacering\/\" title=\"Continue reading &lsquo;Omplacering&rsquo;\">L&auml;s mer<span class=\"meta-nav\">&raquo;<\/span><\/a><\/p>\n","protected":false},"author":82,"featured_media":0,"parent":0,"menu_order":0,"comment_status":"closed","ping_status":"closed","template":"","meta":{"_acf_changed":false,"footnotes":""},"class_list":["post-5664","page","type-page","status-publish","hentry"],"acf":[],"_links":{"self":[{"href":"https:\/\/www.djurskyddet.se\/karlskrona\/wp-json\/wp\/v2\/pages\/5664","targetHints":{"allow":["GET"]}}],"collection":[{"href":"https:\/\/www.djurskyddet.se\/karlskrona\/wp-json\/wp\/v2\/pages"}],"about":[{"href":"https:\/\/www.djurskyddet.se\/karlskrona\/wp-json\/wp\/v2\/types\/page"}],"author":[{"embeddable":true,"href":"https:\/\/www.djurskyddet.se\/karlskrona\/wp-json\/wp\/v2\/users\/82"}],"replies":[{"embeddable":true,"href":"https:\/\/www.djurskyddet.se\/karlskrona\/wp-json\/wp\/v2\/comments?post=5664"}],"version-history":[{"count":4,"href":"https:\/\/www.djurskyddet.se\/karlskrona\/wp-json\/wp\/v2\/pages\/5664\/revisions"}],"predecessor-version":[{"id":5853,"href":"https:\/\/www.djurskyddet.se\/karlskrona\/wp-json\/wp\/v2\/pages\/5664\/revisions\/5853"}],"wp:attachment":[{"href":"https:\/\/www.djurskyddet.se\/karlskrona\/wp-json\/wp\/v2\/media?parent=5664"}],"curies":[{"name":"wp","href":"https:\/\/api.w.org\/{rel}","templated":true}]}}