{"id":5701,"date":"2025-10-09T15:04:19","date_gmt":"2025-10-09T15:04:19","guid":{"rendered":"https:\/\/www.djurskyddet.se\/karlskrona\/?page_id=5701"},"modified":"2025-10-29T15:18:34","modified_gmt":"2025-10-29T15:18:34","slug":"efterlysning","status":"publish","type":"page","link":"https:\/\/www.djurskyddet.se\/karlskrona\/efterlysning\/","title":{"rendered":"Efterlysning"},"content":{"rendered":"\n<h3 class=\"wp-block-heading\"><strong>Om du hittar en hund eller katt<\/strong><\/h3>\n\n\n\n<p>Unders\u00f6k f\u00f6rst om djuret \u00e4r ID-m\u00e4rkt, tatuering i \u00f6rat eller \u00e4r chippad!<br>Veterin\u00e4r och polis kan hj\u00e4lpa till att l\u00e4sa av ett chip.<br>Finns det en m\u00e4rkning kolla med&nbsp;<a href=\"https:\/\/hundar.skk.se\/agarreg\">https:\/\/hundar.skk.se\/agarreg<\/a> H\u00e4r kan du l\u00e4sa mer om hur du som djur\u00e4gare kan f\u00e5 hj\u00e4lp med att hitta ett bortsprunget djur. <\/p>\n\n\n\n<p>Telefonnummer till SKK \u00e4garregister 08-795 30 50<\/p>\n\n\n\n<p>Har du hittat en bortsprungen hund eller katt kan du med registrets hj\u00e4lp f\u00f6rs\u00f6ka sp\u00e5ra \u00e4garen dygnet runt. Registret \u00e4r kopplat till europetnet som g\u00f6r det s\u00f6kbart i Europa. <a href=\"https:\/\/www.europetnet.org\/\">Europetnet &#8211; Europe&#8217;s Pet Portal<\/a><\/p>\n\n\n\n<p>Det \u00e4r lag p\u00e5 att registrera sin hund eller katt. Det kan underl\u00e4tta att \u00e5terf\u00e5 sitt djur om det kommit bort.<\/p>\n\n\n\n<p><a href=\"https:\/\/jordbruksverket.se\/e-tjanster-databaser-och-appar\/e-tjanster-och-databaser-djur\/kattregistret\/kattregistret---registrera-katt\">Kattregistret &#8211; Jordbruksverket.se<\/a>   <\/p>\n\n\n\n<p><a href=\"https:\/\/jordbruksverket.se\/e-tjanster-databaser-och-appar\/e-tjanster-och-databaser-djur\/hundregistret\/hundregistret---registrera-och-andra-uppgifter-om-hund-och-agare\">Hundregistret &#8211; registrera och \u00e4ndra uppgifter om hundar och \u00e4gare &#8211; Jordbruksverket.se<\/a><\/p>\n\n\n\n<p>\u00c4ven SVERAK har ett \u00e4garregister.<\/p>\n\n\n\n<p><a href=\"https:\/\/www.id-registret.se\/#:~:text=Kattf%C3%B6rbundet%20SVERAKs%20nationella%20ID-register%20anv%C3%A4nds%20dagligen%20f%C3%B6r%20att,ID-registret.se%20kan%20ocks%C3%A5%20best%C3%A4lla%20ett%20Registreringsbevis%20i%20pappersformat.\">Kattf\u00f6rbundet SVERAKs ID-register &#8211; Hj\u00e4lper din katt att hitta hem!<\/a><\/p>\n\n\n\n<figure class=\"wp-block-image size-full is-resized\"><img loading=\"lazy\" decoding=\"async\" width=\"1024\" height=\"681\" src=\"https:\/\/www.djurskyddet.se\/karlskrona\/wp-content\/uploads\/sites\/61\/2025\/09\/Hundar-leker.jpg\" alt=\"\" class=\"wp-image-5628\" style=\"width:423px;height:auto\" srcset=\"https:\/\/www.djurskyddet.se\/karlskrona\/wp-content\/uploads\/sites\/61\/2025\/09\/Hundar-leker.jpg 1024w, https:\/\/www.djurskyddet.se\/karlskrona\/wp-content\/uploads\/sites\/61\/2025\/09\/Hundar-leker-300x200.jpg 300w, https:\/\/www.djurskyddet.se\/karlskrona\/wp-content\/uploads\/sites\/61\/2025\/09\/Hundar-leker-768x511.jpg 768w, https:\/\/www.djurskyddet.se\/karlskrona\/wp-content\/uploads\/sites\/61\/2025\/09\/Hundar-leker-400x266.jpg 400w\" sizes=\"auto, (max-width: 1024px) 100vw, 1024px\" \/><\/figure>\n\n\n\n<p><\/p>\n\n\n\n<blockquote class=\"wp-block-quote is-layout-flow wp-block-quote-is-layout-flow\">\n<blockquote class=\"wp-block-quote is-layout-flow wp-block-quote-is-layout-flow\">\n<p style=\"font-size:48px\"><\/p>\n<\/blockquote>\n\n\n\n<p><\/p>\n\n\n\n<p><\/p>\n\n\n\n<p><\/p>\n\n\n\n<p><\/p>\n<\/blockquote>\n\n\n\n<p>Att leta efter sin katt \u00e4r ibland som att leta efter \u201den n\u00e5l i en h\u00f6stack\u201d. \u00c4r katten dessutom om\u00e4rkt \u00e4r det \u00e4nnu sv\u00e5rare. I VILSE kan du filtrera s\u00f6kningar efter k\u00f6n, f\u00e4rg, p\u00e4lsl\u00e4ngd, geografi (plats).<\/p>\n\n\n\n<p>Svekatt-Svenska kattskyddsf\u00f6rbundet \u00e4r ett rikst\u00e4ckande f\u00f6rbund som erk\u00e4nner alla katters lika v\u00e4rde och r\u00e4tt till ett gott liv.<\/p>\n\n\n\n<p><strong>Vilse.nu<\/strong> en sajt f\u00f6r bortsprungna och upphittade katter, utvecklad av SVEKATT:&nbsp;<a href=\"http:\/\/www.vilse.nu\/\" target=\"_blank\" rel=\"noreferrer noopener\">www.vilse.nu<\/a><\/p>\n\n\n\n<p>Email:&nbsp;<a href=\"mailto:info@svekatt.se\">info@svekatt.se<\/a>  <\/p>\n\n\n\n<figure class=\"wp-block-image size-full\"><img loading=\"lazy\" decoding=\"async\" width=\"260\" height=\"45\" src=\"https:\/\/www.djurskyddet.se\/karlskrona\/wp-content\/uploads\/sites\/61\/2025\/10\/image-6.png\" alt=\"\" class=\"wp-image-5702\" \/><\/figure>\n\n\n\n<p><\/p>\n\n\n\n<figure class=\"wp-block-image size-full is-resized\"><img loading=\"lazy\" decoding=\"async\" width=\"1024\" height=\"683\" src=\"https:\/\/www.djurskyddet.se\/karlskrona\/wp-content\/uploads\/sites\/61\/2025\/09\/Katt-vinterskog_LARGE.jpg\" alt=\"\" class=\"wp-image-5634\" style=\"width:324px;height:auto\" srcset=\"https:\/\/www.djurskyddet.se\/karlskrona\/wp-content\/uploads\/sites\/61\/2025\/09\/Katt-vinterskog_LARGE.jpg 1024w, https:\/\/www.djurskyddet.se\/karlskrona\/wp-content\/uploads\/sites\/61\/2025\/09\/Katt-vinterskog_LARGE-300x200.jpg 300w, https:\/\/www.djurskyddet.se\/karlskrona\/wp-content\/uploads\/sites\/61\/2025\/09\/Katt-vinterskog_LARGE-768x512.jpg 768w, https:\/\/www.djurskyddet.se\/karlskrona\/wp-content\/uploads\/sites\/61\/2025\/09\/Katt-vinterskog_LARGE-400x267.jpg 400w\" sizes=\"auto, (max-width: 1024px) 100vw, 1024px\" \/><\/figure>\n\n\n\n<h3 class=\"wp-block-heading\"><strong>F\u00f6r&nbsp;att&nbsp;hitta&nbsp;en&nbsp;bortsprungen&nbsp;hund eller katt&nbsp;kan&nbsp;du&nbsp;f\u00f6lja&nbsp;dessa&nbsp;steg:<\/strong><\/h3>\n\n\n\n<ul class=\"wp-block-list\">\n<li>Kontakta lokala djurskyddsorganisationer och myndigheter f\u00f6r att rapportera djuret saknad.<\/li>\n\n\n\n<li>Sprid information genom att dela bilder och beskrivningar av djuret p\u00e5 sociala medier och i lokala grupper.<\/li>\n\n\n\n<li>Anv\u00e4nd viktiga telefonnummer och resurser som tillhandah\u00e5lls av Svenska kennelklubben f\u00f6r att f\u00e5 hj\u00e4lp.<\/li>\n\n\n\n<li>S\u00f6k i ditt n\u00e4romr\u00e5de och prata med grannar.<\/li>\n<\/ul>\n\n\n\n<p><a href=\"https:\/\/hunds.se\/bortsprungen-hund\/sa-har-hittar-du-din-bortsprungna-hund-experternas-basta-tips\/\">Hitta din bortsprungna hund &#8211; experternas s\u00e4kraste tips &#8211; hunds.se<\/a> <\/p>\n\n\n\n<p>Du kan naturligtvis g\u00f6ra p\u00e5 samma s\u00e4tt om du f\u00f6rlorar ett djur av annan art. Dock finns de inte registrerade hos Svenska kennelklubben m.fl. Du kan \u00e4ven id-m\u00e4rka din kanin. L\u00e4s mer om det h\u00e4r:<\/p>\n\n\n\n<p><a href=\"https:\/\/www.agria.se\/smadjur\/artiklar\/skotsel-och-vard\/id-markning-kanin\/\">ID-m\u00e4rkning av kanin &#8211; Agria Djurf\u00f6rs\u00e4kring<\/a> <\/p>\n\n\n\n<p><a href=\"https:\/\/www.skvf.se\/kaninregistret\/\">Kaninregistret | skvf.se<\/a><\/p>\n\n\n\n<figure class=\"wp-block-image size-full is-resized\"><img loading=\"lazy\" decoding=\"async\" width=\"540\" height=\"675\" src=\"https:\/\/www.djurskyddet.se\/karlskrona\/wp-content\/uploads\/sites\/61\/2025\/10\/IMG_3900.jpg\" alt=\"\" class=\"wp-image-5689\" style=\"width:286px;height:auto\" srcset=\"https:\/\/www.djurskyddet.se\/karlskrona\/wp-content\/uploads\/sites\/61\/2025\/10\/IMG_3900.jpg 540w, https:\/\/www.djurskyddet.se\/karlskrona\/wp-content\/uploads\/sites\/61\/2025\/10\/IMG_3900-240x300.jpg 240w, https:\/\/www.djurskyddet.se\/karlskrona\/wp-content\/uploads\/sites\/61\/2025\/10\/IMG_3900-400x500.jpg 400w\" sizes=\"auto, (max-width: 540px) 100vw, 540px\" \/><\/figure>\n\n\n\n<p><\/p>\n","protected":false},"excerpt":{"rendered":"<p>Om du hittar en hund eller katt Unders\u00f6k f\u00f6rst om djuret \u00e4r ID-m\u00e4rkt, tatuering i \u00f6rat eller \u00e4r chippad!Veterin\u00e4r och polis kan hj\u00e4lpa till att l\u00e4sa av ett chip.Finns det en m\u00e4rkning kolla med&nbsp;https:\/\/hundar.skk.se\/agarreg H\u00e4r kan du l\u00e4sa mer om hur du som djur\u00e4gare kan f\u00e5 hj\u00e4lp med att hitta ett bortsprunget djur. Telefonnummer till SKK \u00e4garregister 08-795 30 50 Har du hittat en bortsprungen hund eller katt kan du&hellip;<\/p>\n<p><a class=\"more-link\" href=\"https:\/\/www.djurskyddet.se\/karlskrona\/efterlysning\/\" title=\"Continue reading &lsquo;Efterlysning&rsquo;\">L&auml;s mer<span class=\"meta-nav\">&raquo;<\/span><\/a><\/p>\n","protected":false},"author":82,"featured_media":0,"parent":0,"menu_order":0,"comment_status":"closed","ping_status":"closed","template":"","meta":{"_acf_changed":false,"footnotes":""},"class_list":["post-5701","page","type-page","status-publish","hentry"],"acf":[],"_links":{"self":[{"href":"https:\/\/www.djurskyddet.se\/karlskrona\/wp-json\/wp\/v2\/pages\/5701","targetHints":{"allow":["GET"]}}],"collection":[{"href":"https:\/\/www.djurskyddet.se\/karlskrona\/wp-json\/wp\/v2\/pages"}],"about":[{"href":"https:\/\/www.djurskyddet.se\/karlskrona\/wp-json\/wp\/v2\/types\/page"}],"author":[{"embeddable":true,"href":"https:\/\/www.djurskyddet.se\/karlskrona\/wp-json\/wp\/v2\/users\/82"}],"replies":[{"embeddable":true,"href":"https:\/\/www.djurskyddet.se\/karlskrona\/wp-json\/wp\/v2\/comments?post=5701"}],"version-history":[{"count":17,"href":"https:\/\/www.djurskyddet.se\/karlskrona\/wp-json\/wp\/v2\/pages\/5701\/revisions"}],"predecessor-version":[{"id":5888,"href":"https:\/\/www.djurskyddet.se\/karlskrona\/wp-json\/wp\/v2\/pages\/5701\/revisions\/5888"}],"wp:attachment":[{"href":"https:\/\/www.djurskyddet.se\/karlskrona\/wp-json\/wp\/v2\/media?parent=5701"}],"curies":[{"name":"wp","href":"https:\/\/api.w.org\/{rel}","templated":true}]}}