{"id":5739,"date":"2025-10-11T13:11:05","date_gmt":"2025-10-11T13:11:05","guid":{"rendered":"https:\/\/www.djurskyddet.se\/karlskrona\/?page_id=5739"},"modified":"2025-10-29T15:22:22","modified_gmt":"2025-10-29T15:22:22","slug":"vilda-djur-och-faglar","status":"publish","type":"page","link":"https:\/\/www.djurskyddet.se\/karlskrona\/vilda-djur-och-faglar\/","title":{"rendered":"Vilda djur och f\u00e5glar"},"content":{"rendered":"\n<h3 class=\"wp-block-heading\"><strong>Om du hittar en f\u00e5gel eller vilt.<\/strong><\/h3>\n\n\n\n<p>Det \u00e4r viktigt att komma ih\u00e5g att \u00e4ven om en f\u00e5gelunge verkar ensam och \u00f6vergiven, \u00e4r oftast f\u00f6r\u00e4ldrarna i n\u00e4rheten, de kommer tillbaka till sin unge n\u00e4r det \u00e4r lugnt och s\u00e4kert. Om du \u00e4r os\u00e4ker v\u00e4nta en l\u00e4ngre tid innan du kontaktar en myndighet.<\/p>\n\n\n\n<p><strong>F\u00f6r mer information kring \u00f6vergivna\/skadade ungar kan du l\u00e4sa p\u00e5:<\/strong><br><a href=\"https:\/\/www.naturskyddsforeningen.se\/vad-du-kan-gora\/har-du-hittat-overgivet-djur\" target=\"_blank\" rel=\"noreferrer noopener\">Naturskyddsf\u00f6reningens hemsida<\/a><br><a href=\"https:\/\/www.lansstyrelsen.se\/blekinge\/djur\/rad-om-vilda-djur.html\" target=\"_blank\" rel=\"noreferrer noopener\">L\u00e4nsstyrelsen i Blekinge<\/a><\/p>\n\n\n\n<p><strong>Vilda djur f\u00e5r&nbsp;bara h\u00e5llas i 48 timmar<\/strong>&nbsp;och f\u00e5r aldrig h\u00e5llas i f\u00e5ngenskap oavsett om de \u00e4r skadade eller ej!<\/p>\n\n\n\n<figure class=\"wp-block-image size-full is-resized\"><img loading=\"lazy\" decoding=\"async\" width=\"1024\" height=\"683\" src=\"https:\/\/www.djurskyddet.se\/karlskrona\/wp-content\/uploads\/sites\/61\/2025\/09\/mink-vinter.jpg\" alt=\"\" class=\"wp-image-5638\" style=\"width:363px;height:auto\" srcset=\"https:\/\/www.djurskyddet.se\/karlskrona\/wp-content\/uploads\/sites\/61\/2025\/09\/mink-vinter.jpg 1024w, https:\/\/www.djurskyddet.se\/karlskrona\/wp-content\/uploads\/sites\/61\/2025\/09\/mink-vinter-300x200.jpg 300w, https:\/\/www.djurskyddet.se\/karlskrona\/wp-content\/uploads\/sites\/61\/2025\/09\/mink-vinter-768x512.jpg 768w, https:\/\/www.djurskyddet.se\/karlskrona\/wp-content\/uploads\/sites\/61\/2025\/09\/mink-vinter-400x267.jpg 400w\" sizes=\"auto, (max-width: 1024px) 100vw, 1024px\" \/><\/figure>\n\n\n\n<h3 class=\"wp-block-heading\"><strong>Vid akuta fall kontakta:<\/strong><\/h3>\n\n\n\n<h4 class=\"wp-block-heading\"><strong>Katastrofhj\u00e4lp f\u00f6r f\u00e5glar och vilt<\/strong><\/h4>\n\n\n\n<p><strong>Karlskrona<\/strong><br>Ann Sofie Sandberg, Karlskrona<br>Tel: 0455-189 99 Mobil 073-631 79 29<br>E-post:&nbsp;<a href=\"http:\/\/annsofi.sandberg2@gmail.com\/\">annsofi.sandberg2@gmail.com&nbsp;<\/a><\/p>\n\n\n\n<p><strong>Ramdala<\/strong><br>Lars G\u00f6ransson, Ramdala<br>Tel: 0455-419 69 Mobil: 073-342 57 63<br>E-post&nbsp;<a href=\"mailto:larsgoransson2009@hotmail.com\">larsgoransson2009@hotmail.com<\/a><\/p>\n\n\n\n<p><strong>S\u00f6lvesborg<\/strong><br>Djurslag<br>Alla f\u00e5glar, hare, ekorre, igelkott<\/p>\n\n\n\n<p>Bengt Arne Nilsson, S\u00f6lvesborg<br><strong>Vid f\u00f6rfr\u00e5gan<\/strong><br>SMS: a&nbsp;<strong>Mobil: 073-043 34 50<\/strong><br>Alternativt maila: E-post:&nbsp;<a>bengt-arne.nilsson@lyckeby.com<\/a><\/p>\n\n\n\n<h4 class=\"wp-block-heading\"><strong>Fr\u00e5gor ang\u00e5ende Duvor:<\/strong><\/h4>\n\n\n\n<p><strong>Bengt Nordstand<\/strong><br>Mobil: 0701-49 59 63.<\/p>\n\n\n\n<p><strong>Asarum<\/strong><br>Kottebyns Viltrehabilitering<\/p>\n\n\n\n<p>Djurslag<br>Igelkottar i alla \u00e5ldrar<\/p>\n\n\n\n<p>Cecilia Ockedal,&nbsp; Domarev\u00e4gen 10, Asarum<br>Mobil: 073-756 42 95<br>Faceboksida:&nbsp;<a href=\"http:\/\/www.facebook.com\/search\/top?q=kottebyns%20viltrehabilitering\">http:\/\/www.facebook.com\/search\/top?q=kottebyns viltrehabilitering<\/a><\/p>\n\n\n\n<p><a href=\"http:\/\/www.kfv-riks.se\/Kontakt\">http:\/\/www.kfv-riks.se\/Kontakt<\/a><\/p>\n\n\n\n<p>Om du \u00e4r os\u00e4ker p\u00e5 vart du ska v\u00e4nda dig kan du alltid ringa l\u00e4nsstyrelsen i det l\u00e4n du befinner dig.<\/p>\n\n\n\n<figure class=\"wp-block-image size-full is-resized\"><img loading=\"lazy\" decoding=\"async\" width=\"683\" height=\"1024\" src=\"https:\/\/www.djurskyddet.se\/karlskrona\/wp-content\/uploads\/sites\/61\/2025\/09\/Igelkott_XLarge_Hostlov.jpg\" alt=\"\" class=\"wp-image-5630\" style=\"width:251px;height:auto\" srcset=\"https:\/\/www.djurskyddet.se\/karlskrona\/wp-content\/uploads\/sites\/61\/2025\/09\/Igelkott_XLarge_Hostlov.jpg 683w, https:\/\/www.djurskyddet.se\/karlskrona\/wp-content\/uploads\/sites\/61\/2025\/09\/Igelkott_XLarge_Hostlov-200x300.jpg 200w, https:\/\/www.djurskyddet.se\/karlskrona\/wp-content\/uploads\/sites\/61\/2025\/09\/Igelkott_XLarge_Hostlov-400x600.jpg 400w\" sizes=\"auto, (max-width: 683px) 100vw, 683px\" \/><\/figure>\n\n\n\n<h3 class=\"wp-block-heading\" id=\"om-olyckan-ar-framme-och-du-kor-pa-ett-djur\"><strong>Om olyckan \u00e4r framme och du k\u00f6r p\u00e5 ett djur:<\/strong><\/h3>\n\n\n\n<p>Du f\u00e5r som f\u00f6rare<strong>&nbsp;INTE<\/strong>&nbsp;avliva den f\u00f6r att f\u00f6rkorta dess lidande. Djuret kan se sv\u00e5rt skadad ut men g\u00e5r \u00e4nd\u00e5 att r\u00e4dda med r\u00e4tt behandling. En veterin\u00e4r eller polisen m\u00e5ste g\u00f6ra bed\u00f6mningen om den ska avlivas p\u00e5 plats. Du har skyldighet att som f\u00f6rare anm\u00e4la olyckan till polisen. Att avvika fr\u00e5n platsen r\u00e4knas som smitning och \u00e4r straffbart.<br><\/p>\n\n\n\n<p><strong>Hj\u00e4lp med transport av djur:<\/strong><a href=\"https:\/\/www.svenskadjurambulansen.se\/\" target=\"_blank\" rel=\"noreferrer noopener\">https:\/\/www.svenskadjurambulansen.se\/<\/a>, 0771 \u2013 999 112<\/p>\n\n\n\n<h4 class=\"wp-block-heading\"><strong>Exempel p\u00e5 vad de kan hj\u00e4lpa till med:<\/strong><\/h4>\n\n\n\n<ul class=\"wp-block-list\">\n<li>Du har ett akut sjukt eller skadat husdjur och beh\u00f6ver hj\u00e4lp med transport.<\/li>\n\n\n\n<li>Du har hittat en skadad f\u00e5gel, igelkott eller ekorre.  ( OBS! Larm eller fr\u00e5gor kring utryckningar skall alltid ringas in.)<\/li>\n<\/ul>\n\n\n\n<p>Vi menar att alla djur fyller en funktion i ekosystemet och v\u00e4rnar s\u00e4rskilt utrotningshotade djur. Vi kr\u00e4ver skonsamma jaktmetoder och att rovdjursangrepp f\u00f6rebyggs med st\u00e4ngsel och annat skydd ist\u00e4llet f\u00f6r att djuren skjuts.<\/p>\n\n\n\n<p><a href=\"https:\/\/jaktkritikerna.se\/\">Jaktkritikerna &#8211; P\u00e5 de jagade djurens sida<\/a> Intresseorganisation som jobbar f\u00f6r de vilda djuren. <\/p>\n\n\n\n<figure class=\"wp-block-image size-full\"><img loading=\"lazy\" decoding=\"async\" width=\"290\" height=\"163\" src=\"https:\/\/www.djurskyddet.se\/karlskrona\/wp-content\/uploads\/sites\/61\/2025\/10\/varg-genomgangssida.jpg\" alt=\"\" class=\"wp-image-5828\" \/><\/figure>\n","protected":false},"excerpt":{"rendered":"<p>Om du hittar en f\u00e5gel eller vilt. Det \u00e4r viktigt att komma ih\u00e5g att \u00e4ven om en f\u00e5gelunge verkar ensam och \u00f6vergiven, \u00e4r oftast f\u00f6r\u00e4ldrarna i n\u00e4rheten, de kommer tillbaka till sin unge n\u00e4r det \u00e4r lugnt och s\u00e4kert. Om du \u00e4r os\u00e4ker v\u00e4nta en l\u00e4ngre tid innan du kontaktar en myndighet. F\u00f6r mer information kring \u00f6vergivna\/skadade ungar kan du l\u00e4sa p\u00e5:Naturskyddsf\u00f6reningens hemsidaL\u00e4nsstyrelsen i Blekinge Vilda djur f\u00e5r&nbsp;bara h\u00e5llas i&hellip;<\/p>\n<p><a class=\"more-link\" href=\"https:\/\/www.djurskyddet.se\/karlskrona\/vilda-djur-och-faglar\/\" title=\"Continue reading &lsquo;Vilda djur och f\u00e5glar&rsquo;\">L&auml;s mer<span class=\"meta-nav\">&raquo;<\/span><\/a><\/p>\n","protected":false},"author":82,"featured_media":0,"parent":0,"menu_order":0,"comment_status":"closed","ping_status":"closed","template":"","meta":{"_acf_changed":false,"footnotes":""},"class_list":["post-5739","page","type-page","status-publish","hentry"],"acf":[],"_links":{"self":[{"href":"https:\/\/www.djurskyddet.se\/karlskrona\/wp-json\/wp\/v2\/pages\/5739","targetHints":{"allow":["GET"]}}],"collection":[{"href":"https:\/\/www.djurskyddet.se\/karlskrona\/wp-json\/wp\/v2\/pages"}],"about":[{"href":"https:\/\/www.djurskyddet.se\/karlskrona\/wp-json\/wp\/v2\/types\/page"}],"author":[{"embeddable":true,"href":"https:\/\/www.djurskyddet.se\/karlskrona\/wp-json\/wp\/v2\/users\/82"}],"replies":[{"embeddable":true,"href":"https:\/\/www.djurskyddet.se\/karlskrona\/wp-json\/wp\/v2\/comments?post=5739"}],"version-history":[{"count":15,"href":"https:\/\/www.djurskyddet.se\/karlskrona\/wp-json\/wp\/v2\/pages\/5739\/revisions"}],"predecessor-version":[{"id":5893,"href":"https:\/\/www.djurskyddet.se\/karlskrona\/wp-json\/wp\/v2\/pages\/5739\/revisions\/5893"}],"wp:attachment":[{"href":"https:\/\/www.djurskyddet.se\/karlskrona\/wp-json\/wp\/v2\/media?parent=5739"}],"curies":[{"name":"wp","href":"https:\/\/api.w.org\/{rel}","templated":true}]}}