{"id":5808,"date":"2025-10-25T16:20:58","date_gmt":"2025-10-25T16:20:58","guid":{"rendered":"https:\/\/www.djurskyddet.se\/karlskrona\/?page_id=5808"},"modified":"2025-10-29T14:05:17","modified_gmt":"2025-10-29T14:05:17","slug":"hundar","status":"publish","type":"page","link":"https:\/\/www.djurskyddet.se\/karlskrona\/hundar\/","title":{"rendered":"Hundar"},"content":{"rendered":"\n<h3 class=\"wp-block-heading\"><strong>Smuggelhundar<\/strong><\/h3>\n\n\n\n<p>Om du funderar p\u00e5 att&nbsp;<strong>skaffa hund<\/strong>&nbsp;\u00e4r det viktigt att g\u00f6ra en&nbsp;<strong>grundlig kontroll p\u00e5 s\u00e4ljaren<\/strong>. H\u00e4r \u00e4r n\u00e5gra tips f\u00f6r att undvika att bli lurad:<\/p>\n\n\n\n<ul class=\"wp-block-list\">\n<li><strong>K\u00f6p alltid fr\u00e5n en seri\u00f6s uppf\u00f6dare<\/strong> i Sverige eller via seri\u00f6sa kontakter&nbsp;\u2013 Kontrollera att uppf\u00f6daren \u00e4r registrerad och att valparna f\u00f6ds upp under bra f\u00f6rh\u00e5llanden. K\u00f6p inte valp via n\u00e4tet som du g\u00f6r med andra produkter.<\/li>\n\n\n\n<li><strong>Tr\u00e4ffa valpen och dess mamma<\/strong>&nbsp;\u2013 En seri\u00f6s uppf\u00f6dare l\u00e5ter dig se valparna i hemmilj\u00f6 tillsammans med tiken\/mamman och vill ha kontakt med dig \u00e4ven efter k\u00f6pet. <\/li>\n\n\n\n<li><strong>Var skeptisk till \u201csnabb aff\u00e4r\u201d<\/strong>&nbsp;\u2013 Smugglare vill ofta ha en snabb betalning och kan vara ovilliga att svara p\u00e5 fr\u00e5gor.<\/li>\n\n\n\n<li><strong>Kontrollera valpens dokument<\/strong>\u00a0\u2013 Se till att valpen har r\u00e4tt vaccinationer och veterin\u00e4rintyg. En sjuk hund kan kosta dig tiotusentals kronor i veterin\u00e4rv\u00e5rd eller till och med avlivad.<\/li>\n\n\n\n<li><strong>Lita p\u00e5 din magk\u00e4nsla<\/strong>&nbsp;\u2013 K\u00e4nns n\u00e5got misst\u00e4nkt? Backa ur k\u00f6pet.<\/li>\n\n\n\n<li><strong>Det \u00e4r efterfr\u00e5gan som styr.<\/strong> Tullverket eller andra myndigheter kan inte stoppa den h\u00e4r illegala verksamheten om m\u00e4nniskor forts\u00e4tter att k\u00f6pa smuggelhundar.<\/li>\n<\/ul>\n\n\n\n<p>Genom att vara en ansvarsfull hundk\u00f6pare kan du bidra till att stoppa hundsmugglingen och s\u00e4kerst\u00e4lla att du f\u00e5r en frisk och v\u00e4lm\u00e5ende hund. Ditt beslut g\u00f6r skillnad \u2013 b\u00e5de f\u00f6r hunden du k\u00f6per och f\u00f6r framtida valpar som annars riskerar att f\u00f6das in i lidande.<\/p>\n\n\n\n<p>L\u00e4s p\u00e5 jordbruksverkets l\u00e4nk nedan om vad du ska t\u00e4nka p\u00e5 n\u00e4r du k\u00f6per hund s\u00e5 du undviker att gynna den organiserade brottsligheten genom att k\u00f6pa en insmugglad hund. D\u00e4r finns ocks\u00e5 tv\u00e5 videoklipp med mer information om hur hundarna transporterats hit. F\u00f6rhoppningsvis f\u00e5r de dig att INTE k\u00f6pa en insmugglad hund. P\u00e5 l\u00e4nkarna till tullverket och SVA (statens veterin\u00e4rmedicinska anstalt) finner du mer information utifr\u00e5n deras kunskaper.<\/p>\n\n\n\n<p><a href=\"https:\/\/jordbruksverket.se\/djur\/hundar-katter-och-smadjur\/hundar\/skaffa-hund-pa-ett-tryggt-satt\">Skaffa hund p\u00e5 ett tryggt s\u00e4tt &#8211; Jordbruksverket.se<\/a><\/p>\n\n\n\n<p><a href=\"https:\/\/www.djurskyddet.se\/kop-ingen-smuggelhund\/\">K\u00f6p inte en smuggelhund \u2013 Djurskyddet<\/a><\/p>\n\n\n\n<p><a href=\"https:\/\/tidningen.djurskyddet.se\/2024\/06\/flera-forslag-pa-hur-hundsmugglingen-ska-stoppas\/\">Flera f\u00f6rslag p\u00e5 hur hundsmugglingen ska stoppas \u2013 Tidningen Djurskyddet<\/a><\/p>\n\n\n\n<figure class=\"wp-block-image size-full is-resized\"><img loading=\"lazy\" decoding=\"async\" width=\"577\" height=\"1024\" src=\"https:\/\/www.djurskyddet.se\/karlskrona\/wp-content\/uploads\/sites\/61\/2025\/10\/IMG_3883.jpg\" alt=\"\" class=\"wp-image-5673\" style=\"width:222px;height:auto\" srcset=\"https:\/\/www.djurskyddet.se\/karlskrona\/wp-content\/uploads\/sites\/61\/2025\/10\/IMG_3883.jpg 577w, https:\/\/www.djurskyddet.se\/karlskrona\/wp-content\/uploads\/sites\/61\/2025\/10\/IMG_3883-169x300.jpg 169w, https:\/\/www.djurskyddet.se\/karlskrona\/wp-content\/uploads\/sites\/61\/2025\/10\/IMG_3883-400x710.jpg 400w\" sizes=\"auto, (max-width: 577px) 100vw, 577px\" \/><\/figure>\n\n\n\n<h3 class=\"wp-block-heading\"><strong>Rasf\u00f6rbud \u00e4r fel v\u00e4g att g\u00e5 &#8211; &#8221;farliga hundar&#8221;<\/strong><\/h3>\n\n\n\n<p><a href=\"https:\/\/www.statskontoret.se\/publicerat\/publikationer\/publikationer-2024\/hund-under-kontroll--forslag-for-att-starka-myndigheternas-verksamhet-enligt-tillsynslagen-och-viss-verksamhet-enligt-djurskyddslagen\/\">Hund under kontroll \u2013 f\u00f6rslag f\u00f6r att st\u00e4rka myndigheternas verksamhet enligt tillsynslagen och viss verksamhet enligt djurskyddslagen<\/a><\/p>\n\n\n\n<p>Den nya f\u00f6reslagna lagstiftningen som presenterades i b\u00f6rjan av september 2024 ( finns p\u00e5 l\u00e4nken ovan) som ska ge polis och l\u00e4nsstyrelser b\u00e4ttre verktyg i tillsyns\u00e4renden v\u00e4lkomnas av Djurskyddet Sverige, men den r\u00e4cker inte. L\u00e4nsstyrelsen beh\u00f6ver f\u00e5 mer ekonomiska resurser och alla hunduppf\u00f6dare, oavsett renras eller blandras, b\u00f6r kontrolleras regelbundet. Att ingripa f\u00f6rst n\u00e4r en hund redan blivit farlig \u00e4r att agera f\u00f6r sent. Fokus m\u00e5ste ligga p\u00e5 m\u00e4nniskorna bakom hundarna, de som ansvarar f\u00f6r avel, omv\u00e5rdnad och tillsyn.<\/p>\n\n\n\n<p>Hundstallet som tar hand om hundar som omh\u00e4ndertagits st\u00f6ter ofta p\u00e5 individer som lider av sm\u00e4rta eller \u00e4r drabbade av sjukdom kopplat till genetik, vilket i m\u00e5nga fall kan leda till att hunden visar aggression, starka r\u00e4dsloreaktioner eller h\u00f6g stress.<\/p>\n\n\n\n<p>Hundstallet ser att en l\u00e5g kunskapsniv\u00e5 hos hund\u00e4gare i kombination med en osund avel kan leda till allvarliga incidenter. I kombination med en h\u00e5rdh\u00e4nt hantering d\u00e4r man anv\u00e4nder sig av f\u00f6rlegade metoder som baseras p\u00e5 dominans kan det bidra till en hund som \u00e4r ut\u00e5tagerande.<\/p>\n\n\n\n<p>Debattartikel skriven av Djurskyddet Sverige inf\u00f6rd i Aftonbladet 6 mars 2024  <a href=\"https:\/\/www.djurskyddet.se\/wp-content\/uploads\/2024\/03\/Farliga-hundar-formgiven.pdf\">Farliga-hundar-formgiven.pdf<\/a> H\u00e4r finns Djurskyddets Sveriges f\u00f6rslag till f\u00f6rb\u00e4ttringar.<\/p>\n\n\n\n<h3 class=\"wp-block-heading\"><strong>Osund hundavel<\/strong><\/h3>\n\n\n\n<p>Detta \u00e4r en av v\u00e5ra prioriterade fr\u00e5gor. L\u00e4s i l\u00e4nken vad vi vill och vad vi g\u00f6r.<\/p>\n\n\n\n<p><a href=\"https:\/\/www.djurskyddet.se\/vara-fragor\/osund-hundavel\/\">Osund hundavel \u2013 Djurskyddet<\/a><\/p>\n\n\n\n<p><a href=\"https:\/\/www.djurskyddet.se\/ungdom\/extremavel\/\">Stoppa extremaveln av hundar \u2013 Djurskyddet Ungdom<\/a> h\u00e4r kan du l\u00e4sa vad ungdomsf\u00f6rbundet tycker. <\/p>\n\n\n\n<p>M\u00e5nga trubbnosiga sk. brakycefala hundar lider av andningsbesv\u00e4r,  till exempel engelsk bulldogg och mops. Luftstrupen hos dessa hundar kan bli s\u00e5 hoptryckt att de f\u00e5r sv\u00e5rt att andas. Kroppens organ uts\u00e4tts d\u00e5 f\u00f6r onormala p\u00e5frestningar p\u00e5 grund av syrebrist. Det kan i v\u00e4rsta fall leda till en f\u00f6r tidig d\u00f6d f\u00f6r hunden. Bostonterrier, fransk och engelsk bulldog och skotsk terrier har ofta sv\u00e5righeter vid f\u00f6rlossningen. Kejsarsnitt utf\u00f6rs regelm\u00e4ssigt p\u00e5 dessa raser p\u00e5 grund v\u00e4rksvaghet och ol\u00e4mplig kroppsform. Vissa raser har besv\u00e4r med \u00f6gonen, vars form, storlek och placering g\u00f6r dem utsatta f\u00f6r skador. Hos shar pei, skaver de stora hudvecken ofta p\u00e5 \u00f6gat och kan orsaka s\u00e5r p\u00e5 hornhinnan. L\u00e5nga och tunga \u00f6ron kan orsaka \u00f6roninfektioner.  Hos sch\u00e4fer ses ofta vinklade haser som ger \u00f6kad risk f\u00f6r ledskador.<\/p>\n\n\n\n<p> I<strong> Djurskyddslagen<\/strong> (2018:1192) 2 kap, 11 \u00a7, st\u00e5r: \u201cDet \u00e4r f\u00f6rbjudet att utf\u00f6ra avel med s\u00e5dan inriktning att den kan medf\u00f6ra lidande f\u00f6r f\u00f6r\u00e4ldradjuret eller avkomman.\u201d Lagen kompletteras med mer detaljerade regler i djurskyddsf\u00f6rordningen och Jordbruksverkets f\u00f6reskrifter. Lagstiftningen finns redan. Det g\u00e4ller bara att den verkligen anv\u00e4nds. \u00c4ven uppf\u00f6dare och domare m\u00e5ste g\u00f6ra mer. Ett bra initiativ \u00e4r de \u201ds\u00e4rskilda rasspecifika domaranvisningar\u201d som tagits fram av Svenska KennelKkubben, aktuella rasklubbar och veterin\u00e4rer och som anv\u00e4nds under hundutst\u00e4llningar f\u00f6r att inte premiera extremavlade hundar. <\/p>\n\n\n\n<p>&nbsp;I <strong>EU:s riktlinjer f\u00f6r ansvarsfull hundavel<\/strong>, som godk\u00e4nts av EU:s plattform f\u00f6r djurskydd, anges att inavel inom en ras b\u00f6r \u00f6vervakas noggrant, att de b\u00e4sta etablerade metoderna f\u00f6r att f\u00f6ruts\u00e4ga risken f\u00f6r sjukdomar b\u00f6r anv\u00e4ndas och att hundar med extrem anatomi inte f\u00e5r f\u00f6das upp. <\/p>\n\n\n\n<figure class=\"wp-block-image size-full is-resized\"><img loading=\"lazy\" decoding=\"async\" width=\"604\" height=\"798\" src=\"https:\/\/www.djurskyddet.se\/karlskrona\/wp-content\/uploads\/sites\/61\/2025\/10\/image-21.png\" alt=\"\" class=\"wp-image-5823\" style=\"width:216px;height:auto\" srcset=\"https:\/\/www.djurskyddet.se\/karlskrona\/wp-content\/uploads\/sites\/61\/2025\/10\/image-21.png 604w, https:\/\/www.djurskyddet.se\/karlskrona\/wp-content\/uploads\/sites\/61\/2025\/10\/image-21-227x300.png 227w, https:\/\/www.djurskyddet.se\/karlskrona\/wp-content\/uploads\/sites\/61\/2025\/10\/image-21-400x528.png 400w\" sizes=\"auto, (max-width: 604px) 100vw, 604px\" \/><\/figure>\n\n\n\n<p>L\u00e4s mer om osund avel av hund, katt och kanin i v\u00e5r tidning nr3\/25 <a href=\"https:\/\/tidningen.djurskyddet.se\/\">Tidningen Djurskyddet \u2013 Tidningen Djurskyddet<\/a> <\/p>\n\n\n\n<h3 class=\"wp-block-heading\"><strong>Hundkappl\u00f6pning<\/strong><\/h3>\n\n\n\n<p>I Sverige finns det totalt 11 hundkappl\u00f6pningsbanor. Hundarna t\u00e4vlar i olika klasser, baserat p\u00e5 faktorer som \u00e5lder, ras, och erfarenhet, f\u00f6r att f\u00e5 en j\u00e4mn matchning. Det konstgjorda bytet som hundarna jagar \u00e4r utformat f\u00f6r att efterlikna r\u00f6relserna hos ett riktigt byte, vilket stimulerar hundarnas jaktinstinkt utan att involvera riktig jakt. Det \u00e4r Svenska Hundkappl\u00f6pningssportens Centralf\u00f6rbund (SHCF) som ansvarar och arrangerar hundkappl\u00f6pningar p\u00e5 de olika banorna genom anslutna lokalf\u00f6reningar. Hundarna m\u00e5ste vara registrerade i Svenska kennelklubben f\u00f6r att f\u00e5 t\u00e4vla. Det f\u00f6rekommer prispengar fr\u00e5n 150 kr -1000 kr. Sporten \u00e4r i Sverige p\u00e5 hobbyniv\u00e5. Det finns dock r\u00f6ster som jobbar f\u00f6r att f\u00e5 till spel p\u00e5 hundar. Det gjordes ett f\u00f6rs\u00f6k i b\u00f6rjan p\u00e5 2000-talet som tack och lov inte lyckades. D\u00e5 skulle det \u00e4ven spelas p\u00e5 hundar i engelska lopp under vinterhalv\u00e5ret.<\/p>\n\n\n\n<p>Det f\u00f6rekommer kommersiell hundkappl\u00f6pning i England, Irland, USA och Australien. Fler och fler l\u00e4nder f\u00f6rbjuder kommersiell hundkappl\u00f6pning p.g.a. att den genererar stora djurskyddsproblem.  L\u00e4s och se mer om detta p\u00e5 nedanst\u00e5ende l\u00e4nkar. Spela ALDRIG p\u00e5 hundar n\u00e4r du bes\u00f6ker l\u00e4nder det f\u00f6rekommer i.  M\u00e5nga organisationer f\u00f6rs\u00f6ker hitta nya hem \u00e5t \u00f6vergivna greyhounds ex. <a href=\"https:\/\/hundarutanhem.se\/hundarna\/vinthundar\/\">Vinthundar | Hundar Utan Hem<\/a>   De flesta hundar f\u00e5r dock inget nytt hem utan blir avlivade.  En kraftig \u00f6verproduktion av hundar g\u00f6r att det helt enkelt finns f\u00f6r m\u00e5nga och en del personer avlivar hellre \u00e4n ger hunden en ny chans.    <\/p>\n\n\n\n<p><a href=\"https:\/\/www.bluecross.org.uk\/why-its-time-to-end-greyhound-racing#:~:text=Commercial%20greyhound%20racing%20is%20still%20legal%20in%20only,greyhound%20racing%20in%20Wales%20as%20soon%20as%20possible.\">Why it&#8217;s time to end greyhound racing | Blue Cross<\/a> (engelska)<\/p>\n\n\n\n<p><a href=\"https:\/\/www.grey2kusa.org\/about\/worldwide.php\">Greyhound Racing Around the World | GREY2K USA Worldwide<\/a> (engelska)<\/p>\n\n\n\n<p>Denna dokument\u00e4r (55 min) \u00e4r gjord av det irl\u00e4ndska statliga televisionen RT\u00c9. Varning f\u00f6r mycket starka scener!<\/p>\n\n\n\n<p><a href=\"https:\/\/www.youtube.com\/watch?v=ZYTb2qBjlMM\">RTE Investigates: Greyhounds Running for Their Lives<\/a> (engelska )<\/p>\n\n\n\n<figure class=\"wp-block-image size-full is-resized\"><img loading=\"lazy\" decoding=\"async\" width=\"768\" height=\"1024\" src=\"https:\/\/www.djurskyddet.se\/karlskrona\/wp-content\/uploads\/sites\/61\/2025\/10\/IMG_0647.jpg\" alt=\"\" class=\"wp-image-5827\" style=\"width:251px;height:auto\" srcset=\"https:\/\/www.djurskyddet.se\/karlskrona\/wp-content\/uploads\/sites\/61\/2025\/10\/IMG_0647.jpg 768w, https:\/\/www.djurskyddet.se\/karlskrona\/wp-content\/uploads\/sites\/61\/2025\/10\/IMG_0647-225x300.jpg 225w, https:\/\/www.djurskyddet.se\/karlskrona\/wp-content\/uploads\/sites\/61\/2025\/10\/IMG_0647-400x533.jpg 400w\" sizes=\"auto, (max-width: 768px) 100vw, 768px\" \/><\/figure>\n\n\n\n<p><\/p>\n","protected":false},"excerpt":{"rendered":"<p>Smuggelhundar Om du funderar p\u00e5 att&nbsp;skaffa hund&nbsp;\u00e4r det viktigt att g\u00f6ra en&nbsp;grundlig kontroll p\u00e5 s\u00e4ljaren. H\u00e4r \u00e4r n\u00e5gra tips f\u00f6r att undvika att bli lurad: Genom att vara en ansvarsfull hundk\u00f6pare kan du bidra till att stoppa hundsmugglingen och s\u00e4kerst\u00e4lla att du f\u00e5r en frisk och v\u00e4lm\u00e5ende hund. Ditt beslut g\u00f6r skillnad \u2013 b\u00e5de f\u00f6r hunden du k\u00f6per och f\u00f6r framtida valpar som annars riskerar att f\u00f6das in i lidande.&hellip;<\/p>\n<p><a class=\"more-link\" href=\"https:\/\/www.djurskyddet.se\/karlskrona\/hundar\/\" title=\"Continue reading &lsquo;Hundar&rsquo;\">L&auml;s mer<span class=\"meta-nav\">&raquo;<\/span><\/a><\/p>\n","protected":false},"author":82,"featured_media":0,"parent":0,"menu_order":0,"comment_status":"closed","ping_status":"closed","template":"","meta":{"_acf_changed":false,"footnotes":""},"class_list":["post-5808","page","type-page","status-publish","hentry"],"acf":[],"_links":{"self":[{"href":"https:\/\/www.djurskyddet.se\/karlskrona\/wp-json\/wp\/v2\/pages\/5808","targetHints":{"allow":["GET"]}}],"collection":[{"href":"https:\/\/www.djurskyddet.se\/karlskrona\/wp-json\/wp\/v2\/pages"}],"about":[{"href":"https:\/\/www.djurskyddet.se\/karlskrona\/wp-json\/wp\/v2\/types\/page"}],"author":[{"embeddable":true,"href":"https:\/\/www.djurskyddet.se\/karlskrona\/wp-json\/wp\/v2\/users\/82"}],"replies":[{"embeddable":true,"href":"https:\/\/www.djurskyddet.se\/karlskrona\/wp-json\/wp\/v2\/comments?post=5808"}],"version-history":[{"count":11,"href":"https:\/\/www.djurskyddet.se\/karlskrona\/wp-json\/wp\/v2\/pages\/5808\/revisions"}],"predecessor-version":[{"id":5885,"href":"https:\/\/www.djurskyddet.se\/karlskrona\/wp-json\/wp\/v2\/pages\/5808\/revisions\/5885"}],"wp:attachment":[{"href":"https:\/\/www.djurskyddet.se\/karlskrona\/wp-json\/wp\/v2\/media?parent=5808"}],"curies":[{"name":"wp","href":"https:\/\/api.w.org\/{rel}","templated":true}]}}