{"id":5580,"date":"2020-02-13T14:21:05","date_gmt":"2020-02-13T14:21:05","guid":{"rendered":"https:\/\/www.djurskyddet.se\/karlstad\/?page_id=5580"},"modified":"2023-05-07T11:47:35","modified_gmt":"2023-05-07T11:47:35","slug":"om-oss","status":"publish","type":"page","link":"https:\/\/www.djurskyddet.se\/karlstad\/om-oss\/","title":{"rendered":"Om oss"},"content":{"rendered":"\n<p>Djurskyddet Karlstad \u00e4r en ideell f\u00f6rening vars fr\u00e4msta uppgift \u00e4r att hj\u00e4lpa heml\u00f6sa och vanv\u00e5rdade katter till ett v\u00e4rdigt liv. Vi bedriver ett djurhem strax utanf\u00f6r Karlstad, d\u00e4r vi tar hand om ungef\u00e4r 100 heml\u00f6sa katter varje \u00e5r. F\u00f6rutom omplacering av djur arbetar vi med informationsspridning f\u00f6r att f\u00f6rb\u00e4ttra livsvillkoren f\u00f6r alla djur.&nbsp;&nbsp;<\/p>\n\n\n\n<p>Vi \u00e4r en av ca 50 lokalf\u00f6reningar som \u00e4r anslutna till Djurskyddet Sverige, och vi \u00e4r medlem i Djurhemsf\u00f6reningen. Vi samarbetar med Djurens V\u00e4nner och andra djurskyddsf\u00f6reningar, och vissa intag av katter p\u00e5 v\u00e5rt djurhem eller i jourhem sker via samarbeten med L\u00e4nsstyrelsen och Polisen.<\/p>\n\n\n\n<p>Vi har f\u00f6r n\u00e4rvarande ca 580 medlemmar, men arbetar st\u00e4ndigt med att bli fler! Vi har till exempel 20 g\u00e5nger s\u00e5 m\u00e5nga personer som f\u00f6ljer v\u00e5rt arbete och st\u00f6djer oss via Facebook &#8211; <strong>klicka&nbsp;<\/strong><a rel=\"noreferrer noopener\" href=\"http:\/\/facebook.com\/djurskyddetkarlstad\" target=\"_blank\"><strong>h\u00e4r<\/strong><\/a><strong>&nbsp;f\u00f6r att komma till v\u00e5r officiella Facebook-sida<\/strong>. Vi hoppas att m\u00e5nga fler registrerar medlemskap hos oss s\u00e5 att vi kan hj\u00e4lpa fler katter som beh\u00f6ver f\u00e5 komma in i v\u00e4rme och trygghet. <strong>L\u00e4s mer om v\u00e5rt medlemskap&nbsp;<\/strong><a href=\"https:\/\/www.djurskyddet.se\/karlstad\/bli-medlem\"><strong>h\u00e4r<\/strong><\/a>.<\/p>\n\n\n\n<figure class=\"wp-block-gallery has-nested-images columns-default is-cropped wp-block-gallery-1 is-layout-flex wp-block-gallery-is-layout-flex\">\n<figure class=\"wp-block-image\"><img loading=\"lazy\" decoding=\"async\" width=\"1024\" height=\"507\" data-id=\"5885\" src=\"https:\/\/www.djurskyddet.se\/karlstad\/wp-content\/uploads\/sites\/42\/2020\/04\/Ska\u0308rmavbild-2020-04-09-kl.-17.42.20-1024x507.png\" alt=\"\" class=\"wp-image-5885\" srcset=\"https:\/\/www.djurskyddet.se\/karlstad\/wp-content\/uploads\/sites\/42\/2020\/04\/Ska\u0308rmavbild-2020-04-09-kl.-17.42.20.png 1024w, https:\/\/www.djurskyddet.se\/karlstad\/wp-content\/uploads\/sites\/42\/2020\/04\/Ska\u0308rmavbild-2020-04-09-kl.-17.42.20-300x149.png 300w, https:\/\/www.djurskyddet.se\/karlstad\/wp-content\/uploads\/sites\/42\/2020\/04\/Ska\u0308rmavbild-2020-04-09-kl.-17.42.20-768x380.png 768w, https:\/\/www.djurskyddet.se\/karlstad\/wp-content\/uploads\/sites\/42\/2020\/04\/Ska\u0308rmavbild-2020-04-09-kl.-17.42.20-400x198.png 400w\" sizes=\"auto, (max-width: 1024px) 100vw, 1024px\" \/><figcaption class=\"wp-element-caption\">Isak, Ivar och Ingo <\/figcaption><\/figure>\n<\/figure>\n\n\n\n<p>Vi \u00e4r en ideell f\u00f6rening, vilket betyder att vi varje \u00e5r k\u00e4mpar f\u00f6r att f\u00e5 ekonomin att g\u00e5 ihop. Vi finansierar fr\u00e4mst v\u00e5r verksamhet genom g\u00e5vor och medlemsavgifter. D\u00e4rf\u00f6r \u00e4r vi beroende av att hela tiden ha ett nytillskott av medlemmar och bidragsgivare f\u00f6r att vi ska kunna forts\u00e4tta v\u00e5rt arbete. <\/p>\n\n\n\n<p>F\u00f6reningen har funnits i m\u00e5nga \u00e5r &#8211; med start \u00e5r 1876 \u00e4r vi en av Sveriges \u00e4ldsta djurskyddsf\u00f6reningar! N\u00e4r f\u00f6reningen startade var avsikten med dess arbete att f\u00f6rb\u00e4ttra villkoren f\u00f6r arbetsh\u00e4starna. Verksamheten har sedan \u00f6verg\u00e5tt till mindre husdjur. Idag arbetar vi&nbsp;med omh\u00e4ndertagande av heml\u00f6sa katter, d\u00e5 behovet f\u00f6r det (tyv\u00e4rr) \u00e4r mycket stort h\u00e4r i V\u00e4rmland.&nbsp;<\/p>\n\n\n\n<p>I de fall vi tar hand om djur d\u00e4r det finns en \u00e4gare kan vi inte h\u00e4mta djuret mot \u00e4garens vilja &#8211; \u00f6verl\u00e5telsen m\u00e5ste vara frivillig. Vi \u00e4r ingen myndighet och kan heller inte agera som en s\u00e5dan. Vid en eventuell privat omplacering (vilket vi endast tar emot i speciella fall) tar vi ut en omplaceringsavgift.&nbsp;<\/p>\n\n\n\n<p>Att bedriva djurskyddsarbete \u00e4r dyrt, och vi f\u00f6rs\u00f6ker hela tiden hitta nya inkomstv\u00e4gar, och vi ser ocks\u00e5 st\u00e4ndigt \u00f6ver v\u00e5ra kostnader, f\u00f6r att kunna forts\u00e4tta med den verksamhet vi idag har. Vi f\u00f6rs\u00f6ker ocks\u00e5 st\u00e4ndigt f\u00f6rb\u00e4ttra det vi g\u00f6r! Om du vill hj\u00e4lpa oss p\u00e5 n\u00e5got vis, antingen genom att sk\u00e4nka ett bidrag eller genom att aktivt hj\u00e4lpa till som volont\u00e4r, \u00e4r du v\u00e4lkommen att kontakta oss!\u00a0L\u00e4s mer om hur du kan hj\u00e4lpa till <strong><a href=\"https:\/\/www.djurskyddet.se\/karlstad\/vill-du-hjalpa-till\/\">h\u00e4r.<\/a><\/strong><\/p>\n","protected":false},"excerpt":{"rendered":"<p>Djurskyddet Karlstad \u00e4r en ideell f\u00f6rening vars fr\u00e4msta uppgift \u00e4r att hj\u00e4lpa heml\u00f6sa och vanv\u00e5rdade katter till ett v\u00e4rdigt liv. Vi bedriver ett djurhem strax utanf\u00f6r Karlstad, d\u00e4r vi tar hand om ungef\u00e4r 100 heml\u00f6sa katter varje \u00e5r. F\u00f6rutom omplacering av djur arbetar vi med informationsspridning f\u00f6r att f\u00f6rb\u00e4ttra livsvillkoren f\u00f6r alla djur.&nbsp;&nbsp; Vi \u00e4r en av ca 50 lokalf\u00f6reningar som \u00e4r anslutna till Djurskyddet Sverige, och vi \u00e4r medlem&hellip;<\/p>\n<p><a class=\"more-link\" href=\"https:\/\/www.djurskyddet.se\/karlstad\/om-oss\/\" title=\"Continue reading &lsquo;Om oss&rsquo;\">L&auml;s mer<span class=\"meta-nav\">&raquo;<\/span><\/a><\/p>\n","protected":false},"author":3,"featured_media":0,"parent":0,"menu_order":0,"comment_status":"closed","ping_status":"closed","template":"left-sidebar.php","meta":{"_acf_changed":false,"footnotes":""},"class_list":["post-5580","page","type-page","status-publish","hentry"],"acf":[],"_links":{"self":[{"href":"https:\/\/www.djurskyddet.se\/karlstad\/wp-json\/wp\/v2\/pages\/5580","targetHints":{"allow":["GET"]}}],"collection":[{"href":"https:\/\/www.djurskyddet.se\/karlstad\/wp-json\/wp\/v2\/pages"}],"about":[{"href":"https:\/\/www.djurskyddet.se\/karlstad\/wp-json\/wp\/v2\/types\/page"}],"author":[{"embeddable":true,"href":"https:\/\/www.djurskyddet.se\/karlstad\/wp-json\/wp\/v2\/users\/3"}],"replies":[{"embeddable":true,"href":"https:\/\/www.djurskyddet.se\/karlstad\/wp-json\/wp\/v2\/comments?post=5580"}],"version-history":[{"count":10,"href":"https:\/\/www.djurskyddet.se\/karlstad\/wp-json\/wp\/v2\/pages\/5580\/revisions"}],"predecessor-version":[{"id":8033,"href":"https:\/\/www.djurskyddet.se\/karlstad\/wp-json\/wp\/v2\/pages\/5580\/revisions\/8033"}],"wp:attachment":[{"href":"https:\/\/www.djurskyddet.se\/karlstad\/wp-json\/wp\/v2\/media?parent=5580"}],"curies":[{"name":"wp","href":"https:\/\/api.w.org\/{rel}","templated":true}]}}