{"id":5585,"date":"2020-02-13T14:28:29","date_gmt":"2020-02-13T14:28:29","guid":{"rendered":"https:\/\/www.djurskyddet.se\/karlstad\/?page_id=5585"},"modified":"2026-02-04T17:57:06","modified_gmt":"2026-02-04T17:57:06","slug":"bli-medlem","status":"publish","type":"page","link":"https:\/\/www.djurskyddet.se\/karlstad\/bli-medlem\/","title":{"rendered":"Bli medlem"},"content":{"rendered":"\n<p>Det finns m\u00e5nga anledningar till varf\u00f6r v\u00e5ra medlemmar v\u00e4ljer att st\u00f6tta v\u00e5r f\u00f6rening. Framf\u00f6r allt hj\u00e4lper vi till att ta hand om heml\u00f6sa eller vanv\u00e5rdade katter i Karlstad med omnejd, vi hj\u00e4lper mer \u00e4n 100 katter varje \u00e5r. Genom att bli medlem visar du att det vi g\u00f6r \u00e4r viktigt. D\u00e4rf\u00f6r vill vi att s\u00e5 m\u00e5nga som m\u00f6jligt i Karlstad med omnejd ska bli medlemmar \u2013 oavsett om du \u00e4r aktiv medlem eller endast \u00e4r med f\u00f6r att ekonomiskt st\u00f6tta v\u00e5rt arbete.<\/p>\n\n\n\n<p>Medlemskap i Djurskyddet Karlstad kostar <strong>240 kr per \u00e5r<\/strong> (g\u00e4ller alla oavsett \u00e5lder). Medlemskapet \u00e4r inte baserat p\u00e5 kalender\u00e5r, utan om du blir medlem i dag f\u00e5r du en f\u00f6rfr\u00e5gan om att f\u00f6rl\u00e4nga ditt medlemskap om 12 m\u00e5nader.<\/p>\n\n\n\n<p>Som medlem i Djurskyddet Karlstad \u00e4r du ocks\u00e5 medlem i riksf\u00f6rbundet Djurskyddet Sverige och f\u00e5r Tidningen Djurskyddet fyra g\u00e5nger per \u00e5r, b\u00e5de i brevl\u00e5dan och i appen TD. Ladda ner den d\u00e4r appar finns! Dessutom kan du l\u00e4sa intressanta djurskyddsnyheter p\u00e5 <a href=\"https:\/\/tidningen.djurskyddet.se\/\"><strong>webbtidningen<\/strong> <\/a>och kan ta del av ett antal\u202ffina <strong><a href=\"https:\/\/www.djurskyddet.se\/stod-oss\/bli-medlem\/medlemsformaner\/\">medlemsf\u00f6rm\u00e5ner<\/a><\/strong>, s\u00e5som rabatt hos olika n\u00e4tbutiker.&nbsp;<\/p>\n\n\n\n<p>Registrera dig som medlem p\u00e5\u202fDjurskyddet Sveriges hemsida. <strong>Se till att v\u00e4lja Djurskyddet Karlstad <\/strong>som din lokalf\u00f6rening.&nbsp;<\/p>\n\n\n\n<div class=\"wp-block-buttons is-layout-flex wp-block-buttons-is-layout-flex\">\n<div class=\"wp-block-button has-custom-font-size has-small-font-size\"><a class=\"wp-block-button__link has-white-color has-text-color has-background has-link-color wp-element-button\" href=\"https:\/\/donation.djurskyddet.se\/s\/medlem\" style=\"background-color:#00a64a\"><strong>Bli medlem h\u00e4r<\/strong><\/a><\/div>\n<\/div>\n\n\n\n<p><\/p>\n\n\n\n<p><\/p>\n\n\n\n<h2 class=\"wp-block-heading\">S\u00e5 hj\u00e4lper ditt medlemskap<\/h2>\n\n\n\n<p>En del katter kommer till oss via l\u00e4nsstyrelsen och polisen, men m\u00e5nga av v\u00e5ra djurhemskatter kommer fr\u00e5n andra omst\u00e4ndigheter d\u00e4r de av n\u00e5gon anledning \u00e4r avlivningshotade. Som medlem hj\u00e4lper du oss hj\u00e4lpa fler \u2013 det kostar v\u00e4ldigt mycket att bekosta veterin\u00e4rv\u00e5rd, mediciner och mat till de katter vi tar in, och medlemsavgiften hj\u00e4lper oss t\u00e4cka de kostnaderna till viss del.&nbsp;<\/p>\n\n\n\n<figure class=\"wp-block-gallery has-nested-images columns-default is-cropped wp-block-gallery-1 is-layout-flex wp-block-gallery-is-layout-flex\">\n<figure class=\"wp-block-image size-large\"><img loading=\"lazy\" decoding=\"async\" width=\"800\" height=\"600\" data-id=\"5590\" src=\"https:\/\/www.djurskyddet.se\/karlstad\/wp-content\/uploads\/sites\/42\/2020\/02\/8.jpg\" alt=\"\" class=\"wp-image-5590\" srcset=\"https:\/\/www.djurskyddet.se\/karlstad\/wp-content\/uploads\/sites\/42\/2020\/02\/8.jpg 800w, https:\/\/www.djurskyddet.se\/karlstad\/wp-content\/uploads\/sites\/42\/2020\/02\/8-300x225.jpg 300w, https:\/\/www.djurskyddet.se\/karlstad\/wp-content\/uploads\/sites\/42\/2020\/02\/8-768x576.jpg 768w, https:\/\/www.djurskyddet.se\/karlstad\/wp-content\/uploads\/sites\/42\/2020\/02\/8-400x300.jpg 400w\" sizes=\"auto, (max-width: 800px) 100vw, 800px\" \/><figcaption class=\"wp-element-caption\">St\u00f6dmatning \u00e4r ibland n\u00f6dv\u00e4ndigt<\/figcaption><\/figure>\n\n\n\n<figure class=\"wp-block-image size-large\"><img loading=\"lazy\" decoding=\"async\" width=\"1024\" height=\"768\" data-id=\"5914\" src=\"https:\/\/www.djurskyddet.se\/karlstad\/wp-content\/uploads\/sites\/42\/2020\/04\/kattunge-1024x768.jpg\" alt=\"\" class=\"wp-image-5914\" srcset=\"https:\/\/www.djurskyddet.se\/karlstad\/wp-content\/uploads\/sites\/42\/2020\/04\/kattunge.jpg 1024w, https:\/\/www.djurskyddet.se\/karlstad\/wp-content\/uploads\/sites\/42\/2020\/04\/kattunge-300x225.jpg 300w, https:\/\/www.djurskyddet.se\/karlstad\/wp-content\/uploads\/sites\/42\/2020\/04\/kattunge-768x576.jpg 768w, https:\/\/www.djurskyddet.se\/karlstad\/wp-content\/uploads\/sites\/42\/2020\/04\/kattunge-400x300.jpg 400w\" sizes=\"auto, (max-width: 1024px) 100vw, 1024px\" \/><figcaption class=\"wp-element-caption\">n\u00f6jd och trygg<\/figcaption><\/figure>\n<\/figure>\n\n\n\n<p>En del av v\u00e5ra medlemmar vill vara med i f\u00f6reningen f\u00f6r att kunna hj\u00e4lpa till rent praktiskt med v\u00e5rt lokala djurskyddsarbete. Vi har m\u00e5nga medlemmar som jobbar ideellt f\u00f6r f\u00f6reningen f\u00f6r att hj\u00e4lpa djur i n\u00f6d; som jourhem, helgpassare, fadder, utbildare, marknadsf\u00f6rare, eller som n\u00e5gon som kan hj\u00e4lpa till med skjuts till veterin\u00e4r n\u00e4r vi beh\u00f6ver hj\u00e4lp med det. F\u00f6r att f\u00e5 representera f\u00f6reningen och ha hand om katter som \u00e4r skrivna p\u00e5 oss s\u00e5 m\u00e5ste man vara medlem i f\u00f6reningen, eftersom man d\u00e5 \u00e4r \u201dv\u00e5rt ansikte ut\u00e5t\u201d och kanske har hand om det mest dyrbara vi har \u2013 v\u00e5ra katter.&nbsp;<\/p>\n\n\n\n<figure class=\"wp-block-gallery has-nested-images columns-default is-cropped wp-block-gallery-2 is-layout-flex wp-block-gallery-is-layout-flex\">\n<figure class=\"wp-block-image size-large\"><img loading=\"lazy\" decoding=\"async\" width=\"768\" height=\"1024\" data-id=\"5891\" src=\"https:\/\/www.djurskyddet.se\/karlstad\/wp-content\/uploads\/sites\/42\/2020\/04\/IMG_20190830_184438-768x1024.jpg\" alt=\"\" class=\"wp-image-5891\" srcset=\"https:\/\/www.djurskyddet.se\/karlstad\/wp-content\/uploads\/sites\/42\/2020\/04\/IMG_20190830_184438.jpg 768w, https:\/\/www.djurskyddet.se\/karlstad\/wp-content\/uploads\/sites\/42\/2020\/04\/IMG_20190830_184438-225x300.jpg 225w, https:\/\/www.djurskyddet.se\/karlstad\/wp-content\/uploads\/sites\/42\/2020\/04\/IMG_20190830_184438-400x533.jpg 400w\" sizes=\"auto, (max-width: 768px) 100vw, 768px\" \/><figcaption class=\"wp-element-caption\">H\u00e4r \u00e4r vi ute p\u00e5 f\u00e4ltarbete<\/figcaption><\/figure>\n\n\n\n<figure class=\"wp-block-image size-large\"><img loading=\"lazy\" decoding=\"async\" width=\"768\" height=\"1024\" data-id=\"5893\" src=\"https:\/\/www.djurskyddet.se\/karlstad\/wp-content\/uploads\/sites\/42\/2020\/04\/IMG_20190830_185603-768x1024.jpg\" alt=\"\" class=\"wp-image-5893\" srcset=\"https:\/\/www.djurskyddet.se\/karlstad\/wp-content\/uploads\/sites\/42\/2020\/04\/IMG_20190830_185603.jpg 768w, https:\/\/www.djurskyddet.se\/karlstad\/wp-content\/uploads\/sites\/42\/2020\/04\/IMG_20190830_185603-225x300.jpg 225w, https:\/\/www.djurskyddet.se\/karlstad\/wp-content\/uploads\/sites\/42\/2020\/04\/IMG_20190830_185603-400x533.jpg 400w\" sizes=\"auto, (max-width: 768px) 100vw, 768px\" \/><figcaption class=\"wp-element-caption\">\u00f6ver 20 katter omh\u00e4ndertogs <\/figcaption><\/figure>\n<\/figure>\n\n\n\n<p>Som medlem beh\u00f6ver man dock inte arbeta aktivt f\u00f6r att hj\u00e4lpa till. Sj\u00e4lva medlemskapet inneb\u00e4r att vi har mer resurser att ta hand om vanv\u00e5rdade\/heml\u00f6sa djur. En viktig anledning till att bli medlem i Djurskyddet Karlstad \u00e4r att f\u00f6reningen ekonomiskt ska ha medel f\u00f6r att kunna bedriva verksamheten. Vi kan inte bedriva v\u00e5rt djurhem utan personal, lika lite som att vi kan ta emot katter utan tillg\u00e5ng till veterin\u00e4rv\u00e5rd. Det kostar mycket pengar att bedriva djurskyddsverksamhet, och i en ideell f\u00f6rening \u00e4r man beroende av g\u00e5vor och bidrag f\u00f6r att kunna forts\u00e4tta arbeta med de resurser som kr\u00e4vs. D\u00e4rf\u00f6r \u00e4r ditt medlemskap viktigt f\u00f6r oss.&nbsp;<\/p>\n\n\n\n<p>Som medlem \u00e4r du med och skapar solskenshistorier f\u00f6r de djur vi tar hand om \u2013 tillsammans kan vi g\u00f6ra skillnad.&nbsp;<\/p>\n\n\n\n<p><em><strong>Ett stort tack f\u00f6r att du st\u00f6djer v\u00e5r verksamhet som medlem!<\/strong><\/em><\/p>\n\n\n\n<p><\/p>\n","protected":false},"excerpt":{"rendered":"<p>Det finns m\u00e5nga anledningar till varf\u00f6r v\u00e5ra medlemmar v\u00e4ljer att st\u00f6tta v\u00e5r f\u00f6rening. Framf\u00f6r allt hj\u00e4lper vi till att ta hand om heml\u00f6sa eller vanv\u00e5rdade katter i Karlstad med omnejd, vi hj\u00e4lper mer \u00e4n 100 katter varje \u00e5r. Genom att bli medlem visar du att det vi g\u00f6r \u00e4r viktigt. D\u00e4rf\u00f6r vill vi att s\u00e5 m\u00e5nga som m\u00f6jligt i Karlstad med omnejd ska bli medlemmar \u2013 oavsett om du \u00e4r&hellip;<\/p>\n<p><a class=\"more-link\" href=\"https:\/\/www.djurskyddet.se\/karlstad\/bli-medlem\/\" title=\"Continue reading &lsquo;Bli medlem&rsquo;\">L&auml;s mer<span class=\"meta-nav\">&raquo;<\/span><\/a><\/p>\n","protected":false},"author":3,"featured_media":0,"parent":0,"menu_order":0,"comment_status":"closed","ping_status":"closed","template":"left-sidebar.php","meta":{"_acf_changed":false,"footnotes":""},"class_list":["post-5585","page","type-page","status-publish","hentry"],"acf":[],"_links":{"self":[{"href":"https:\/\/www.djurskyddet.se\/karlstad\/wp-json\/wp\/v2\/pages\/5585","targetHints":{"allow":["GET"]}}],"collection":[{"href":"https:\/\/www.djurskyddet.se\/karlstad\/wp-json\/wp\/v2\/pages"}],"about":[{"href":"https:\/\/www.djurskyddet.se\/karlstad\/wp-json\/wp\/v2\/types\/page"}],"author":[{"embeddable":true,"href":"https:\/\/www.djurskyddet.se\/karlstad\/wp-json\/wp\/v2\/users\/3"}],"replies":[{"embeddable":true,"href":"https:\/\/www.djurskyddet.se\/karlstad\/wp-json\/wp\/v2\/comments?post=5585"}],"version-history":[{"count":19,"href":"https:\/\/www.djurskyddet.se\/karlstad\/wp-json\/wp\/v2\/pages\/5585\/revisions"}],"predecessor-version":[{"id":8917,"href":"https:\/\/www.djurskyddet.se\/karlstad\/wp-json\/wp\/v2\/pages\/5585\/revisions\/8917"}],"wp:attachment":[{"href":"https:\/\/www.djurskyddet.se\/karlstad\/wp-json\/wp\/v2\/media?parent=5585"}],"curies":[{"name":"wp","href":"https:\/\/api.w.org\/{rel}","templated":true}]}}