{"id":5593,"date":"2020-02-13T14:32:25","date_gmt":"2020-02-13T14:32:25","guid":{"rendered":"https:\/\/www.djurskyddet.se\/karlstad\/?page_id=5593"},"modified":"2024-10-03T22:43:29","modified_gmt":"2024-10-03T22:43:29","slug":"ge-en-gava","status":"publish","type":"page","link":"https:\/\/www.djurskyddet.se\/karlstad\/ge-en-gava\/","title":{"rendered":"Ge en g\u00e5va"},"content":{"rendered":"\n<p>Ditt bidrag, litet som stort, \u00e4r viktigt f\u00f6r oss p\u00e5 Djurskyddet Karlstad. Vi finansierar fr\u00e4mst v\u00e5r verksamhet med hj\u00e4lp av arv, g\u00e5vor, och medlemsavgifter, och vi \u00e4r d\u00e4rf\u00f6r v\u00e4ldigt tacksamma f\u00f6r alla bidrag vi f\u00e5r fr\u00e5n v\u00e5ra medlemmar, sponsorer och allm\u00e4nheten. Tack f\u00f6r att du vill st\u00f6dja v\u00e5rt djurskyddsarbete och hj\u00e4lpa oss hj\u00e4lpa fler heml\u00f6sa och vanv\u00e5rdade katter samt bedriva v\u00e5rt djurhem! Enbart veterin\u00e4rkostnaderna f\u00f6r v\u00e5ra djurhemskatter uppg\u00e5r till \u00f6ver 200,000:- per \u00e5r, s\u00e5 din hj\u00e4lp \u00e4r v\u00e4rdefull!&nbsp;<\/p>\n\n\n\n<p>Om du vill hj\u00e4lpa oss med ett ekonomiskt bidrag kan du g\u00f6ra det p\u00e5 flera olika s\u00e4tt:<\/p>\n\n\n\n<h2 class=\"wp-block-heading\">Bidrag via Swish<\/h2>\n\n\n\n<p>Du kan anv\u00e4nda Swish och skicka valfri g\u00e5va till oss p\u00e5 nummer&nbsp;<strong>123 417 16 90<\/strong>,&nbsp;m\u00e4rk \u00f6verf\u00f6ringen med &#8221;g\u00e5va&#8221;. Pengarna g\u00e5r&nbsp;oavkortat till de djur vi hj\u00e4lper, t ex genom ink\u00f6p av kattsand, veterin\u00e4rkostnader och mediciner.<\/p>\n\n\n<div class=\"wp-block-image\">\n<figure class=\"aligncenter is-resized\"><img loading=\"lazy\" decoding=\"async\" width=\"776\" height=\"1024\" src=\"https:\/\/www.djurskyddet.se\/karlstad\/wp-content\/uploads\/sites\/42\/2020\/07\/swish-logga-776x1024.png\" alt=\"\" class=\"wp-image-6130\" style=\"width:101px;height:133px\" srcset=\"https:\/\/www.djurskyddet.se\/karlstad\/wp-content\/uploads\/sites\/42\/2020\/07\/swish-logga.png 776w, https:\/\/www.djurskyddet.se\/karlstad\/wp-content\/uploads\/sites\/42\/2020\/07\/swish-logga-227x300.png 227w, https:\/\/www.djurskyddet.se\/karlstad\/wp-content\/uploads\/sites\/42\/2020\/07\/swish-logga-768x1013.png 768w, https:\/\/www.djurskyddet.se\/karlstad\/wp-content\/uploads\/sites\/42\/2020\/07\/swish-logga-400x528.png 400w\" sizes=\"auto, (max-width: 776px) 100vw, 776px\" \/><\/figure><\/div>\n\n\n<h2 class=\"wp-block-heading\">Bidrag via PlusGiro<\/h2>\n\n\n\n<p>Du kan s\u00e4tta in ett valfritt belopp till oss via PlusGiro&nbsp;<strong>70718-2<\/strong>, antingen p\u00e5 banken eller via din internetbank. M\u00e4rk talongen eller ins\u00e4ttningen med &#8221;g\u00e5va&#8221;. Pengarna g\u00e5r&nbsp;oavkortat till de djur vi hj\u00e4lper, t ex genom ink\u00f6p av kattsand, veterin\u00e4rkostnader och mediciner.<\/p>\n\n\n\n<h2 class=\"wp-block-heading\">M\u00e5natlig g\u00e5vogivare<\/h2>\n\n\n\n<p>Som m\u00e5natlig g\u00e5vogivare ger du valfri summa varje m\u00e5nad. Vissa m\u00e5natliga g\u00e5vogivare ger 50:- per m\u00e5nad medan n\u00e5gon sk\u00e4nker hela 1000:- per m\u00e5nad. Varje krona \u00e4r viktig, s\u00e5 vi \u00e4r tacksamma f\u00f6r det bidrag du k\u00e4nner att du kan bidra med. De flesta av v\u00e5ra m\u00e5natliga g\u00e5vogivare sk\u00e4nker n\u00e5gon hundralapp per m\u00e5nad, och tillsammans bidrar v\u00e5ra m\u00e5natliga g\u00e5vogivare med en enorm viktig int\u00e4kt f\u00f6r oss som g\u00f6r att vi kan t\u00e4cka en del veterin\u00e4rkostnader f\u00f6r v\u00e5ra katter. I din internetbank kan du l\u00e4gga in s\u00e5 att det automatiskt dras valfri summa varje m\u00e5nad. <strong>Varmt v\u00e4lkommen som m\u00e5natlig g\u00e5vogivare och tack f\u00f6r ditt st\u00f6d!<\/strong><\/p>\n\n\n\n<p>Vid fr\u00e5gor \u00e4r du varmt v\u00e4lkommen att kontakta styrelsen: styrelsen@djurskyddetkarlstad.se<\/p>\n\n\n\n<h2 class=\"wp-block-heading\">G\u00e5vobevis<\/h2>\n\n\n\n<p>Du kan best\u00e4lla g\u00e5vobevis i olika val\u00f6rer och med olika\/anpassad text. Skicka din best\u00e4llning\/dina \u00f6nskem\u00e5l till kontakt@djurskyddetkarlstad.se.<\/p>\n\n\n<div class=\"wp-block-image\">\n<figure class=\"aligncenter is-resized\"><img loading=\"lazy\" decoding=\"async\" width=\"943\" height=\"668\" src=\"https:\/\/www.djurskyddet.se\/karlstad\/wp-content\/uploads\/sites\/42\/2020\/07\/Ga\u030avobevis.png\" alt=\"\" class=\"wp-image-6131\" style=\"width:449px;height:317px\" srcset=\"https:\/\/www.djurskyddet.se\/karlstad\/wp-content\/uploads\/sites\/42\/2020\/07\/Ga\u030avobevis.png 943w, https:\/\/www.djurskyddet.se\/karlstad\/wp-content\/uploads\/sites\/42\/2020\/07\/Ga\u030avobevis-300x213.png 300w, https:\/\/www.djurskyddet.se\/karlstad\/wp-content\/uploads\/sites\/42\/2020\/07\/Ga\u030avobevis-768x544.png 768w, https:\/\/www.djurskyddet.se\/karlstad\/wp-content\/uploads\/sites\/42\/2020\/07\/Ga\u030avobevis-400x283.png 400w\" sizes=\"auto, (max-width: 943px) 100vw, 943px\" \/><\/figure><\/div>\n\n<div class=\"wp-block-image\">\n<figure class=\"aligncenter is-resized\"><img loading=\"lazy\" decoding=\"async\" width=\"942\" height=\"670\" src=\"https:\/\/www.djurskyddet.se\/karlstad\/wp-content\/uploads\/sites\/42\/2020\/07\/Ga\u030avobevis-2.png\" alt=\"\" class=\"wp-image-6132\" style=\"width:449px;height:319px\" srcset=\"https:\/\/www.djurskyddet.se\/karlstad\/wp-content\/uploads\/sites\/42\/2020\/07\/Ga\u030avobevis-2.png 942w, https:\/\/www.djurskyddet.se\/karlstad\/wp-content\/uploads\/sites\/42\/2020\/07\/Ga\u030avobevis-2-300x213.png 300w, https:\/\/www.djurskyddet.se\/karlstad\/wp-content\/uploads\/sites\/42\/2020\/07\/Ga\u030avobevis-2-768x546.png 768w, https:\/\/www.djurskyddet.se\/karlstad\/wp-content\/uploads\/sites\/42\/2020\/07\/Ga\u030avobevis-2-400x285.png 400w\" sizes=\"auto, (max-width: 942px) 100vw, 942px\" \/><\/figure><\/div>\n\n\n<h2 class=\"wp-block-heading\">Kontant g\u00e5va i b\u00f6ssa eller p\u00e5 djurhemmet<\/h2>\n\n\n\n<p>Om du vill sk\u00e4nka en slant till v\u00e5rt djurhem och v\u00e5ra katter g\u00e5r det bra att anv\u00e4nda sig av v\u00e5ra insamlingsb\u00f6ssor som finns utplacerade p\u00e5 en rad olika st\u00e4llen i Karlstad med omnejd, inklusive djurhemmet. <strong>Om du \u00e4ger eller jobbar i en butik eller n\u00e5gonstans d\u00e4r ni skulle kunna st\u00e4lla en insamlingsb\u00f6ssa, kontakta oss g\u00e4rna p\u00e5 072- 520 00 28 eller kontakt@djurskyddetkarlstad.se!&nbsp;&nbsp;<\/strong><\/p>\n\n\n\n<h2 class=\"wp-block-heading\">Minnesg\u00e5va<\/h2>\n\n\n\n<p>Med en minnesg\u00e5va hedrar du minnet av en n\u00e4rst\u00e5ende. Din g\u00e5va bidrar till att fler katter kan f\u00e5 ett b\u00e4ttre liv. Om du \u00f6nskar ett minnesbrev maila ditt namn, datum f\u00f6r begravningsceremonin och vilken begravningsbyr\u00e5 som \u00e4r ansvarig till djurhemmet p\u00e5&nbsp;kontakt@djurskyddetkarlstad.se&nbsp;s\u00e5 skickar vi minnesbrev till begravningsbyr\u00e5n. Om du inte har mail g\u00e5r det bra att l\u00e4mna ett meddelande p\u00e5 v\u00e5r telefonsvarare 072- 520 00 28.&nbsp;Skicka dina uppgifter till oss eller prata in ditt meddelande p\u00e5 v\u00e5r telefonsvarare minst fem arbetsdagar innan begravningen kommer ske, s\u00e5 att vi hinner f\u00e5 levererat minnesbrevet i god tid.<\/p>\n\n\n\n<h3 class=\"wp-block-heading\">\u00d6nskelista<\/h3>\n\n\n\n<p>Om du vill sk\u00e4nka b\u00e4ddar, leksaker eller annat material till oss \u00e4r vi sj\u00e4lvklart mycket tacksamma f\u00f6r det. Av hygiensk\u00e4l tar vi inte emot \u00f6ppnade p\u00e5sar med torrfoder.&nbsp;<\/p>\n\n\n\n<p>Tack till alla er underbara djurv\u00e4nner!<\/p>\n\n\n\n<p><strong>Just nu st\u00e5r f\u00f6ljande h\u00f6gst upp p\u00e5 \u00f6nskelistan<\/strong><\/p>\n\n\n\n<ul class=\"wp-block-list\">\n<li>Leksaksm\u00f6ss<\/li>\n\n\n\n<li><span style=\"line-height: 1.8\">Laserpekare<\/span><\/li>\n\n\n\n<li>Fj\u00e4dervippor<\/li>\n\n\n\n<li>Frim\u00e4rken<\/li>\n\n\n\n<li>Nitrilhandskar storlek medium el large<\/li>\n\n\n\n<li>Disktabletter<\/li>\n\n\n\n<li>Toalettpapper<\/li>\n\n\n\n<li>Kaffe<\/li>\n\n\n\n<li>Sopp\u00e5sar<\/li>\n\n\n\n<li>Torky-rullar<\/li>\n\n\n\n<li>Kl\u00f6str\u00e4d (sm\u00e5 och mellan)<\/li>\n\n\n\n<li>Avmaskningsmedel Dronspot (pipetter) eller Drontal (tabletter)<\/li>\n\n\n\n<li>Tv\u00e4ttmedel (pulver)<\/li>\n<\/ul>\n\n\n\n<p><\/p>\n","protected":false},"excerpt":{"rendered":"<p>Ditt bidrag, litet som stort, \u00e4r viktigt f\u00f6r oss p\u00e5 Djurskyddet Karlstad. Vi finansierar fr\u00e4mst v\u00e5r verksamhet med hj\u00e4lp av arv, g\u00e5vor, och medlemsavgifter, och vi \u00e4r d\u00e4rf\u00f6r v\u00e4ldigt tacksamma f\u00f6r alla bidrag vi f\u00e5r fr\u00e5n v\u00e5ra medlemmar, sponsorer och allm\u00e4nheten. Tack f\u00f6r att du vill st\u00f6dja v\u00e5rt djurskyddsarbete och hj\u00e4lpa oss hj\u00e4lpa fler heml\u00f6sa och vanv\u00e5rdade katter samt bedriva v\u00e5rt djurhem! Enbart veterin\u00e4rkostnaderna f\u00f6r v\u00e5ra djurhemskatter uppg\u00e5r till \u00f6ver&hellip;<\/p>\n<p><a class=\"more-link\" href=\"https:\/\/www.djurskyddet.se\/karlstad\/ge-en-gava\/\" title=\"Continue reading &lsquo;Ge en g\u00e5va&rsquo;\">L&auml;s mer<span class=\"meta-nav\">&raquo;<\/span><\/a><\/p>\n","protected":false},"author":3,"featured_media":0,"parent":0,"menu_order":0,"comment_status":"closed","ping_status":"closed","template":"left-sidebar.php","meta":{"_acf_changed":false,"footnotes":""},"class_list":["post-5593","page","type-page","status-publish","hentry"],"acf":[],"_links":{"self":[{"href":"https:\/\/www.djurskyddet.se\/karlstad\/wp-json\/wp\/v2\/pages\/5593","targetHints":{"allow":["GET"]}}],"collection":[{"href":"https:\/\/www.djurskyddet.se\/karlstad\/wp-json\/wp\/v2\/pages"}],"about":[{"href":"https:\/\/www.djurskyddet.se\/karlstad\/wp-json\/wp\/v2\/types\/page"}],"author":[{"embeddable":true,"href":"https:\/\/www.djurskyddet.se\/karlstad\/wp-json\/wp\/v2\/users\/3"}],"replies":[{"embeddable":true,"href":"https:\/\/www.djurskyddet.se\/karlstad\/wp-json\/wp\/v2\/comments?post=5593"}],"version-history":[{"count":13,"href":"https:\/\/www.djurskyddet.se\/karlstad\/wp-json\/wp\/v2\/pages\/5593\/revisions"}],"predecessor-version":[{"id":8640,"href":"https:\/\/www.djurskyddet.se\/karlstad\/wp-json\/wp\/v2\/pages\/5593\/revisions\/8640"}],"wp:attachment":[{"href":"https:\/\/www.djurskyddet.se\/karlstad\/wp-json\/wp\/v2\/media?parent=5593"}],"curies":[{"name":"wp","href":"https:\/\/api.w.org\/{rel}","templated":true}]}}