{"id":5595,"date":"2020-02-13T14:48:48","date_gmt":"2020-02-13T14:48:48","guid":{"rendered":"https:\/\/www.djurskyddet.se\/karlstad\/?page_id=5595"},"modified":"2025-04-13T18:45:02","modified_gmt":"2025-04-13T18:45:02","slug":"sponsorer","status":"publish","type":"page","link":"https:\/\/www.djurskyddet.se\/karlstad\/sponsorer\/","title":{"rendered":"Sponsorer"},"content":{"rendered":"\n<p><strong>Vi \u00e4r oerh\u00f6rt tacksamma f\u00f6r att v\u00e5ra sponsorer valt att st\u00f6dja v\u00e5r verksamhet. TACK till alla er djurv\u00e4nner som hj\u00e4lper oss hj\u00e4lpa fler heml\u00f6sa&nbsp;och vanv\u00e5rdade katter till ett b\u00e4ttre liv! Ert st\u00f6d betyder oerh\u00f6rt mycket f\u00f6r oss!<\/strong><\/p>\n\n\n<div class=\"wp-block-image\">\n<figure class=\"aligncenter is-resized\"><img loading=\"lazy\" decoding=\"async\" width=\"1024\" height=\"1024\" src=\"https:\/\/www.djurskyddet.se\/karlstad\/wp-content\/uploads\/sites\/42\/2020\/02\/Hills-MAS-CMYK-300dpi-1.jpg\" alt=\"\" class=\"wp-image-5695\" style=\"width:248px;height:248px\" srcset=\"https:\/\/www.djurskyddet.se\/karlstad\/wp-content\/uploads\/sites\/42\/2020\/02\/Hills-MAS-CMYK-300dpi-1.jpg 1024w, https:\/\/www.djurskyddet.se\/karlstad\/wp-content\/uploads\/sites\/42\/2020\/02\/Hills-MAS-CMYK-300dpi-1-150x150.jpg 150w, https:\/\/www.djurskyddet.se\/karlstad\/wp-content\/uploads\/sites\/42\/2020\/02\/Hills-MAS-CMYK-300dpi-1-300x300.jpg 300w, https:\/\/www.djurskyddet.se\/karlstad\/wp-content\/uploads\/sites\/42\/2020\/02\/Hills-MAS-CMYK-300dpi-1-768x768.jpg 768w, https:\/\/www.djurskyddet.se\/karlstad\/wp-content\/uploads\/sites\/42\/2020\/02\/Hills-MAS-CMYK-300dpi-1-400x400.jpg 400w\" sizes=\"auto, (max-width: 1024px) 100vw, 1024px\" \/><figcaption class=\"wp-element-caption\">V\u00e5ra katter \u00e4ter kvalitetsfoder fr\u00e5n Hills<\/figcaption><\/figure><\/div>\n\n<div class=\"wp-block-image\">\n<figure class=\"aligncenter\"><img loading=\"lazy\" decoding=\"async\" width=\"378\" height=\"133\" src=\"https:\/\/www.djurskyddet.se\/karlstad\/wp-content\/uploads\/sites\/42\/2020\/06\/Karlstads-energi-logga.png\" alt=\"\" class=\"wp-image-6105\" srcset=\"https:\/\/www.djurskyddet.se\/karlstad\/wp-content\/uploads\/sites\/42\/2020\/06\/Karlstads-energi-logga.png 378w, https:\/\/www.djurskyddet.se\/karlstad\/wp-content\/uploads\/sites\/42\/2020\/06\/Karlstads-energi-logga-300x106.png 300w\" sizes=\"auto, (max-width: 378px) 100vw, 378px\" \/><figcaption class=\"wp-element-caption\">Karlstads Energi sponsrar oss med h\u00e4mtning och sortering av kattsandsavfall<br><br><\/figcaption><\/figure><\/div>\n\n<div class=\"wp-block-image\">\n<figure class=\"aligncenter is-resized\"><img loading=\"lazy\" decoding=\"async\" width=\"300\" height=\"45\" src=\"https:\/\/www.djurskyddet.se\/karlstad\/wp-content\/uploads\/sites\/42\/2020\/02\/NWT-ny-300x45-1.jpg\" alt=\"\" class=\"wp-image-5693\" style=\"width:413px;height:62px\" \/><figcaption class=\"wp-element-caption\">NWT-koncernen l\u00e5ter oss annonsera gratis i deras tidningar NWT och VF <\/figcaption><\/figure><\/div>\n\n\n<p class=\"has-text-align-center has-small-font-size\"><\/p>\n\n\n<div class=\"wp-block-image\">\n<figure class=\"aligncenter is-resized\"><img loading=\"lazy\" decoding=\"async\" width=\"1024\" height=\"338\" src=\"https:\/\/www.djurskyddet.se\/karlstad\/wp-content\/uploads\/sites\/42\/2020\/04\/Best-friend-logga-1-1024x338.jpg\" alt=\"\" class=\"wp-image-5870\" style=\"width:380px;height:125px\" srcset=\"https:\/\/www.djurskyddet.se\/karlstad\/wp-content\/uploads\/sites\/42\/2020\/04\/Best-friend-logga-1.jpg 1024w, https:\/\/www.djurskyddet.se\/karlstad\/wp-content\/uploads\/sites\/42\/2020\/04\/Best-friend-logga-1-300x99.jpg 300w, https:\/\/www.djurskyddet.se\/karlstad\/wp-content\/uploads\/sites\/42\/2020\/04\/Best-friend-logga-1-768x254.jpg 768w, https:\/\/www.djurskyddet.se\/karlstad\/wp-content\/uploads\/sites\/42\/2020\/04\/Best-friend-logga-1-400x132.jpg 400w\" sizes=\"auto, (max-width: 1024px) 100vw, 1024px\" \/><figcaption class=\"wp-element-caption\">            Best Friend sponsrar oss med Cattia kattsand<br><\/figcaption><\/figure><\/div>\n\n\n<figure class=\"wp-block-image is-resized\"><img decoding=\"async\" src=\"https:\/\/www.djurskyddet.se\/karlstad\/wp-content\/uploads\/sites\/42\/2020\/06\/Eget-f\u00f6rr\u00e5d-logga.png\" alt=\"\" class=\"wp-image-6099\" style=\"width:576px;height:149px\" \/><figcaption class=\"wp-element-caption\">Eget f\u00f6rr\u00e5d ger oss en gener\u00f6s rabatt p\u00e5 v\u00e5r hyreskostnad f\u00f6r v\u00e5rt f\u00f6rr\u00e5d<br><\/figcaption><\/figure>\n\n\n\n<figure class=\"wp-block-image\"><img loading=\"lazy\" decoding=\"async\" width=\"744\" height=\"419\" src=\"https:\/\/www.djurskyddet.se\/karlstad\/wp-content\/uploads\/sites\/42\/2020\/08\/Agria-.jpg\" alt=\"\" class=\"wp-image-6157\" srcset=\"https:\/\/www.djurskyddet.se\/karlstad\/wp-content\/uploads\/sites\/42\/2020\/08\/Agria-.jpg 744w, https:\/\/www.djurskyddet.se\/karlstad\/wp-content\/uploads\/sites\/42\/2020\/08\/Agria--300x169.jpg 300w, https:\/\/www.djurskyddet.se\/karlstad\/wp-content\/uploads\/sites\/42\/2020\/08\/Agria--400x225.jpg 400w\" sizes=\"auto, (max-width: 744px) 100vw, 744px\" \/><figcaption class=\"wp-element-caption\">Agria ger oss rabatt p\u00e5 f\u00f6rs\u00e4kringar samt sponsrar oss med produkter som de som adopterar fr\u00e5n oss f\u00e5r med sig n\u00e4r katten\/katterna flyttar<\/figcaption><\/figure>\n\n\n\n<p class=\"has-text-align-center has-large-font-size\"><strong>V\u00e5ra bursponsorer p\u00e5 djurhemmet:<\/strong><\/p>\n\n\n\n<p class=\"has-text-align-center has-medium-font-size\">Anna Gund<\/p>\n\n\n\n<p class=\"has-text-align-center has-medium-font-size\">Anne-Mor och Kjell L\u00f6d\u00e9n<\/p>\n\n\n\n<p class=\"has-text-align-center has-medium-font-size\"><\/p>\n\n\n\n<p class=\"has-text-align-center has-medium-font-size\">Kerstin Simonsson<\/p>\n\n\n\n<p class=\"has-text-align-center has-medium-font-size\">NWT<\/p>\n\n\n\n<p class=\"has-text-align-center has-medium-font-size\">Tomas och Christina Karlsson<\/p>\n\n\n\n<p class=\"has-text-align-center has-medium-font-size\">OKQ8 V\u00e4rmland<\/p>\n\n\n\n<p class=\"has-text-align-center has-medium-font-size\">Om du vill bli sponsor hos oss eller veta mer om vad det inneb\u00e4r, kontakta styrelsen p\u00e5&nbsp;<strong>styrelsen@djurskyddetkarlstad.se<\/strong>!&nbsp;<\/p>\n","protected":false},"excerpt":{"rendered":"<p>Vi \u00e4r oerh\u00f6rt tacksamma f\u00f6r att v\u00e5ra sponsorer valt att st\u00f6dja v\u00e5r verksamhet. TACK till alla er djurv\u00e4nner som hj\u00e4lper oss hj\u00e4lpa fler heml\u00f6sa&nbsp;och vanv\u00e5rdade katter till ett b\u00e4ttre liv! Ert st\u00f6d betyder oerh\u00f6rt mycket f\u00f6r oss! V\u00e5ra bursponsorer p\u00e5 djurhemmet: Anna Gund Anne-Mor och Kjell L\u00f6d\u00e9n Kerstin Simonsson NWT Tomas och Christina Karlsson OKQ8 V\u00e4rmland Om du vill bli sponsor hos oss eller veta mer om vad det inneb\u00e4r,&hellip;<\/p>\n<p><a class=\"more-link\" href=\"https:\/\/www.djurskyddet.se\/karlstad\/sponsorer\/\" title=\"Continue reading &lsquo;Sponsorer&rsquo;\">L&auml;s mer<span class=\"meta-nav\">&raquo;<\/span><\/a><\/p>\n","protected":false},"author":3,"featured_media":0,"parent":0,"menu_order":0,"comment_status":"closed","ping_status":"closed","template":"left-sidebar.php","meta":{"_acf_changed":false,"footnotes":""},"class_list":["post-5595","page","type-page","status-publish","hentry"],"acf":[],"_links":{"self":[{"href":"https:\/\/www.djurskyddet.se\/karlstad\/wp-json\/wp\/v2\/pages\/5595","targetHints":{"allow":["GET"]}}],"collection":[{"href":"https:\/\/www.djurskyddet.se\/karlstad\/wp-json\/wp\/v2\/pages"}],"about":[{"href":"https:\/\/www.djurskyddet.se\/karlstad\/wp-json\/wp\/v2\/types\/page"}],"author":[{"embeddable":true,"href":"https:\/\/www.djurskyddet.se\/karlstad\/wp-json\/wp\/v2\/users\/3"}],"replies":[{"embeddable":true,"href":"https:\/\/www.djurskyddet.se\/karlstad\/wp-json\/wp\/v2\/comments?post=5595"}],"version-history":[{"count":24,"href":"https:\/\/www.djurskyddet.se\/karlstad\/wp-json\/wp\/v2\/pages\/5595\/revisions"}],"predecessor-version":[{"id":8845,"href":"https:\/\/www.djurskyddet.se\/karlstad\/wp-json\/wp\/v2\/pages\/5595\/revisions\/8845"}],"wp:attachment":[{"href":"https:\/\/www.djurskyddet.se\/karlstad\/wp-json\/wp\/v2\/media?parent=5595"}],"curies":[{"name":"wp","href":"https:\/\/api.w.org\/{rel}","templated":true}]}}