{"id":5597,"date":"2020-02-13T14:52:45","date_gmt":"2020-02-13T14:52:45","guid":{"rendered":"https:\/\/www.djurskyddet.se\/karlstad\/?page_id=5597"},"modified":"2026-04-05T14:18:59","modified_gmt":"2026-04-05T14:18:59","slug":"styrelse-stadgar","status":"publish","type":"page","link":"https:\/\/www.djurskyddet.se\/karlstad\/styrelse-stadgar\/","title":{"rendered":"Styrelse &amp; stadgar"},"content":{"rendered":"\n<p>Styrelsen v\u00e4ljs av \u00e5rsm\u00f6tet varje \u00e5r. Samtliga styrelsemedlemmar arbetar ideellt f\u00f6r f\u00f6reningen, och innehar arbetsgivaransvar f\u00f6r personalen p\u00e5 djurhemmet samt \u00f6vergripande ansvar f\u00f6r verksamheten.<\/p>\n\n\n\n<p><br><strong>Djurskyddet Karlstads styrelse best\u00e5r av f\u00f6ljande personer:<\/strong><br><br><strong>Ordf\u00f6rande<\/strong>: Cecilia Sundholm<\/p>\n\n\n\n<p><strong>Vice Ordf\u00f6rande<\/strong>: Jeanette Carl\u00e9n<\/p>\n\n\n\n<p><strong>Kass\u00f6r<\/strong>: Kicki Nilsson<\/p>\n\n\n\n<p><strong>Sekreterare<\/strong>: Erica Willson<\/p>\n\n\n\n<p><strong>Ledam\u00f6ter<\/strong>: Kristina Wickstr\u00f6m, Madeleine H\u00f6gberg, Eva Sundler, Micaela Gustavsson, Sofie Liljeberg och Katrine Stj\u00e4rnvidde<\/p>\n\n\n\n<p><\/p>\n\n\n\n<p>Styrelsen kan kontaktas p\u00e5:&nbsp;<strong>styrelsen@djurskyddetkarlstad.se<\/strong><\/p>\n","protected":false},"excerpt":{"rendered":"<p>Styrelsen v\u00e4ljs av \u00e5rsm\u00f6tet varje \u00e5r. Samtliga styrelsemedlemmar arbetar ideellt f\u00f6r f\u00f6reningen, och innehar arbetsgivaransvar f\u00f6r personalen p\u00e5 djurhemmet samt \u00f6vergripande ansvar f\u00f6r verksamheten. Djurskyddet Karlstads styrelse best\u00e5r av f\u00f6ljande personer: Ordf\u00f6rande: Cecilia Sundholm Vice Ordf\u00f6rande: Jeanette Carl\u00e9n Kass\u00f6r: Kicki Nilsson Sekreterare: Erica Willson Ledam\u00f6ter: Kristina Wickstr\u00f6m, Madeleine H\u00f6gberg, Eva Sundler, Micaela Gustavsson, Sofie Liljeberg och Katrine Stj\u00e4rnvidde Styrelsen kan kontaktas p\u00e5:&nbsp;styrelsen@djurskyddetkarlstad.se<\/p>\n","protected":false},"author":3,"featured_media":0,"parent":0,"menu_order":0,"comment_status":"closed","ping_status":"closed","template":"left-sidebar.php","meta":{"_acf_changed":false,"footnotes":""},"class_list":["post-5597","page","type-page","status-publish","hentry"],"acf":[],"_links":{"self":[{"href":"https:\/\/www.djurskyddet.se\/karlstad\/wp-json\/wp\/v2\/pages\/5597","targetHints":{"allow":["GET"]}}],"collection":[{"href":"https:\/\/www.djurskyddet.se\/karlstad\/wp-json\/wp\/v2\/pages"}],"about":[{"href":"https:\/\/www.djurskyddet.se\/karlstad\/wp-json\/wp\/v2\/types\/page"}],"author":[{"embeddable":true,"href":"https:\/\/www.djurskyddet.se\/karlstad\/wp-json\/wp\/v2\/users\/3"}],"replies":[{"embeddable":true,"href":"https:\/\/www.djurskyddet.se\/karlstad\/wp-json\/wp\/v2\/comments?post=5597"}],"version-history":[{"count":36,"href":"https:\/\/www.djurskyddet.se\/karlstad\/wp-json\/wp\/v2\/pages\/5597\/revisions"}],"predecessor-version":[{"id":8925,"href":"https:\/\/www.djurskyddet.se\/karlstad\/wp-json\/wp\/v2\/pages\/5597\/revisions\/8925"}],"wp:attachment":[{"href":"https:\/\/www.djurskyddet.se\/karlstad\/wp-json\/wp\/v2\/media?parent=5597"}],"curies":[{"name":"wp","href":"https:\/\/api.w.org\/{rel}","templated":true}]}}