{"id":5601,"date":"2020-02-13T14:54:21","date_gmt":"2020-02-13T14:54:21","guid":{"rendered":"https:\/\/www.djurskyddet.se\/karlstad\/?page_id=5601"},"modified":"2020-04-08T08:56:44","modified_gmt":"2020-04-08T08:56:44","slug":"historia","status":"publish","type":"page","link":"https:\/\/www.djurskyddet.se\/karlstad\/historia\/","title":{"rendered":"Historia"},"content":{"rendered":"\n<p>Djurskyddet Karlstad har en l\u00e5ng historia av djurskyddsverksamhet och \u00e4r en av Sveriges \u00e4ldsta djurskyddsf\u00f6reningar. F\u00f6reningen har bytt namn n\u00e5gra g\u00e5nger, men grundsynen har alltid varit densamma; att hj\u00e4lpa djur till ett b\u00e4ttre liv.&nbsp;<\/p>\n\n\n\n<p><strong>M\u00e5nga \u00e5r i djurskyddets tj\u00e4nst<\/strong><br>V\u00e4rmlands Allm\u00e4nna Djurskyddsf\u00f6rening (1876-1904) bildades den 2 december 1876. Den blev d\u00e4rmed en av landets f\u00f6rsta djurskyddsf\u00f6reningar. Vid tillkomsten kunde den n\u00e4rmast anses vara en avdelning inom V\u00e4rmlands l\u00e4ns hush\u00e5llningss\u00e4llskap, innan f\u00f6reningen 1948 blev helt frist\u00e5ende.<\/p>\n\n\n\n<p>Viss opinionsbildande verksamhet kom till st\u00e5nd, bland annat f\u00f6r en mer skonsam hantering av f\u00e5ngad fisk, av drag- och andra husdjur samt vid djurslakt, bland annat genom upplysning och f\u00f6rs\u00e4ljning av moderna slaktredskap.<\/p>\n\n\n\n<p>F\u00f6reningen tvingades att begr\u00e4nsa sin verksamhet till i f\u00f6rsta hand Karlstad med omnejd. S\u00e4rskilt intresserade man sig f\u00f6r de m\u00e5nga h\u00e4starna, som fanns i staden. Men \u00e4ven djurpl\u00e5geri av andra husdjur beivrades.<\/p>\n\n\n\n<p>F\u00f6reningens ekonomi f\u00f6rs\u00e4mrades successivt och vid slutet av 1880-talet var de ekonomiska tillg\u00e5ngarna i det n\u00e4rmaste utt\u00f6mda. 1892 hade f\u00f6reningen bara 23 medlemmar.<\/p>\n\n\n\n<p>I december 1904 \u00f6verl\u00e4mnades alla handlingar och de blygsamma tillg\u00e5ngarna till den strax innan bildade Karlstads Djurskyddsf\u00f6rening.<\/p>\n\n\n\n<p>Initiativtagaren till Karlstads Djurskyddsf\u00f6rening (1904-1916) var redakt\u00f6ren och skalden Oscar Stjerne (ordf 1902-1913). \u00c5r 1913 inkom information om att Johanna H\u00e4gg i Visby efterl\u00e4mnat testamente i vilket hon donerat hela 6000 kronor (i den tidens penningv\u00e4rde stora pengar) till V\u00e4rmlands Allm\u00e4nna Djurskyddsf\u00f6rening. F\u00f6r att beloppet skulle kunna tillf\u00f6ras djurskyddsarbetet m\u00e5ste emellertid mottagaren i testamentet, dvs V\u00e4rmlands Allm\u00e4nna Djurskyddsf\u00f6rening formellt \u00e5teruppv\u00e4ckas. S\u00e5 skedde ocks\u00e5. V\u00e4rmlands Allm\u00e4nna Djurskyddsf\u00f6rening &#8221;\u00e5teruppstod d\u00e5&#8221; i namnet mellan 1916-1972.<br>Med en s\u00e5ledes kraftigt f\u00f6rb\u00e4ttrad ekonomi kom verksamheten att ta rej\u00e4l fart. Under en kort period var antalet medlemmar n\u00e4rmare 700.<\/p>\n\n\n\n<p>Nu kunde arbetet f\u00f6r en humanare behandling av framf\u00f6rallt husdjuren st\u00f6djas genom utdelning av broschyrer och skrifter i st\u00f6rre omfattning \u00e4n tidigare.<\/p>\n\n\n\n<p>Vidare medverkade f\u00f6reningen med stipendier till att s\u00e5 kallade hemslaktare med god utbildning och f\u00f6rsedda med moderna slaktredskap kom att finnas tillg\u00e4ngliga p\u00e5 m\u00e5nga platser i l\u00e4net.<\/p>\n\n\n\n<p><strong>Djurskyddsinspekt\u00f6r i f\u00f6reningens tj\u00e4nst i ca 30 \u00e5r<\/strong>&nbsp;<br>1929 inr\u00e4ttades en djurskyddsinspekt\u00f6rsbefattning f\u00f6r V\u00e4rmlands l\u00e4n, p\u00e5 f\u00f6rslag av f\u00f6reningens d\u00e5varande ordf\u00f6rande, Landsh\u00f6vdingskan Sandra Unger. F\u00f6r att ekonomiskt st\u00f6dja denna verksamhet sammansl\u00f6t sig djurskyddsf\u00f6reningarna i Karlstad, Kristinehamn, Arvika och S\u00e4ffle till ett l\u00e4nsf\u00f6rbund, vilket dock nedlade sitt arbete 1934, varefter V\u00e4rmlands Allm\u00e4nna Djurskyddsf\u00f6rening \u00f6vertog ansvaret f\u00f6r inspekt\u00f6rens verksamhet.<\/p>\n\n\n\n<p>Inspekt\u00f6rstj\u00e4nstens tillkomst utgjorde en mycket kraftfull f\u00f6rst\u00e4rkning och utvidgning av djurskyddsarbetet. Enligt sin instruktion skulle denne i f\u00f6rsta hand bland annat genom upplysning och undervisning s\u00f6ka f\u00f6rebygga, men vid behov \u00e4ven ingripa vid djurpl\u00e5geri.<br><\/p>\n\n\n\n<p>B\u00e5da typerna av insatser var h\u00f6geligen aktuella och inspekt\u00f6ren kom att tillerk\u00e4nnas \u201dpolismans skydd och befogenhet\u201d. Inspekt\u00f6ren kunde d\u00e4rmed inte f\u00f6rbjudas tilltr\u00e4de till stallar eller djurh\u00e5llningsplatser. Inspekt\u00f6rens kvartalsrapporter till f\u00f6reningens styrelse utg\u00f6r en rik k\u00e4lla, f\u00f6r den som n\u00e4rmare vill ta del av situationen ur djurskyddssynpunkt under dessa \u00e5r. I ca 30 \u00e5rs tid finansierades tj\u00e4nsten.<\/p>\n\n\n\n<p>1958 \u00e5lades samtliga h\u00e4lsov\u00e5rdsn\u00e4mnder att utse tillsyningsm\u00e4n som skulle ut\u00f6va tillsyn \u00f6ver djurens v\u00e5rd och behandling.<\/p>\n\n\n\n<p>\u00c4ven om V\u00e4rmlands Allm\u00e4nna Djurskyddsf\u00f6renings str\u00e4van i f\u00f6rsta hand g\u00e5tt ut p\u00e5 att bereda inledningsvis husdjuren, och sedermera i tilltagande grad s\u00e4llskapsdjuren b\u00e4sta m\u00f6jliga skydd mot on\u00f6digt lidande, har f\u00f6reningen hela tiden s\u00f6kt vidta \u00e5tg\u00e4rder f\u00f6r att minska djurpl\u00e5geri mot vilda djur. Bland annat fr\u00e5gor om utl\u00e4ggning av gift, \u00e4lgjakt m.m.<\/p>\n\n\n\n<p>1972 bildades \u00e5nyo ett l\u00e4nsf\u00f6rbund f\u00f6r djurskyddsf\u00f6reningarna i V\u00e4rmland. Eftersom V\u00e4rmlands allm\u00e4nna djurskyddsf\u00f6rening hade sitt verksamhetsomr\u00e5de i Karlstadstrakten fann man det l\u00e4mpligt att \u00e4ndra namn igen till Karlstads Djurskyddsf\u00f6rening.<\/p>\n\n\n\n<p>Tittar man p\u00e5 f\u00f6reningens int\u00e4kter och kostnader under senare \u00e5r finner man att den st\u00f6rsta posten p\u00e5 int\u00e4ktssidan best\u00e5r av g\u00e5vor och bidrag. D\u00e4refter kommer avkastning fr\u00e5n fonder samt int\u00e4kter fr\u00e5n de \u00e5rliga medlemsavgifterna.<\/p>\n\n\n\n<p>P\u00e5 kostnadssidan m\u00e4rks fr\u00e4mst de stora och tilltagande kostnaderna f\u00f6r djurhemsverksamheten. Den d\u00e4rn\u00e4st st\u00f6rsta kostnadsposten \u00e4r de direkta och indirekta kostnaderna av allehanda slag som uppkommer i de kort- och l\u00e5ngsiktiga opinionsbildande arbetet. Detta f\u00f6r att hela tiden h\u00e5lla djurens problematik i n\u00e4rheten av m\u00e4nniskan levande, f\u00f6r att stimulera rekrytering och aktivering av flera medlemmar och sympatis\u00f6rer.<\/p>\n\n\n\n<p>2006 bytte f\u00f6reningen namn till Djurskyddet Karlstad. F\u00f6reningen \u00e4r ansluten till Djurskyddet Sverige.<\/p>\n","protected":false},"excerpt":{"rendered":"<p>Djurskyddet Karlstad har en l\u00e5ng historia av djurskyddsverksamhet och \u00e4r en av Sveriges \u00e4ldsta djurskyddsf\u00f6reningar. F\u00f6reningen har bytt namn n\u00e5gra g\u00e5nger, men grundsynen har alltid varit densamma; att hj\u00e4lpa djur till ett b\u00e4ttre liv.&nbsp; M\u00e5nga \u00e5r i djurskyddets tj\u00e4nstV\u00e4rmlands Allm\u00e4nna Djurskyddsf\u00f6rening (1876-1904) bildades den 2 december 1876. Den blev d\u00e4rmed en av landets f\u00f6rsta djurskyddsf\u00f6reningar. Vid tillkomsten kunde den n\u00e4rmast anses vara en avdelning inom V\u00e4rmlands l\u00e4ns hush\u00e5llningss\u00e4llskap, innan f\u00f6reningen&hellip;<\/p>\n<p><a class=\"more-link\" href=\"https:\/\/www.djurskyddet.se\/karlstad\/historia\/\" title=\"Continue reading &lsquo;Historia&rsquo;\">L&auml;s mer<span class=\"meta-nav\">&raquo;<\/span><\/a><\/p>\n","protected":false},"author":3,"featured_media":0,"parent":0,"menu_order":0,"comment_status":"closed","ping_status":"closed","template":"left-sidebar.php","meta":{"_acf_changed":false,"footnotes":""},"class_list":["post-5601","page","type-page","status-publish","hentry"],"acf":[],"_links":{"self":[{"href":"https:\/\/www.djurskyddet.se\/karlstad\/wp-json\/wp\/v2\/pages\/5601","targetHints":{"allow":["GET"]}}],"collection":[{"href":"https:\/\/www.djurskyddet.se\/karlstad\/wp-json\/wp\/v2\/pages"}],"about":[{"href":"https:\/\/www.djurskyddet.se\/karlstad\/wp-json\/wp\/v2\/types\/page"}],"author":[{"embeddable":true,"href":"https:\/\/www.djurskyddet.se\/karlstad\/wp-json\/wp\/v2\/users\/3"}],"replies":[{"embeddable":true,"href":"https:\/\/www.djurskyddet.se\/karlstad\/wp-json\/wp\/v2\/comments?post=5601"}],"version-history":[{"count":2,"href":"https:\/\/www.djurskyddet.se\/karlstad\/wp-json\/wp\/v2\/pages\/5601\/revisions"}],"predecessor-version":[{"id":5727,"href":"https:\/\/www.djurskyddet.se\/karlstad\/wp-json\/wp\/v2\/pages\/5601\/revisions\/5727"}],"wp:attachment":[{"href":"https:\/\/www.djurskyddet.se\/karlstad\/wp-json\/wp\/v2\/media?parent=5601"}],"curies":[{"name":"wp","href":"https:\/\/api.w.org\/{rel}","templated":true}]}}