{"id":5607,"date":"2020-02-13T15:26:33","date_gmt":"2020-02-13T15:26:33","guid":{"rendered":"https:\/\/www.djurskyddet.se\/karlstad\/?page_id=5607"},"modified":"2020-02-13T15:26:34","modified_gmt":"2020-02-13T15:26:34","slug":"vill-du-hjalpa-till","status":"publish","type":"page","link":"https:\/\/www.djurskyddet.se\/karlstad\/vill-du-hjalpa-till\/","title":{"rendered":"Vill du hj\u00e4lpa till?"},"content":{"rendered":"\n<p>Om du \u00e4r intresserad av att hj\u00e4lpa till i f\u00f6reningen \u00e4r du varmt v\u00e4lkommen att h\u00f6ra av dig! Vi beh\u00f6ver fler volont\u00e4rer ute p\u00e5 djurhemmet (helgpassare), fler engagerade styrelsemedlemmar, och fler jourhem, samtidigt som vi alltid \u00e4r tacksamma f\u00f6r nya faddrar och sponsorer. V\u00e4lkommen att kontakta oss p\u00e5:&nbsp;<\/p>\n\n\n\n<p>styrelsen@djurskyddetkarlstad.se (styrelsen)<\/p>\n\n\n\n<p>blijourhem@djurskyddetkarlstad.se (jourhemsansvarig)<\/p>\n\n\n\n<p>helgpassare@djurskyddetkarlstad.se (volont\u00e4rer\/helgpassaransvarig)<\/p>\n\n\n\n<p>medlemskap@djurskyddetkarlstad.se (medlemsansvarig)<\/p>\n\n\n\n<p>kontakt@djurskyddetkarlstad.se (djurhemmet)<\/p>\n","protected":false},"excerpt":{"rendered":"<p>Om du \u00e4r intresserad av att hj\u00e4lpa till i f\u00f6reningen \u00e4r du varmt v\u00e4lkommen att h\u00f6ra av dig! Vi beh\u00f6ver fler volont\u00e4rer ute p\u00e5 djurhemmet (helgpassare), fler engagerade styrelsemedlemmar, och fler jourhem, samtidigt som vi alltid \u00e4r tacksamma f\u00f6r nya faddrar och sponsorer. V\u00e4lkommen att kontakta oss p\u00e5:&nbsp; styrelsen@djurskyddetkarlstad.se (styrelsen) blijourhem@djurskyddetkarlstad.se (jourhemsansvarig) helgpassare@djurskyddetkarlstad.se (volont\u00e4rer\/helgpassaransvarig) medlemskap@djurskyddetkarlstad.se (medlemsansvarig) kontakt@djurskyddetkarlstad.se (djurhemmet)<\/p>\n","protected":false},"author":3,"featured_media":0,"parent":0,"menu_order":0,"comment_status":"closed","ping_status":"closed","template":"left-sidebar.php","meta":{"_acf_changed":false,"footnotes":""},"class_list":["post-5607","page","type-page","status-publish","hentry"],"acf":[],"_links":{"self":[{"href":"https:\/\/www.djurskyddet.se\/karlstad\/wp-json\/wp\/v2\/pages\/5607","targetHints":{"allow":["GET"]}}],"collection":[{"href":"https:\/\/www.djurskyddet.se\/karlstad\/wp-json\/wp\/v2\/pages"}],"about":[{"href":"https:\/\/www.djurskyddet.se\/karlstad\/wp-json\/wp\/v2\/types\/page"}],"author":[{"embeddable":true,"href":"https:\/\/www.djurskyddet.se\/karlstad\/wp-json\/wp\/v2\/users\/3"}],"replies":[{"embeddable":true,"href":"https:\/\/www.djurskyddet.se\/karlstad\/wp-json\/wp\/v2\/comments?post=5607"}],"version-history":[{"count":1,"href":"https:\/\/www.djurskyddet.se\/karlstad\/wp-json\/wp\/v2\/pages\/5607\/revisions"}],"predecessor-version":[{"id":5608,"href":"https:\/\/www.djurskyddet.se\/karlstad\/wp-json\/wp\/v2\/pages\/5607\/revisions\/5608"}],"wp:attachment":[{"href":"https:\/\/www.djurskyddet.se\/karlstad\/wp-json\/wp\/v2\/media?parent=5607"}],"curies":[{"name":"wp","href":"https:\/\/api.w.org\/{rel}","templated":true}]}}