{"id":5609,"date":"2020-02-13T15:28:02","date_gmt":"2020-02-13T15:28:02","guid":{"rendered":"https:\/\/www.djurskyddet.se\/karlstad\/?page_id=5609"},"modified":"2022-10-03T17:56:18","modified_gmt":"2022-10-03T17:56:18","slug":"lediga-tjanster-praktik","status":"publish","type":"page","link":"https:\/\/www.djurskyddet.se\/karlstad\/lediga-tjanster-praktik\/","title":{"rendered":"Lediga tj\u00e4nster &amp; praktik"},"content":{"rendered":"\n<p>Vi f\u00e5r m\u00e5nga f\u00f6rfr\u00e5gningar om praktik, jobb eller arbetstr\u00e4ning p\u00e5 v\u00e5rt djurhem. Tyv\u00e4rr har vi inte m\u00f6jlighet att s\u00e4ga ja till alla de som fr\u00e5gar om de f\u00e5r praktisera eller arbetstr\u00e4na hos oss, men vi tar in ett visst antal praktikanter varje \u00e5r.<br><\/p>\n\n\n\n<p>Vi har oftast inte m\u00f6jlighet att ta emot praktikanter som arbetstr\u00e4nar endast en eller tv\u00e5 dagar i veckan, d\u00e5 det inte riktigt passar in i v\u00e5r verksamhet med alla de rutiner vi har. Vi \u00e4r en liten arbetsplats med f\u00e5 anst\u00e4llda, och f\u00f6r att vi b\u00e4st ska kunna ta hand om v\u00e5ra praktikanter samt att praktikanterna ska f\u00e5 ut s\u00e5 mycket som m\u00f6jligt av sin tid hos oss s\u00e5 beh\u00f6ver vi kunna planera f\u00f6r en mer sammanh\u00e4ngande praktikperiod.<\/p>\n\n\n\n<p><strong>Om du s\u00f6ker praktik\/arbetstr\u00e4ning f\u00f6r en period som \u00f6verstiger 2 veckor \u00e4r du v\u00e4lkommen att h\u00f6ra av dig med en f\u00f6rfr\u00e5gan.<\/strong>&nbsp;Styrelsen f\u00f6r Djurskyddet Karlstad tar beslut om samtliga praktikplatser. Vad g\u00e4ller erbjudande av praktikplats riktar vi oss fr\u00e4mst till personer som \u00e4mnar arbeta med djurskyddsfr\u00e5gor eller p\u00e5 en veterin\u00e4rklinik i framtiden.&nbsp;<strong>Du ska g\u00e5 p\u00e5 gymnasiet f\u00f6r att f\u00e5 skolpraktik hos oss &#8211; yngre elever har vi tyv\u00e4rr inte m\u00f6jlighet att ta emot.&nbsp;<\/strong>&nbsp;<\/p>\n\n\n\n<p>F\u00f6r f\u00f6rfr\u00e5gningar g\u00e4llande praktik eller arbetstr\u00e4ning, skriv ett personligt brev till:<\/p>\n\n\n\n<p><strong>styrelsen@djurskyddetkarlstad.se<\/strong><\/p>\n\n\n\n<p>I ditt personliga brev till oss vill vi att du anger:<br>&#8211; hur m\u00e5nga (sammanh\u00e4ngande) veckor du s\u00f6ker praktik\/arbetstr\u00e4ning f\u00f6r<br>&#8211; fr\u00e5n vilket datum du s\u00f6ker praktik\/arbetstr\u00e4ning f\u00f6r, och vilket slutdatum som g\u00e4ller<br>&#8211; en beskrivning p\u00e5 varf\u00f6r du vill praktisera\/arbetstr\u00e4na just p\u00e5 Djurskyddet Karlstad<br>&#8211; vilka arbetsuppgifter du f\u00f6rv\u00e4ntar dig arbeta med<br>&#8211; vad det \u00e4r du k\u00e4nner att du kan bidra med p\u00e5 djurhemmet eller i v\u00e5r verksamhet<\/p>\n\n\n\n<p><strong>Ange \u00e4ven om du \u00e4r medlem i Djurskyddet Karlstad (medlemmar har f\u00f6retr\u00e4de om flera personer s\u00f6ker praktik\/arbetstr\u00e4ning under samma period).<\/strong><\/p>\n\n\n\n<p>V\u00e4lkommen med din ans\u00f6kan!<\/p>\n\n\n\n<p><\/p>\n\n\n\n<p><\/p>\n","protected":false},"excerpt":{"rendered":"<p>Vi f\u00e5r m\u00e5nga f\u00f6rfr\u00e5gningar om praktik, jobb eller arbetstr\u00e4ning p\u00e5 v\u00e5rt djurhem. Tyv\u00e4rr har vi inte m\u00f6jlighet att s\u00e4ga ja till alla de som fr\u00e5gar om de f\u00e5r praktisera eller arbetstr\u00e4na hos oss, men vi tar in ett visst antal praktikanter varje \u00e5r. Vi har oftast inte m\u00f6jlighet att ta emot praktikanter som arbetstr\u00e4nar endast en eller tv\u00e5 dagar i veckan, d\u00e5 det inte riktigt passar in i v\u00e5r verksamhet&hellip;<\/p>\n<p><a class=\"more-link\" href=\"https:\/\/www.djurskyddet.se\/karlstad\/lediga-tjanster-praktik\/\" title=\"Continue reading &lsquo;Lediga tj\u00e4nster &amp; praktik&rsquo;\">L&auml;s mer<span class=\"meta-nav\">&raquo;<\/span><\/a><\/p>\n","protected":false},"author":3,"featured_media":0,"parent":0,"menu_order":0,"comment_status":"closed","ping_status":"closed","template":"left-sidebar.php","meta":{"_acf_changed":false,"footnotes":""},"class_list":["post-5609","page","type-page","status-publish","hentry"],"acf":[],"_links":{"self":[{"href":"https:\/\/www.djurskyddet.se\/karlstad\/wp-json\/wp\/v2\/pages\/5609","targetHints":{"allow":["GET"]}}],"collection":[{"href":"https:\/\/www.djurskyddet.se\/karlstad\/wp-json\/wp\/v2\/pages"}],"about":[{"href":"https:\/\/www.djurskyddet.se\/karlstad\/wp-json\/wp\/v2\/types\/page"}],"author":[{"embeddable":true,"href":"https:\/\/www.djurskyddet.se\/karlstad\/wp-json\/wp\/v2\/users\/3"}],"replies":[{"embeddable":true,"href":"https:\/\/www.djurskyddet.se\/karlstad\/wp-json\/wp\/v2\/comments?post=5609"}],"version-history":[{"count":11,"href":"https:\/\/www.djurskyddet.se\/karlstad\/wp-json\/wp\/v2\/pages\/5609\/revisions"}],"predecessor-version":[{"id":7771,"href":"https:\/\/www.djurskyddet.se\/karlstad\/wp-json\/wp\/v2\/pages\/5609\/revisions\/7771"}],"wp:attachment":[{"href":"https:\/\/www.djurskyddet.se\/karlstad\/wp-json\/wp\/v2\/media?parent=5609"}],"curies":[{"name":"wp","href":"https:\/\/api.w.org\/{rel}","templated":true}]}}