{"id":5611,"date":"2020-02-13T15:28:41","date_gmt":"2020-02-13T15:28:41","guid":{"rendered":"https:\/\/www.djurskyddet.se\/karlstad\/?page_id=5611"},"modified":"2020-06-03T17:37:44","modified_gmt":"2020-06-03T17:37:44","slug":"testamentera","status":"publish","type":"page","link":"https:\/\/www.djurskyddet.se\/karlstad\/testamentera\/","title":{"rendered":"Testamentera"},"content":{"rendered":"\n<p>Om du vill skriva testamente till f\u00f6rm\u00e5n f\u00f6r Djurskyddet Karlstad \u00e4r du sj\u00e4lvklart varmt v\u00e4lkommen att testamentera medel till f\u00f6reningen. F\u00f6r att det ska vara lagligt bindande m\u00e5ste f\u00f6reningens namn, adress och organisationsnummer anges. Kontakta oss f\u00f6r eventuella uppgifter.&nbsp;&nbsp;<\/p>\n\n\n\n<p>En specifikation av vad som testamenteras (belopp, % av kvarl\u00e5tenskap, fastighetsbeteckning och beskrivning etc.) m\u00e5ste finnas med i testamentet, som m\u00e5ste vara egenh\u00e4ndigt underskrivet samt bevittnat. Du kan kontakta oss p\u00e5 emailadressen\u00a0<strong>styrelsen@djurskyddetkarlstad.s<\/strong>e eller telefon <strong>072- 520 00 28<\/strong><\/p>\n\n\n\n<p>Tack f\u00f6r att du t\u00e4nker p\u00e5 oss och de djur vi hj\u00e4lper!<\/p>\n","protected":false},"excerpt":{"rendered":"<p>Om du vill skriva testamente till f\u00f6rm\u00e5n f\u00f6r Djurskyddet Karlstad \u00e4r du sj\u00e4lvklart varmt v\u00e4lkommen att testamentera medel till f\u00f6reningen. F\u00f6r att det ska vara lagligt bindande m\u00e5ste f\u00f6reningens namn, adress och organisationsnummer anges. Kontakta oss f\u00f6r eventuella uppgifter.&nbsp;&nbsp; En specifikation av vad som testamenteras (belopp, % av kvarl\u00e5tenskap, fastighetsbeteckning och beskrivning etc.) m\u00e5ste finnas med i testamentet, som m\u00e5ste vara egenh\u00e4ndigt underskrivet samt bevittnat. Du kan kontakta oss p\u00e5&hellip;<\/p>\n<p><a class=\"more-link\" href=\"https:\/\/www.djurskyddet.se\/karlstad\/testamentera\/\" title=\"Continue reading &lsquo;Testamentera&rsquo;\">L&auml;s mer<span class=\"meta-nav\">&raquo;<\/span><\/a><\/p>\n","protected":false},"author":3,"featured_media":0,"parent":0,"menu_order":0,"comment_status":"closed","ping_status":"closed","template":"left-sidebar.php","meta":{"_acf_changed":false,"footnotes":""},"class_list":["post-5611","page","type-page","status-publish","hentry"],"acf":[],"_links":{"self":[{"href":"https:\/\/www.djurskyddet.se\/karlstad\/wp-json\/wp\/v2\/pages\/5611","targetHints":{"allow":["GET"]}}],"collection":[{"href":"https:\/\/www.djurskyddet.se\/karlstad\/wp-json\/wp\/v2\/pages"}],"about":[{"href":"https:\/\/www.djurskyddet.se\/karlstad\/wp-json\/wp\/v2\/types\/page"}],"author":[{"embeddable":true,"href":"https:\/\/www.djurskyddet.se\/karlstad\/wp-json\/wp\/v2\/users\/3"}],"replies":[{"embeddable":true,"href":"https:\/\/www.djurskyddet.se\/karlstad\/wp-json\/wp\/v2\/comments?post=5611"}],"version-history":[{"count":3,"href":"https:\/\/www.djurskyddet.se\/karlstad\/wp-json\/wp\/v2\/pages\/5611\/revisions"}],"predecessor-version":[{"id":6096,"href":"https:\/\/www.djurskyddet.se\/karlstad\/wp-json\/wp\/v2\/pages\/5611\/revisions\/6096"}],"wp:attachment":[{"href":"https:\/\/www.djurskyddet.se\/karlstad\/wp-json\/wp\/v2\/media?parent=5611"}],"curies":[{"name":"wp","href":"https:\/\/api.w.org\/{rel}","templated":true}]}}