{"id":5621,"date":"2020-02-13T15:41:27","date_gmt":"2020-02-13T15:41:27","guid":{"rendered":"https:\/\/www.djurskyddet.se\/karlstad\/?page_id=5621"},"modified":"2024-03-12T19:39:03","modified_gmt":"2024-03-12T19:39:03","slug":"jourhem","status":"publish","type":"page","link":"https:\/\/www.djurskyddet.se\/karlstad\/jourhem\/","title":{"rendered":"Jourhem"},"content":{"rendered":"\n<p>Djurskyddet Karlstad kan inte alltid ta in alla heml\u00f6sa katter som allm\u00e4nheten eller L\u00e4nsstyrelsen\/Polisen ringer om p\u00e5 djurhemmet eftersom vi endast har plats f\u00f6r max 47 katter d\u00e4r. Vi har dessutom bara n\u00e5gra f\u00e5 karant\u00e4nboxar f\u00f6r nyinkomna katter. F\u00f6r att kunna hj\u00e4lpa fler katter och f\u00f6r att kunna tillse att katter med extra stort behov av trygghet och omv\u00e5rdnad f\u00e5r det som de beh\u00f6ver s\u00e5 \u00e4r vi beroende av seri\u00f6sa och trygga jourhem. Vi f\u00f6rs\u00f6ker till exempel alltid att placera ut dr\u00e4ktiga honkatter till jourhem, eftersom de katterna beh\u00f6ver lugn och ro inf\u00f6r f\u00f6dseln, och kattungar beh\u00f6ver mer plats v\u00e4xa upp och busa p\u00e5.&nbsp;<\/p>\n\n\n\n<figure class=\"wp-block-gallery has-nested-images columns-default is-cropped wp-block-gallery-1 is-layout-flex wp-block-gallery-is-layout-flex\">\n<figure class=\"wp-block-image size-large\"><img loading=\"lazy\" decoding=\"async\" width=\"481\" height=\"773\" data-id=\"5924\" src=\"https:\/\/www.djurskyddet.se\/karlstad\/wp-content\/uploads\/sites\/42\/2020\/04\/Olivia.png\" alt=\"\" class=\"wp-image-5924\" srcset=\"https:\/\/www.djurskyddet.se\/karlstad\/wp-content\/uploads\/sites\/42\/2020\/04\/Olivia.png 481w, https:\/\/www.djurskyddet.se\/karlstad\/wp-content\/uploads\/sites\/42\/2020\/04\/Olivia-187x300.png 187w, https:\/\/www.djurskyddet.se\/karlstad\/wp-content\/uploads\/sites\/42\/2020\/04\/Olivia-400x643.png 400w\" sizes=\"auto, (max-width: 481px) 100vw, 481px\" \/><\/figure>\n\n\n\n<figure class=\"wp-block-image size-large\"><img loading=\"lazy\" decoding=\"async\" width=\"268\" height=\"423\" data-id=\"5912\" src=\"https:\/\/www.djurskyddet.se\/karlstad\/wp-content\/uploads\/sites\/42\/2020\/04\/Naomi.png\" alt=\"\" class=\"wp-image-5912\" srcset=\"https:\/\/www.djurskyddet.se\/karlstad\/wp-content\/uploads\/sites\/42\/2020\/04\/Naomi.png 268w, https:\/\/www.djurskyddet.se\/karlstad\/wp-content\/uploads\/sites\/42\/2020\/04\/Naomi-190x300.png 190w\" sizes=\"auto, (max-width: 268px) 100vw, 268px\" \/><\/figure>\n<\/figure>\n\n\n\n<h3 class=\"wp-block-heading\">Vad inneb\u00e4r det att vara jourhem?<\/h3>\n\n\n\n<p>Att vara jourhem inneb\u00e4r att man tillf\u00e4lligt \u00f6ppnar sitt hem f\u00f6r en eller flera heml\u00f6sa katter. Det \u00e4r ett ideellt arbete d\u00e4r man tar p\u00e5 sig ansvaret att p\u00e5 b\u00e4sta s\u00e4tt ge katten den omv\u00e5rdnad den beh\u00f6ver. Djurskyddet Karlstad st\u00e5r f\u00f6r alla omkostnader f\u00f6r katten\/katterna, s\u00e5som mat, kattsand och veterin\u00e4rv\u00e5rd.&nbsp;&nbsp;<\/p>\n\n\n\n<p>Innan man b\u00f6rjar som jourhem f\u00e5r man ta del av viktig information samt skriva p\u00e5 ett jourhemsavtal avseende reglerna f\u00f6r verksamheten. Vi fr\u00e5n Djurskyddet Karlstad g\u00f6r alltid hembes\u00f6k i samband med att jourhemsavtalet skrivs p\u00e5. D\u00e5 \u00e4r det l\u00e4ttare f\u00f6r oss att skapa en f\u00f6rst\u00e5else f\u00f6r vilka katter som \u00e4r b\u00e4st l\u00e4mpade i jourhemmet, och vi kan ge r\u00e5d om praktiska detaljer m.m p\u00e5 plats. Om jourhemmet av n\u00e5gon anledning k\u00e4nner att det inte fungerar bra med den katten som placerats i jourhemmet s\u00e5 ser vi naturligtvis till att katten omplaceras i ett annat jourhem eller tas in till v\u00e5rt djurhem.<\/p>\n\n\n\n<h3 class=\"wp-block-heading\">Att vara jourhem<\/h3>\n\n\n\n<p>Som jourhem h\u00e5ller man kontinuerlig kontakt med personalen p\u00e5 djurhemmet, (d\u00e4rf\u00f6r m\u00e5ste man bo i Karlstad och n\u00e4rmast d\u00e4romkring), ang\u00e5ende hur katten m\u00e5r, hur den utvecklas, kommande veterin\u00e4rbes\u00f6k etc. N\u00e4r katten kommer och registreras i v\u00e5r verksamhet ska den vaccineras, avmaskas, veterin\u00e4rbesiktigas och om den \u00e4r k\u00f6nsmogen \u00e4ven kastreras och ID-m\u00e4rkas. Om jourhemmet har egen bil \u00e4r vi tacksamma om man sj\u00e4lv k\u00f6r till veterin\u00e4r och \u00e4ven till djurhemmet f\u00f6r att h\u00e4mta f\u00f6rbrukningsmaterial vid behov.\u00a0\u00a0<\/p>\n\n\n\n<p>Djurskyddet Karlstad st\u00e5r f\u00f6r samtliga kostnader g\u00e4llande veterin\u00e4r, eventuella mediciner, avmaskningsmedel, mat och sand. Vi placerar ut kl\u00f6str\u00e4d och b\u00e4ddar i jourhemmet, och personalen finns till hand f\u00f6r att ge r\u00e5d g\u00e4llande kattens beteende och behov.&nbsp;&nbsp;<\/p>\n\n\n\n<p>Som jourhem tar man s\u00e5 sm\u00e5ningom emot intressenter som vill tr\u00e4ffa katten f\u00f6r eventuell adoption, vilket d\u00e5 sker p\u00e5 avtalad tid.&nbsp;&nbsp;<\/p>\n\n\n\n<p>Katter som placeras i jourhem f\u00e5r inte g\u00e5 ut, utan m\u00e5ste h\u00e5llas inne. Dock \u00e4r det sj\u00e4lvklart ok att sl\u00e4ppa ut katten p\u00e5 en inh\u00e4gnad plats, t ex en balkong d\u00e4r det satts upp ett n\u00e4t (\u00e4nda upp till taket) s\u00e5 att katten inte kan smita ut.<\/p>\n\n\n\n<h3 class=\"wp-block-heading\">Vem \u00e4r katten och hur l\u00e4nge ska den bo i jourhemmet?<\/h3>\n\n\n\n<p>Vilken katt man f\u00e5r ta hand om beror helt och h\u00e5llet p\u00e5 vilka f\u00f6ruts\u00e4ttningar man har, t.ex. n\u00e4r det g\u00e4ller boendeform, arbetstider, barn, egna djur etc. Ibland f\u00e5r vi in katter som beh\u00f6ver extra lugn och ro eller extra omv\u00e5rdnad och d\u00e5 st\u00e4lls h\u00f6gre krav p\u00e5 jourhemmet. En h\u00f6gdr\u00e4ktig hona b\u00f6r till exempel placeras i ett eget rum inf\u00f6r f\u00f6dseln, d\u00e4r hon f\u00e5r vara helt ifred och ha lugn &amp; ro. Vilken katt som passar b\u00e4st i jourhemmet diskuteras fram med djurhemspersonalen, som har hand om intaget av katter.&nbsp;&nbsp;<\/p>\n\n\n\n<p>Hur l\u00e4nge katterna beh\u00f6ver vara i sina jourhem varierar. Det kan r\u00f6ra sig om n\u00e5gra dagar eller flera m\u00e5nader. Tar man hand om en skygg eller orolig katt beh\u00f6vs oftast l\u00e4ngre tid, f\u00f6r att slippa stressa en katt som \u00e4nd\u00e5 har g\u00e5tt igenom mycket f\u00f6r\u00e4ndringar i sitt liv. En flytt och f\u00f6r\u00e4ndrad livssituation \u00e4r oftast mycket dramatisk f\u00f6r en katt. Om man som jourhem tar hand om en kattmamma med ungar s\u00e5 f\u00f6rbinder man sig att ta hand om kullen fram till det att kattungarna \u00e4r 12 veckor och redo att flytta till nya hem, allts\u00e5 ett minimum p\u00e5 tre m\u00e5nader f\u00f6r en h\u00f6gdr\u00e4ktig honkatt eller en honkatt som precis f\u00e5tt ungar. Kattmamman ska kastreras efter att hon slutat dia, s\u00e5 det \u00e4r bra om hon kan f\u00e5 vara kvar i jourhemmet tills det att hon ocks\u00e5 \u00e4r \u201dflyttklar\u201d. Om kattungarna inte tingas medan de \u00e4r i jourhemmet s\u00e5 brukar vi ibland ta in dem till djurhemmet n\u00e4r de \u00e4r stora nog att adopteras ut, s\u00e5 att potentiella \u00e4gare kan \u201duppt\u00e4cka\u201d dem d\u00e4r.<\/p>\n\n\n\n<figure class=\"wp-block-gallery has-nested-images columns-default is-cropped wp-block-gallery-2 is-layout-flex wp-block-gallery-is-layout-flex\">\n<figure class=\"wp-block-image\"><img loading=\"lazy\" decoding=\"async\" width=\"670\" height=\"960\" data-id=\"5913\" src=\"https:\/\/www.djurskyddet.se\/karlstad\/wp-content\/uploads\/sites\/42\/2020\/04\/kattungar3-1.jpg\" alt=\"\" class=\"wp-image-5913\" srcset=\"https:\/\/www.djurskyddet.se\/karlstad\/wp-content\/uploads\/sites\/42\/2020\/04\/kattungar3-1.jpg 670w, https:\/\/www.djurskyddet.se\/karlstad\/wp-content\/uploads\/sites\/42\/2020\/04\/kattungar3-1-209x300.jpg 209w, https:\/\/www.djurskyddet.se\/karlstad\/wp-content\/uploads\/sites\/42\/2020\/04\/kattungar3-1-400x573.jpg 400w\" sizes=\"auto, (max-width: 670px) 100vw, 670px\" \/><\/figure>\n\n\n\n<figure class=\"wp-block-image\"><img loading=\"lazy\" decoding=\"async\" width=\"678\" height=\"470\" data-id=\"5926\" src=\"https:\/\/www.djurskyddet.se\/karlstad\/wp-content\/uploads\/sites\/42\/2020\/04\/kattunge-2.png\" alt=\"\" class=\"wp-image-5926\" srcset=\"https:\/\/www.djurskyddet.se\/karlstad\/wp-content\/uploads\/sites\/42\/2020\/04\/kattunge-2.png 678w, https:\/\/www.djurskyddet.se\/karlstad\/wp-content\/uploads\/sites\/42\/2020\/04\/kattunge-2-300x208.png 300w, https:\/\/www.djurskyddet.se\/karlstad\/wp-content\/uploads\/sites\/42\/2020\/04\/kattunge-2-400x277.png 400w\" sizes=\"auto, (max-width: 678px) 100vw, 678px\" \/><\/figure>\n<\/figure>\n\n\n\n<h3 class=\"wp-block-heading\">Ni beh\u00f6vs!<\/h3>\n\n\n\n<p>Jourhemmen \u00e4r mycket viktiga f\u00f6r v\u00e5r verksamhet! M\u00e5let \u00e4r att alla katter som kommer till oss ska bli friskare, tryggare och utvecklas positivt inf\u00f6r en kommande flytt till en ny, f\u00f6rhoppningsvis livsl\u00e5ng familj. Att till exempel ta hand om en skygg katt inneb\u00e4r att arbeta aktivt f\u00f6r att ge den f\u00f6rtroende f\u00f6r oss m\u00e4nniskor. Det \u00e4r ofta en l\u00e5ng process med m\u00e5nga sm\u00e5 steg, som kr\u00e4ver stort t\u00e5lamod, men n\u00e4r m\u00e5let till slut n\u00e5s \u00e4r gl\u00e4djen stor hos b\u00e5de katt och m\u00e4nniska. F\u00f6r den som tar sig an en skygg eller orolig katt kan det vara en f\u00f6rdel om det redan finns en tam katt i jourhemmet. B\u00e5da katterna har gl\u00e4dje av varandras s\u00e4llskap och den skygga katten l\u00e4r sig av den tama att umg\u00e5s med m\u00e4nniskor.<\/p>\n\n\n\n<p>Under v\u00e5r och sommar st\u00e4lls det extra stora krav p\u00e5 v\u00e5r verksamhet i och med alla dr\u00e4ktiga honor och honor med kullar som dyker upp, vilket g\u00f6r att vi \u00e4r i \u00e4nnu st\u00f6rre behov av jourhem.<\/p>\n\n\n\n<h3 class=\"wp-block-heading\">Vill du bli jourhem?<\/h3>\n\n\n\n<p>Att vara jourhem \u00e4r en sp\u00e4nnande utmaning f\u00f6r dig som har kattvana och som vill anv\u00e4nda din tidigare kunskap men \u00e4ven l\u00e4ra dig mer. Du har som jourhem en m\u00f6jlighet att r\u00e4dda liv p\u00e5 katter i n\u00f6d, som kanske annars g\u00e5r en s\u00e4ker d\u00f6d till m\u00f6tes.<\/p>\n\n\n\n<p>Ett krav fr\u00e5n v\u00e5r sida, om du vill bli jourhem, \u00e4r att du \u00e4r eller blir&nbsp;<strong>medlem i Djurskyddet Karlstad<\/strong>&nbsp;innan du blir registrerad p\u00e5 v\u00e5r jourhemslista. Detta \u00e4r f\u00f6r att du som jourhem har hand om det viktigaste och mest v\u00e4rdefulla vi har i v\u00e5r f\u00f6rening; v\u00e5ra katter. Dessutom agerar du som representant f\u00f6r v\u00e5r f\u00f6rening vid veterin\u00e4rbes\u00f6k och n\u00e4r intressenter kommer f\u00f6r att tr\u00e4ffa katterna. F\u00f6r att bli medlem klicka dig vidare till Djurskyddet Sveriges hemsida<a rel=\"noreferrer noopener\" href=\"http:\/\/www.djurskyddetkarlstad.se\/Jourhem\/\" target=\"_blank\"> <\/a><a href=\"https:\/\/www.djurskyddet.se\/stod-oss\/bli-medlem\/\">h\u00e4r<\/a>. V\u00e4lj Djurskyddet Karlstad som lokalf\u00f6rening.<\/p>\n\n\n\n<p>Vi \u00e4r mycket tacksamma om du vill anm\u00e4la dig som jourhem! Kontakta oss via kontaktformul\u00e4ret nedan om du \u00e4r intresserad av att bli jourhem eller har fr\u00e5gor till v\u00e5ra jourhemsansvariga.<em><strong><mark class=\"has-inline-color has-vivid-red-color\"><\/mark><\/strong><\/em><\/p>\n\n\n\n<p><\/p>\n\n\n\n<div class=\"wpcf7 no-js\" id=\"wpcf7-f6012-o1\" lang=\"sv-SE\" dir=\"ltr\" data-wpcf7-id=\"6012\">\n<div class=\"screen-reader-response\"><p role=\"status\" aria-live=\"polite\" aria-atomic=\"true\"><\/p> <ul><\/ul><\/div>\n<form action=\"\/karlstad\/wp-json\/wp\/v2\/pages\/5621#wpcf7-f6012-o1\" method=\"post\" class=\"wpcf7-form init\" aria-label=\"Kontaktformul\u00e4r\" novalidate=\"novalidate\" data-status=\"init\">\n<fieldset class=\"hidden-fields-container\"><input type=\"hidden\" name=\"_wpcf7\" value=\"6012\" \/><input type=\"hidden\" name=\"_wpcf7_version\" value=\"6.1\" \/><input type=\"hidden\" name=\"_wpcf7_locale\" value=\"sv_SE\" \/><input type=\"hidden\" name=\"_wpcf7_unit_tag\" value=\"wpcf7-f6012-o1\" \/><input type=\"hidden\" name=\"_wpcf7_container_post\" value=\"0\" \/><input type=\"hidden\" name=\"_wpcf7_posted_data_hash\" value=\"\" \/><input type=\"hidden\" name=\"_wpcf7_recaptcha_response\" value=\"\" \/>\n<\/fieldset>\n<div class=\"uacf7-form-wrapper-container uacf7-form-6012  \"><label> Ditt namn (obligatorisk)*\n    <span class=\"wpcf7-form-control-wrap\" data-name=\"your-name\"><input size=\"40\" maxlength=\"400\" class=\"wpcf7-form-control wpcf7-text wpcf7-validates-as-required\" aria-required=\"true\" aria-invalid=\"false\" value=\"\" type=\"text\" name=\"your-name\" \/><\/span> <\/label>\n\n<label> Personnummer, sex siffror (obligatorisk)*\n    <span class=\"wpcf7-form-control-wrap\" data-name=\"personnummer\"><input size=\"40\" maxlength=\"400\" class=\"wpcf7-form-control wpcf7-text wpcf7-validates-as-required\" aria-required=\"true\" aria-invalid=\"false\" value=\"\" type=\"text\" name=\"personnummer\" \/><\/span> <\/label>\n\n<label> Gatuadress (obligatorisk)*\n    <span class=\"wpcf7-form-control-wrap\" data-name=\"gatuadress\"><input size=\"40\" maxlength=\"400\" class=\"wpcf7-form-control wpcf7-text wpcf7-validates-as-required\" aria-required=\"true\" aria-invalid=\"false\" value=\"\" type=\"text\" name=\"gatuadress\" \/><\/span> <\/label>\n\n<label> Postnummer och ort (obligatorisk)*\n    <span class=\"wpcf7-form-control-wrap\" data-name=\"ort\"><input size=\"40\" maxlength=\"400\" class=\"wpcf7-form-control wpcf7-text wpcf7-validates-as-required\" aria-required=\"true\" aria-invalid=\"false\" value=\"\" type=\"text\" name=\"ort\" \/><\/span> <\/label>\n\n<label> Telefonnummer (obligatorisk)*\n    <span class=\"wpcf7-form-control-wrap\" data-name=\"nummer\"><input size=\"40\" maxlength=\"400\" class=\"wpcf7-form-control wpcf7-text wpcf7-validates-as-required\" aria-required=\"true\" aria-invalid=\"false\" value=\"\" type=\"text\" name=\"nummer\" \/><\/span> <\/label>\n\n<label> Epostadress (obligatorisk)*\n    <span class=\"wpcf7-form-control-wrap\" data-name=\"epostadress\"><input size=\"40\" maxlength=\"400\" class=\"wpcf7-form-control wpcf7-email wpcf7-validates-as-required wpcf7-text wpcf7-validates-as-email\" aria-required=\"true\" aria-invalid=\"false\" value=\"\" type=\"email\" name=\"epostadress\" \/><\/span> <\/label>\n\n<label> \u00c4r du allergisk mot katt (obligatorisk)*\n    <span class=\"wpcf7-form-control-wrap\" data-name=\"allergikatt\"><input size=\"40\" maxlength=\"400\" class=\"wpcf7-form-control wpcf7-text wpcf7-validates-as-required\" aria-required=\"true\" aria-invalid=\"false\" value=\"\" type=\"text\" name=\"allergikatt\" \/><\/span> <\/label>\n\n<label> Sker r\u00f6kning inomhus (obligatorisk)*\n    <span class=\"wpcf7-form-control-wrap\" data-name=\"rokninginne\"><input size=\"40\" maxlength=\"400\" class=\"wpcf7-form-control wpcf7-text wpcf7-validates-as-required\" aria-required=\"true\" aria-invalid=\"false\" value=\"\" type=\"text\" name=\"rokninginne\" \/><\/span> <\/label>\n\n<label> Storlek p\u00e5 hus\/l\u00e4genhet, kvm och antal rum (obligatorisk)*\n    <span class=\"wpcf7-form-control-wrap\" data-name=\"storlek\"><input size=\"40\" maxlength=\"400\" class=\"wpcf7-form-control wpcf7-text wpcf7-validates-as-required\" aria-required=\"true\" aria-invalid=\"false\" value=\"\" type=\"text\" name=\"storlek\" \/><\/span> <\/label>\n\n<label> Finns inh\u00e4gnad uteplats (obligatorisk)*\n    <span class=\"wpcf7-form-control-wrap\" data-name=\"uteplats\"><input size=\"40\" maxlength=\"400\" class=\"wpcf7-form-control wpcf7-text wpcf7-validates-as-required\" aria-required=\"true\" aria-invalid=\"false\" value=\"\" type=\"text\" name=\"uteplats\" \/><\/span> <\/label>\n\n<label> Hur m\u00e5nga bor i hemmet? Var v\u00e4nlig uppge antal vuxna respektive barn och \u00e5lder p\u00e5 eventuella barn (obligatorisk)*\n    <span class=\"wpcf7-form-control-wrap\" data-name=\"antal\"><input size=\"40\" maxlength=\"400\" class=\"wpcf7-form-control wpcf7-text wpcf7-validates-as-required\" aria-required=\"true\" aria-invalid=\"false\" value=\"\" type=\"text\" name=\"antal\" \/><\/span> <\/label>\n\n<label> Finns det djur i hemmet nu? Beskriv vilket\/vilka djur samt om de bott med katt tidigare (obligatorisk)*\n    <span class=\"wpcf7-form-control-wrap\" data-name=\"djurihemmet\"><textarea cols=\"40\" rows=\"10\" maxlength=\"2000\" class=\"wpcf7-form-control wpcf7-textarea\" aria-invalid=\"false\" name=\"djurihemmet\"><\/textarea><\/span> <\/label>\n\n<label> Har du sedan tidigare egen erfarenhet av att ha katt? (obligatorisk)*\n    <span class=\"wpcf7-form-control-wrap\" data-name=\"erfarenhetkatt\"><textarea cols=\"40\" rows=\"10\" maxlength=\"2000\" class=\"wpcf7-form-control wpcf7-textarea\" aria-invalid=\"false\" name=\"erfarenhetkatt\"><\/textarea><\/span> <\/label>\n\n<label> Har du erfarenhet av skygg katt? (obligatorisk)*\n    <span class=\"wpcf7-form-control-wrap\" data-name=\"erfarenhetskyggkatt\"><input size=\"40\" maxlength=\"400\" class=\"wpcf7-form-control wpcf7-text wpcf7-validates-as-required\" aria-required=\"true\" aria-invalid=\"false\" value=\"\" type=\"text\" name=\"erfarenhetskyggkatt\" \/><\/span> <\/label>\n\n<label> Har du erfarenhet av dr\u00e4ktig hona\/kattungar? (obligatorisk)* \n    <span class=\"wpcf7-form-control-wrap\" data-name=\"erfarenhetdraktigkatt\"><input size=\"40\" maxlength=\"400\" class=\"wpcf7-form-control wpcf7-text wpcf7-validates-as-required\" aria-required=\"true\" aria-invalid=\"false\" value=\"\" type=\"text\" name=\"erfarenhetdraktigkatt\" \/><\/span> <\/label>\n\n<label> Om du skulle bli jourhem, kan katten\/katterna f\u00e5 tillg\u00e5ng till eget rum? (Krav vid placering av dr\u00e4ktig hona) (obligatorisk)*\n    <span class=\"wpcf7-form-control-wrap\" data-name=\"egetrum\"><input size=\"40\" maxlength=\"400\" class=\"wpcf7-form-control wpcf7-text\" aria-invalid=\"false\" value=\"\" type=\"text\" name=\"egetrum\" \/><\/span> <\/label>\n\n<label> Vill\/kan du ta emot fler \u00e4n en katt? Kattmamma med ungar? Dr\u00e4ktig honkatt? (obligatorisk)*\n    <span class=\"wpcf7-form-control-wrap\" data-name=\"taemotkatt\"><textarea cols=\"40\" rows=\"10\" maxlength=\"2000\" class=\"wpcf7-form-control wpcf7-textarea\" aria-invalid=\"false\" name=\"taemotkatt\"><\/textarea><\/span> <\/label>\n\n<label> Har du tillg\u00e5ng till bil s\u00e5 att du ev. kan sk\u00f6ta transporter till veterin\u00e4r samt h\u00e4mta mat och sand? (obligatorisk)* <span class=\"wpcf7-form-control-wrap\" data-name=\"tillgangbil\"><input size=\"40\" maxlength=\"400\" class=\"wpcf7-form-control wpcf7-text wpcf7-validates-as-required\" aria-required=\"true\" aria-invalid=\"false\" value=\"\" type=\"text\" name=\"tillgangbil\" \/><\/span> <\/label>\n\n<label> \u00c4r det ok f\u00f6r dig att f\u00f6lja personalens instruktioner ang\u00e5ende sk\u00f6tsel av katten samt placering av mat-\/vattensk\u00e5lar, kl\u00f6sm\u00f6bler, kattl\u00e5dor etc?(obligatorisk)*\n    <span class=\"wpcf7-form-control-wrap\" data-name=\"foljainstr\"><input size=\"40\" maxlength=\"400\" class=\"wpcf7-form-control wpcf7-text wpcf7-validates-as-required\" aria-required=\"true\" aria-invalid=\"false\" value=\"\" type=\"text\" name=\"foljainstr\" \/><\/span> <\/label>\n\n<label> \u00d6vrigt meddelande eller information (obligatorisk)*\n    <span class=\"wpcf7-form-control-wrap\" data-name=\"your-message\"><textarea cols=\"40\" rows=\"10\" maxlength=\"2000\" class=\"wpcf7-form-control wpcf7-textarea\" aria-invalid=\"false\" name=\"your-message\"><\/textarea><\/span> <\/label>\n\n<label> Jag samtycker till det som st\u00e5r i Djurskyddet Karlstads integritetspolicy (se l\u00e4nk nedan) och bekr\u00e4ftar att mina personuppgifter f\u00e5r anv\u00e4ndas i enlighet med g\u00e4llande lag  (obligatorisk)* <span class=\"wpcf7-form-control-wrap\" data-name=\"acceptance-476\"><span class=\"wpcf7-form-control wpcf7-acceptance\"><span class=\"wpcf7-list-item\"><input type=\"checkbox\" name=\"acceptance-476\" value=\"1\" aria-invalid=\"false\" \/><\/span><\/span><\/span><\/label>\n\n<input class=\"wpcf7-form-control wpcf7-submit has-spinner\" type=\"submit\" value=\"Skicka\" \/><\/div><div class=\"wpcf7-response-output\" aria-hidden=\"true\"><\/div>\n<\/form>\n<\/div>\n\n\n\n\n<p>I v\u00e5r&nbsp;<a href=\"https:\/\/www.djurskyddet.se\/karlstad\/integritetspolicy\/\">integritetspolicy<\/a>&nbsp;kan du l\u00e4sa om hur vi hanterar personuppgifter.<\/p>\n","protected":false},"excerpt":{"rendered":"<p>Djurskyddet Karlstad kan inte alltid ta in alla heml\u00f6sa katter som allm\u00e4nheten eller L\u00e4nsstyrelsen\/Polisen ringer om p\u00e5 djurhemmet eftersom vi endast har plats f\u00f6r max 47 katter d\u00e4r. Vi har dessutom bara n\u00e5gra f\u00e5 karant\u00e4nboxar f\u00f6r nyinkomna katter. F\u00f6r att kunna hj\u00e4lpa fler katter och f\u00f6r att kunna tillse att katter med extra stort behov av trygghet och omv\u00e5rdnad f\u00e5r det som de beh\u00f6ver s\u00e5 \u00e4r vi beroende av seri\u00f6sa&hellip;<\/p>\n<p><a class=\"more-link\" href=\"https:\/\/www.djurskyddet.se\/karlstad\/jourhem\/\" title=\"Continue reading &lsquo;Jourhem&rsquo;\">L&auml;s mer<span class=\"meta-nav\">&raquo;<\/span><\/a><\/p>\n","protected":false},"author":3,"featured_media":0,"parent":0,"menu_order":0,"comment_status":"closed","ping_status":"closed","template":"left-sidebar.php","meta":{"_acf_changed":false,"footnotes":""},"class_list":["post-5621","page","type-page","status-publish","hentry"],"acf":[],"_links":{"self":[{"href":"https:\/\/www.djurskyddet.se\/karlstad\/wp-json\/wp\/v2\/pages\/5621","targetHints":{"allow":["GET"]}}],"collection":[{"href":"https:\/\/www.djurskyddet.se\/karlstad\/wp-json\/wp\/v2\/pages"}],"about":[{"href":"https:\/\/www.djurskyddet.se\/karlstad\/wp-json\/wp\/v2\/types\/page"}],"author":[{"embeddable":true,"href":"https:\/\/www.djurskyddet.se\/karlstad\/wp-json\/wp\/v2\/users\/3"}],"replies":[{"embeddable":true,"href":"https:\/\/www.djurskyddet.se\/karlstad\/wp-json\/wp\/v2\/comments?post=5621"}],"version-history":[{"count":15,"href":"https:\/\/www.djurskyddet.se\/karlstad\/wp-json\/wp\/v2\/pages\/5621\/revisions"}],"predecessor-version":[{"id":8521,"href":"https:\/\/www.djurskyddet.se\/karlstad\/wp-json\/wp\/v2\/pages\/5621\/revisions\/8521"}],"wp:attachment":[{"href":"https:\/\/www.djurskyddet.se\/karlstad\/wp-json\/wp\/v2\/media?parent=5621"}],"curies":[{"name":"wp","href":"https:\/\/api.w.org\/{rel}","templated":true}]}}