{"id":5626,"date":"2020-02-13T15:42:41","date_gmt":"2020-02-13T15:42:41","guid":{"rendered":"https:\/\/www.djurskyddet.se\/karlstad\/?page_id=5626"},"modified":"2023-01-29T10:21:14","modified_gmt":"2023-01-29T10:21:14","slug":"helgpassare","status":"publish","type":"page","link":"https:\/\/www.djurskyddet.se\/karlstad\/helgpassare\/","title":{"rendered":"Helgpassare"},"content":{"rendered":"\n<p>Vi s\u00f6ker fler volont\u00e4rer som kan st\u00e4lla upp som helgpassare ute p\u00e5 djurhemmet!<\/p>\n\n\n\n<p>Djurskyddet Karlstad bedriver ett djurhem i Grava (bel\u00e4get mellan Karlstad och Forshaga) d\u00e4r vi tar hand om heml\u00f6sa och vanv\u00e5rdade katter. Vi har ingen verksamhet som involverar hundar eller sm\u00e5djur. Katterna p\u00e5 v\u00e5rt djurhem beh\u00f6ver b\u00e4sta omh\u00e4ndertagande alla dagar i veckan. Under vardagarna finns personal p\u00e5 plats men p\u00e5 helgerna beh\u00f6ver vi volont\u00e4rer som hj\u00e4lper oss sk\u00f6ta djurhemmet.<br><\/p>\n\n\n\n<p>Som helgpassare bokar man sig p\u00e5 helgpass, helst minst en g\u00e5ng i m\u00e5naden. Ett f\u00f6rmiddagspass \u00e4r fyra timmar l\u00e5ngt och f\u00f6rlagt p\u00e5 en l\u00f6rdag eller s\u00f6ndag kl. 09:30 &#8211; 13:30. Ett eftermiddagspass \u00e4r tv\u00e5 timmar, mellan kl. 16:00 &#8211; 18:00. Man jobbar alltid tillsammans med en annan person, s\u00e5 man \u00e4r tv\u00e5 helgpassare p\u00e5 varje pass. Nya volont\u00e4rer g\u00e5r en introduktion p\u00e5 djurhemmet tillsammans med en van helgpassare. Det f\u00f6rsta tillf\u00e4llet \u00e4r en eftermiddag kl. 15:30 &#8211; 18:00 och resterande introduktion best\u00e5r av minst tv\u00e5 f\u00f6rmiddagspass.&nbsp;Som f\u00e4rdig helgpassare beh\u00f6ver man boka sig p\u00e5 minst tre pass inom ett halv\u00e5r efter avslutad introduktion, det f\u00f6rsta passet inom en m\u00e5nad efter avslutad introduktion.<\/p>\n\n\n\n<figure class=\"wp-block-gallery has-nested-images columns-default is-cropped wp-block-gallery-1 is-layout-flex wp-block-gallery-is-layout-flex\">\n<figure class=\"wp-block-image size-large\"><img loading=\"lazy\" decoding=\"async\" width=\"768\" height=\"1024\" data-id=\"5942\" src=\"https:\/\/www.djurskyddet.se\/karlstad\/wp-content\/uploads\/sites\/42\/2020\/04\/Norriz-2-768x1024.jpg\" alt=\"\" class=\"wp-image-5942\" srcset=\"https:\/\/www.djurskyddet.se\/karlstad\/wp-content\/uploads\/sites\/42\/2020\/04\/Norriz-2.jpg 768w, https:\/\/www.djurskyddet.se\/karlstad\/wp-content\/uploads\/sites\/42\/2020\/04\/Norriz-2-225x300.jpg 225w, https:\/\/www.djurskyddet.se\/karlstad\/wp-content\/uploads\/sites\/42\/2020\/04\/Norriz-2-400x533.jpg 400w\" sizes=\"auto, (max-width: 768px) 100vw, 768px\" \/><figcaption class=\"wp-element-caption\">Norriz <\/figcaption><\/figure>\n\n\n\n<figure class=\"wp-block-image size-large\"><img loading=\"lazy\" decoding=\"async\" width=\"720\" height=\"960\" data-id=\"5753\" src=\"https:\/\/www.djurskyddet.se\/karlstad\/wp-content\/uploads\/sites\/42\/2020\/02\/Fo\u0308rken-Na\u0308pen.jpg\" alt=\"\" class=\"wp-image-5753\" srcset=\"https:\/\/www.djurskyddet.se\/karlstad\/wp-content\/uploads\/sites\/42\/2020\/02\/Fo\u0308rken-Na\u0308pen.jpg 720w, https:\/\/www.djurskyddet.se\/karlstad\/wp-content\/uploads\/sites\/42\/2020\/02\/Fo\u0308rken-Na\u0308pen-225x300.jpg 225w, https:\/\/www.djurskyddet.se\/karlstad\/wp-content\/uploads\/sites\/42\/2020\/02\/Fo\u0308rken-Na\u0308pen-400x533.jpg 400w\" sizes=\"auto, (max-width: 720px) 100vw, 720px\" \/><figcaption class=\"wp-element-caption\">Fr\u00f6ken N\u00e4pen <\/figcaption><\/figure>\n<\/figure>\n\n\n\n<p class=\"has-small-font-size\"><em>N\u00e4r Norriz och Fr\u00f6ken N\u00e4pen kom in till oss hade de g\u00e5tt med \u00f6ronskabb och \u00f6roninfektion under l\u00e5ng tid. Detta resulterade i att ena \u00f6ronlappen vikt sig. I Norriz fall var det lindrigt. Medan Fr\u00f6ken N\u00e4pens \u00f6ron kr\u00e4vde l\u00e5ng behandling och i samr\u00e5d med veterin\u00e4r opererades en del av ena \u00f6rat bort. <\/em><\/p>\n\n\n\n<p>V\u00e5ra helgpassare g\u00f6r ett fantastiskt jobb ute p\u00e5 djurhemmet!&nbsp;Vi har just nu drygt tjugo helgpassare som turas om att ta pass ute p\u00e5 djurhemmet.&nbsp;Vi har flera volont\u00e4rer som jobbat hos oss i m\u00e5nga \u00e5r, och de g\u00f6r ett ov\u00e4rderligt arbete hos oss. I dagsl\u00e4get har vi inte m\u00f6jlighet att ha personal ute p\u00e5 djurhemmet sju dagar i veckan, s\u00e5 personalen l\u00e4mnar instruktioner till helgpassarna inf\u00f6r varje helg eller helgdag och helgpassarna f\u00f6ljer dessa.&nbsp;<strong>Arbetet handlar fr\u00e4mst om att st\u00e4da ute p\u00e5 djurhemmet<\/strong>; att mata katterna, g\u00f6ra rent kattl\u00e5dorna, st\u00e4da boxar, tv\u00e4tta filtar och diska matsk\u00e5larna.&nbsp;<strong>Arbetet som helgpassare innefattar inte arbete med katterna (s\u00e5som socialiseringsarbete)<\/strong>, men man arbetar sj\u00e4lvklart runt katterna hela tiden.&nbsp;&nbsp;<\/p>\n\n\n\n<p>Nya helgpassare f\u00e5r en muntlig och skriftlig introduktion i vad helgpassararbetet innefattar och tydliga instruktioner f\u00f6r vad som ska g\u00f6ras p\u00e5 ett helgpass. N\u00e4r man kommer till djurhemmet b\u00f6rjar man alltid med att l\u00e4sa personalens helgrapport om katterna och helgens arbetsuppgifter.<\/p>\n\n\n\n<p><strong>V\u00e5ra krav f\u00f6r nya helpassare \u00e4r att man \u00e4r \u00f6ver 18 \u00e5r, har kattvana samt \u00e4r medlem i f\u00f6reningen.<\/strong> Om du inte \u00e4r medlem \u00e4nnu, klicka dig vidare h\u00e4r f\u00f6r mer information: <a href=\"https:\/\/www.djurskyddet.se\/karlstad\/bli-medlem\/\">https:\/\/www.djurskyddet.se\/karlstad\/bli-medlem\/<\/a><\/p>\n\n\n\n<p>Vi f\u00f6ruts\u00e4tter att v\u00e5ra volont\u00e4rer \u00e4r noggranna vad g\u00e4ller st\u00e4dningen p\u00e5 djurhemmet och att man respekterar och f\u00f6ljer de direktiv som man f\u00e5r i helgrapporten inf\u00f6r varje helg. Om du vill anm\u00e4la dig som volont\u00e4r \u00e4r f\u00f6rsta steget att fylla i en intresseanm\u00e4lan. <\/p>\n\n\n\n<p>Som helgpassare jobbar man ideellt, det \u00e4r allts\u00e5 ett volont\u00e4rsuppdrag som \u00e4r oavl\u00f6nat. Det \u00e4r ett oerh\u00f6rt givande arbete, d\u00e5 man k\u00e4nner att man hj\u00e4lper vanv\u00e5rdade och heml\u00f6sa katter att f\u00e5 en trygg och fin milj\u00f6 ute p\u00e5 djurhemmet. Om du inte har tillg\u00e5ng till bil s\u00e5 kan du ta buss 8 fr\u00e5n Stora Torget i Karlstad och g\u00e5 av vid Grava Kyrka. D\u00e4rifr\u00e5n \u00e4r det ca 15 minuters promenad till djurhemmet.<\/p>\n\n\n\n<p><strong>Om du vill bli volont\u00e4r i f\u00f6reningen \u00e4r du varmt v\u00e4lkommen att skicka in en intresseanm\u00e4lan genom att fylla i formul\u00e4ret nedan!<\/strong><em><strong><mark class=\"has-inline-color has-vivid-red-color\"><\/mark><\/strong><\/em><\/p>\n\n\n\n<div class=\"wpcf7 no-js\" id=\"wpcf7-f6011-o1\" lang=\"sv-SE\" dir=\"ltr\" data-wpcf7-id=\"6011\">\n<div class=\"screen-reader-response\"><p role=\"status\" aria-live=\"polite\" aria-atomic=\"true\"><\/p> <ul><\/ul><\/div>\n<form action=\"\/karlstad\/wp-json\/wp\/v2\/pages\/5626#wpcf7-f6011-o1\" method=\"post\" class=\"wpcf7-form init\" aria-label=\"Kontaktformul\u00e4r\" novalidate=\"novalidate\" data-status=\"init\">\n<fieldset class=\"hidden-fields-container\"><input type=\"hidden\" name=\"_wpcf7\" value=\"6011\" \/><input type=\"hidden\" name=\"_wpcf7_version\" value=\"6.1\" \/><input type=\"hidden\" name=\"_wpcf7_locale\" value=\"sv_SE\" \/><input type=\"hidden\" name=\"_wpcf7_unit_tag\" value=\"wpcf7-f6011-o1\" \/><input type=\"hidden\" name=\"_wpcf7_container_post\" value=\"0\" \/><input type=\"hidden\" name=\"_wpcf7_posted_data_hash\" value=\"\" \/><input type=\"hidden\" name=\"_wpcf7_recaptcha_response\" value=\"\" \/>\n<\/fieldset>\n<div class=\"uacf7-form-wrapper-container uacf7-form-6011  \"><label> Ditt namn (obligatorisk)*\n    <span class=\"wpcf7-form-control-wrap\" data-name=\"your-name\"><input size=\"40\" maxlength=\"400\" class=\"wpcf7-form-control wpcf7-text wpcf7-validates-as-required\" aria-required=\"true\" aria-invalid=\"false\" value=\"\" type=\"text\" name=\"your-name\" \/><\/span> <\/label>\n\n<label> Din e-post (obligatorisk)*\n    <span class=\"wpcf7-form-control-wrap\" data-name=\"your-email\"><input size=\"40\" maxlength=\"400\" class=\"wpcf7-form-control wpcf7-email wpcf7-validates-as-required wpcf7-text wpcf7-validates-as-email\" aria-required=\"true\" aria-invalid=\"false\" value=\"\" type=\"email\" name=\"your-email\" \/><\/span> <\/label>\n\n<label> Personnummer, sex siffror\n    <span class=\"wpcf7-form-control-wrap\" data-name=\"personnummer\"><input size=\"40\" maxlength=\"400\" class=\"wpcf7-form-control wpcf7-text\" aria-invalid=\"false\" value=\"\" type=\"text\" name=\"personnummer\" \/><\/span> <\/label>\n\n<label> Telefonnummer (obligatorisk)*\n    <span class=\"wpcf7-form-control-wrap\" data-name=\"nummer\"><input size=\"40\" maxlength=\"400\" class=\"wpcf7-form-control wpcf7-text wpcf7-validates-as-required\" aria-required=\"true\" aria-invalid=\"false\" value=\"\" type=\"text\" name=\"nummer\" \/><\/span> <\/label>\n\n<label> Adress\n    <span class=\"wpcf7-form-control-wrap\" data-name=\"adress\"><input size=\"40\" maxlength=\"400\" class=\"wpcf7-form-control wpcf7-text\" aria-invalid=\"false\" value=\"\" type=\"text\" name=\"adress\" \/><\/span> <\/label>\n\n<label> Har du k\u00f6rkort? \n<span class=\"wpcf7-form-control-wrap\" data-name=\"korkort\"><select class=\"wpcf7-form-control wpcf7-select wpcf7-validates-as-required\" aria-required=\"true\" aria-invalid=\"false\" name=\"korkort\"><option value=\"Ja\">Ja<\/option><option value=\"Nej\">Nej<\/option><\/select><\/span> <\/label>\n\n<label> Allergi (obligatorisk)*\n    <span class=\"wpcf7-form-control-wrap\" data-name=\"allergi\"><input size=\"40\" maxlength=\"400\" class=\"wpcf7-form-control wpcf7-text wpcf7-validates-as-required\" aria-required=\"true\" aria-invalid=\"false\" value=\"\" type=\"text\" name=\"allergi\" \/><\/span> <\/label>\n\n<label> Djurvana, vara v\u00e4nlig beskriv (obligatorisk)*\n    <span class=\"wpcf7-form-control-wrap\" data-name=\"djurvana\"><input size=\"40\" maxlength=\"400\" class=\"wpcf7-form-control wpcf7-text wpcf7-validates-as-required\" aria-required=\"true\" aria-invalid=\"false\" value=\"\" type=\"text\" name=\"djurvana\" \/><\/span> <\/label>\n\n<label> \u00d6nskar b\u00f6rja som volont\u00e4r\/helgpassare from vecka\n    <span class=\"wpcf7-form-control-wrap\" data-name=\"vecka\"><input size=\"40\" maxlength=\"400\" class=\"wpcf7-form-control wpcf7-text\" aria-invalid=\"false\" value=\"\" type=\"text\" name=\"vecka\" \/><\/span> <\/label>\n\n<label> Tidigare erfarenhet av djurhemsarbete, var v\u00e4nlig beskriv\n    <span class=\"wpcf7-form-control-wrap\" data-name=\"erfarenhet\"><input size=\"40\" maxlength=\"400\" class=\"wpcf7-form-control wpcf7-text\" aria-invalid=\"false\" value=\"\" type=\"text\" name=\"erfarenhet\" \/><\/span> <\/label>\n\n<label> Fr\u00e5gor\/\u00f6vrig information som kan vara bra f\u00f6r oss att veta\n    <span class=\"wpcf7-form-control-wrap\" data-name=\"fragor\"><input size=\"40\" maxlength=\"400\" class=\"wpcf7-form-control wpcf7-text\" aria-invalid=\"false\" value=\"\" type=\"text\" name=\"fragor\" \/><\/span> <\/label>\n\n<\/label> Jag \u00e4r medveten om att den information jag tar del av p\u00e5 djurhemmet \u00e4r konfidentiell (obligatorisk)*\n <span class=\"wpcf7-form-control-wrap\" data-name=\"acceptance-476\"><span class=\"wpcf7-form-control wpcf7-acceptance\"><span class=\"wpcf7-list-item\"><input type=\"checkbox\" name=\"acceptance-476\" value=\"1\" aria-invalid=\"false\" \/><\/span><\/span><\/span><\/label>\n\n<label> Jag samtycker till det som st\u00e5r i Djurskyddet Karlstads integritetspolicy och bekr\u00e4ftar att mina personuppgifter f\u00e5r anv\u00e4ndas i enlighet med g\u00e4llande lag  (obligatorisk)* <span class=\"wpcf7-form-control-wrap\" data-name=\"acceptance-476\"><span class=\"wpcf7-form-control wpcf7-acceptance\"><span class=\"wpcf7-list-item\"><input type=\"checkbox\" name=\"acceptance-476\" value=\"1\" aria-invalid=\"false\" \/><\/span><\/span><\/span><\/label>\n\n<input class=\"wpcf7-form-control wpcf7-submit has-spinner\" type=\"submit\" value=\"Skicka\" \/><\/div><div class=\"wpcf7-response-output\" aria-hidden=\"true\"><\/div>\n<\/form>\n<\/div>\n\n\n\n\n<p>I v\u00e5r&nbsp;<a href=\"https:\/\/www.djurskyddet.se\/karlstad\/integritetspolicy\/\">integritetspolicy<\/a>&nbsp;kan du l\u00e4sa om hur vi hanterar personuppgifter<\/p>\n\n\n\n<p>Vid fr\u00e5gor till helgpassaransvarig maila till denna adress:<\/p>\n\n\n\n<p><strong>helgpassare@djurskyddetkarlstad.se<\/strong><\/p>\n","protected":false},"excerpt":{"rendered":"<p>Vi s\u00f6ker fler volont\u00e4rer som kan st\u00e4lla upp som helgpassare ute p\u00e5 djurhemmet! Djurskyddet Karlstad bedriver ett djurhem i Grava (bel\u00e4get mellan Karlstad och Forshaga) d\u00e4r vi tar hand om heml\u00f6sa och vanv\u00e5rdade katter. Vi har ingen verksamhet som involverar hundar eller sm\u00e5djur. Katterna p\u00e5 v\u00e5rt djurhem beh\u00f6ver b\u00e4sta omh\u00e4ndertagande alla dagar i veckan. Under vardagarna finns personal p\u00e5 plats men p\u00e5 helgerna beh\u00f6ver vi volont\u00e4rer som hj\u00e4lper oss sk\u00f6ta&hellip;<\/p>\n<p><a class=\"more-link\" href=\"https:\/\/www.djurskyddet.se\/karlstad\/helgpassare\/\" title=\"Continue reading &lsquo;Helgpassare&rsquo;\">L&auml;s mer<span class=\"meta-nav\">&raquo;<\/span><\/a><\/p>\n","protected":false},"author":63,"featured_media":0,"parent":0,"menu_order":0,"comment_status":"closed","ping_status":"closed","template":"left-sidebar.php","meta":{"_acf_changed":false,"footnotes":""},"class_list":["post-5626","page","type-page","status-publish","hentry"],"acf":[],"_links":{"self":[{"href":"https:\/\/www.djurskyddet.se\/karlstad\/wp-json\/wp\/v2\/pages\/5626","targetHints":{"allow":["GET"]}}],"collection":[{"href":"https:\/\/www.djurskyddet.se\/karlstad\/wp-json\/wp\/v2\/pages"}],"about":[{"href":"https:\/\/www.djurskyddet.se\/karlstad\/wp-json\/wp\/v2\/types\/page"}],"author":[{"embeddable":true,"href":"https:\/\/www.djurskyddet.se\/karlstad\/wp-json\/wp\/v2\/users\/63"}],"replies":[{"embeddable":true,"href":"https:\/\/www.djurskyddet.se\/karlstad\/wp-json\/wp\/v2\/comments?post=5626"}],"version-history":[{"count":27,"href":"https:\/\/www.djurskyddet.se\/karlstad\/wp-json\/wp\/v2\/pages\/5626\/revisions"}],"predecessor-version":[{"id":7910,"href":"https:\/\/www.djurskyddet.se\/karlstad\/wp-json\/wp\/v2\/pages\/5626\/revisions\/7910"}],"wp:attachment":[{"href":"https:\/\/www.djurskyddet.se\/karlstad\/wp-json\/wp\/v2\/media?parent=5626"}],"curies":[{"name":"wp","href":"https:\/\/api.w.org\/{rel}","templated":true}]}}