{"id":5633,"date":"2020-02-13T15:45:48","date_gmt":"2020-02-13T15:45:48","guid":{"rendered":"https:\/\/www.djurskyddet.se\/karlstad\/?page_id=5633"},"modified":"2020-06-03T17:35:52","modified_gmt":"2020-06-03T17:35:52","slug":"har-du-hittat-en-katt-som-verkar-overgiven-vilsen","status":"publish","type":"page","link":"https:\/\/www.djurskyddet.se\/karlstad\/har-du-hittat-en-katt-som-verkar-overgiven-vilsen\/","title":{"rendered":"Har du hittat en katt som verkar \u00f6vergiven\/vilsen?"},"content":{"rendered":"\n<p>Om du har sett eller hittat en katt som du tror \u00e4r heml\u00f6s eller bortsprungen \u00e4r det viktigt att du f\u00f6ljer f\u00f6ljande r\u00e5d &#8211; se nedan. Vi ber dig v\u00e4nligen:<\/p>\n\n\n\n<ul class=\"wp-block-list\"><li><strong>B\u00f6rja inte att mata en katt som du inte \u00e4r s\u00e4ker p\u00e5 \u00e4r heml\u00f6s!<\/strong>\u00a0Katter flyttar g\u00e4rna dit matsedeln \u00e4r godast. Rent vatten kan dock st\u00e4llas ut fr\u00e5n f\u00f6rsta dagen, speciellt n\u00e4r det \u00e4r varmt eller mycket kallt ute.<\/li><li>F\u00f6rst och fr\u00e4mst;\u00a0<strong>kontrollera om katten \u00e4r ID-m\u00e4rkt<\/strong>\u00a0med en tatuering i v\u00e4nster \u00f6ra. Om den \u00e4r det, f\u00f6rs\u00f6k tyda m\u00e4rkningen. Om tatueringen \u00e4r sv\u00e5r att l\u00e4sa, f\u00f6rs\u00f6k att tyda den genom att lysa med en ficklampa fr\u00e5n \u00f6rats p\u00e4lssida och fram\u00e5t. ID-numret l\u00e4ses fr\u00e5n \u00f6rats rot ut mot \u00f6rontippen. Kan man inte tyda den, kan man f\u00e5 hj\u00e4lp med detta p\u00e5 veterin\u00e4rklinikerna. D\u00e4r kan man \u00e4ven f\u00e5 hj\u00e4lp att kontrollera om katten \u00e4r chipm\u00e4rkt. Du kan sj\u00e4lv kolla upp ID-m\u00e4rkningen p\u00e5 www.skk.se eller www.sverak.se. Om det \u00e4r n\u00e5gon siffra eller bokstav som du har sv\u00e5rt att tyda i \u00f6rat p\u00e5 katten kan du skriva * ist\u00e4llet f\u00f6r det tecknet i s\u00f6kningen. Om du hittar en matchning kan du kontakta \u00e4garen direkt, om \u00e4garen valt att publicera sina kontaktuppgifter p\u00e5 sidorna ovan &#8211; i annat fall kan du kontakta SKK\/SVERAK p\u00e5 deras telefontider.<\/li><li><strong>Fr\u00e5ga grannarna<\/strong>\u00a0om de vet var katten kan h\u00f6ra hemma.<br><\/li><li>Det \u00e4r bra om man kan s\u00e4tta p\u00e5 katten ett halsband med res\u00e5r, med en meddelandedosa f\u00f6r att se om n\u00e5gon \u00e4gare h\u00f6r av sig.<br><\/li><li><strong>L\u00e4gg upp en efterlysning<\/strong>\u00a0p\u00e5 Facebook. Det finns bland andra sidan &#8221;Upphittade och f\u00f6rsvunna djur; Grums\/Karlstad\/Forshaga\/Kil med omnejd&#8221;<br><\/li><li><strong>S\u00e4tt upp lappar<\/strong>\u00a0i aff\u00e4rer, trappuppg\u00e5ngar och andra l\u00e4mpliga st\u00e4llen om att du s\u00f6ker \u00e4gare till katten, g\u00e4rna med foto.<br><\/li><li><strong>Ring polisen<\/strong>&#8211; telefonnummer 114 14, och uppge att du observerat en herrel\u00f6s katt. Ge dem s\u00e5 mycket uppgifter om katten du har; f\u00e4rg, skador, karakt\u00e4r, halsband, ca. \u00e5lder, datum och plats d\u00e4r den hittades, ditt namn, adress och telefonnummer.<br><\/li><li><strong>Ring till L\u00e4nsstyrelsens djurskyddsinspekt\u00f6rer\u00a0<\/strong>p\u00e5 telefonnummer 010-224 71 20 , och anm\u00e4l att du observerat\u00a0 en herrel\u00f6s katt.\u00a0<strong>\u00c4r katten skadad eller sjuk, \u00e4r det av yttersta vikt att den snabbt f\u00e5r v\u00e5rd!<\/strong><br><\/li><li>Ring till oss och tala om att du har sett en katt som verkar \u00f6vergiven eller vilse, vi f\u00f6rs\u00f6ker alltid att hj\u00e4lpa till! Telefonnummer till v\u00e5rt djurhem:\u00a0<strong>072- 520 00 28<\/strong>. Om du inte f\u00e5r tag p\u00e5 oss via telefon, skicka oss ett email p\u00e5\u00a0<strong>kontakt@djurskyddetkarlstad.se<\/strong>!<br><\/li><li>Ring g\u00e4rna och anm\u00e4l \u00e4rendet till \u00f6vriga, n\u00e4rliggande djurskyddsf\u00f6reningar t.ex. Djurskyddet Norra V\u00e4rmland, Djurskyddet Westra Wermland Arvika, Djurskyddet Kristinehamn och Djurskyddet S\u00e4ffle-\u00c5m\u00e5l. Kontaktuppgifter till dessa f\u00f6reningar finns p\u00e5 Djurskyddet Sveriges hemsida: <a href=\"https:\/\/www.djurskyddet.se\/kontakt\/foreningar\/varmland\/\">https:\/\/www.djurskyddet.se\/kontakt\/foreningar\/varmland\/<\/a><br><\/li><li>Sn\u00e4lla du- om katten ser ut att beh\u00f6va hj\u00e4lp- ta hand om katten tillsvidare p\u00e5 b\u00e4sta s\u00e4tt. Kan du inte ha den inomhus hoppas vi att n\u00e5gon av dina v\u00e4nner kan hj\u00e4lpa till. Om \u00e4ven detta skulle vara om\u00f6jligt hoppas vi att du trots allt kan mata katten (om du etablerat att katten \u00e4r heml\u00f6s\/bortsprungen), samt ordna med ett litet krypin d\u00e4r den kan sova och f\u00e5 lite v\u00e4rme.<br><\/li><li><strong>Gl\u00f6m inte att kontakta oss och meddela att katten kommit tillr\u00e4tta!<\/strong><\/li><\/ul>\n","protected":false},"excerpt":{"rendered":"<p>Om du har sett eller hittat en katt som du tror \u00e4r heml\u00f6s eller bortsprungen \u00e4r det viktigt att du f\u00f6ljer f\u00f6ljande r\u00e5d &#8211; se nedan. Vi ber dig v\u00e4nligen: B\u00f6rja inte att mata en katt som du inte \u00e4r s\u00e4ker p\u00e5 \u00e4r heml\u00f6s!\u00a0Katter flyttar g\u00e4rna dit matsedeln \u00e4r godast. Rent vatten kan dock st\u00e4llas ut fr\u00e5n f\u00f6rsta dagen, speciellt n\u00e4r det \u00e4r varmt eller mycket kallt ute. F\u00f6rst och&hellip;<\/p>\n<p><a class=\"more-link\" href=\"https:\/\/www.djurskyddet.se\/karlstad\/har-du-hittat-en-katt-som-verkar-overgiven-vilsen\/\" title=\"Continue reading &lsquo;Har du hittat en katt som verkar \u00f6vergiven\/vilsen?&rsquo;\">L&auml;s mer<span class=\"meta-nav\">&raquo;<\/span><\/a><\/p>\n","protected":false},"author":3,"featured_media":0,"parent":0,"menu_order":0,"comment_status":"closed","ping_status":"closed","template":"left-sidebar.php","meta":{"_acf_changed":false,"footnotes":""},"class_list":["post-5633","page","type-page","status-publish","hentry"],"acf":[],"_links":{"self":[{"href":"https:\/\/www.djurskyddet.se\/karlstad\/wp-json\/wp\/v2\/pages\/5633","targetHints":{"allow":["GET"]}}],"collection":[{"href":"https:\/\/www.djurskyddet.se\/karlstad\/wp-json\/wp\/v2\/pages"}],"about":[{"href":"https:\/\/www.djurskyddet.se\/karlstad\/wp-json\/wp\/v2\/types\/page"}],"author":[{"embeddable":true,"href":"https:\/\/www.djurskyddet.se\/karlstad\/wp-json\/wp\/v2\/users\/3"}],"replies":[{"embeddable":true,"href":"https:\/\/www.djurskyddet.se\/karlstad\/wp-json\/wp\/v2\/comments?post=5633"}],"version-history":[{"count":6,"href":"https:\/\/www.djurskyddet.se\/karlstad\/wp-json\/wp\/v2\/pages\/5633\/revisions"}],"predecessor-version":[{"id":6094,"href":"https:\/\/www.djurskyddet.se\/karlstad\/wp-json\/wp\/v2\/pages\/5633\/revisions\/6094"}],"wp:attachment":[{"href":"https:\/\/www.djurskyddet.se\/karlstad\/wp-json\/wp\/v2\/media?parent=5633"}],"curies":[{"name":"wp","href":"https:\/\/api.w.org\/{rel}","templated":true}]}}