{"id":5958,"date":"2020-04-21T09:22:15","date_gmt":"2020-04-21T09:22:15","guid":{"rendered":"https:\/\/www.djurskyddet.se\/karlstad\/?page_id=5958"},"modified":"2020-04-21T09:31:53","modified_gmt":"2020-04-21T09:31:53","slug":"integritetspolicy","status":"publish","type":"page","link":"https:\/\/www.djurskyddet.se\/karlstad\/integritetspolicy\/","title":{"rendered":"Integritetspolicy f\u00f6r Djurskyddet Karlstad"},"content":{"rendered":"\n<p>Denna version \u00e4r antagen 2019-04-11<br><br>Allm\u00e4nt<br>Det \u00e4r viktigt att du som l\u00e4mnar personuppgifter till Djurskyddet Karlstad kan vara trygg med hur vi behandlar dina uppgifter. Vi v\u00e4rnar om din integritet och din kontroll \u00f6ver dina uppgifter och \u00e4r \u00f6ppna med hur vi behandlar data som vi samlar in om dig.<br><br>Djurskyddet Karlstad \u00e4r personuppgiftsansvarig f\u00f6r behandling av alla personuppgifter som l\u00e4mnas till oss.<br><br>De personuppgifter vi samlar in registreras och sparas digitalt, till exempel i v\u00e5rt medlemsregister eller i verktyget f\u00f6r utskick till volont\u00e4rer. Personuppgifterna hanteras endast av de personer som beh\u00f6ver tillg\u00e5ng till dessa.<br><br>Personuppgifter vi samlar in<br>Exempel p\u00e5 personuppgifter som Djurskyddet samlar in \u00e4r namn, adress, e-postadress, personnummer och telefonnummer.<br><br>Djurskyddet registrerar uppgifter n\u00e4r du:<br>a) Registrerar dig som eller anm\u00e4ler intresse f\u00f6r att bli medlem, sponsor eller m\u00e5nadsgivare<br>b) Sk\u00e4nker en g\u00e5va<br>c) Best\u00e4ller material fr\u00e5n oss<br>d) Anm\u00e4ler att du inkluderat oss i ditt testamente<br>e) Anm\u00e4ler dig till att bli volont\u00e4r eller jourhem<br>f) Adopterar katt fr\u00e5n Djurskyddet Karlstad<br><br>Hur vi anv\u00e4nder insamlad information<br>Djurskyddet behandlar personuppgifter i huvudsak f\u00f6r de \u00e4ndam\u00e5l som anges nedan, samt eventuella andra \u00e4ndam\u00e5l som anges vid insamlingstillf\u00e4llet.<br><br>a) Hantera ditt medlemskap<br>b) Hantera ditt m\u00e5nadsgivande eller sponsorskap via autogiro<br>c) Schemal\u00e4ggning av volont\u00e4rer<br>d) G\u00f6ra utskick av nyhetsbrev och annan information<br>e) Skicka material som du best\u00e4llt<br>f) Uppdatera dina uppgifter och h\u00e5lla ett aktuellt register<br>g) Kunna kontakta dig f\u00f6r fr\u00e5gor<br><br>R\u00e4ttslig grund f\u00f6r behandling<br>Djurskyddet Karlstad hanterar alla personuppgifter som l\u00e4mnas till oss i enlighet med r\u00e5dande lagstiftning \u2013 fr\u00e5n och med den 25 maj 2018 \u00e4r detta EU:s dataskyddsf\u00f6rordning (GDPR) som ers\u00e4tter Sveriges personuppgiftslag (PuL). Den r\u00e4ttsliga grund som vi, enligt lagen, har f\u00f6r att spara&nbsp;och behandla personuppgifter heter \u201dber\u00e4ttigat intresse. L\u00e4s mer om GDPR och r\u00e4ttslig grund p\u00e5&nbsp;www.datainspektionen.se\/dataskyddsreformen\/<br><br>Tredje part<br>Djurskyddet Karlstad s\u00e4ljer inte dina uppgifter till en tredje part och f\u00f6r inte vidare vilka som \u00e4r&nbsp;medlemmar i Djurskyddet Karlstad.&nbsp;I fall d\u00e5 Djurskyddet Karlstads hemsida l\u00e4nkar till en utomst\u00e5ende webbplats har vi ingen kontroll&nbsp;\u00f6ver eller ansvar f\u00f6r den webbplatsens information eller hantering av personuppgifter.<br><br>Gallring<br>Vi sparar dina uppgifter endast s\u00e5 l\u00e4nge det \u00e4r motiverat f\u00f6r \u00e4ndam\u00e5let. Du kan n\u00e4r som helst&nbsp;kontakta oss om du vill att vi ska \u00e4ndra eller radera dina uppgifter, eller om du vill s\u00e4ga upp ditt&nbsp;medlemskap.<br><br>Webbsida och cookies<br>N\u00e4r du anv\u00e4nder v\u00e5r hemsida kan vi lagra information som du inte aktivt l\u00e4mnar om dig sj\u00e4lv. Till&nbsp;exempel information om din IP-adress och typ av webbl\u00e4sare. Vi anv\u00e4nder \u00e4ven sm\u00e5 textfiler, s\u00e5&nbsp;kallade cookies, f\u00f6r att identifiera dig som \u00e5terkommande bes\u00f6kare. Denna information anv\u00e4nds&nbsp;f\u00f6r att f\u00f6rb\u00e4ttra upplevelsen f\u00f6r dig. I de flesta webbl\u00e4sare \u00e4r det m\u00f6jligt att sj\u00e4lv avaktivera cookies.&nbsp;Det kan dock inneb\u00e4ra problem p\u00e5 djurskyddetkarlstad.se och p\u00e5 m\u00e5nga andra webbsidor, eftersom&nbsp;m\u00e5nga sidor anv\u00e4nder cookies.<\/p>\n","protected":false},"excerpt":{"rendered":"<p>Denna version \u00e4r antagen 2019-04-11 Allm\u00e4ntDet \u00e4r viktigt att du som l\u00e4mnar personuppgifter till Djurskyddet Karlstad kan vara trygg med hur vi behandlar dina uppgifter. Vi v\u00e4rnar om din integritet och din kontroll \u00f6ver dina uppgifter och \u00e4r \u00f6ppna med hur vi behandlar data som vi samlar in om dig. Djurskyddet Karlstad \u00e4r personuppgiftsansvarig f\u00f6r behandling av alla personuppgifter som l\u00e4mnas till oss. De personuppgifter vi samlar in registreras och&hellip;<\/p>\n<p><a class=\"more-link\" href=\"https:\/\/www.djurskyddet.se\/karlstad\/integritetspolicy\/\" title=\"Continue reading &lsquo;Integritetspolicy f\u00f6r Djurskyddet Karlstad&rsquo;\">L&auml;s mer<span class=\"meta-nav\">&raquo;<\/span><\/a><\/p>\n","protected":false},"author":40,"featured_media":0,"parent":0,"menu_order":0,"comment_status":"closed","ping_status":"closed","template":"","meta":{"_acf_changed":false,"footnotes":""},"class_list":["post-5958","page","type-page","status-publish","hentry"],"acf":[],"_links":{"self":[{"href":"https:\/\/www.djurskyddet.se\/karlstad\/wp-json\/wp\/v2\/pages\/5958","targetHints":{"allow":["GET"]}}],"collection":[{"href":"https:\/\/www.djurskyddet.se\/karlstad\/wp-json\/wp\/v2\/pages"}],"about":[{"href":"https:\/\/www.djurskyddet.se\/karlstad\/wp-json\/wp\/v2\/types\/page"}],"author":[{"embeddable":true,"href":"https:\/\/www.djurskyddet.se\/karlstad\/wp-json\/wp\/v2\/users\/40"}],"replies":[{"embeddable":true,"href":"https:\/\/www.djurskyddet.se\/karlstad\/wp-json\/wp\/v2\/comments?post=5958"}],"version-history":[{"count":2,"href":"https:\/\/www.djurskyddet.se\/karlstad\/wp-json\/wp\/v2\/pages\/5958\/revisions"}],"predecessor-version":[{"id":5964,"href":"https:\/\/www.djurskyddet.se\/karlstad\/wp-json\/wp\/v2\/pages\/5958\/revisions\/5964"}],"wp:attachment":[{"href":"https:\/\/www.djurskyddet.se\/karlstad\/wp-json\/wp\/v2\/media?parent=5958"}],"curies":[{"name":"wp","href":"https:\/\/api.w.org\/{rel}","templated":true}]}}