{"id":6830,"date":"2021-10-17T17:00:00","date_gmt":"2021-10-17T17:00:00","guid":{"rendered":"https:\/\/www.djurskyddet.se\/karlstad\/?page_id=6830"},"modified":"2026-02-27T21:59:21","modified_gmt":"2026-02-27T21:59:21","slug":"arsmote-2023","status":"publish","type":"page","link":"https:\/\/www.djurskyddet.se\/karlstad\/arsmote-2023\/","title":{"rendered":"\u00c5rsm\u00f6te 2026"},"content":{"rendered":"\n<p>Varmt v\u00e4lkomna till Djurskyddet Karlstads \u00e5rsm\u00f6te 2026!<\/p>\n\n\n\n<p><strong>DATUM &amp; TID: 21 mars 2026 kl 14.00<\/strong><\/p>\n\n\n\n<p><strong>PLATS: ABF, Gr\u00e4sdalsgatan 15 i Karlstad (Gr\u00e4sdalen)<\/strong><br><br><strong>V\u00e4gbeskrivning:<\/strong> \u00c5k f\u00f6rbi Plantagen och \u00e5k l\u00e4ngst ner p\u00e5 gatan s\u00e5 ligger ABF p\u00e5 v\u00e4nster sida. <br>OBS! Det \u00e4r <strong>andra huset<\/strong> som det st\u00e5r ABF p\u00e5, \u00e5k f\u00f6rbi Lecab, det st\u00e5r \u00e4ven Skogsstyrelsen p\u00e5 detta hus. Stor parkering finns framf\u00f6r huset.<\/p>\n\n\n\n<p><strong>Vi ber alla som planerat att deltaga p\u00e5 \u00e5rsm\u00f6tet att ta del av \u00e5rsm\u00f6teshandlingarna innan m\u00f6tet.<\/strong> <br>P\u00e5 \u00e5rsm\u00f6tet g\u00e5r vi endast igenom \u00e5rsm\u00f6teshandlingarna kort samt l\u00e4mnar utrymme f\u00f6r fr\u00e5gor g\u00e4llande dessa dokument. V\u00e4nligen observera att dagordningen endast tar upp stadgeenliga fr\u00e5gor, punkten \u201d\u00f6vriga fr\u00e5gor\u201d f\u00f6rekommer ej. <br><strong>Om du vill ha \u00e5rsm\u00f6teshandlingar skickade till dig, meddela oss via mejl till styrelsen@djurskyddetkarlstad.se senast 13 mars.<\/strong><\/p>\n\n\n\n<p><strong>MOTIONER<\/strong><br>Alla medlemmar i f\u00f6reningen kan skicka motioner till \u00e5rsm\u00f6tet. <strong>Motionen ska vara skriftlig, och styrelsen tillhanda senast tv\u00e5 veckor f\u00f6re \u00e5rsm\u00f6tet, det vill s\u00e4ga 7 mars.<\/strong> Styrelsen ska yttra sig \u00f6ver varje motion. Motioner s\u00e4nds till: styrelsen@djurskyddetkarlstad.se, alternativt via post till djurhemmets adress (OBS! M\u00e5ste d\u00e5 vara oss tillhanda senast fredag 6 mars): Styrelsen, Djurskyddet Karlstad, Norra Grava 714, 655 91 Karlstad.<\/p>\n\n\n\n<p><strong>F\u00f6r att skicka in motioner beh\u00f6ver du ha betalt medlemsavgiften.<\/strong> Enligt stadgarna m\u00e5ste du ha ett aktivt medlemskap senast 2 veckor innan \u00e5rsm\u00f6tet f\u00f6r att ha r\u00f6str\u00e4tt p\u00e5 \u00e5rsm\u00f6tet, det inneb\u00e4r att du m\u00e5ste ha betalt medlemsavgiften senast den 7 mars.<\/p>\n\n\n\n<p><br><strong>NOMINERINGAR<\/strong><br>Valberedningen best\u00e5r av Rosita Gustavsson och Madeleine Beckius. Nomineringar inf\u00f6r \u00e5rsm\u00f6tet kan g\u00f6ras till valberedningen senast 9 mars p\u00e5 epostadressen: valberedning@djurskyddetkarlstad.se.<\/p>\n\n\n\n<p>F\u00f6r att g\u00f6ra stunden extra trevlig bjuder vi p\u00e5 sm\u00f6rg\u00e5st\u00e5rta som fantastiska <strong>Ica Maxi Bergvik<\/strong> \u00e5terigen sponsrat oss med. <\/p>\n\n\n\n<p>Vi hoppas p\u00e5 att m\u00e5nga medlemmar vill n\u00e4rvara denna dag!<\/p>\n\n\n\n<p><\/p>\n\n\n\n<p><\/p>\n\n\n\n<h3 class=\"wp-block-heading\" id=\"arsmoteshandlingar\"><\/h3>\n\n\n\n<p><\/p>\n\n\n\n<p><\/p>\n","protected":false},"excerpt":{"rendered":"<p>Varmt v\u00e4lkomna till Djurskyddet Karlstads \u00e5rsm\u00f6te 2026! DATUM &amp; TID: 21 mars 2026 kl 14.00 PLATS: ABF, Gr\u00e4sdalsgatan 15 i Karlstad (Gr\u00e4sdalen) V\u00e4gbeskrivning: \u00c5k f\u00f6rbi Plantagen och \u00e5k l\u00e4ngst ner p\u00e5 gatan s\u00e5 ligger ABF p\u00e5 v\u00e4nster sida. OBS! Det \u00e4r andra huset som det st\u00e5r ABF p\u00e5, \u00e5k f\u00f6rbi Lecab, det st\u00e5r \u00e4ven Skogsstyrelsen p\u00e5 detta hus. Stor parkering finns framf\u00f6r huset. Vi ber alla som planerat att deltaga&hellip;<\/p>\n<p><a class=\"more-link\" href=\"https:\/\/www.djurskyddet.se\/karlstad\/arsmote-2023\/\" title=\"Continue reading &lsquo;\u00c5rsm\u00f6te 2026&rsquo;\">L&auml;s mer<span class=\"meta-nav\">&raquo;<\/span><\/a><\/p>\n","protected":false},"author":53,"featured_media":0,"parent":0,"menu_order":0,"comment_status":"closed","ping_status":"closed","template":"left-sidebar.php","meta":{"_acf_changed":false,"footnotes":""},"class_list":["post-6830","page","type-page","status-publish","hentry"],"acf":[],"_links":{"self":[{"href":"https:\/\/www.djurskyddet.se\/karlstad\/wp-json\/wp\/v2\/pages\/6830","targetHints":{"allow":["GET"]}}],"collection":[{"href":"https:\/\/www.djurskyddet.se\/karlstad\/wp-json\/wp\/v2\/pages"}],"about":[{"href":"https:\/\/www.djurskyddet.se\/karlstad\/wp-json\/wp\/v2\/types\/page"}],"author":[{"embeddable":true,"href":"https:\/\/www.djurskyddet.se\/karlstad\/wp-json\/wp\/v2\/users\/53"}],"replies":[{"embeddable":true,"href":"https:\/\/www.djurskyddet.se\/karlstad\/wp-json\/wp\/v2\/comments?post=6830"}],"version-history":[{"count":34,"href":"https:\/\/www.djurskyddet.se\/karlstad\/wp-json\/wp\/v2\/pages\/6830\/revisions"}],"predecessor-version":[{"id":8922,"href":"https:\/\/www.djurskyddet.se\/karlstad\/wp-json\/wp\/v2\/pages\/6830\/revisions\/8922"}],"wp:attachment":[{"href":"https:\/\/www.djurskyddet.se\/karlstad\/wp-json\/wp\/v2\/media?parent=6830"}],"curies":[{"name":"wp","href":"https:\/\/api.w.org\/{rel}","templated":true}]}}