{"id":7972,"date":"2023-03-11T13:43:07","date_gmt":"2023-03-11T13:43:07","guid":{"rendered":"https:\/\/www.djurskyddet.se\/karlstad\/?page_id=7972"},"modified":"2023-03-25T16:05:32","modified_gmt":"2023-03-25T16:05:32","slug":"policy-for-kontanthantering-och-utgifter-2","status":"publish","type":"page","link":"https:\/\/www.djurskyddet.se\/karlstad\/policy-for-kontanthantering-och-utgifter-2\/","title":{"rendered":"Policy f\u00f6r kontanthantering och utgifter"},"content":{"rendered":"\n<p>P\u00e5 \u00e5rsm\u00f6tet 2022 antogs en ny policy f\u00f6r kontanthantering och utgifter inom Djurskyddet Karlstads verksamhet. L\u00e4s den <a href=\"https:\/\/www.djurskyddet.se\/karlstad\/wp-content\/uploads\/sites\/42\/2023\/03\/Policy-for-kontanthantering-och-utgifter-2023.pdf\" data-type=\"attachment\" data-id=\"7996\">h\u00e4r<\/a><a href=\"https:\/\/www.djurskyddet.se\/karlstad\/wp-content\/uploads\/sites\/42\/2023\/03\/Policy-for-kontanthantering-och-utgifter.pdf\" data-type=\"attachment\" data-id=\"7975\">.<\/a><\/p>\n","protected":false},"excerpt":{"rendered":"<p>P\u00e5 \u00e5rsm\u00f6tet 2022 antogs en ny policy f\u00f6r kontanthantering och utgifter inom Djurskyddet Karlstads verksamhet. L\u00e4s den h\u00e4r.<\/p>\n","protected":false},"author":63,"featured_media":0,"parent":0,"menu_order":0,"comment_status":"closed","ping_status":"closed","template":"","meta":{"_acf_changed":false,"footnotes":""},"class_list":["post-7972","page","type-page","status-publish","hentry"],"acf":[],"_links":{"self":[{"href":"https:\/\/www.djurskyddet.se\/karlstad\/wp-json\/wp\/v2\/pages\/7972","targetHints":{"allow":["GET"]}}],"collection":[{"href":"https:\/\/www.djurskyddet.se\/karlstad\/wp-json\/wp\/v2\/pages"}],"about":[{"href":"https:\/\/www.djurskyddet.se\/karlstad\/wp-json\/wp\/v2\/types\/page"}],"author":[{"embeddable":true,"href":"https:\/\/www.djurskyddet.se\/karlstad\/wp-json\/wp\/v2\/users\/63"}],"replies":[{"embeddable":true,"href":"https:\/\/www.djurskyddet.se\/karlstad\/wp-json\/wp\/v2\/comments?post=7972"}],"version-history":[{"count":5,"href":"https:\/\/www.djurskyddet.se\/karlstad\/wp-json\/wp\/v2\/pages\/7972\/revisions"}],"predecessor-version":[{"id":7997,"href":"https:\/\/www.djurskyddet.se\/karlstad\/wp-json\/wp\/v2\/pages\/7972\/revisions\/7997"}],"wp:attachment":[{"href":"https:\/\/www.djurskyddet.se\/karlstad\/wp-json\/wp\/v2\/media?parent=7972"}],"curies":[{"name":"wp","href":"https:\/\/api.w.org\/{rel}","templated":true}]}}