{"id":7985,"date":"2023-03-23T13:12:24","date_gmt":"2023-03-23T13:12:24","guid":{"rendered":"https:\/\/www.djurskyddet.se\/karlstad\/?page_id=7985"},"modified":"2025-04-13T18:47:14","modified_gmt":"2025-04-13T18:47:14","slug":"bingolotto-och-sverigelotten","status":"publish","type":"page","link":"https:\/\/www.djurskyddet.se\/karlstad\/bingolotto-och-sverigelotten\/","title":{"rendered":"Bingolotto och Julkalendern"},"content":{"rendered":"\n<div class=\"wp-block-group\"><div class=\"wp-block-group__inner-container is-layout-constrained wp-block-group-is-layout-constrained\">\n<figure class=\"wp-block-image size-full is-resized\"><img loading=\"lazy\" decoding=\"async\" width=\"432\" height=\"614\" src=\"https:\/\/www.djurskyddet.se\/karlstad\/wp-content\/uploads\/sites\/42\/2023\/05\/Vinstogram-april.jpg\" alt=\"\" class=\"wp-image-8034\" style=\"aspect-ratio:0.7035830618892508;width:217px;height:auto\" srcset=\"https:\/\/www.djurskyddet.se\/karlstad\/wp-content\/uploads\/sites\/42\/2023\/05\/Vinstogram-april.jpg 432w, https:\/\/www.djurskyddet.se\/karlstad\/wp-content\/uploads\/sites\/42\/2023\/05\/Vinstogram-april-211x300.jpg 211w, https:\/\/www.djurskyddet.se\/karlstad\/wp-content\/uploads\/sites\/42\/2023\/05\/Vinstogram-april-400x569.jpg 400w\" sizes=\"auto, (max-width: 432px) 100vw, 432px\" \/><\/figure>\n\n\n\n<p><\/p>\n\n\n\n<p>Vet ni om att ni kan k\u00f6pa digitala lotter till f\u00f6rm\u00e5n f\u00f6r Djurskyddet Karlstad p\u00e5 Bingolottos och Sverigelottens hemsidor? G\u00e5 in p\u00e5  <a href=\"https:\/\/www.bingolotto.se\/kop-bingolott\/\">https:\/\/www.bingolotto.se\/kop-bingolott\/<\/a> och <a href=\"https:\/\/www.sverigelotten.se\/kop-sverigelotten\/\">https:\/\/www.sverigelotten.se\/kop-sverigelotten\/<\/a> och uppge Djurskyddet Karlstad som den f\u00f6rening ni vill st\u00f6dja med ert k\u00f6p!<\/p>\n\n\n\n<p>Om ni \u00e4r intresserade av att prenumerera p\u00e5 lotter direkt fr\u00e5n Bingolotto eller Sverigelotten, till f\u00f6rm\u00e5n f\u00f6r Djurskyddet Karlstads verksamhet, mejla oss p\u00e5 styrelsen@djurskyddetkarlstad.se s\u00e5 ber\u00e4ttar vi mer! <\/p>\n\n\n\n<p><strong>Vi s\u00e4ljer Bingolottos Julkalender 2025 till f\u00f6rm\u00e5n f\u00f6r v\u00e5r verksamhe<\/strong>t<\/p>\n\n\n\n<p><\/p>\n\n\n\n<figure class=\"wp-block-image size-full is-resized\"><img loading=\"lazy\" decoding=\"async\" width=\"552\" height=\"506\" src=\"https:\/\/www.djurskyddet.se\/karlstad\/wp-content\/uploads\/sites\/42\/2024\/10\/image.png\" alt=\"\" class=\"wp-image-8649\" style=\"width:228px;height:auto\" srcset=\"https:\/\/www.djurskyddet.se\/karlstad\/wp-content\/uploads\/sites\/42\/2024\/10\/image.png 552w, https:\/\/www.djurskyddet.se\/karlstad\/wp-content\/uploads\/sites\/42\/2024\/10\/image-300x275.png 300w, https:\/\/www.djurskyddet.se\/karlstad\/wp-content\/uploads\/sites\/42\/2024\/10\/image-400x367.png 400w\" sizes=\"auto, (max-width: 552px) 100vw, 552px\" \/><\/figure>\n\n\n\n<p>Varf\u00f6r inte vara ute i god tid f\u00f6r en g\u00e5ngs skull och k\u00f6pa Julkalendern redan nu <img loading=\"lazy\" decoding=\"async\" height=\"16\" width=\"16\" alt=\"?\" src=\"https:\/\/static.xx.fbcdn.net\/images\/emoji.php\/v9\/t7f\/1\/16\/1f60a.png\">. H\u00f6r av er till oss p\u00e5 styrelsen@djurskyddetkarlstad.se s\u00e5 l\u00f6ser vi det. <img loading=\"lazy\" decoding=\"async\" height=\"16\" width=\"16\" alt=\"?\" src=\"https:\/\/static.xx.fbcdn.net\/images\/emoji.php\/v9\/tdd\/1\/16\/1f63b.png\"> Ps den kostar 100kr<\/p>\n\n\n\n<p>&#8211; Ta upp best\u00e4llningar p\u00e5 ditt jobb och i v\u00e4nskapskretsen<\/p>\n\n\n\n<p>&#8211; Har du butik och vill hj\u00e4lpa oss att s\u00e4lja<\/p>\n\n\n\n<p>&#8211; <a><\/a>Ska ni ha n\u00e5got evenemang och vill hj\u00e4lpa oss att s\u00e4lja<\/p>\n\n\n\n<p>H\u00f6r av er till styrelsen@djurskyddetkarlstad.se s\u00e5 h\u00f6r vi av oss <img loading=\"lazy\" decoding=\"async\" height=\"16\" width=\"16\" alt=\"?\" src=\"https:\/\/static.xx.fbcdn.net\/images\/emoji.php\/v9\/t7f\/1\/16\/1f60a.png\"><\/p>\n\n\n\n<p>Tillsammans \u00e4r vi starka och kan r\u00e4dda fler kattliv <img loading=\"lazy\" decoding=\"async\" height=\"16\" width=\"16\" alt=\"?\" src=\"https:\/\/static.xx.fbcdn.net\/images\/emoji.php\/v9\/tdd\/1\/16\/1f63b.png\"><\/p>\n<\/div><\/div>\n","protected":false},"excerpt":{"rendered":"<p>Vet ni om att ni kan k\u00f6pa digitala lotter till f\u00f6rm\u00e5n f\u00f6r Djurskyddet Karlstad p\u00e5 Bingolottos och Sverigelottens hemsidor? G\u00e5 in p\u00e5 https:\/\/www.bingolotto.se\/kop-bingolott\/ och https:\/\/www.sverigelotten.se\/kop-sverigelotten\/ och uppge Djurskyddet Karlstad som den f\u00f6rening ni vill st\u00f6dja med ert k\u00f6p! Om ni \u00e4r intresserade av att prenumerera p\u00e5 lotter direkt fr\u00e5n Bingolotto eller Sverigelotten, till f\u00f6rm\u00e5n f\u00f6r Djurskyddet Karlstads verksamhet, mejla oss p\u00e5 styrelsen@djurskyddetkarlstad.se s\u00e5 ber\u00e4ttar vi mer! Vi s\u00e4ljer Bingolottos Julkalender&hellip;<\/p>\n<p><a class=\"more-link\" href=\"https:\/\/www.djurskyddet.se\/karlstad\/bingolotto-och-sverigelotten\/\" title=\"Continue reading &lsquo;Bingolotto och Julkalendern&rsquo;\">L&auml;s mer<span class=\"meta-nav\">&raquo;<\/span><\/a><\/p>\n","protected":false},"author":63,"featured_media":0,"parent":0,"menu_order":0,"comment_status":"closed","ping_status":"closed","template":"","meta":{"_acf_changed":false,"footnotes":""},"class_list":["post-7985","page","type-page","status-publish","hentry"],"acf":[],"_links":{"self":[{"href":"https:\/\/www.djurskyddet.se\/karlstad\/wp-json\/wp\/v2\/pages\/7985","targetHints":{"allow":["GET"]}}],"collection":[{"href":"https:\/\/www.djurskyddet.se\/karlstad\/wp-json\/wp\/v2\/pages"}],"about":[{"href":"https:\/\/www.djurskyddet.se\/karlstad\/wp-json\/wp\/v2\/types\/page"}],"author":[{"embeddable":true,"href":"https:\/\/www.djurskyddet.se\/karlstad\/wp-json\/wp\/v2\/users\/63"}],"replies":[{"embeddable":true,"href":"https:\/\/www.djurskyddet.se\/karlstad\/wp-json\/wp\/v2\/comments?post=7985"}],"version-history":[{"count":13,"href":"https:\/\/www.djurskyddet.se\/karlstad\/wp-json\/wp\/v2\/pages\/7985\/revisions"}],"predecessor-version":[{"id":8847,"href":"https:\/\/www.djurskyddet.se\/karlstad\/wp-json\/wp\/v2\/pages\/7985\/revisions\/8847"}],"wp:attachment":[{"href":"https:\/\/www.djurskyddet.se\/karlstad\/wp-json\/wp\/v2\/media?parent=7985"}],"curies":[{"name":"wp","href":"https:\/\/api.w.org\/{rel}","templated":true}]}}