{"id":10009,"date":"2020-06-05T20:18:30","date_gmt":"2020-06-05T20:18:30","guid":{"rendered":"https:\/\/www.djurskyddet.se\/kattfotenhalmstad\/?page_id=10009"},"modified":"2020-06-05T20:27:47","modified_gmt":"2020-06-05T20:27:47","slug":"zilla-och-lulu","status":"publish","type":"page","link":"https:\/\/www.djurskyddet.se\/kattfotenhalmstad\/lyckligt-slut-2\/adopterade-katter-2020\/zilla-och-lulu\/","title":{"rendered":"Zilla och Lulu"},"content":{"rendered":"\n<p>P\u00e5 Kattfoten hette vi Kisen och Katten men lystrar nu till de nya namnen Zilla och Lulu. Jag (Zilla) \u00e4r lite mer ut\u00e5triktad och nyfiken medan Lulu \u00e4r mer tillbakadragen. Vi bryr oss mycket om varandra! Varje kv\u00e4ll har vi en aktivitetsstund d\u00e4r vi f\u00e5r leka och busa, sen borstas vi. D\u00e4refter myser vi g\u00e4rna i en hemmagjord kattb\u00e4dd eller i kn\u00e4et vid datorn eller soffan. V\u00e5r familj s\u00e4ger att vi ger s\u00e5 mycket mys och gl\u00e4dje. <\/p>\n\n\n\n<p>Matte s\u00e4ger att jag \u00e4r en prydlig dam som \u00e4lskar morgonmys och n\u00e4r favoritleksaken \u00e5ker fram blir jag som en kattunge. Att bli borstad och kliad p\u00e5 magen \u00e4r dr\u00f6mmen! Lulu \u00e4r med vart familjen \u00e4n g\u00e5r och talar alltid om vad hon vill. \u00c4ven hon har sin favoritleksak och \u00e4r en riktig kelgris som g\u00e4rna sover mellan f\u00f6tterna p\u00e5 de tv\u00e5benta. Hon vill \u00e4ven ligga i kn\u00e4et och trampa n\u00e4r de sitter vid datorn.<\/p>\n\n\n\n<ul class=\"wp-block-gallery columns-2 is-cropped wp-block-gallery-1 is-layout-flex wp-block-gallery-is-layout-flex\"><li class=\"blocks-gallery-item\"><figure><img loading=\"lazy\" decoding=\"async\" width=\"280\" height=\"579\" src=\"https:\/\/www.djurskyddet.se\/kattfotenhalmstad\/wp-content\/uploads\/sites\/35\/2020\/06\/Katten-Zulu-3.jpg\" alt=\"\" data-id=\"10012\" data-link=\"https:\/\/www.djurskyddet.se\/kattfotenhalmstad\/?attachment_id=10012\" class=\"wp-image-10012\" srcset=\"https:\/\/www.djurskyddet.se\/kattfotenhalmstad\/wp-content\/uploads\/sites\/35\/2020\/06\/Katten-Zulu-3.jpg 280w, https:\/\/www.djurskyddet.se\/kattfotenhalmstad\/wp-content\/uploads\/sites\/35\/2020\/06\/Katten-Zulu-3-145x300.jpg 145w\" sizes=\"auto, (max-width: 280px) 100vw, 280px\" \/><figcaption>Lulu myser.<\/figcaption><\/figure><\/li><li class=\"blocks-gallery-item\"><figure><img loading=\"lazy\" decoding=\"async\" width=\"280\" height=\"579\" src=\"https:\/\/www.djurskyddet.se\/kattfotenhalmstad\/wp-content\/uploads\/sites\/35\/2020\/06\/Katten-Zulu-4.jpg\" alt=\"\" data-id=\"10013\" data-link=\"https:\/\/www.djurskyddet.se\/kattfotenhalmstad\/?attachment_id=10013\" class=\"wp-image-10013\" srcset=\"https:\/\/www.djurskyddet.se\/kattfotenhalmstad\/wp-content\/uploads\/sites\/35\/2020\/06\/Katten-Zulu-4.jpg 280w, https:\/\/www.djurskyddet.se\/kattfotenhalmstad\/wp-content\/uploads\/sites\/35\/2020\/06\/Katten-Zulu-4-145x300.jpg 145w\" sizes=\"auto, (max-width: 280px) 100vw, 280px\" \/><\/figure><\/li><li class=\"blocks-gallery-item\"><figure><img loading=\"lazy\" decoding=\"async\" width=\"280\" height=\"579\" src=\"https:\/\/www.djurskyddet.se\/kattfotenhalmstad\/wp-content\/uploads\/sites\/35\/2020\/06\/Katten-Zulu-8.jpg\" alt=\"\" data-id=\"10017\" data-link=\"https:\/\/www.djurskyddet.se\/kattfotenhalmstad\/?attachment_id=10017\" class=\"wp-image-10017\" srcset=\"https:\/\/www.djurskyddet.se\/kattfotenhalmstad\/wp-content\/uploads\/sites\/35\/2020\/06\/Katten-Zulu-8.jpg 280w, https:\/\/www.djurskyddet.se\/kattfotenhalmstad\/wp-content\/uploads\/sites\/35\/2020\/06\/Katten-Zulu-8-145x300.jpg 145w\" sizes=\"auto, (max-width: 280px) 100vw, 280px\" \/><\/figure><\/li><li class=\"blocks-gallery-item\"><figure><img loading=\"lazy\" decoding=\"async\" width=\"280\" height=\"579\" src=\"https:\/\/www.djurskyddet.se\/kattfotenhalmstad\/wp-content\/uploads\/sites\/35\/2020\/06\/Katten-Zulu-7.jpg\" alt=\"\" data-id=\"10016\" data-link=\"https:\/\/www.djurskyddet.se\/kattfotenhalmstad\/?attachment_id=10016\" class=\"wp-image-10016\" srcset=\"https:\/\/www.djurskyddet.se\/kattfotenhalmstad\/wp-content\/uploads\/sites\/35\/2020\/06\/Katten-Zulu-7.jpg 280w, https:\/\/www.djurskyddet.se\/kattfotenhalmstad\/wp-content\/uploads\/sites\/35\/2020\/06\/Katten-Zulu-7-145x300.jpg 145w\" sizes=\"auto, (max-width: 280px) 100vw, 280px\" \/><\/figure><\/li><li class=\"blocks-gallery-item\"><figure><img loading=\"lazy\" decoding=\"async\" width=\"280\" height=\"579\" src=\"https:\/\/www.djurskyddet.se\/kattfotenhalmstad\/wp-content\/uploads\/sites\/35\/2020\/06\/Kisen-Zilla-9.jpg\" alt=\"\" data-id=\"10026\" data-link=\"https:\/\/www.djurskyddet.se\/kattfotenhalmstad\/?attachment_id=10026\" class=\"wp-image-10026\" srcset=\"https:\/\/www.djurskyddet.se\/kattfotenhalmstad\/wp-content\/uploads\/sites\/35\/2020\/06\/Kisen-Zilla-9.jpg 280w, https:\/\/www.djurskyddet.se\/kattfotenhalmstad\/wp-content\/uploads\/sites\/35\/2020\/06\/Kisen-Zilla-9-145x300.jpg 145w\" sizes=\"auto, (max-width: 280px) 100vw, 280px\" \/><figcaption>Zilla myser.<\/figcaption><\/figure><\/li><li class=\"blocks-gallery-item\"><figure><img loading=\"lazy\" decoding=\"async\" width=\"280\" height=\"579\" src=\"https:\/\/www.djurskyddet.se\/kattfotenhalmstad\/wp-content\/uploads\/sites\/35\/2020\/06\/Kisen-Zilla-4.jpg\" alt=\"\" data-id=\"10021\" data-link=\"https:\/\/www.djurskyddet.se\/kattfotenhalmstad\/?attachment_id=10021\" class=\"wp-image-10021\" srcset=\"https:\/\/www.djurskyddet.se\/kattfotenhalmstad\/wp-content\/uploads\/sites\/35\/2020\/06\/Kisen-Zilla-4.jpg 280w, https:\/\/www.djurskyddet.se\/kattfotenhalmstad\/wp-content\/uploads\/sites\/35\/2020\/06\/Kisen-Zilla-4-145x300.jpg 145w\" sizes=\"auto, (max-width: 280px) 100vw, 280px\" \/><\/figure><\/li><li class=\"blocks-gallery-item\"><figure><img loading=\"lazy\" decoding=\"async\" width=\"579\" height=\"280\" src=\"https:\/\/www.djurskyddet.se\/kattfotenhalmstad\/wp-content\/uploads\/sites\/35\/2020\/06\/Kisen-Zilla-7.jpg\" alt=\"\" data-id=\"10024\" data-link=\"https:\/\/www.djurskyddet.se\/kattfotenhalmstad\/?attachment_id=10024\" class=\"wp-image-10024\" srcset=\"https:\/\/www.djurskyddet.se\/kattfotenhalmstad\/wp-content\/uploads\/sites\/35\/2020\/06\/Kisen-Zilla-7.jpg 579w, https:\/\/www.djurskyddet.se\/kattfotenhalmstad\/wp-content\/uploads\/sites\/35\/2020\/06\/Kisen-Zilla-7-300x145.jpg 300w, https:\/\/www.djurskyddet.se\/kattfotenhalmstad\/wp-content\/uploads\/sites\/35\/2020\/06\/Kisen-Zilla-7-400x193.jpg 400w\" sizes=\"auto, (max-width: 579px) 100vw, 579px\" \/><\/figure><\/li><\/ul>\n\n\n\n<figure class=\"wp-block-image\"><img loading=\"lazy\" decoding=\"async\" width=\"575\" height=\"280\" src=\"https:\/\/www.djurskyddet.se\/kattfotenhalmstad\/wp-content\/uploads\/sites\/35\/2020\/06\/Kisen-Zilla-3.jpg\" alt=\"\" class=\"wp-image-10020\" srcset=\"https:\/\/www.djurskyddet.se\/kattfotenhalmstad\/wp-content\/uploads\/sites\/35\/2020\/06\/Kisen-Zilla-3.jpg 575w, https:\/\/www.djurskyddet.se\/kattfotenhalmstad\/wp-content\/uploads\/sites\/35\/2020\/06\/Kisen-Zilla-3-300x146.jpg 300w, https:\/\/www.djurskyddet.se\/kattfotenhalmstad\/wp-content\/uploads\/sites\/35\/2020\/06\/Kisen-Zilla-3-400x195.jpg 400w\" sizes=\"auto, (max-width: 575px) 100vw, 575px\" \/><\/figure>\n\n\n\n<figure class=\"wp-block-image\"><img loading=\"lazy\" decoding=\"async\" width=\"579\" height=\"280\" src=\"https:\/\/www.djurskyddet.se\/kattfotenhalmstad\/wp-content\/uploads\/sites\/35\/2020\/06\/Kisen-Zilla-8.jpg\" alt=\"\" class=\"wp-image-10025\" srcset=\"https:\/\/www.djurskyddet.se\/kattfotenhalmstad\/wp-content\/uploads\/sites\/35\/2020\/06\/Kisen-Zilla-8.jpg 579w, https:\/\/www.djurskyddet.se\/kattfotenhalmstad\/wp-content\/uploads\/sites\/35\/2020\/06\/Kisen-Zilla-8-300x145.jpg 300w, https:\/\/www.djurskyddet.se\/kattfotenhalmstad\/wp-content\/uploads\/sites\/35\/2020\/06\/Kisen-Zilla-8-400x193.jpg 400w\" sizes=\"auto, (max-width: 579px) 100vw, 579px\" \/><\/figure>\n\n\n\n<figure class=\"wp-block-image\"><img loading=\"lazy\" decoding=\"async\" width=\"579\" height=\"280\" src=\"https:\/\/www.djurskyddet.se\/kattfotenhalmstad\/wp-content\/uploads\/sites\/35\/2020\/06\/Katten-Zulu-5.jpg\" alt=\"\" class=\"wp-image-10014\" srcset=\"https:\/\/www.djurskyddet.se\/kattfotenhalmstad\/wp-content\/uploads\/sites\/35\/2020\/06\/Katten-Zulu-5.jpg 579w, https:\/\/www.djurskyddet.se\/kattfotenhalmstad\/wp-content\/uploads\/sites\/35\/2020\/06\/Katten-Zulu-5-300x145.jpg 300w, https:\/\/www.djurskyddet.se\/kattfotenhalmstad\/wp-content\/uploads\/sites\/35\/2020\/06\/Katten-Zulu-5-400x193.jpg 400w\" sizes=\"auto, (max-width: 579px) 100vw, 579px\" \/><\/figure>\n","protected":false},"excerpt":{"rendered":"<p>P\u00e5 Kattfoten hette vi Kisen och Katten men lystrar nu till de nya namnen Zilla och Lulu. Jag (Zilla) \u00e4r lite mer ut\u00e5triktad och nyfiken medan Lulu \u00e4r mer tillbakadragen. Vi bryr oss mycket om varandra! Varje kv\u00e4ll har vi en aktivitetsstund d\u00e4r vi f\u00e5r leka och busa, sen borstas vi. D\u00e4refter myser vi g\u00e4rna i en hemmagjord kattb\u00e4dd eller i kn\u00e4et vid datorn eller soffan. V\u00e5r familj s\u00e4ger att&hellip;<\/p>\n<p><a class=\"more-link\" href=\"https:\/\/www.djurskyddet.se\/kattfotenhalmstad\/lyckligt-slut-2\/adopterade-katter-2020\/zilla-och-lulu\/\" title=\"Continue reading &lsquo;Zilla och Lulu&rsquo;\">L&auml;s mer<span class=\"meta-nav\">&raquo;<\/span><\/a><\/p>\n","protected":false},"author":36,"featured_media":0,"parent":8754,"menu_order":0,"comment_status":"closed","ping_status":"closed","template":"page-templates\/left-sidebar20200507.php","meta":{"_acf_changed":false,"footnotes":""},"class_list":["post-10009","page","type-page","status-publish","hentry"],"acf":[],"_links":{"self":[{"href":"https:\/\/www.djurskyddet.se\/kattfotenhalmstad\/wp-json\/wp\/v2\/pages\/10009","targetHints":{"allow":["GET"]}}],"collection":[{"href":"https:\/\/www.djurskyddet.se\/kattfotenhalmstad\/wp-json\/wp\/v2\/pages"}],"about":[{"href":"https:\/\/www.djurskyddet.se\/kattfotenhalmstad\/wp-json\/wp\/v2\/types\/page"}],"author":[{"embeddable":true,"href":"https:\/\/www.djurskyddet.se\/kattfotenhalmstad\/wp-json\/wp\/v2\/users\/36"}],"replies":[{"embeddable":true,"href":"https:\/\/www.djurskyddet.se\/kattfotenhalmstad\/wp-json\/wp\/v2\/comments?post=10009"}],"version-history":[{"count":3,"href":"https:\/\/www.djurskyddet.se\/kattfotenhalmstad\/wp-json\/wp\/v2\/pages\/10009\/revisions"}],"predecessor-version":[{"id":10034,"href":"https:\/\/www.djurskyddet.se\/kattfotenhalmstad\/wp-json\/wp\/v2\/pages\/10009\/revisions\/10034"}],"up":[{"embeddable":true,"href":"https:\/\/www.djurskyddet.se\/kattfotenhalmstad\/wp-json\/wp\/v2\/pages\/8754"}],"wp:attachment":[{"href":"https:\/\/www.djurskyddet.se\/kattfotenhalmstad\/wp-json\/wp\/v2\/media?parent=10009"}],"curies":[{"name":"wp","href":"https:\/\/api.w.org\/{rel}","templated":true}]}}